{"id":816,"date":"2017-11-03T15:48:37","date_gmt":"2017-11-03T13:48:37","guid":{"rendered":"http:\/\/www.math.sk\/mpmnew\/?page_id=816"},"modified":"2017-11-28T12:35:22","modified_gmt":"2017-11-28T10:35:22","slug":"mpm-seminar-2013","status":"publish","type":"page","link":"https:\/\/www.math.sk\/mpm\/mpm-seminar-2013\/","title":{"rendered":"MPM Semin\u00e1r 2013"},"content":{"rendered":"<h1><img decoding=\"async\" style=\"float: right; max-width: 100%; width: 200px;\" title=\"MPM - Matematicko-po\u010d\u00edtao\u010dov\u00e9 modelovanie\" src=\"https:\/\/www.math.sk\/mpm\/wp-content\/uploads\/2017\/10\/logo-mpm-blue.svg\" alt=\"MPM semin\u00e1r 2013\" \/>MPM Semin\u00e1r 2013<\/h1>\n<div class=\"entry\">\n<p>V d\u0148och 13. a\u017e 14. apr\u00edla sa na Stavebnej Fakulte uskuto\u010dnil semin\u00e1r o \u0161tudijnom programe Matematicko-Po\u010d\u00edta\u010dov\u00e9 Modelovanie pre stredo\u0161kolsk\u00fdch u\u010dite\u013eov a \u0161tudentov. Na tomto semin\u00e1ri odznelo mno\u017estvo zauj\u00edmav\u00fdch predn\u00e1\u0161ok o n\u00e1plni tohoto \u0161tudijn\u00e9ho programu, ako aj o pr\u00e1cach \u0161tudentov a absolventov, ktor\u00ed aplikovali poznatky zo \u0161t\u00fadia v praxi.<\/p>\n<h3>Program prezent\u00e1ci\u00ed semin\u00e1ra:<\/h3>\n<h4>\tSobota 13.4.2013\t<\/h4>\n<p>Karol Mikula \u2013\u00a0<a href=\"https:\/\/www.math.sk\/mpm\/wp-content\/uploads\/2017\/11\/prezentaciaMPM_mikula_2013.ppt\" target=\"_blank\" rel=\"noopener\">Matematika + po\u010d\u00edta\u010de = modern\u00e1 technol\u00f3gia<\/a><br \/>\nMichal Koll\u00e1r \u2013\u00a0<a href=\"https:\/\/www.math.sk\/mpm\/wp-content\/uploads\/2017\/11\/kollar.zip\" target=\"_blank\" rel=\"noopener\">Modelovanie pohybu litosf\u00e9rickych platn\u00ed<\/a><br \/>\nR\u00f3bert \u0160pir \u2013\u00a0<a href=\"https:\/\/www.math.sk\/mpm\/wp-content\/uploads\/2017\/11\/spir.pdf\" target=\"_blank\" rel=\"noopener\">Tvorba vizualiza\u010dn\u00e9ho softv\u00e9ru a jeho vyu\u017eitie<\/a><br \/>\nMaro\u0161 Bohun\u010d\u00e1k \u2013\u00a0<a href=\"https:\/\/www.math.sk\/mpm\/wp-content\/uploads\/2017\/11\/bohuncak.zip\" target=\"_blank\" rel=\"noopener\">Po\u010d\u00edta\u010dov\u00e9 simul\u00e1cie v procese v\u00fdvoja automatickej pr\u00e1\u010dky<\/a><br \/>\nM\u00e1ria \u017dd\u00edmalov\u00e1 \u2013 Te\u00f3ria grafov a jej aplik\u00e1cie<br \/>\nMichal Sm\u00ed\u0161ek \u2013\u00a0<a href=\"https:\/\/www.math.sk\/mpm\/wp-content\/uploads\/2017\/11\/smisek.zip\" target=\"_blank\" rel=\"noopener\">Tracking buniek pri morfogen\u00e9ze v\u00ednnej mu\u0161ky Drosophila<\/a><br \/>\nMartin Bala\u017eovjech \u2013\u00a0<a href=\"https:\/\/www.math.sk\/mpm\/wp-content\/uploads\/2017\/11\/Balazovjech.zip\" target=\"_blank\" rel=\"noopener\">Numerick\u00e9 modelovanie \u0161\u00edrenia lesn\u00fdch po\u017eiarov<\/a><br \/>\nMarek Mac\u00e1k \u2013\u00a0<a href=\"https:\/\/www.math.sk\/mpm\/wp-content\/uploads\/2017\/11\/macak.zip\" target=\"_blank\" rel=\"noopener\">Matematick\u00e9 modelovanie v monitorovan\u00ed tia\u017eov\u00e9ho po\u013ea Zeme<\/a><br \/>\nKarol Mikula, Jozef Urb\u00e1n \u2013\u00a0<a href=\"https:\/\/www.math.sk\/mpm\/wp-content\/uploads\/2017\/11\/colonoscopy.pdf\" target=\"_blank\" rel=\"noopener\">Algoritmus na h\u013eadanie ide\u00e1lnej cesty pre kameru virtu\u00e1lnej kolonoskopie<\/a>\t<\/p>\n<h4>\n\tNede\u013ea, 14.4.2013:<br \/>\n\t<\/h4>\n<p>Peter Frolkovi\u010d \u2013 Pr\u00fadenie kvapal\u00edn a\u00a0plynov<br \/>\nM\u00e1ria Min\u00e1rov\u00e1 \u2013\u00a0<a href=\"https:\/\/www.math.sk\/mpm\/wp-content\/uploads\/2017\/11\/minarova.zip\" target=\"_blank\" rel=\"noopener\">Matematick\u00e9 modelovanie v biomechanike<\/a><br \/>\nMarek Kosa\u0159 \u2013\u00a0<a href=\"https:\/\/www.math.sk\/mpm\/wp-content\/uploads\/2017\/11\/Kosar_prezentacia.ppt\" target=\"_blank\" rel=\"noopener\">Automatick\u00e9 vertik\u00e1lne zarovnanie \u013eavej a pravej projekcie v mamografickom vy\u0161etren\u00ed<\/a><br \/>\nMariana Reme\u0161\u00edkov\u00e1 \u2013 uk\u00e1\u017eky z predmetu Po\u010d\u00edta\u010dov\u00e1 grafika<br \/>\nPeter Sarkoci \u2013 Menej zn\u00e1me aplik\u00e1cie te\u00f3rie pravdepodobnosti<br \/>\nLadislav \u0160ipeky \u2013\u00a0<a href=\"https:\/\/www.math.sk\/mpm\/wp-content\/uploads\/2017\/11\/sipeky.pdf\" target=\"_blank\" rel=\"noopener\">Zlat\u00fd rez v matematike a umen\u00ed<\/a><br \/>\nMartin H\u00faska, Mariana Reme\u0161\u00edkov\u00e1 \u2013\u00a0<a href=\"https:\/\/www.math.sk\/mpm\/wp-content\/uploads\/2017\/11\/huska.pdf\" target=\"_blank\" rel=\"noopener\">Minim\u00e1lne plochy v\u00a0architekt\u00fare<\/a>, <a href=\"https:\/\/www.math.sk\/mpm\/wp-content\/uploads\/2017\/11\/Remesikova-MPMS13-minp.ppt\" target=\"_blank\" rel=\"noopener\">druh\u00e1 \u010das\u0165<\/a><br \/>\nKarol Mikula \u2013\u00a0<a href=\"https:\/\/www.math.sk\/mpm\/wp-content\/uploads\/2017\/11\/MPM_seminar_2013_zebrafish.pdf\" target=\"_blank\" rel=\"noopener\">Po\u010d\u00edta\u010dov\u00e1 rekon\u0161trukcia ran\u00fdch \u0161t\u00e1di\u00ed embryogen\u00e9zy rybky zebrafish<\/a><\/p>\n","protected":false},"excerpt":{"rendered":"<p>MPM Semin\u00e1r 2013 V d\u0148och 13. a\u017e 14. apr\u00edla sa na Stavebnej Fakulte uskuto\u010dnil semin\u00e1r o \u0161tudijnom programe Matematicko-Po\u010d\u00edta\u010dov\u00e9 Modelovanie pre stredo\u0161kolsk\u00fdch u\u010dite\u013eov a \u0161tudentov. Na tomto semin\u00e1ri odznelo mno\u017estvo zauj\u00edmav\u00fdch predn\u00e1\u0161ok o n\u00e1plni tohoto \u0161tudijn\u00e9ho programu, ako aj o pr\u00e1cach \u0161tudentov a absolventov, ktor\u00ed aplikovali poznatky zo \u0161t\u00fadia v praxi. Program prezent\u00e1ci\u00ed semin\u00e1ra: Sobota [&hellip;]<\/p>\n","protected":false},"author":1,"featured_media":0,"parent":0,"menu_order":0,"comment_status":"closed","ping_status":"closed","template":"","meta":{"inline_featured_image":false,"footnotes":""},"class_list":["post-816","page","type-page","status-publish","hentry"],"yoast_head":"<!-- This site is optimized with the Yoast SEO plugin v27.2 - https:\/\/yoast.com\/product\/yoast-seo-wordpress\/ -->\n<title>Matematicko-po\u010d\u00edta\u010dov\u00e9 modelovanie<\/title>\n<meta name=\"description\" content=\"Katedra matematiky a deskript\u00edvnej geometrie Stavebnej Fakulty Slovenskej Technickej Univerzity v Bratislave. St\u00e1le nevie\u0161, \u010do chce\u0161 v \u017eivote robi\u0165? \u0160tuduj aplikovan\u00fa matematiku, potom m\u00f4\u017ee\u0161 robi\u0165 v\u0161etko.\" \/>\n<meta name=\"robots\" content=\"index, follow, max-snippet:-1, max-image-preview:large, max-video-preview:-1\" \/>\n<link rel=\"canonical\" href=\"https:\/\/www.math.sk\/mpm\/mpm-seminar-2013\/\" \/>\n<meta property=\"og:locale\" content=\"sk_SK\" \/>\n<meta property=\"og:type\" content=\"article\" \/>\n<meta property=\"og:title\" content=\"Matematicko-po\u010d\u00edta\u010dov\u00e9 modelovanie\" \/>\n<meta property=\"og:description\" content=\"Katedra matematiky a deskript\u00edvnej geometrie Stavebnej Fakulty Slovenskej Technickej Univerzity v Bratislave. St\u00e1le nevie\u0161, \u010do chce\u0161 v \u017eivote robi\u0165? \u0160tuduj aplikovan\u00fa matematiku, potom m\u00f4\u017ee\u0161 robi\u0165 v\u0161etko.\" \/>\n<meta property=\"og:url\" content=\"https:\/\/www.math.sk\/mpm\/mpm-seminar-2013\/\" \/>\n<meta property=\"og:site_name\" content=\"Matematicko-po\u010d\u00edta\u010dov\u00e9 modelovanie\" \/>\n<meta property=\"article:publisher\" content=\"https:\/\/www.facebook.com\/MatematickoPocitacoveModelovanie\/\" \/>\n<meta property=\"article:modified_time\" content=\"2017-11-28T10:35:22+00:00\" \/>\n<meta property=\"og:image\" content=\"https:\/\/www.math.sk\/mpm\/wp-content\/uploads\/2017\/10\/logo-mpm-blue.svg\" \/>\n<meta name=\"twitter:card\" content=\"summary_large_image\" \/>\n<meta name=\"twitter:label1\" content=\"Predpokladan\u00fd \u010das \u010d\u00edtania\" \/>\n\t<meta name=\"twitter:data1\" content=\"1 min\u00fata\" \/>\n<script type=\"application\/ld+json\" class=\"yoast-schema-graph\">{\"@context\":\"https:\/\/schema.org\",\"@graph\":[{\"@type\":\"WebPage\",\"@id\":\"https:\/\/www.math.sk\/mpm\/mpm-seminar-2013\/\",\"url\":\"https:\/\/www.math.sk\/mpm\/mpm-seminar-2013\/\",\"name\":\"Matematicko-po\u010d\u00edta\u010dov\u00e9 modelovanie\",\"isPartOf\":{\"@id\":\"https:\/\/www.math.sk\/mpm\/#website\"},\"primaryImageOfPage\":{\"@id\":\"https:\/\/www.math.sk\/mpm\/mpm-seminar-2013\/#primaryimage\"},\"image\":{\"@id\":\"https:\/\/www.math.sk\/mpm\/mpm-seminar-2013\/#primaryimage\"},\"thumbnailUrl\":\"https:\/\/www.math.sk\/mpm\/wp-content\/uploads\/2017\/10\/logo-mpm-blue.svg\",\"datePublished\":\"2017-11-03T13:48:37+00:00\",\"dateModified\":\"2017-11-28T10:35:22+00:00\",\"description\":\"Katedra matematiky a deskript\u00edvnej geometrie Stavebnej Fakulty Slovenskej Technickej Univerzity v Bratislave. St\u00e1le nevie\u0161, \u010do chce\u0161 v \u017eivote robi\u0165? \u0160tuduj aplikovan\u00fa matematiku, potom m\u00f4\u017ee\u0161 robi\u0165 v\u0161etko.\",\"breadcrumb\":{\"@id\":\"https:\/\/www.math.sk\/mpm\/mpm-seminar-2013\/#breadcrumb\"},\"inLanguage\":\"sk-SK\",\"potentialAction\":[{\"@type\":\"ReadAction\",\"target\":[\"https:\/\/www.math.sk\/mpm\/mpm-seminar-2013\/\"]}]},{\"@type\":\"ImageObject\",\"inLanguage\":\"sk-SK\",\"@id\":\"https:\/\/www.math.sk\/mpm\/mpm-seminar-2013\/#primaryimage\",\"url\":\"https:\/\/www.math.sk\/mpm\/wp-content\/uploads\/2017\/10\/logo-mpm-blue.svg\",\"contentUrl\":\"https:\/\/www.math.sk\/mpm\/wp-content\/uploads\/2017\/10\/logo-mpm-blue.svg\",\"caption\":\"Matematicko-po\u010d\u00edta\u010dov\u00e9 modelovanie\"},{\"@type\":\"BreadcrumbList\",\"@id\":\"https:\/\/www.math.sk\/mpm\/mpm-seminar-2013\/#breadcrumb\",\"itemListElement\":[{\"@type\":\"ListItem\",\"position\":1,\"name\":\"Home\",\"item\":\"https:\/\/www.math.sk\/mpm\/\"},{\"@type\":\"ListItem\",\"position\":2,\"name\":\"MPM Semin\u00e1r 2013\"}]},{\"@type\":\"WebSite\",\"@id\":\"https:\/\/www.math.sk\/mpm\/#website\",\"url\":\"https:\/\/www.math.sk\/mpm\/\",\"name\":\"Matematicko-po\u010d\u00edta\u010dov\u00e9 modelovanie\",\"description\":\"\",\"publisher\":{\"@id\":\"https:\/\/www.math.sk\/mpm\/#organization\"},\"potentialAction\":[{\"@type\":\"SearchAction\",\"target\":{\"@type\":\"EntryPoint\",\"urlTemplate\":\"https:\/\/www.math.sk\/mpm\/?s={search_term_string}\"},\"query-input\":{\"@type\":\"PropertyValueSpecification\",\"valueRequired\":true,\"valueName\":\"search_term_string\"}}],\"inLanguage\":\"sk-SK\"},{\"@type\":\"Organization\",\"@id\":\"https:\/\/www.math.sk\/mpm\/#organization\",\"name\":\"Matematicko-po\u010d\u00edta\u010dov\u00e9 modelovanie\",\"url\":\"https:\/\/www.math.sk\/mpm\/\",\"logo\":{\"@type\":\"ImageObject\",\"inLanguage\":\"sk-SK\",\"@id\":\"https:\/\/www.math.sk\/mpm\/#\/schema\/logo\/image\/\",\"url\":\"https:\/\/www.math.sk\/mpm\/wp-content\/uploads\/2017\/10\/logo-mpm-blue.svg\",\"contentUrl\":\"https:\/\/www.math.sk\/mpm\/wp-content\/uploads\/2017\/10\/logo-mpm-blue.svg\",\"width\":1,\"height\":1,\"caption\":\"Matematicko-po\u010d\u00edta\u010dov\u00e9 modelovanie\"},\"image\":{\"@id\":\"https:\/\/www.math.sk\/mpm\/#\/schema\/logo\/image\/\"},\"sameAs\":[\"https:\/\/www.facebook.com\/MatematickoPocitacoveModelovanie\/\",\"https:\/\/www.youtube.com\/channel\/UCkpSEyHDKycm0-o3X_eurdA\/featured\"]}]}<\/script>\n<!-- \/ Yoast SEO plugin. -->","yoast_head_json":{"title":"Matematicko-po\u010d\u00edta\u010dov\u00e9 modelovanie","description":"Katedra matematiky a deskript\u00edvnej geometrie Stavebnej Fakulty Slovenskej Technickej Univerzity v Bratislave. St\u00e1le nevie\u0161, \u010do chce\u0161 v \u017eivote robi\u0165? \u0160tuduj aplikovan\u00fa matematiku, potom m\u00f4\u017ee\u0161 robi\u0165 v\u0161etko.","robots":{"index":"index","follow":"follow","max-snippet":"max-snippet:-1","max-image-preview":"max-image-preview:large","max-video-preview":"max-video-preview:-1"},"canonical":"https:\/\/www.math.sk\/mpm\/mpm-seminar-2013\/","og_locale":"sk_SK","og_type":"article","og_title":"Matematicko-po\u010d\u00edta\u010dov\u00e9 modelovanie","og_description":"Katedra matematiky a deskript\u00edvnej geometrie Stavebnej Fakulty Slovenskej Technickej Univerzity v Bratislave. St\u00e1le nevie\u0161, \u010do chce\u0161 v \u017eivote robi\u0165? \u0160tuduj aplikovan\u00fa matematiku, potom m\u00f4\u017ee\u0161 robi\u0165 v\u0161etko.","og_url":"https:\/\/www.math.sk\/mpm\/mpm-seminar-2013\/","og_site_name":"Matematicko-po\u010d\u00edta\u010dov\u00e9 modelovanie","article_publisher":"https:\/\/www.facebook.com\/MatematickoPocitacoveModelovanie\/","article_modified_time":"2017-11-28T10:35:22+00:00","og_image":[{"url":"https:\/\/www.math.sk\/mpm\/wp-content\/uploads\/2017\/10\/logo-mpm-blue.svg","type":"","width":"","height":""}],"twitter_card":"summary_large_image","twitter_misc":{"Predpokladan\u00fd \u010das \u010d\u00edtania":"1 min\u00fata"},"schema":{"@context":"https:\/\/schema.org","@graph":[{"@type":"WebPage","@id":"https:\/\/www.math.sk\/mpm\/mpm-seminar-2013\/","url":"https:\/\/www.math.sk\/mpm\/mpm-seminar-2013\/","name":"Matematicko-po\u010d\u00edta\u010dov\u00e9 modelovanie","isPartOf":{"@id":"https:\/\/www.math.sk\/mpm\/#website"},"primaryImageOfPage":{"@id":"https:\/\/www.math.sk\/mpm\/mpm-seminar-2013\/#primaryimage"},"image":{"@id":"https:\/\/www.math.sk\/mpm\/mpm-seminar-2013\/#primaryimage"},"thumbnailUrl":"https:\/\/www.math.sk\/mpm\/wp-content\/uploads\/2017\/10\/logo-mpm-blue.svg","datePublished":"2017-11-03T13:48:37+00:00","dateModified":"2017-11-28T10:35:22+00:00","description":"Katedra matematiky a deskript\u00edvnej geometrie Stavebnej Fakulty Slovenskej Technickej Univerzity v Bratislave. St\u00e1le nevie\u0161, \u010do chce\u0161 v \u017eivote robi\u0165? \u0160tuduj aplikovan\u00fa matematiku, potom m\u00f4\u017ee\u0161 robi\u0165 v\u0161etko.","breadcrumb":{"@id":"https:\/\/www.math.sk\/mpm\/mpm-seminar-2013\/#breadcrumb"},"inLanguage":"sk-SK","potentialAction":[{"@type":"ReadAction","target":["https:\/\/www.math.sk\/mpm\/mpm-seminar-2013\/"]}]},{"@type":"ImageObject","inLanguage":"sk-SK","@id":"https:\/\/www.math.sk\/mpm\/mpm-seminar-2013\/#primaryimage","url":"https:\/\/www.math.sk\/mpm\/wp-content\/uploads\/2017\/10\/logo-mpm-blue.svg","contentUrl":"https:\/\/www.math.sk\/mpm\/wp-content\/uploads\/2017\/10\/logo-mpm-blue.svg","caption":"Matematicko-po\u010d\u00edta\u010dov\u00e9 modelovanie"},{"@type":"BreadcrumbList","@id":"https:\/\/www.math.sk\/mpm\/mpm-seminar-2013\/#breadcrumb","itemListElement":[{"@type":"ListItem","position":1,"name":"Home","item":"https:\/\/www.math.sk\/mpm\/"},{"@type":"ListItem","position":2,"name":"MPM Semin\u00e1r 2013"}]},{"@type":"WebSite","@id":"https:\/\/www.math.sk\/mpm\/#website","url":"https:\/\/www.math.sk\/mpm\/","name":"Matematicko-po\u010d\u00edta\u010dov\u00e9 modelovanie","description":"","publisher":{"@id":"https:\/\/www.math.sk\/mpm\/#organization"},"potentialAction":[{"@type":"SearchAction","target":{"@type":"EntryPoint","urlTemplate":"https:\/\/www.math.sk\/mpm\/?s={search_term_string}"},"query-input":{"@type":"PropertyValueSpecification","valueRequired":true,"valueName":"search_term_string"}}],"inLanguage":"sk-SK"},{"@type":"Organization","@id":"https:\/\/www.math.sk\/mpm\/#organization","name":"Matematicko-po\u010d\u00edta\u010dov\u00e9 modelovanie","url":"https:\/\/www.math.sk\/mpm\/","logo":{"@type":"ImageObject","inLanguage":"sk-SK","@id":"https:\/\/www.math.sk\/mpm\/#\/schema\/logo\/image\/","url":"https:\/\/www.math.sk\/mpm\/wp-content\/uploads\/2017\/10\/logo-mpm-blue.svg","contentUrl":"https:\/\/www.math.sk\/mpm\/wp-content\/uploads\/2017\/10\/logo-mpm-blue.svg","width":1,"height":1,"caption":"Matematicko-po\u010d\u00edta\u010dov\u00e9 modelovanie"},"image":{"@id":"https:\/\/www.math.sk\/mpm\/#\/schema\/logo\/image\/"},"sameAs":["https:\/\/www.facebook.com\/MatematickoPocitacoveModelovanie\/","https:\/\/www.youtube.com\/channel\/UCkpSEyHDKycm0-o3X_eurdA\/featured"]}]}},"_links":{"self":[{"href":"https:\/\/www.math.sk\/mpm\/wp-json\/wp\/v2\/pages\/816","targetHints":{"allow":["GET"]}}],"collection":[{"href":"https:\/\/www.math.sk\/mpm\/wp-json\/wp\/v2\/pages"}],"about":[{"href":"https:\/\/www.math.sk\/mpm\/wp-json\/wp\/v2\/types\/page"}],"author":[{"embeddable":true,"href":"https:\/\/www.math.sk\/mpm\/wp-json\/wp\/v2\/users\/1"}],"replies":[{"embeddable":true,"href":"https:\/\/www.math.sk\/mpm\/wp-json\/wp\/v2\/comments?post=816"}],"version-history":[{"count":5,"href":"https:\/\/www.math.sk\/mpm\/wp-json\/wp\/v2\/pages\/816\/revisions"}],"predecessor-version":[{"id":1124,"href":"https:\/\/www.math.sk\/mpm\/wp-json\/wp\/v2\/pages\/816\/revisions\/1124"}],"wp:attachment":[{"href":"https:\/\/www.math.sk\/mpm\/wp-json\/wp\/v2\/media?parent=816"}],"curies":[{"name":"wp","href":"https:\/\/api.w.org\/{rel}","templated":true}]}}