{"id":810,"date":"2017-11-03T15:42:19","date_gmt":"2017-11-03T13:42:19","guid":{"rendered":"http:\/\/www.math.sk\/mpmnew\/?page_id=810"},"modified":"2017-11-28T12:34:53","modified_gmt":"2017-11-28T10:34:53","slug":"mpm-seminar-2014","status":"publish","type":"page","link":"https:\/\/www.math.sk\/mpm\/mpm-seminar-2014\/","title":{"rendered":"MPM Semin\u00e1r 2014"},"content":{"rendered":"<h1><img decoding=\"async\" style=\"float: right; max-width: 100%; width: 200px;\" title=\"MPM - Matematicko-po\u010d\u00edtao\u010dov\u00e9 modelovanie\" src=\"https:\/\/www.math.sk\/mpm\/wp-content\/uploads\/2017\/10\/logo-mpm-blue.svg\" alt=\"MPM semin\u00e1r 2014\" \/>MPM Semin\u00e1r 2014<\/h1>\n<p>V d\u0148och 7.- 8.2.2014 sa uskuto\u010dnil druh\u00fd ro\u010dn\u00edk Semin\u00e1ra z matematicko-po\u010d\u00edta\u010dov\u00e9ho modelovania pre stredo\u0161kolsk\u00fdch profesorov matematiky a informatiky a ich \u0161tudentov so z\u00e1ujmom o aplikovan\u00fa matematiku a informatiku.<\/p>\n<p>Semin\u00e1ra sa z\u00fa\u010dastnilo 8 pedag\u00f3gov a 40 \u0161tudentov gymn\u00e1zi\u00ed z r\u00f4znych \u010dast\u00ed Slovenska\u00a0\u00a0(B\u00e1novce nad Bebravou, Brezno, Bratislava, Hlohovec, Tren\u010d\u00edn, Poprad, Ru\u017eomberok, Su\u010dany, Zvolen, \u017diar nad Hronom). Vyst\u00fapili na \u0148om predov\u0161etk\u00fdm \u0161tudenti a absolventi \u0161tudijn\u00e9ho programu matematicko-po\u010d\u00edta\u010dov\u00e9 modelovanie (MPM) ako aj niektor\u00ed vyu\u010duj\u00faci, ktor\u00ed predstavili zauj\u00edmav\u00e9 t\u00e9my z oblasti aplikovanej matematiky a vyu\u017eitia po\u010d\u00edta\u010dov pri rie\u0161en\u00ed \u00faloh z v\u00fdskumu a praxe. Semin\u00e1r sa stretol s ve\u013emi priaznivou odozvou u \u00fa\u010dastn\u00edkov.<\/p>\n<h3>\nProgram prezent\u00e1ci\u00ed semin\u00e1ra:<\/h3>\n<h4>Piatok 7.2.2014:<\/h4>\n<p>R\u00f3bert \u0160pir \u2013\u00a0<a href=\"https:\/\/www.math.sk\/mpm\/wp-content\/uploads\/2017\/11\/spir2014.pdf\">Paraleln\u00e9 programovanie<\/a><br \/>\nMarek Mac\u00e1k \u2013\u00a0<a href=\"https:\/\/www.math.sk\/mpm\/wp-content\/uploads\/2017\/11\/macak2014.pdf\">V\u00fdpo\u010det tia\u017eov\u00e9ho po\u013ea Zeme a jeho aplik\u00e1cie<\/a><br \/>\nJozef Urb\u00e1n \u2013 Segment\u00e1cia obrazu v medic\u00edne (a tie\u017e kriminalistike)<br \/>\nMartin Bala\u017eovjech \u2013\u00a0<a href=\"https:\/\/www.math.sk\/mpm\/wp-content\/uploads\/2017\/11\/balazovjech2014.pdf\">Modelovanie \u0161\u00edrenia lesn\u00fdch po\u017eiarov<\/a><br \/>\nR\u00f3bert \u010cunderl\u00edk \u2013\u00a0<a href=\"https:\/\/www.math.sk\/mpm\/wp-content\/uploads\/2017\/11\/cunderlik2014.pdf\">Filtr\u00e1cia d\u00e1t na povrchu Zeme a na orbit\u00e1ch dru\u017eicov\u00fdch misi\u00ed<\/a><br \/>\nPatrik Daniel \u2013\u00a0<a href=\"https:\/\/www.math.sk\/mpm\/wp-content\/uploads\/2017\/11\/daniel2014.pdf\">Anal\u00fdza tvarov a jej aplik\u00e1cie<\/a><br \/>\nJana Hali\u010dkov\u00e1 \u2013\u00a0<a href=\"https:\/\/www.math.sk\/mpm\/wp-content\/uploads\/2017\/11\/halickova.pdf\">Rekon\u0161trukcia pl\u00f4ch z 3D mra\u010dien bodov<\/a><br \/>\nJozef Urb\u00e1n \u2013 Optim\u00e1lna dr\u00e1ha kamery virtu\u00e1lnej kolonoskopie<br \/>\nMartin H\u00faska \u2013\u00a0<a href=\"https:\/\/www.math.sk\/mpm\/wp-content\/uploads\/2017\/11\/huska2014.pdf\">Minim\u00e1lne plochy v architekt\u00fare<\/a><br \/>\nMichal Sm\u00ed\u0161ek \u2013\u00a0<a href=\"https:\/\/www.math.sk\/mpm\/wp-content\/uploads\/2017\/11\/smisek2014.zip\">Funkcia vzdialenosti, jej optim\u00e1lny v\u00fdpo\u010det a aplik\u00e1cie<\/a><br \/>\nMariana Reme\u0161\u00edkov\u00e1 \u2013\u00a0<a href=\"https:\/\/www.math.sk\/mpm\/wp-content\/uploads\/2017\/11\/remesikova2014.pdf\">Diferenci\u00e1lna geometria<\/a><\/p>\n<h4>Sobota, 8.2.2014:<\/h4>\n<p>M. Min\u00e1rova, M. Tje\u0161\u0161ov\u00e1 \u2013\u00a0<a href=\"https:\/\/www.math.sk\/mpm\/wp-content\/uploads\/2017\/11\/minarova2014.pdf\">Matematicko-po\u010d\u00edta\u010dov\u00e9 modelovanie v biomechanike<\/a><br \/>\nLuk\u00e1\u0161 Tomek \u2013\u00a0<a href=\"https:\/\/www.math.sk\/mpm\/wp-content\/uploads\/2017\/11\/tomek2014.pdf\">Optim\u00e1lne riadenie \u2013 princ\u00edpy a pr\u00edklady<\/a><br \/>\nM\u00e1ria \u017dd\u00edmalov\u00e1 \u2013\u00a0<a href=\"https:\/\/www.math.sk\/mpm\/wp-content\/uploads\/2017\/11\/zdimalova.pdf\" target=\"_blank\" rel=\"noopener\">Te\u00f3ria grafov a jej aplik\u00e1cie<\/a><br \/>\nLuk\u00e1\u0161 Val\u00e1\u0161ek \u2013\u00a0<a href=\"https:\/\/www.math.sk\/mpm\/wp-content\/uploads\/2017\/11\/Seminar_Valasek.pdf\">Po\u010d\u00edta\u010dov\u00e1 simul\u00e1cia po\u017eiarov<\/a><br \/>\nPeter Frolkovi\u010d \u2013\u00a0<a href=\"https:\/\/www.math.sk\/mpm\/wp-content\/uploads\/2017\/11\/frolkovic2014.pdf\">Pr\u00fadenie kvapal\u00edn a plynov<\/a><br \/>\nMaro\u0161 Bohun\u010d\u00e1k \u2013\u00a0<a href=\"https:\/\/www.math.sk\/mpm\/wp-content\/uploads\/2017\/11\/bohuncak2014.pdf\">Numerick\u00e9 simul\u00e1cie v procese v\u00fdvoja automatickej pr\u00e1\u010dky<\/a><br \/>\nMichal Koll\u00e1r \u2013 <a href=\"https:\/\/www.math.sk\/mpm\/wp-content\/uploads\/2017\/11\/kollar2014.pdf\">Modelovanie dynamiky litosf\u00e9rick\u00fdch platn\u00ed<\/a><br \/>\nKarol Mikula \u2013\u00a0<a href=\"https:\/\/www.math.sk\/mpm\/wp-content\/uploads\/2017\/11\/mikula2014.pdf\">Matematicko-po\u010d\u00edta\u010dov\u00e9 modelovanie vo v\u00fdvojovej biol\u00f3gii<\/a><\/p>\n","protected":false},"excerpt":{"rendered":"<p>MPM Semin\u00e1r 2014 V d\u0148och 7.- 8.2.2014 sa uskuto\u010dnil druh\u00fd ro\u010dn\u00edk Semin\u00e1ra z matematicko-po\u010d\u00edta\u010dov\u00e9ho modelovania pre stredo\u0161kolsk\u00fdch profesorov matematiky a informatiky a ich \u0161tudentov so z\u00e1ujmom o aplikovan\u00fa matematiku a informatiku. Semin\u00e1ra sa z\u00fa\u010dastnilo 8 pedag\u00f3gov a 40 \u0161tudentov gymn\u00e1zi\u00ed z r\u00f4znych \u010dast\u00ed Slovenska\u00a0\u00a0(B\u00e1novce nad Bebravou, Brezno, Bratislava, Hlohovec, Tren\u010d\u00edn, Poprad, Ru\u017eomberok, Su\u010dany, Zvolen, \u017diar [&hellip;]<\/p>\n","protected":false},"author":1,"featured_media":0,"parent":0,"menu_order":0,"comment_status":"closed","ping_status":"closed","template":"","meta":{"inline_featured_image":false,"footnotes":""},"class_list":["post-810","page","type-page","status-publish","hentry"],"yoast_head":"<!-- This site is optimized with the Yoast SEO plugin v27.2 - https:\/\/yoast.com\/product\/yoast-seo-wordpress\/ -->\n<title>Matematicko-po\u010d\u00edta\u010dov\u00e9 modelovanie<\/title>\n<meta name=\"description\" content=\"Katedra matematiky a deskript\u00edvnej geometrie Stavebnej Fakulty Slovenskej Technickej Univerzity v Bratislave. St\u00e1le nevie\u0161, \u010do chce\u0161 v \u017eivote robi\u0165? \u0160tuduj aplikovan\u00fa matematiku, potom m\u00f4\u017ee\u0161 robi\u0165 v\u0161etko.\" \/>\n<meta name=\"robots\" content=\"index, follow, max-snippet:-1, max-image-preview:large, max-video-preview:-1\" \/>\n<link rel=\"canonical\" href=\"https:\/\/www.math.sk\/mpm\/mpm-seminar-2014\/\" \/>\n<meta property=\"og:locale\" content=\"sk_SK\" \/>\n<meta property=\"og:type\" content=\"article\" \/>\n<meta property=\"og:title\" content=\"Matematicko-po\u010d\u00edta\u010dov\u00e9 modelovanie\" \/>\n<meta property=\"og:description\" content=\"Katedra matematiky a deskript\u00edvnej geometrie Stavebnej Fakulty Slovenskej Technickej Univerzity v Bratislave. St\u00e1le nevie\u0161, \u010do chce\u0161 v \u017eivote robi\u0165? \u0160tuduj aplikovan\u00fa matematiku, potom m\u00f4\u017ee\u0161 robi\u0165 v\u0161etko.\" \/>\n<meta property=\"og:url\" content=\"https:\/\/www.math.sk\/mpm\/mpm-seminar-2014\/\" \/>\n<meta property=\"og:site_name\" content=\"Matematicko-po\u010d\u00edta\u010dov\u00e9 modelovanie\" \/>\n<meta property=\"article:publisher\" content=\"https:\/\/www.facebook.com\/MatematickoPocitacoveModelovanie\/\" \/>\n<meta property=\"article:modified_time\" content=\"2017-11-28T10:34:53+00:00\" \/>\n<meta property=\"og:image\" content=\"https:\/\/www.math.sk\/mpm\/wp-content\/uploads\/2017\/10\/logo-mpm-blue.svg\" \/>\n<meta name=\"twitter:card\" content=\"summary_large_image\" \/>\n<meta name=\"twitter:label1\" content=\"Predpokladan\u00fd \u010das \u010d\u00edtania\" \/>\n\t<meta name=\"twitter:data1\" content=\"2 min\u00faty\" \/>\n<script type=\"application\/ld+json\" class=\"yoast-schema-graph\">{\"@context\":\"https:\/\/schema.org\",\"@graph\":[{\"@type\":\"WebPage\",\"@id\":\"https:\/\/www.math.sk\/mpm\/mpm-seminar-2014\/\",\"url\":\"https:\/\/www.math.sk\/mpm\/mpm-seminar-2014\/\",\"name\":\"Matematicko-po\u010d\u00edta\u010dov\u00e9 modelovanie\",\"isPartOf\":{\"@id\":\"https:\/\/www.math.sk\/mpm\/#website\"},\"primaryImageOfPage\":{\"@id\":\"https:\/\/www.math.sk\/mpm\/mpm-seminar-2014\/#primaryimage\"},\"image\":{\"@id\":\"https:\/\/www.math.sk\/mpm\/mpm-seminar-2014\/#primaryimage\"},\"thumbnailUrl\":\"https:\/\/www.math.sk\/mpm\/wp-content\/uploads\/2017\/10\/logo-mpm-blue.svg\",\"datePublished\":\"2017-11-03T13:42:19+00:00\",\"dateModified\":\"2017-11-28T10:34:53+00:00\",\"description\":\"Katedra matematiky a deskript\u00edvnej geometrie Stavebnej Fakulty Slovenskej Technickej Univerzity v Bratislave. St\u00e1le nevie\u0161, \u010do chce\u0161 v \u017eivote robi\u0165? \u0160tuduj aplikovan\u00fa matematiku, potom m\u00f4\u017ee\u0161 robi\u0165 v\u0161etko.\",\"breadcrumb\":{\"@id\":\"https:\/\/www.math.sk\/mpm\/mpm-seminar-2014\/#breadcrumb\"},\"inLanguage\":\"sk-SK\",\"potentialAction\":[{\"@type\":\"ReadAction\",\"target\":[\"https:\/\/www.math.sk\/mpm\/mpm-seminar-2014\/\"]}]},{\"@type\":\"ImageObject\",\"inLanguage\":\"sk-SK\",\"@id\":\"https:\/\/www.math.sk\/mpm\/mpm-seminar-2014\/#primaryimage\",\"url\":\"https:\/\/www.math.sk\/mpm\/wp-content\/uploads\/2017\/10\/logo-mpm-blue.svg\",\"contentUrl\":\"https:\/\/www.math.sk\/mpm\/wp-content\/uploads\/2017\/10\/logo-mpm-blue.svg\",\"caption\":\"Matematicko-po\u010d\u00edta\u010dov\u00e9 modelovanie\"},{\"@type\":\"BreadcrumbList\",\"@id\":\"https:\/\/www.math.sk\/mpm\/mpm-seminar-2014\/#breadcrumb\",\"itemListElement\":[{\"@type\":\"ListItem\",\"position\":1,\"name\":\"Home\",\"item\":\"https:\/\/www.math.sk\/mpm\/\"},{\"@type\":\"ListItem\",\"position\":2,\"name\":\"MPM Semin\u00e1r 2014\"}]},{\"@type\":\"WebSite\",\"@id\":\"https:\/\/www.math.sk\/mpm\/#website\",\"url\":\"https:\/\/www.math.sk\/mpm\/\",\"name\":\"Matematicko-po\u010d\u00edta\u010dov\u00e9 modelovanie\",\"description\":\"\",\"publisher\":{\"@id\":\"https:\/\/www.math.sk\/mpm\/#organization\"},\"potentialAction\":[{\"@type\":\"SearchAction\",\"target\":{\"@type\":\"EntryPoint\",\"urlTemplate\":\"https:\/\/www.math.sk\/mpm\/?s={search_term_string}\"},\"query-input\":{\"@type\":\"PropertyValueSpecification\",\"valueRequired\":true,\"valueName\":\"search_term_string\"}}],\"inLanguage\":\"sk-SK\"},{\"@type\":\"Organization\",\"@id\":\"https:\/\/www.math.sk\/mpm\/#organization\",\"name\":\"Matematicko-po\u010d\u00edta\u010dov\u00e9 modelovanie\",\"url\":\"https:\/\/www.math.sk\/mpm\/\",\"logo\":{\"@type\":\"ImageObject\",\"inLanguage\":\"sk-SK\",\"@id\":\"https:\/\/www.math.sk\/mpm\/#\/schema\/logo\/image\/\",\"url\":\"https:\/\/www.math.sk\/mpm\/wp-content\/uploads\/2017\/10\/logo-mpm-blue.svg\",\"contentUrl\":\"https:\/\/www.math.sk\/mpm\/wp-content\/uploads\/2017\/10\/logo-mpm-blue.svg\",\"width\":1,\"height\":1,\"caption\":\"Matematicko-po\u010d\u00edta\u010dov\u00e9 modelovanie\"},\"image\":{\"@id\":\"https:\/\/www.math.sk\/mpm\/#\/schema\/logo\/image\/\"},\"sameAs\":[\"https:\/\/www.facebook.com\/MatematickoPocitacoveModelovanie\/\",\"https:\/\/www.youtube.com\/channel\/UCkpSEyHDKycm0-o3X_eurdA\/featured\"]}]}<\/script>\n<!-- \/ Yoast SEO plugin. -->","yoast_head_json":{"title":"Matematicko-po\u010d\u00edta\u010dov\u00e9 modelovanie","description":"Katedra matematiky a deskript\u00edvnej geometrie Stavebnej Fakulty Slovenskej Technickej Univerzity v Bratislave. St\u00e1le nevie\u0161, \u010do chce\u0161 v \u017eivote robi\u0165? \u0160tuduj aplikovan\u00fa matematiku, potom m\u00f4\u017ee\u0161 robi\u0165 v\u0161etko.","robots":{"index":"index","follow":"follow","max-snippet":"max-snippet:-1","max-image-preview":"max-image-preview:large","max-video-preview":"max-video-preview:-1"},"canonical":"https:\/\/www.math.sk\/mpm\/mpm-seminar-2014\/","og_locale":"sk_SK","og_type":"article","og_title":"Matematicko-po\u010d\u00edta\u010dov\u00e9 modelovanie","og_description":"Katedra matematiky a deskript\u00edvnej geometrie Stavebnej Fakulty Slovenskej Technickej Univerzity v Bratislave. St\u00e1le nevie\u0161, \u010do chce\u0161 v \u017eivote robi\u0165? \u0160tuduj aplikovan\u00fa matematiku, potom m\u00f4\u017ee\u0161 robi\u0165 v\u0161etko.","og_url":"https:\/\/www.math.sk\/mpm\/mpm-seminar-2014\/","og_site_name":"Matematicko-po\u010d\u00edta\u010dov\u00e9 modelovanie","article_publisher":"https:\/\/www.facebook.com\/MatematickoPocitacoveModelovanie\/","article_modified_time":"2017-11-28T10:34:53+00:00","og_image":[{"url":"https:\/\/www.math.sk\/mpm\/wp-content\/uploads\/2017\/10\/logo-mpm-blue.svg","type":"","width":"","height":""}],"twitter_card":"summary_large_image","twitter_misc":{"Predpokladan\u00fd \u010das \u010d\u00edtania":"2 min\u00faty"},"schema":{"@context":"https:\/\/schema.org","@graph":[{"@type":"WebPage","@id":"https:\/\/www.math.sk\/mpm\/mpm-seminar-2014\/","url":"https:\/\/www.math.sk\/mpm\/mpm-seminar-2014\/","name":"Matematicko-po\u010d\u00edta\u010dov\u00e9 modelovanie","isPartOf":{"@id":"https:\/\/www.math.sk\/mpm\/#website"},"primaryImageOfPage":{"@id":"https:\/\/www.math.sk\/mpm\/mpm-seminar-2014\/#primaryimage"},"image":{"@id":"https:\/\/www.math.sk\/mpm\/mpm-seminar-2014\/#primaryimage"},"thumbnailUrl":"https:\/\/www.math.sk\/mpm\/wp-content\/uploads\/2017\/10\/logo-mpm-blue.svg","datePublished":"2017-11-03T13:42:19+00:00","dateModified":"2017-11-28T10:34:53+00:00","description":"Katedra matematiky a deskript\u00edvnej geometrie Stavebnej Fakulty Slovenskej Technickej Univerzity v Bratislave. St\u00e1le nevie\u0161, \u010do chce\u0161 v \u017eivote robi\u0165? \u0160tuduj aplikovan\u00fa matematiku, potom m\u00f4\u017ee\u0161 robi\u0165 v\u0161etko.","breadcrumb":{"@id":"https:\/\/www.math.sk\/mpm\/mpm-seminar-2014\/#breadcrumb"},"inLanguage":"sk-SK","potentialAction":[{"@type":"ReadAction","target":["https:\/\/www.math.sk\/mpm\/mpm-seminar-2014\/"]}]},{"@type":"ImageObject","inLanguage":"sk-SK","@id":"https:\/\/www.math.sk\/mpm\/mpm-seminar-2014\/#primaryimage","url":"https:\/\/www.math.sk\/mpm\/wp-content\/uploads\/2017\/10\/logo-mpm-blue.svg","contentUrl":"https:\/\/www.math.sk\/mpm\/wp-content\/uploads\/2017\/10\/logo-mpm-blue.svg","caption":"Matematicko-po\u010d\u00edta\u010dov\u00e9 modelovanie"},{"@type":"BreadcrumbList","@id":"https:\/\/www.math.sk\/mpm\/mpm-seminar-2014\/#breadcrumb","itemListElement":[{"@type":"ListItem","position":1,"name":"Home","item":"https:\/\/www.math.sk\/mpm\/"},{"@type":"ListItem","position":2,"name":"MPM Semin\u00e1r 2014"}]},{"@type":"WebSite","@id":"https:\/\/www.math.sk\/mpm\/#website","url":"https:\/\/www.math.sk\/mpm\/","name":"Matematicko-po\u010d\u00edta\u010dov\u00e9 modelovanie","description":"","publisher":{"@id":"https:\/\/www.math.sk\/mpm\/#organization"},"potentialAction":[{"@type":"SearchAction","target":{"@type":"EntryPoint","urlTemplate":"https:\/\/www.math.sk\/mpm\/?s={search_term_string}"},"query-input":{"@type":"PropertyValueSpecification","valueRequired":true,"valueName":"search_term_string"}}],"inLanguage":"sk-SK"},{"@type":"Organization","@id":"https:\/\/www.math.sk\/mpm\/#organization","name":"Matematicko-po\u010d\u00edta\u010dov\u00e9 modelovanie","url":"https:\/\/www.math.sk\/mpm\/","logo":{"@type":"ImageObject","inLanguage":"sk-SK","@id":"https:\/\/www.math.sk\/mpm\/#\/schema\/logo\/image\/","url":"https:\/\/www.math.sk\/mpm\/wp-content\/uploads\/2017\/10\/logo-mpm-blue.svg","contentUrl":"https:\/\/www.math.sk\/mpm\/wp-content\/uploads\/2017\/10\/logo-mpm-blue.svg","width":1,"height":1,"caption":"Matematicko-po\u010d\u00edta\u010dov\u00e9 modelovanie"},"image":{"@id":"https:\/\/www.math.sk\/mpm\/#\/schema\/logo\/image\/"},"sameAs":["https:\/\/www.facebook.com\/MatematickoPocitacoveModelovanie\/","https:\/\/www.youtube.com\/channel\/UCkpSEyHDKycm0-o3X_eurdA\/featured"]}]}},"_links":{"self":[{"href":"https:\/\/www.math.sk\/mpm\/wp-json\/wp\/v2\/pages\/810","targetHints":{"allow":["GET"]}}],"collection":[{"href":"https:\/\/www.math.sk\/mpm\/wp-json\/wp\/v2\/pages"}],"about":[{"href":"https:\/\/www.math.sk\/mpm\/wp-json\/wp\/v2\/types\/page"}],"author":[{"embeddable":true,"href":"https:\/\/www.math.sk\/mpm\/wp-json\/wp\/v2\/users\/1"}],"replies":[{"embeddable":true,"href":"https:\/\/www.math.sk\/mpm\/wp-json\/wp\/v2\/comments?post=810"}],"version-history":[{"count":9,"href":"https:\/\/www.math.sk\/mpm\/wp-json\/wp\/v2\/pages\/810\/revisions"}],"predecessor-version":[{"id":1123,"href":"https:\/\/www.math.sk\/mpm\/wp-json\/wp\/v2\/pages\/810\/revisions\/1123"}],"wp:attachment":[{"href":"https:\/\/www.math.sk\/mpm\/wp-json\/wp\/v2\/media?parent=810"}],"curies":[{"name":"wp","href":"https:\/\/api.w.org\/{rel}","templated":true}]}}