{"id":794,"date":"2017-11-03T15:28:01","date_gmt":"2017-11-03T13:28:01","guid":{"rendered":"http:\/\/www.math.sk\/mpmnew\/?page_id=794"},"modified":"2017-11-28T12:34:04","modified_gmt":"2017-11-28T10:34:04","slug":"mpm-seminar-2015","status":"publish","type":"page","link":"https:\/\/www.math.sk\/mpm\/mpm-seminar-2015\/","title":{"rendered":"MPM Semin\u00e1r 2015"},"content":{"rendered":"<h1><img decoding=\"async\" style=\"float: right; max-width: 100%; width: 200px;\" title=\"MPM - Matematicko-po\u010d\u00edtao\u010dov\u00e9 modelovanie\" src=\"https:\/\/www.math.sk\/mpm\/wp-content\/uploads\/2017\/10\/logo-mpm-blue.svg\" alt=\"MPM semin\u00e1r 2015\" \/>MPM Semin\u00e1r 2015<\/h1>\n<p>V\u00a0d\u0148och 4.-5. decembra 2015 sa konal v\u00a0priestoroch Stavebnej fakulty (SvF) Slovenskej technickej univerzity (STU) v\u00a0Bratislave\u00a0<b>Semin\u00e1r o\u00a0Matematicko \u2013 po\u010d\u00edta\u010dovom modelovan\u00ed (MPM),\u00a0<\/b>ktor\u00fd<b>\u00a0<\/b>bol ur\u010den\u00fd pre stredo\u0161kolsk\u00fdch pedag\u00f3gov matematiky a\u00a0informatiky a\u00a0ich \u0161tudentov so z\u00e1ujmom o\u00a0\u0161tudijn\u00fd program MPM.<\/p>\n<p>Semin\u00e1ra sa z\u00fa\u010dastnilo viac ako 50 \u0161tudentov a pedag\u00f3gov z\u00a0Bratislavy, Brezna, Pie\u0161\u0165an, Pre\u0161ova, P\u00fachova, Spi\u0161skej Novej Vsi, Trstenej, \u017diliny a\u00a0Zvolena. Pedag\u00f3govia, \u0161tudenti a\u00a0absolventi MPM sa postarali o\u00a0ve\u013emi zauj\u00edmav\u00e9 predn\u00e1\u0161ky, ktor\u00e9 v\u017edy sprev\u00e1dzala diskusia s \u00fa\u010dastn\u00edkmi. Predn\u00e1\u0161aj\u00faci predviedli aplikovanie svojich poznatkov v\u00a0praxi, v t\u00e9mach ako je tvorba softv\u00e9ru v\u00a0medic\u00edne, modelovanie biomechaniky chrbtice, matematika vo filme, simul\u00e1cia \u0161\u00edrenia dymu v\u00a0budov\u00e1ch a\u00a0modelovanie \u0161\u00edrenia lesn\u00fdch po\u017eiarov \u010di po\u010d\u00edta\u010dov\u00e1 rekon\u0161trukcia embryogen\u00e9zy jednoduch\u00fdch stavovcov. \u00da\u010dastn\u00edci mali tie\u017e mo\u017enos\u0165 si vypo\u010du\u0165 predn\u00e1\u0161ky o\u00a0predmetoch, ktor\u00e9 sa na MPM vyu\u010duj\u00fa, ako napr\u00edklad o paralelnom programovan\u00ed, po\u010d\u00edta\u010dovej grafike, softv\u00e9roch ANSYS, Mathematica \u010di ParaView a\u00a0podobne. Semin\u00e1r sa aj tento rok stretol s\u00a0ve\u013emi pozit\u00edvnou odozvou od \u00fa\u010dastn\u00edkov.<\/p>\n<p>Po\u010fakovanie patr\u00ed\u00a0Jednote slovensk\u00fdch matematikov a\u00a0fyzikov\u00a0(JSMF) a\u00a0Stavebnej fakulte STU, ktor\u00ed v\u00fdznamne finan\u010dne prispeli na realiz\u00e1ciu Semin\u00e1ra o\u00a0Matematicko \u2013 po\u010d\u00edta\u010dovom modelovan\u00ed.<\/p>\n<p>Aj v\u010faka tak\u00fdmto zauj\u00edmav\u00fdm akci\u00e1m sa roz\u0161iruje dobr\u00e9 povedomie nielen o\u00a0\u0161tudijnom programe MPM, ale aj o\u00a0Stavebnej fakulte STU v Bratislave.<\/p>\n<p>Program prezent\u00e1ci\u00ed semin\u00e1ra:<\/p>\n<table>\n<tbody>\n<tr>\n<td colspan=\"2\" width=\"604\"><strong>Piatok, 4.12.2015<\/strong><\/td>\n<\/tr>\n<tr>\n<td width=\"141\">14:00 \u2013 15:00<\/td>\n<td width=\"463\">Karol Mikula \u2013\u00a0<a href=\"https:\/\/www.math.sk\/mpm\/wp-content\/uploads\/2017\/11\/mikula2015.pdf\" target=\"_blank\" rel=\"noopener\">Matematicko-po\u010d\u00edta\u010dov\u00e9 modelovanie vo v\u00fdvojovej biol\u00f3gii<\/a><\/td>\n<\/tr>\n<tr>\n<td width=\"141\">15:00 \u2013 15:30<\/td>\n<td width=\"463\">Janka Brehovsk\u00e1 \u2013 Rekon\u0161trukcia pl\u00f4ch z\u00a03D mra\u010dien bodov<\/td>\n<\/tr>\n<tr>\n<td width=\"141\">15:30 \u2013 16:00<\/td>\n<td width=\"463\">Luk\u00e1\u0161 Tomek \u2013\u00a0<a href=\"https:\/\/www.math.sk\/mpm\/wp-content\/uploads\/2017\/11\/tomek2015.pptx\" target=\"_blank\" rel=\"noopener\">Minim\u00e1lne plochy v pr\u00edrode a technike<\/a><\/td>\n<\/tr>\n<tr>\n<td width=\"141\">16:20 \u2013 16:40<\/td>\n<td width=\"463\">Vierka \u0160teckov\u00e1 \u2013 Po\u010d\u00edta\u010dov\u00e9 simul\u00e1cie po\u017eiaru a\u00a0\u0161\u00edrenia dymu v\u00a0budov\u00e1ch<\/td>\n<\/tr>\n<tr>\n<td width=\"141\">16:40 \u2013 17:20<\/td>\n<td width=\"463\">Jozef Urb\u00e1n \u2013 Matematicko-po\u010d\u00edta\u010dov\u00e9 modelovanie v\u00a0medic\u00edne<\/td>\n<\/tr>\n<tr>\n<td width=\"141\">17:20 \u2013 17:50<\/td>\n<td width=\"463\">Luk\u00e1\u0161 Tomek \u2013\u00a0<a href=\"https:\/\/www.math.sk\/mpm\/wp-content\/uploads\/2017\/11\/tomek_2_2015.pptx\" target=\"_blank\" rel=\"noopener\">Softv\u00e9r ANSYS<\/a><\/td>\n<\/tr>\n<tr>\n<td width=\"141\">17:50 \u2013 18:10<\/td>\n<td width=\"463\">Martin Ambroz \u2013\u00a0<a href=\"https:\/\/www.math.sk\/mpm\/wp-content\/uploads\/2017\/11\/ambroz2015.pdf\" target=\"_blank\" rel=\"noopener\">Matematicko-po\u010d\u00edta\u010dov\u00e9 modelovanie \u0161\u00edrenia lesn\u00fdch po\u017eiarov<\/a><\/td>\n<\/tr>\n<tr>\n<td colspan=\"2\" width=\"604\"><strong>Sobota, 5.12.2015<\/strong><\/td>\n<\/tr>\n<tr>\n<td width=\"141\">09:00 \u2013 09:30<\/td>\n<td width=\"463\">M\u00e1ria Tje\u0161\u0161ov\u00e1 \u2013\u00a0<a href=\"https:\/\/www.math.sk\/mpm\/wp-content\/uploads\/2017\/11\/tjessova2015.pptx\" target=\"_blank\" rel=\"noopener\">Matematicko-po\u010d\u00edta\u010dov\u00e9 modelovanie v biomechanike chrbtice<\/a><\/td>\n<\/tr>\n<tr>\n<td width=\"141\">09:30 \u2013 10:00<\/td>\n<td width=\"463\">Peter Frolkovi\u010d \u2013\u00a0<a href=\"https:\/\/www.math.sk\/mpm\/wp-content\/uploads\/2017\/11\/frolkovic2015.pdf\" target=\"_blank\" rel=\"noopener\">Matematika vo filme<\/a><\/td>\n<\/tr>\n<tr>\n<td width=\"141\">10:00 \u2013 10:30<\/td>\n<td width=\"463\">R\u00f3bert \u010cunderl\u00edk \u2013\u00a0<a href=\"https:\/\/www.math.sk\/mpm\/wp-content\/uploads\/2017\/11\/cunderlik2015.pdf\" target=\"_blank\" rel=\"noopener\">Filtr\u00e1cia d\u00e1t na povrchu Zeme a na orbit\u00e1ch dru\u017eicov\u00fdch misi\u00ed<\/a><\/td>\n<\/tr>\n<tr>\n<td width=\"141\">10:50 \u2013 11:20<\/td>\n<td width=\"463\">R\u00f3bert \u0160pir \u2013\u00a0<a href=\"https:\/\/www.math.sk\/mpm\/wp-content\/uploads\/2017\/11\/spir2015.pdf\" target=\"_blank\" rel=\"noopener\">Paraleln\u00e9 programovanie a po\u010d\u00edta\u010dov\u00e1 grafika<\/a><\/td>\n<\/tr>\n<tr>\n<td width=\"141\">11:20 \u2013 11:50<\/td>\n<td width=\"463\">Matej Med\u013ea \u2013\u00a0<a href=\"https:\/\/www.math.sk\/mpm\/wp-content\/uploads\/2017\/11\/medla2015.zip\" target=\"_blank\" rel=\"noopener\">Softv\u00e9r Mathematica<\/a>,\u00a0<a href=\"https:\/\/www.wolfram.com\/cdf-player\/\" target=\"_blank\" rel=\"noopener\">wolfram CDF player<\/a><\/td>\n<\/tr>\n<tr>\n<td width=\"141\">11:50 \u2013 12:20<\/td>\n<td width=\"463\">Mariana Reme\u0161\u00edkov\u00e1 \u2013 Vizualiza\u010dn\u00fd softv\u00e9r Paraview<\/td>\n<\/tr>\n<\/tbody>\n<\/table>\n","protected":false},"excerpt":{"rendered":"<p>MPM Semin\u00e1r 2015 V\u00a0d\u0148och 4.-5. decembra 2015 sa konal v\u00a0priestoroch Stavebnej fakulty (SvF) Slovenskej technickej univerzity (STU) v\u00a0Bratislave\u00a0Semin\u00e1r o\u00a0Matematicko \u2013 po\u010d\u00edta\u010dovom modelovan\u00ed (MPM),\u00a0ktor\u00fd\u00a0bol ur\u010den\u00fd pre stredo\u0161kolsk\u00fdch pedag\u00f3gov matematiky a\u00a0informatiky a\u00a0ich \u0161tudentov so z\u00e1ujmom o\u00a0\u0161tudijn\u00fd program MPM. Semin\u00e1ra sa z\u00fa\u010dastnilo viac ako 50 \u0161tudentov a pedag\u00f3gov z\u00a0Bratislavy, Brezna, Pie\u0161\u0165an, Pre\u0161ova, P\u00fachova, Spi\u0161skej Novej Vsi, Trstenej, \u017diliny [&hellip;]<\/p>\n","protected":false},"author":1,"featured_media":0,"parent":0,"menu_order":0,"comment_status":"closed","ping_status":"closed","template":"","meta":{"inline_featured_image":false,"footnotes":""},"class_list":["post-794","page","type-page","status-publish","hentry"],"yoast_head":"<!-- This site is optimized with the Yoast SEO plugin v27.2 - https:\/\/yoast.com\/product\/yoast-seo-wordpress\/ -->\n<title>Matematicko-po\u010d\u00edta\u010dov\u00e9 modelovanie<\/title>\n<meta name=\"description\" content=\"Katedra matematiky a deskript\u00edvnej geometrie Stavebnej Fakulty Slovenskej Technickej Univerzity v Bratislave. St\u00e1le nevie\u0161, \u010do chce\u0161 v \u017eivote robi\u0165? \u0160tuduj aplikovan\u00fa matematiku, potom m\u00f4\u017ee\u0161 robi\u0165 v\u0161etko.\" \/>\n<meta name=\"robots\" content=\"index, follow, max-snippet:-1, max-image-preview:large, max-video-preview:-1\" \/>\n<link rel=\"canonical\" href=\"https:\/\/www.math.sk\/mpm\/mpm-seminar-2015\/\" \/>\n<meta property=\"og:locale\" content=\"sk_SK\" \/>\n<meta property=\"og:type\" content=\"article\" \/>\n<meta property=\"og:title\" content=\"Matematicko-po\u010d\u00edta\u010dov\u00e9 modelovanie\" \/>\n<meta property=\"og:description\" content=\"Katedra matematiky a deskript\u00edvnej geometrie Stavebnej Fakulty Slovenskej Technickej Univerzity v Bratislave. St\u00e1le nevie\u0161, \u010do chce\u0161 v \u017eivote robi\u0165? \u0160tuduj aplikovan\u00fa matematiku, potom m\u00f4\u017ee\u0161 robi\u0165 v\u0161etko.\" \/>\n<meta property=\"og:url\" content=\"https:\/\/www.math.sk\/mpm\/mpm-seminar-2015\/\" \/>\n<meta property=\"og:site_name\" content=\"Matematicko-po\u010d\u00edta\u010dov\u00e9 modelovanie\" \/>\n<meta property=\"article:publisher\" content=\"https:\/\/www.facebook.com\/MatematickoPocitacoveModelovanie\/\" \/>\n<meta property=\"article:modified_time\" content=\"2017-11-28T10:34:04+00:00\" \/>\n<meta property=\"og:image\" content=\"https:\/\/www.math.sk\/mpm\/wp-content\/uploads\/2017\/10\/logo-mpm-blue.svg\" \/>\n<meta name=\"twitter:card\" content=\"summary_large_image\" \/>\n<meta name=\"twitter:label1\" content=\"Predpokladan\u00fd \u010das \u010d\u00edtania\" \/>\n\t<meta name=\"twitter:data1\" content=\"2 min\u00faty\" \/>\n<script type=\"application\/ld+json\" class=\"yoast-schema-graph\">{\"@context\":\"https:\/\/schema.org\",\"@graph\":[{\"@type\":\"WebPage\",\"@id\":\"https:\/\/www.math.sk\/mpm\/mpm-seminar-2015\/\",\"url\":\"https:\/\/www.math.sk\/mpm\/mpm-seminar-2015\/\",\"name\":\"Matematicko-po\u010d\u00edta\u010dov\u00e9 modelovanie\",\"isPartOf\":{\"@id\":\"https:\/\/www.math.sk\/mpm\/#website\"},\"primaryImageOfPage\":{\"@id\":\"https:\/\/www.math.sk\/mpm\/mpm-seminar-2015\/#primaryimage\"},\"image\":{\"@id\":\"https:\/\/www.math.sk\/mpm\/mpm-seminar-2015\/#primaryimage\"},\"thumbnailUrl\":\"https:\/\/www.math.sk\/mpm\/wp-content\/uploads\/2017\/10\/logo-mpm-blue.svg\",\"datePublished\":\"2017-11-03T13:28:01+00:00\",\"dateModified\":\"2017-11-28T10:34:04+00:00\",\"description\":\"Katedra matematiky a deskript\u00edvnej geometrie Stavebnej Fakulty Slovenskej Technickej Univerzity v Bratislave. St\u00e1le nevie\u0161, \u010do chce\u0161 v \u017eivote robi\u0165? \u0160tuduj aplikovan\u00fa matematiku, potom m\u00f4\u017ee\u0161 robi\u0165 v\u0161etko.\",\"breadcrumb\":{\"@id\":\"https:\/\/www.math.sk\/mpm\/mpm-seminar-2015\/#breadcrumb\"},\"inLanguage\":\"sk-SK\",\"potentialAction\":[{\"@type\":\"ReadAction\",\"target\":[\"https:\/\/www.math.sk\/mpm\/mpm-seminar-2015\/\"]}]},{\"@type\":\"ImageObject\",\"inLanguage\":\"sk-SK\",\"@id\":\"https:\/\/www.math.sk\/mpm\/mpm-seminar-2015\/#primaryimage\",\"url\":\"https:\/\/www.math.sk\/mpm\/wp-content\/uploads\/2017\/10\/logo-mpm-blue.svg\",\"contentUrl\":\"https:\/\/www.math.sk\/mpm\/wp-content\/uploads\/2017\/10\/logo-mpm-blue.svg\",\"caption\":\"Matematicko-po\u010d\u00edta\u010dov\u00e9 modelovanie\"},{\"@type\":\"BreadcrumbList\",\"@id\":\"https:\/\/www.math.sk\/mpm\/mpm-seminar-2015\/#breadcrumb\",\"itemListElement\":[{\"@type\":\"ListItem\",\"position\":1,\"name\":\"Home\",\"item\":\"https:\/\/www.math.sk\/mpm\/\"},{\"@type\":\"ListItem\",\"position\":2,\"name\":\"MPM Semin\u00e1r 2015\"}]},{\"@type\":\"WebSite\",\"@id\":\"https:\/\/www.math.sk\/mpm\/#website\",\"url\":\"https:\/\/www.math.sk\/mpm\/\",\"name\":\"Matematicko-po\u010d\u00edta\u010dov\u00e9 modelovanie\",\"description\":\"\",\"publisher\":{\"@id\":\"https:\/\/www.math.sk\/mpm\/#organization\"},\"potentialAction\":[{\"@type\":\"SearchAction\",\"target\":{\"@type\":\"EntryPoint\",\"urlTemplate\":\"https:\/\/www.math.sk\/mpm\/?s={search_term_string}\"},\"query-input\":{\"@type\":\"PropertyValueSpecification\",\"valueRequired\":true,\"valueName\":\"search_term_string\"}}],\"inLanguage\":\"sk-SK\"},{\"@type\":\"Organization\",\"@id\":\"https:\/\/www.math.sk\/mpm\/#organization\",\"name\":\"Matematicko-po\u010d\u00edta\u010dov\u00e9 modelovanie\",\"url\":\"https:\/\/www.math.sk\/mpm\/\",\"logo\":{\"@type\":\"ImageObject\",\"inLanguage\":\"sk-SK\",\"@id\":\"https:\/\/www.math.sk\/mpm\/#\/schema\/logo\/image\/\",\"url\":\"https:\/\/www.math.sk\/mpm\/wp-content\/uploads\/2017\/10\/logo-mpm-blue.svg\",\"contentUrl\":\"https:\/\/www.math.sk\/mpm\/wp-content\/uploads\/2017\/10\/logo-mpm-blue.svg\",\"width\":1,\"height\":1,\"caption\":\"Matematicko-po\u010d\u00edta\u010dov\u00e9 modelovanie\"},\"image\":{\"@id\":\"https:\/\/www.math.sk\/mpm\/#\/schema\/logo\/image\/\"},\"sameAs\":[\"https:\/\/www.facebook.com\/MatematickoPocitacoveModelovanie\/\",\"https:\/\/www.youtube.com\/channel\/UCkpSEyHDKycm0-o3X_eurdA\/featured\"]}]}<\/script>\n<!-- \/ Yoast SEO plugin. -->","yoast_head_json":{"title":"Matematicko-po\u010d\u00edta\u010dov\u00e9 modelovanie","description":"Katedra matematiky a deskript\u00edvnej geometrie Stavebnej Fakulty Slovenskej Technickej Univerzity v Bratislave. St\u00e1le nevie\u0161, \u010do chce\u0161 v \u017eivote robi\u0165? \u0160tuduj aplikovan\u00fa matematiku, potom m\u00f4\u017ee\u0161 robi\u0165 v\u0161etko.","robots":{"index":"index","follow":"follow","max-snippet":"max-snippet:-1","max-image-preview":"max-image-preview:large","max-video-preview":"max-video-preview:-1"},"canonical":"https:\/\/www.math.sk\/mpm\/mpm-seminar-2015\/","og_locale":"sk_SK","og_type":"article","og_title":"Matematicko-po\u010d\u00edta\u010dov\u00e9 modelovanie","og_description":"Katedra matematiky a deskript\u00edvnej geometrie Stavebnej Fakulty Slovenskej Technickej Univerzity v Bratislave. St\u00e1le nevie\u0161, \u010do chce\u0161 v \u017eivote robi\u0165? \u0160tuduj aplikovan\u00fa matematiku, potom m\u00f4\u017ee\u0161 robi\u0165 v\u0161etko.","og_url":"https:\/\/www.math.sk\/mpm\/mpm-seminar-2015\/","og_site_name":"Matematicko-po\u010d\u00edta\u010dov\u00e9 modelovanie","article_publisher":"https:\/\/www.facebook.com\/MatematickoPocitacoveModelovanie\/","article_modified_time":"2017-11-28T10:34:04+00:00","og_image":[{"url":"https:\/\/www.math.sk\/mpm\/wp-content\/uploads\/2017\/10\/logo-mpm-blue.svg","type":"","width":"","height":""}],"twitter_card":"summary_large_image","twitter_misc":{"Predpokladan\u00fd \u010das \u010d\u00edtania":"2 min\u00faty"},"schema":{"@context":"https:\/\/schema.org","@graph":[{"@type":"WebPage","@id":"https:\/\/www.math.sk\/mpm\/mpm-seminar-2015\/","url":"https:\/\/www.math.sk\/mpm\/mpm-seminar-2015\/","name":"Matematicko-po\u010d\u00edta\u010dov\u00e9 modelovanie","isPartOf":{"@id":"https:\/\/www.math.sk\/mpm\/#website"},"primaryImageOfPage":{"@id":"https:\/\/www.math.sk\/mpm\/mpm-seminar-2015\/#primaryimage"},"image":{"@id":"https:\/\/www.math.sk\/mpm\/mpm-seminar-2015\/#primaryimage"},"thumbnailUrl":"https:\/\/www.math.sk\/mpm\/wp-content\/uploads\/2017\/10\/logo-mpm-blue.svg","datePublished":"2017-11-03T13:28:01+00:00","dateModified":"2017-11-28T10:34:04+00:00","description":"Katedra matematiky a deskript\u00edvnej geometrie Stavebnej Fakulty Slovenskej Technickej Univerzity v Bratislave. St\u00e1le nevie\u0161, \u010do chce\u0161 v \u017eivote robi\u0165? \u0160tuduj aplikovan\u00fa matematiku, potom m\u00f4\u017ee\u0161 robi\u0165 v\u0161etko.","breadcrumb":{"@id":"https:\/\/www.math.sk\/mpm\/mpm-seminar-2015\/#breadcrumb"},"inLanguage":"sk-SK","potentialAction":[{"@type":"ReadAction","target":["https:\/\/www.math.sk\/mpm\/mpm-seminar-2015\/"]}]},{"@type":"ImageObject","inLanguage":"sk-SK","@id":"https:\/\/www.math.sk\/mpm\/mpm-seminar-2015\/#primaryimage","url":"https:\/\/www.math.sk\/mpm\/wp-content\/uploads\/2017\/10\/logo-mpm-blue.svg","contentUrl":"https:\/\/www.math.sk\/mpm\/wp-content\/uploads\/2017\/10\/logo-mpm-blue.svg","caption":"Matematicko-po\u010d\u00edta\u010dov\u00e9 modelovanie"},{"@type":"BreadcrumbList","@id":"https:\/\/www.math.sk\/mpm\/mpm-seminar-2015\/#breadcrumb","itemListElement":[{"@type":"ListItem","position":1,"name":"Home","item":"https:\/\/www.math.sk\/mpm\/"},{"@type":"ListItem","position":2,"name":"MPM Semin\u00e1r 2015"}]},{"@type":"WebSite","@id":"https:\/\/www.math.sk\/mpm\/#website","url":"https:\/\/www.math.sk\/mpm\/","name":"Matematicko-po\u010d\u00edta\u010dov\u00e9 modelovanie","description":"","publisher":{"@id":"https:\/\/www.math.sk\/mpm\/#organization"},"potentialAction":[{"@type":"SearchAction","target":{"@type":"EntryPoint","urlTemplate":"https:\/\/www.math.sk\/mpm\/?s={search_term_string}"},"query-input":{"@type":"PropertyValueSpecification","valueRequired":true,"valueName":"search_term_string"}}],"inLanguage":"sk-SK"},{"@type":"Organization","@id":"https:\/\/www.math.sk\/mpm\/#organization","name":"Matematicko-po\u010d\u00edta\u010dov\u00e9 modelovanie","url":"https:\/\/www.math.sk\/mpm\/","logo":{"@type":"ImageObject","inLanguage":"sk-SK","@id":"https:\/\/www.math.sk\/mpm\/#\/schema\/logo\/image\/","url":"https:\/\/www.math.sk\/mpm\/wp-content\/uploads\/2017\/10\/logo-mpm-blue.svg","contentUrl":"https:\/\/www.math.sk\/mpm\/wp-content\/uploads\/2017\/10\/logo-mpm-blue.svg","width":1,"height":1,"caption":"Matematicko-po\u010d\u00edta\u010dov\u00e9 modelovanie"},"image":{"@id":"https:\/\/www.math.sk\/mpm\/#\/schema\/logo\/image\/"},"sameAs":["https:\/\/www.facebook.com\/MatematickoPocitacoveModelovanie\/","https:\/\/www.youtube.com\/channel\/UCkpSEyHDKycm0-o3X_eurdA\/featured"]}]}},"_links":{"self":[{"href":"https:\/\/www.math.sk\/mpm\/wp-json\/wp\/v2\/pages\/794","targetHints":{"allow":["GET"]}}],"collection":[{"href":"https:\/\/www.math.sk\/mpm\/wp-json\/wp\/v2\/pages"}],"about":[{"href":"https:\/\/www.math.sk\/mpm\/wp-json\/wp\/v2\/types\/page"}],"author":[{"embeddable":true,"href":"https:\/\/www.math.sk\/mpm\/wp-json\/wp\/v2\/users\/1"}],"replies":[{"embeddable":true,"href":"https:\/\/www.math.sk\/mpm\/wp-json\/wp\/v2\/comments?post=794"}],"version-history":[{"count":9,"href":"https:\/\/www.math.sk\/mpm\/wp-json\/wp\/v2\/pages\/794\/revisions"}],"predecessor-version":[{"id":1122,"href":"https:\/\/www.math.sk\/mpm\/wp-json\/wp\/v2\/pages\/794\/revisions\/1122"}],"wp:attachment":[{"href":"https:\/\/www.math.sk\/mpm\/wp-json\/wp\/v2\/media?parent=794"}],"curies":[{"name":"wp","href":"https:\/\/api.w.org\/{rel}","templated":true}]}}