{"id":73,"date":"2017-10-14T11:16:16","date_gmt":"2017-10-14T09:16:16","guid":{"rendered":"http:\/\/www.math.sk\/mpmnew\/?page_id=73"},"modified":"2025-08-18T12:51:15","modified_gmt":"2025-08-18T10:51:15","slug":"prijimacky","status":"publish","type":"page","link":"https:\/\/www.math.sk\/mpm\/prijimacky\/","title":{"rendered":"Prij\u00edma\u010dky"},"content":{"rendered":"<div>\n<h1 align=\"\"><img decoding=\"async\" style=\"float: right; max-width: 100%; width: 200px;\" title=\"Bakal\u00e1rske \u0161t\u00fadium - Matematicko-po\u010d\u00edta\u010dov\u00e9 modelovanie\" src=\"https:\/\/www.math.sk\/mpm\/wp-content\/uploads\/2017\/10\/ikony-web-flat-bakalar.svg\" alt=\"Bakal\u00e1rske \u0161t\u00fadium\" \/>Bakal\u00e1rske \u0161t\u00fadium<\/h1>\n<p style=\"padding-top: 20px;\"><strong><em>Z\u00e1sady prij\u00edmacieho konania na bakal\u00e1rsky \u0161tudijn\u00fd program matematicko-po\u010d\u00edta\u010dov\u00e9 modelovanie mo\u017eno n\u00e1js\u0165 na\u00a0<a href=\"https:\/\/www.stavebnarevolucia.sk\/#stavebna-revolucia-si-ty\" target=\"_blank\" rel=\"noopener noreferrer\">str\u00e1nke Stavebnej fakulty STU<\/a>\u00a0.<\/em><\/strong><\/p>\n<p>Vzh\u013eadom na obsah \u0161t\u00fadia, odpor\u00fa\u010dame \u0161tudijn\u00fd program matematicko-po\u010d\u00edta\u010dov\u00e9 modelovanie predov\u0161etk\u00fdm \u0161tudentom so z\u00e1ujmom o matematiku alebo programovanie, ktor\u00ed sa chc\u00fa taktie\u017e nau\u010di\u0165, kde v\u0161ade a ako ich potrebujeme vyu\u017ei\u0165 na rie\u0161enie praktick\u00fdch \u00faloh. Z\u00e1ujem o matematiku a programovanie v\u0161ak vieme prebudi\u0165 aj u n\u00e1s, najd\u00f4le\u017eitej\u0161ie je chcie\u0165 z\u00edska\u0165 kvalitn\u00e9 vzdelanie so \u0161irok\u00fdmi mo\u017enos\u0165ami uplatnenia. Na bakal\u00e1rske \u0161t\u00fadium sa v tomto akademickom roku prij\u00edma\u00a0<strong id=\"prijimacky_ing\">bez prij\u00edmac\u00edch sk\u00fa\u0161ok.<\/strong><\/p>\n<div align=\"center\"><a class=\"magee-btn-normal banner-scroll btn-lg btn-line btn-light section_btn_text_0\" href=\"https:\/\/www.svf.stuba.sk\/sk\/uchadzacov\/bakalarske-studium.html?page_id=1702\" target=\"_blank\" rel=\"noopener noreferrer\">Prihl\u00e1si\u0165 sa na bakal\u00e1rske \u0161t\u00fadium<\/a><\/div>\n<hr \/>\n<\/div>\n<div>\n<h2><img decoding=\"async\" style=\"float: right; max-width: 100%; width: 200px;\" title=\"In\u017einierske \u0161t\u00fadium - Matematicko-po\u010d\u00edta\u010dov\u00e9 modelovanie\" src=\"https:\/\/www.math.sk\/mpm\/wp-content\/uploads\/2017\/10\/ikony-web-flat-inzinier.svg\" alt=\"In\u017einierske \u0161t\u00fadium\" \/>In\u017einierske \u0161t\u00fadium<\/h2>\n<p style=\"padding-top: 20px;\"><strong><em>Uch\u00e1dza\u010di maj\u00fa tie\u017e mo\u017enos\u0165 hl\u00e1si\u0165 sa na in\u017einiersky \u0161tudijn\u00fd program matematicko-po\u010d\u00edta\u010dov\u00e9 modelovanie.<\/em><\/strong><\/p>\n<p>T\u00e1to inform\u00e1cia je aktu\u00e1lna pre v\u0161etk\u00fdch absolventov bakal\u00e1rskych programov pr\u00edbuzn\u00fdch k odboru Aplikovan\u00e1 matematika. Prij\u00edmacie pohovory na in\u017einierske \u0161t\u00fadium kore\u0161ponduj\u00fa s obsahom <a href=\"..\/bakalarske-statnice\">bakal\u00e1rskych \u0161t\u00e1tnic<\/a> n\u00e1\u0161ho \u0161tudijn\u00e9ho programu.<\/p>\n<\/div>\n<div>\n<div align=\"center\"><a class=\"magee-btn-normal banner-scroll btn-lg btn-line btn-light section_btn_text_0\" href=\"https:\/\/www.svf.stuba.sk\/sk\/uchadzacov\/inzinierske-studium.html?page_id=1703\" target=\"_blank\" rel=\"noopener noreferrer\">Prihl\u00e1si\u0165 sa na in\u017einierske \u0161t\u00fadium<\/a><\/div>\n<hr \/>\n<\/div>\n<div>\n<h2 id=\"prijimacky_phd\"><img decoding=\"async\" style=\"float: right; max-width: 100%; width: 200px;\" title=\"Doktorandsk\u00e9 \u0161t\u00fadium - Matematicko-po\u010d\u00edta\u010dov\u00e9 modelovanie\" src=\"https:\/\/www.math.sk\/mpm\/wp-content\/uploads\/2017\/10\/ikony-web-flat-doktorant.svg\" alt=\"Doktorandsk\u00e9 \u0161t\u00fadium\" \/>Doktorandsk\u00e9 \u0161t\u00fadium<\/h2>\n<p style=\"padding-top: 20px;\"><strong><em>Absolventi matematicko-po\u010d\u00edta\u010dov\u00e9ho modelovania a \u010fal\u0161\u00edch pr\u00edbuzn\u00fdch odborov maj\u00fa mo\u017enos\u0165 pokra\u010dova\u0165 v doktorandskom \u0161t\u00fadiu Aplikovan\u00e1 matematika.<\/em><\/strong><\/p>\n<p>Katedra rie\u0161i viacer\u00e9 v\u00fdskumn\u00e9 projekty APVV, VEGA, projekty bilater\u00e1lnej spolupr\u00e1ce a \u010fal\u0161ie medzin\u00e1rodn\u00e9 projekty. Doktorandi bud\u00fa prirodzene zapojen\u00ed do rie\u0161enia t\u00fdchto projektov a taktie\u017e existuj\u00fa bilater\u00e1lne dohody programu Erasmus, v r\u00e1mci ktor\u00fdch m\u00f4\u017eu doktorandi vycestova\u0165 na semester do zahrani\u010dia.\u00a0Prij\u00edmacie pohovory na doktorandsk\u00e9 \u0161t\u00fadium kore\u0161ponduj\u00fa s obsahom <a href=\"..\/inzinierske-statnice\">in\u017einierskych \u0161t\u00e1tnic<\/a> n\u00e1\u0161ho \u0161tudijn\u00e9ho programu.<\/p>\n<div align=\"center\"><a class=\"magee-btn-normal banner-scroll btn-lg btn-line btn-light section_btn_text_0\" href=\"https:\/\/www.svf.stuba.sk\/sk\/uchadzacov\/doktorandske-studium.html?page_id=1704\" target=\"_blank\" rel=\"noopener noreferrer\">Prihl\u00e1si\u0165 sa na doktorandsk\u00e9 \u0161t\u00fadium<\/a><\/div>\n<\/div>\n","protected":false},"excerpt":{"rendered":"<p>Bakal\u00e1rske \u0161t\u00fadium Z\u00e1sady prij\u00edmacieho konania na bakal\u00e1rsky \u0161tudijn\u00fd program matematicko-po\u010d\u00edta\u010dov\u00e9 modelovanie mo\u017eno n\u00e1js\u0165 na\u00a0str\u00e1nke Stavebnej fakulty STU\u00a0. Vzh\u013eadom na obsah \u0161t\u00fadia, odpor\u00fa\u010dame \u0161tudijn\u00fd program matematicko-po\u010d\u00edta\u010dov\u00e9 modelovanie predov\u0161etk\u00fdm \u0161tudentom so z\u00e1ujmom o matematiku alebo programovanie, ktor\u00ed sa chc\u00fa taktie\u017e nau\u010di\u0165, kde v\u0161ade a ako ich potrebujeme vyu\u017ei\u0165 na rie\u0161enie praktick\u00fdch \u00faloh. Z\u00e1ujem o matematiku a programovanie [&hellip;]<\/p>\n","protected":false},"author":2,"featured_media":0,"parent":0,"menu_order":0,"comment_status":"closed","ping_status":"closed","template":"","meta":{"inline_featured_image":false,"footnotes":""},"class_list":["post-73","page","type-page","status-publish","hentry"],"yoast_head":"<!-- This site is optimized with the Yoast SEO plugin v27.2 - https:\/\/yoast.com\/product\/yoast-seo-wordpress\/ -->\n<title>Matematicko-po\u010d\u00edta\u010dov\u00e9 modelovanie<\/title>\n<meta name=\"description\" content=\"Katedra matematiky a deskript\u00edvnej geometrie Stavebnej Fakulty Slovenskej Technickej Univerzity v Bratislave. St\u00e1le nevie\u0161, \u010do chce\u0161 v \u017eivote robi\u0165? \u0160tuduj aplikovan\u00fa matematiku, potom m\u00f4\u017ee\u0161 robi\u0165 v\u0161etko.\" \/>\n<meta name=\"robots\" content=\"index, follow, max-snippet:-1, max-image-preview:large, max-video-preview:-1\" \/>\n<link rel=\"canonical\" href=\"https:\/\/www.math.sk\/mpm\/prijimacky\/\" \/>\n<meta property=\"og:locale\" content=\"sk_SK\" \/>\n<meta property=\"og:type\" content=\"article\" \/>\n<meta property=\"og:title\" content=\"Matematicko-po\u010d\u00edta\u010dov\u00e9 modelovanie\" \/>\n<meta property=\"og:description\" content=\"Katedra matematiky a deskript\u00edvnej geometrie Stavebnej Fakulty Slovenskej Technickej Univerzity v Bratislave. St\u00e1le nevie\u0161, \u010do chce\u0161 v \u017eivote robi\u0165? \u0160tuduj aplikovan\u00fa matematiku, potom m\u00f4\u017ee\u0161 robi\u0165 v\u0161etko.\" \/>\n<meta property=\"og:url\" content=\"https:\/\/www.math.sk\/mpm\/prijimacky\/\" \/>\n<meta property=\"og:site_name\" content=\"Matematicko-po\u010d\u00edta\u010dov\u00e9 modelovanie\" \/>\n<meta property=\"article:publisher\" content=\"https:\/\/www.facebook.com\/MatematickoPocitacoveModelovanie\/\" \/>\n<meta property=\"article:modified_time\" content=\"2025-08-18T10:51:15+00:00\" \/>\n<meta property=\"og:image\" content=\"https:\/\/www.math.sk\/mpm\/wp-content\/uploads\/2017\/10\/ikony-web-flat-bakalar.svg\" \/>\n<meta name=\"twitter:card\" content=\"summary_large_image\" \/>\n<meta name=\"twitter:label1\" content=\"Predpokladan\u00fd \u010das \u010d\u00edtania\" \/>\n\t<meta name=\"twitter:data1\" content=\"2 min\u00faty\" \/>\n<script type=\"application\/ld+json\" class=\"yoast-schema-graph\">{\"@context\":\"https:\/\/schema.org\",\"@graph\":[{\"@type\":\"WebPage\",\"@id\":\"https:\/\/www.math.sk\/mpm\/prijimacky\/\",\"url\":\"https:\/\/www.math.sk\/mpm\/prijimacky\/\",\"name\":\"Matematicko-po\u010d\u00edta\u010dov\u00e9 modelovanie\",\"isPartOf\":{\"@id\":\"https:\/\/www.math.sk\/mpm\/#website\"},\"primaryImageOfPage\":{\"@id\":\"https:\/\/www.math.sk\/mpm\/prijimacky\/#primaryimage\"},\"image\":{\"@id\":\"https:\/\/www.math.sk\/mpm\/prijimacky\/#primaryimage\"},\"thumbnailUrl\":\"https:\/\/www.math.sk\/mpm\/wp-content\/uploads\/2017\/10\/ikony-web-flat-bakalar.svg\",\"datePublished\":\"2017-10-14T09:16:16+00:00\",\"dateModified\":\"2025-08-18T10:51:15+00:00\",\"description\":\"Katedra matematiky a deskript\u00edvnej geometrie Stavebnej Fakulty Slovenskej Technickej Univerzity v Bratislave. St\u00e1le nevie\u0161, \u010do chce\u0161 v \u017eivote robi\u0165? \u0160tuduj aplikovan\u00fa matematiku, potom m\u00f4\u017ee\u0161 robi\u0165 v\u0161etko.\",\"breadcrumb\":{\"@id\":\"https:\/\/www.math.sk\/mpm\/prijimacky\/#breadcrumb\"},\"inLanguage\":\"sk-SK\",\"potentialAction\":[{\"@type\":\"ReadAction\",\"target\":[\"https:\/\/www.math.sk\/mpm\/prijimacky\/\"]}]},{\"@type\":\"ImageObject\",\"inLanguage\":\"sk-SK\",\"@id\":\"https:\/\/www.math.sk\/mpm\/prijimacky\/#primaryimage\",\"url\":\"https:\/\/www.math.sk\/mpm\/wp-content\/uploads\/2017\/10\/ikony-web-flat-bakalar.svg\",\"contentUrl\":\"https:\/\/www.math.sk\/mpm\/wp-content\/uploads\/2017\/10\/ikony-web-flat-bakalar.svg\"},{\"@type\":\"BreadcrumbList\",\"@id\":\"https:\/\/www.math.sk\/mpm\/prijimacky\/#breadcrumb\",\"itemListElement\":[{\"@type\":\"ListItem\",\"position\":1,\"name\":\"Home\",\"item\":\"https:\/\/www.math.sk\/mpm\/\"},{\"@type\":\"ListItem\",\"position\":2,\"name\":\"Prij\u00edma\u010dky\"}]},{\"@type\":\"WebSite\",\"@id\":\"https:\/\/www.math.sk\/mpm\/#website\",\"url\":\"https:\/\/www.math.sk\/mpm\/\",\"name\":\"Matematicko-po\u010d\u00edta\u010dov\u00e9 modelovanie\",\"description\":\"\",\"publisher\":{\"@id\":\"https:\/\/www.math.sk\/mpm\/#organization\"},\"potentialAction\":[{\"@type\":\"SearchAction\",\"target\":{\"@type\":\"EntryPoint\",\"urlTemplate\":\"https:\/\/www.math.sk\/mpm\/?s={search_term_string}\"},\"query-input\":{\"@type\":\"PropertyValueSpecification\",\"valueRequired\":true,\"valueName\":\"search_term_string\"}}],\"inLanguage\":\"sk-SK\"},{\"@type\":\"Organization\",\"@id\":\"https:\/\/www.math.sk\/mpm\/#organization\",\"name\":\"Matematicko-po\u010d\u00edta\u010dov\u00e9 modelovanie\",\"url\":\"https:\/\/www.math.sk\/mpm\/\",\"logo\":{\"@type\":\"ImageObject\",\"inLanguage\":\"sk-SK\",\"@id\":\"https:\/\/www.math.sk\/mpm\/#\/schema\/logo\/image\/\",\"url\":\"https:\/\/www.math.sk\/mpm\/wp-content\/uploads\/2017\/10\/logo-mpm-blue.svg\",\"contentUrl\":\"https:\/\/www.math.sk\/mpm\/wp-content\/uploads\/2017\/10\/logo-mpm-blue.svg\",\"width\":1,\"height\":1,\"caption\":\"Matematicko-po\u010d\u00edta\u010dov\u00e9 modelovanie\"},\"image\":{\"@id\":\"https:\/\/www.math.sk\/mpm\/#\/schema\/logo\/image\/\"},\"sameAs\":[\"https:\/\/www.facebook.com\/MatematickoPocitacoveModelovanie\/\",\"https:\/\/www.youtube.com\/channel\/UCkpSEyHDKycm0-o3X_eurdA\/featured\"]}]}<\/script>\n<!-- \/ Yoast SEO plugin. -->","yoast_head_json":{"title":"Matematicko-po\u010d\u00edta\u010dov\u00e9 modelovanie","description":"Katedra matematiky a deskript\u00edvnej geometrie Stavebnej Fakulty Slovenskej Technickej Univerzity v Bratislave. St\u00e1le nevie\u0161, \u010do chce\u0161 v \u017eivote robi\u0165? \u0160tuduj aplikovan\u00fa matematiku, potom m\u00f4\u017ee\u0161 robi\u0165 v\u0161etko.","robots":{"index":"index","follow":"follow","max-snippet":"max-snippet:-1","max-image-preview":"max-image-preview:large","max-video-preview":"max-video-preview:-1"},"canonical":"https:\/\/www.math.sk\/mpm\/prijimacky\/","og_locale":"sk_SK","og_type":"article","og_title":"Matematicko-po\u010d\u00edta\u010dov\u00e9 modelovanie","og_description":"Katedra matematiky a deskript\u00edvnej geometrie Stavebnej Fakulty Slovenskej Technickej Univerzity v Bratislave. St\u00e1le nevie\u0161, \u010do chce\u0161 v \u017eivote robi\u0165? \u0160tuduj aplikovan\u00fa matematiku, potom m\u00f4\u017ee\u0161 robi\u0165 v\u0161etko.","og_url":"https:\/\/www.math.sk\/mpm\/prijimacky\/","og_site_name":"Matematicko-po\u010d\u00edta\u010dov\u00e9 modelovanie","article_publisher":"https:\/\/www.facebook.com\/MatematickoPocitacoveModelovanie\/","article_modified_time":"2025-08-18T10:51:15+00:00","og_image":[{"url":"https:\/\/www.math.sk\/mpm\/wp-content\/uploads\/2017\/10\/ikony-web-flat-bakalar.svg","type":"","width":"","height":""}],"twitter_card":"summary_large_image","twitter_misc":{"Predpokladan\u00fd \u010das \u010d\u00edtania":"2 min\u00faty"},"schema":{"@context":"https:\/\/schema.org","@graph":[{"@type":"WebPage","@id":"https:\/\/www.math.sk\/mpm\/prijimacky\/","url":"https:\/\/www.math.sk\/mpm\/prijimacky\/","name":"Matematicko-po\u010d\u00edta\u010dov\u00e9 modelovanie","isPartOf":{"@id":"https:\/\/www.math.sk\/mpm\/#website"},"primaryImageOfPage":{"@id":"https:\/\/www.math.sk\/mpm\/prijimacky\/#primaryimage"},"image":{"@id":"https:\/\/www.math.sk\/mpm\/prijimacky\/#primaryimage"},"thumbnailUrl":"https:\/\/www.math.sk\/mpm\/wp-content\/uploads\/2017\/10\/ikony-web-flat-bakalar.svg","datePublished":"2017-10-14T09:16:16+00:00","dateModified":"2025-08-18T10:51:15+00:00","description":"Katedra matematiky a deskript\u00edvnej geometrie Stavebnej Fakulty Slovenskej Technickej Univerzity v Bratislave. St\u00e1le nevie\u0161, \u010do chce\u0161 v \u017eivote robi\u0165? \u0160tuduj aplikovan\u00fa matematiku, potom m\u00f4\u017ee\u0161 robi\u0165 v\u0161etko.","breadcrumb":{"@id":"https:\/\/www.math.sk\/mpm\/prijimacky\/#breadcrumb"},"inLanguage":"sk-SK","potentialAction":[{"@type":"ReadAction","target":["https:\/\/www.math.sk\/mpm\/prijimacky\/"]}]},{"@type":"ImageObject","inLanguage":"sk-SK","@id":"https:\/\/www.math.sk\/mpm\/prijimacky\/#primaryimage","url":"https:\/\/www.math.sk\/mpm\/wp-content\/uploads\/2017\/10\/ikony-web-flat-bakalar.svg","contentUrl":"https:\/\/www.math.sk\/mpm\/wp-content\/uploads\/2017\/10\/ikony-web-flat-bakalar.svg"},{"@type":"BreadcrumbList","@id":"https:\/\/www.math.sk\/mpm\/prijimacky\/#breadcrumb","itemListElement":[{"@type":"ListItem","position":1,"name":"Home","item":"https:\/\/www.math.sk\/mpm\/"},{"@type":"ListItem","position":2,"name":"Prij\u00edma\u010dky"}]},{"@type":"WebSite","@id":"https:\/\/www.math.sk\/mpm\/#website","url":"https:\/\/www.math.sk\/mpm\/","name":"Matematicko-po\u010d\u00edta\u010dov\u00e9 modelovanie","description":"","publisher":{"@id":"https:\/\/www.math.sk\/mpm\/#organization"},"potentialAction":[{"@type":"SearchAction","target":{"@type":"EntryPoint","urlTemplate":"https:\/\/www.math.sk\/mpm\/?s={search_term_string}"},"query-input":{"@type":"PropertyValueSpecification","valueRequired":true,"valueName":"search_term_string"}}],"inLanguage":"sk-SK"},{"@type":"Organization","@id":"https:\/\/www.math.sk\/mpm\/#organization","name":"Matematicko-po\u010d\u00edta\u010dov\u00e9 modelovanie","url":"https:\/\/www.math.sk\/mpm\/","logo":{"@type":"ImageObject","inLanguage":"sk-SK","@id":"https:\/\/www.math.sk\/mpm\/#\/schema\/logo\/image\/","url":"https:\/\/www.math.sk\/mpm\/wp-content\/uploads\/2017\/10\/logo-mpm-blue.svg","contentUrl":"https:\/\/www.math.sk\/mpm\/wp-content\/uploads\/2017\/10\/logo-mpm-blue.svg","width":1,"height":1,"caption":"Matematicko-po\u010d\u00edta\u010dov\u00e9 modelovanie"},"image":{"@id":"https:\/\/www.math.sk\/mpm\/#\/schema\/logo\/image\/"},"sameAs":["https:\/\/www.facebook.com\/MatematickoPocitacoveModelovanie\/","https:\/\/www.youtube.com\/channel\/UCkpSEyHDKycm0-o3X_eurdA\/featured"]}]}},"_links":{"self":[{"href":"https:\/\/www.math.sk\/mpm\/wp-json\/wp\/v2\/pages\/73","targetHints":{"allow":["GET"]}}],"collection":[{"href":"https:\/\/www.math.sk\/mpm\/wp-json\/wp\/v2\/pages"}],"about":[{"href":"https:\/\/www.math.sk\/mpm\/wp-json\/wp\/v2\/types\/page"}],"author":[{"embeddable":true,"href":"https:\/\/www.math.sk\/mpm\/wp-json\/wp\/v2\/users\/2"}],"replies":[{"embeddable":true,"href":"https:\/\/www.math.sk\/mpm\/wp-json\/wp\/v2\/comments?post=73"}],"version-history":[{"count":44,"href":"https:\/\/www.math.sk\/mpm\/wp-json\/wp\/v2\/pages\/73\/revisions"}],"predecessor-version":[{"id":2050,"href":"https:\/\/www.math.sk\/mpm\/wp-json\/wp\/v2\/pages\/73\/revisions\/2050"}],"wp:attachment":[{"href":"https:\/\/www.math.sk\/mpm\/wp-json\/wp\/v2\/media?parent=73"}],"curies":[{"name":"wp","href":"https:\/\/api.w.org\/{rel}","templated":true}]}}