{"id":63,"date":"2017-10-14T11:06:44","date_gmt":"2017-10-14T09:06:44","guid":{"rendered":"http:\/\/www.math.sk\/mpmnew\/?page_id=63"},"modified":"2017-11-28T12:32:07","modified_gmt":"2017-11-28T10:32:07","slug":"zahranicie","status":"publish","type":"page","link":"https:\/\/www.math.sk\/mpm\/zahranicie\/","title":{"rendered":"Zahrani\u010die"},"content":{"rendered":"<h1 align=\"\"><img decoding=\"async\" style=\"float: right; max-width: 100%; width: 200px;\" title=\"Podobn\u00e9 \u0161tudijn\u00e9 programy v zahrani\u010d\u00ed - Matematicko-po\u010d\u00edta\u010dov\u00e9 modelovanie\" src=\"https:\/\/www.math.sk\/mpm\/wp-content\/uploads\/2017\/10\/ikony-web-flat-zahranicne-odbory.svg\" alt=\"Podobn\u00e9 \u0161tudijn\u00e9 programy v zahrani\u010d\u00ed\" \/>Erasmus pobyty<\/h1>\n<p><i><b>Na\u0161i \u0161tudenti maj\u00fa v r\u00e1mci \u0161t\u00fadia mo\u017enos\u0165 vycestova\u0165 do zahrani\u010dia a jednou z mo\u017enost\u00ed s\u00fa\u00a0Erasmus pobyty. Spolupracujeme so \u0161pi\u010dkov\u00fdmi univerzitami v Eur\u00f3pe, na ktor\u00fdch si m\u00f4\u017eu\u00a0na\u0161i \u0161tudenti nielen roz\u0161\u00edri\u0165 vedomosti z aplikovanej matematiky, ale z\u00edskaj\u00fa\u00a0aj ve\u013ea \u017eivotn\u00fdch sk\u00fasenosti do ich \u010fal\u0161ieho osobn\u00e9ho a profesion\u00e1lneho \u017eivota. Viac inform\u00e1cii o programe Erasmus n\u00e1jdete na str\u00e1nke\u00a0<a href=\"https:\/\/www.stuba.sk\/sk\/zahranicne-vymenne-mobility-studentov.html?page_id=5713\" target=\"_blank\" rel=\"noopener\">STU<\/a>. A tu je len nieko\u013eko zahrani\u010dn\u00fdch univerz\u00edt, kde na\u0161i \u0161tudenti absolvovali \u0161tudijn\u00fd pobyt.<\/b><\/i><\/p>\n<hr \/>\n<div class=\"home-container container page_container\">\n<div class=\"home-section-content section_testimonial_7\">\n<div class=\"row onetone-animated\" data-animationduration=\"0.9\" data-animationtype=\"zoomIn\">\n<div class=\"col-md-4\">\n<div style=\"text-align: center;\"><img decoding=\"async\" style=\"height: 150px; padding-bottom: 10px;\" src=\"https:\/\/www.math.sk\/mpm\/wp-content\/uploads\/2017\/10\/logo-unibo.png\" \/><br \/>\n<a href=\"http:\/\/www.unibo.it\/it\" target=\"_blank\" rel=\"noopener\">Taliansko, Bologna &#8211; Universit\u00e0 di Bologna<\/a><\/div>\n<\/div>\n<div class=\"col-md-4\">\n<div style=\"text-align: center;\"><img decoding=\"async\" style=\"height: 150px; padding-bottom: 10px;\" src=\"https:\/\/www.math.sk\/mpm\/wp-content\/uploads\/2017\/10\/logo_upc.png\" \/><br \/>\n<a href=\"https:\/\/www.upc.edu\/ca\" target=\"_blank\" rel=\"noopener\">\u0160panielsko, Barcelona &#8211; Universitat Polit\u00e8cnica de Catalunya<\/a><\/div>\n<\/div>\n<div class=\"col-md-4\">\n<div style=\"text-align: center;\"><img decoding=\"async\" style=\"height: 150px; padding-bottom: 10px;\" src=\"https:\/\/www.math.sk\/mpm\/wp-content\/uploads\/2017\/10\/Kth_logo.svg.png\" \/><br \/>\n<a href=\"https:\/\/www.kth.se\/en\" target=\"_blank\" rel=\"noopener\">\u0160v\u00e9dsko, Stockholm &#8211; KTH Royal Institute of Technology in Stockholm<\/a><\/div>\n<\/div>\n<div class=\"col-md-4\">\n<div style=\"text-align: center;\"><img decoding=\"async\" style=\"height: 150px; padding-bottom: 10px;\" src=\"https:\/\/www.math.sk\/mpm\/wp-content\/uploads\/2017\/10\/logo.png\" \/><br \/>\n<a href=\"https:\/\/www.ugent.be\/en\" target=\"_blank\" rel=\"noopener\">Belgicko, Gent &#8211; Ghent University<\/a><\/div>\n<\/div>\n<div class=\"col-md-4\">\n<div style=\"text-align: center;\"><img decoding=\"async\" style=\"height: 150px; padding-bottom: 10px;\" src=\"https:\/\/www.math.sk\/mpm\/wp-content\/uploads\/2017\/10\/hd-logo-sw-small.png\" \/><br \/>\n<a href=\"https:\/\/www.uni-heidelberg.de\/\" target=\"_blank\" rel=\"noopener\">Nemecko, Heidelberg &#8211; Universit\u00e4t Heidelberg<\/a><\/div>\n<\/div>\n<div class=\"col-md-4\">\n<div style=\"text-align: center;\"><img decoding=\"async\" style=\"height: 150px; padding-bottom: 10px;\" src=\"https:\/\/www.math.sk\/mpm\/wp-content\/uploads\/2017\/10\/cvut.png\" \/><br \/>\n<a href=\"https:\/\/www.cvut.cz\/\" target=\"_blank\" rel=\"noopener\">\u010cesk\u00e1 republika, Praha &#8211; \u010cesk\u00e9 vysok\u00e9 u\u010den\u00ed technick\u00e9 v Praze<\/a><\/div>\n<\/div>\n<\/div>\n<\/div>\n<\/div>\n<hr \/>\n<p style=\"padding-top: 20px;\"><strong><em>Na\u0161e \u0161t\u00fadium nie je vo vo svete ojedinel\u00e9, pr\u00e1ve naopak, podobne zameran\u00e9 \u0161tudijn\u00e9 programy n\u00e1jdete na mnoh\u00fdch svetov\u00fdch univerzit\u00e1ch. Na Slovensku sme v\u0161ak jedin\u00fd. V anglickej terminol\u00f3gii sa pre \u0161t\u00fadium Matematicko-po\u010d\u00edta\u010dov\u00e9ho modelovania pou\u017e\u00edvaj\u00fa r\u00f4zne n\u00e1zvy, napr\u00edklad \u201cApplied and Computational Mathematics\u201d, \u201cComputational Science and Engineering\u201d, \u201cMathematical and Computational Modelling\u201d alebo \u201cScientific Computing\u201d a je ho mo\u017en\u00e9 \u0161tudova\u0165 v r\u00e1mci mnoh\u00fdch programov v USA i Eur\u00f3pe aj na t\u00fdch najv\u00fdznamnej\u0161\u00edch univerzit\u00e1ch.\u00a0<\/em><\/strong><\/p>\n<div class=\"home-container container page_container\">\n<div class=\"home-section-content section_testimonial_7\">\n<div class=\"row onetone-animated\" data-animationduration=\"0.9\" data-animationtype=\"zoomIn\">\n<div class=\"col-md-4\">\n<div style=\"text-align: center;\"><img decoding=\"async\" style=\"height: 150px; padding-bottom: 10px;\" src=\"https:\/\/www.math.sk\/mpm\/wp-content\/uploads\/2017\/10\/SUSig_2color_Stree_Stacked_Left.png\" \/><br \/>\n<a href=\"https:\/\/scpd.stanford.edu\/public\/category\/courseCategoryCertificateProfile.do?certificateId=1247602&amp;method=load\" target=\"_blank\" rel=\"noopener\">Stanford &#8211; Computational and Mathematical Engineering<\/a><\/div>\n<\/div>\n<div class=\"col-md-4\">\n<div style=\"text-align: center;\"><img decoding=\"async\" style=\"height: 150px; padding-bottom: 10px;\" src=\"https:\/\/www.math.sk\/mpm\/wp-content\/uploads\/2017\/10\/princeton-university-logo-png-icons-logos-emojis-iconic-brands-school-university-902.png\" \/><br \/>\n<a href=\"http:\/\/www.pacm.princeton.edu\/\" target=\"_blank\" rel=\"noopener\">Princeton &#8211; The programme in applied and computational mathematics<\/a><\/div>\n<\/div>\n<div class=\"col-md-4\">\n<div style=\"text-align: center;\"><img decoding=\"async\" style=\"height: 150px; padding-bottom: 10px;\" src=\"https:\/\/www.math.sk\/mpm\/wp-content\/uploads\/2017\/10\/harvard-logo-1500x500ff.png\" \/><br \/>\n<a href=\"https:\/\/www.seas.harvard.edu\/programs\/applied-mathematics\" target=\"_blank\" rel=\"noopener\">Harvard &#8211; Undergraduate Program in Applied Mathematics<\/a><\/div>\n<\/div>\n<div class=\"col-md-4\">\n<div style=\"text-align: center;\"><img decoding=\"async\" style=\"height: 150px; padding-bottom: 10px;\" src=\"https:\/\/www.math.sk\/mpm\/wp-content\/uploads\/2017\/10\/university-of-zurich-color.png\" \/><br \/>\n<a href=\"https:\/\/www.ethz.ch\/en\/studies\/prospective-masters-degree-students\/masters-degree-programmes\/masters-degree-programmes-natural-sciences-and-mathematics\/master-computational-science-and-engineering.html\" target=\"_blank\" rel=\"noopener\">Zurich &#8211; Master<br \/>\nComputational Science and Engineering<\/a><\/div>\n<\/div>\n<div class=\"col-md-4\">\n<div style=\"text-align: center;\"><img decoding=\"async\" style=\"height: 150px; padding-bottom: 10px;\" src=\"https:\/\/www.math.sk\/mpm\/wp-content\/uploads\/2017\/10\/Logo_of_the_\u00c9cole_Polytechnique.svg.png\" \/><br \/>\n<a href=\"https:\/\/www.polytechnique.edu\/en\/master-mathematics-and-applications\" target=\"_blank\" rel=\"noopener\">Ecole Polytechnique Paris &#8211;<br \/>\nMathematics and applications<\/a><\/div>\n<\/div>\n<div class=\"col-md-4\">\n<div style=\"text-align: center;\"><img decoding=\"async\" style=\"height: 150px; padding-bottom: 10px;\" src=\"https:\/\/www.math.sk\/mpm\/wp-content\/uploads\/2017\/10\/oxford-university.png\" \/><br \/>\n<a href=\"https:\/\/www.ox.ac.uk\/admissions\/graduate\/courses\/msc-mathematical-modelling-and-scientific-computing?wssl=1\" target=\"_blank\" rel=\"noopener\">Oxford &#8211; MSc in Mathematical Modelling and Scientific Computing<\/a><\/div>\n<\/div>\n<\/div>\n<\/div>\n<\/div>\n","protected":false},"excerpt":{"rendered":"<p>Erasmus pobyty Na\u0161i \u0161tudenti maj\u00fa v r\u00e1mci \u0161t\u00fadia mo\u017enos\u0165 vycestova\u0165 do zahrani\u010dia a jednou z mo\u017enost\u00ed s\u00fa\u00a0Erasmus pobyty. Spolupracujeme so \u0161pi\u010dkov\u00fdmi univerzitami v Eur\u00f3pe, na ktor\u00fdch si m\u00f4\u017eu\u00a0na\u0161i \u0161tudenti nielen roz\u0161\u00edri\u0165 vedomosti z aplikovanej matematiky, ale z\u00edskaj\u00fa\u00a0aj ve\u013ea \u017eivotn\u00fdch sk\u00fasenosti do ich \u010fal\u0161ieho osobn\u00e9ho a profesion\u00e1lneho \u017eivota. Viac inform\u00e1cii o programe Erasmus n\u00e1jdete na str\u00e1nke\u00a0STU. [&hellip;]<\/p>\n","protected":false},"author":2,"featured_media":0,"parent":0,"menu_order":0,"comment_status":"closed","ping_status":"closed","template":"","meta":{"inline_featured_image":false,"footnotes":""},"class_list":["post-63","page","type-page","status-publish","hentry"],"yoast_head":"<!-- This site is optimized with the Yoast SEO plugin v27.2 - https:\/\/yoast.com\/product\/yoast-seo-wordpress\/ -->\n<title>Matematicko-po\u010d\u00edta\u010dov\u00e9 modelovanie<\/title>\n<meta name=\"description\" content=\"Katedra matematiky a deskript\u00edvnej geometrie Stavebnej Fakulty Slovenskej Technickej Univerzity v Bratislave. St\u00e1le nevie\u0161, \u010do chce\u0161 v \u017eivote robi\u0165? \u0160tuduj aplikovan\u00fa matematiku, potom m\u00f4\u017ee\u0161 robi\u0165 v\u0161etko.\" \/>\n<meta name=\"robots\" content=\"index, follow, max-snippet:-1, max-image-preview:large, max-video-preview:-1\" \/>\n<link rel=\"canonical\" href=\"https:\/\/www.math.sk\/mpm\/zahranicie\/\" \/>\n<meta property=\"og:locale\" content=\"sk_SK\" \/>\n<meta property=\"og:type\" content=\"article\" \/>\n<meta property=\"og:title\" content=\"Matematicko-po\u010d\u00edta\u010dov\u00e9 modelovanie\" \/>\n<meta property=\"og:description\" content=\"Katedra matematiky a deskript\u00edvnej geometrie Stavebnej Fakulty Slovenskej Technickej Univerzity v Bratislave. St\u00e1le nevie\u0161, \u010do chce\u0161 v \u017eivote robi\u0165? \u0160tuduj aplikovan\u00fa matematiku, potom m\u00f4\u017ee\u0161 robi\u0165 v\u0161etko.\" \/>\n<meta property=\"og:url\" content=\"https:\/\/www.math.sk\/mpm\/zahranicie\/\" \/>\n<meta property=\"og:site_name\" content=\"Matematicko-po\u010d\u00edta\u010dov\u00e9 modelovanie\" \/>\n<meta property=\"article:publisher\" content=\"https:\/\/www.facebook.com\/MatematickoPocitacoveModelovanie\/\" \/>\n<meta property=\"article:modified_time\" content=\"2017-11-28T10:32:07+00:00\" \/>\n<meta property=\"og:image\" content=\"https:\/\/www.math.sk\/mpm\/wp-content\/uploads\/2017\/10\/ikony-web-flat-zahranicne-odbory.svg\" \/>\n<meta name=\"twitter:card\" content=\"summary_large_image\" \/>\n<meta name=\"twitter:label1\" content=\"Predpokladan\u00fd \u010das \u010d\u00edtania\" \/>\n\t<meta name=\"twitter:data1\" content=\"1 min\u00fata\" \/>\n<script type=\"application\/ld+json\" class=\"yoast-schema-graph\">{\"@context\":\"https:\/\/schema.org\",\"@graph\":[{\"@type\":\"WebPage\",\"@id\":\"https:\/\/www.math.sk\/mpm\/zahranicie\/\",\"url\":\"https:\/\/www.math.sk\/mpm\/zahranicie\/\",\"name\":\"Matematicko-po\u010d\u00edta\u010dov\u00e9 modelovanie\",\"isPartOf\":{\"@id\":\"https:\/\/www.math.sk\/mpm\/#website\"},\"primaryImageOfPage\":{\"@id\":\"https:\/\/www.math.sk\/mpm\/zahranicie\/#primaryimage\"},\"image\":{\"@id\":\"https:\/\/www.math.sk\/mpm\/zahranicie\/#primaryimage\"},\"thumbnailUrl\":\"https:\/\/www.math.sk\/mpm\/wp-content\/uploads\/2017\/10\/ikony-web-flat-zahranicne-odbory.svg\",\"datePublished\":\"2017-10-14T09:06:44+00:00\",\"dateModified\":\"2017-11-28T10:32:07+00:00\",\"description\":\"Katedra matematiky a deskript\u00edvnej geometrie Stavebnej Fakulty Slovenskej Technickej Univerzity v Bratislave. St\u00e1le nevie\u0161, \u010do chce\u0161 v \u017eivote robi\u0165? \u0160tuduj aplikovan\u00fa matematiku, potom m\u00f4\u017ee\u0161 robi\u0165 v\u0161etko.\",\"breadcrumb\":{\"@id\":\"https:\/\/www.math.sk\/mpm\/zahranicie\/#breadcrumb\"},\"inLanguage\":\"sk-SK\",\"potentialAction\":[{\"@type\":\"ReadAction\",\"target\":[\"https:\/\/www.math.sk\/mpm\/zahranicie\/\"]}]},{\"@type\":\"ImageObject\",\"inLanguage\":\"sk-SK\",\"@id\":\"https:\/\/www.math.sk\/mpm\/zahranicie\/#primaryimage\",\"url\":\"https:\/\/www.math.sk\/mpm\/wp-content\/uploads\/2017\/10\/ikony-web-flat-zahranicne-odbory.svg\",\"contentUrl\":\"https:\/\/www.math.sk\/mpm\/wp-content\/uploads\/2017\/10\/ikony-web-flat-zahranicne-odbory.svg\"},{\"@type\":\"BreadcrumbList\",\"@id\":\"https:\/\/www.math.sk\/mpm\/zahranicie\/#breadcrumb\",\"itemListElement\":[{\"@type\":\"ListItem\",\"position\":1,\"name\":\"Home\",\"item\":\"https:\/\/www.math.sk\/mpm\/\"},{\"@type\":\"ListItem\",\"position\":2,\"name\":\"Zahrani\u010die\"}]},{\"@type\":\"WebSite\",\"@id\":\"https:\/\/www.math.sk\/mpm\/#website\",\"url\":\"https:\/\/www.math.sk\/mpm\/\",\"name\":\"Matematicko-po\u010d\u00edta\u010dov\u00e9 modelovanie\",\"description\":\"\",\"publisher\":{\"@id\":\"https:\/\/www.math.sk\/mpm\/#organization\"},\"potentialAction\":[{\"@type\":\"SearchAction\",\"target\":{\"@type\":\"EntryPoint\",\"urlTemplate\":\"https:\/\/www.math.sk\/mpm\/?s={search_term_string}\"},\"query-input\":{\"@type\":\"PropertyValueSpecification\",\"valueRequired\":true,\"valueName\":\"search_term_string\"}}],\"inLanguage\":\"sk-SK\"},{\"@type\":\"Organization\",\"@id\":\"https:\/\/www.math.sk\/mpm\/#organization\",\"name\":\"Matematicko-po\u010d\u00edta\u010dov\u00e9 modelovanie\",\"url\":\"https:\/\/www.math.sk\/mpm\/\",\"logo\":{\"@type\":\"ImageObject\",\"inLanguage\":\"sk-SK\",\"@id\":\"https:\/\/www.math.sk\/mpm\/#\/schema\/logo\/image\/\",\"url\":\"https:\/\/www.math.sk\/mpm\/wp-content\/uploads\/2017\/10\/logo-mpm-blue.svg\",\"contentUrl\":\"https:\/\/www.math.sk\/mpm\/wp-content\/uploads\/2017\/10\/logo-mpm-blue.svg\",\"width\":1,\"height\":1,\"caption\":\"Matematicko-po\u010d\u00edta\u010dov\u00e9 modelovanie\"},\"image\":{\"@id\":\"https:\/\/www.math.sk\/mpm\/#\/schema\/logo\/image\/\"},\"sameAs\":[\"https:\/\/www.facebook.com\/MatematickoPocitacoveModelovanie\/\",\"https:\/\/www.youtube.com\/channel\/UCkpSEyHDKycm0-o3X_eurdA\/featured\"]}]}<\/script>\n<!-- \/ Yoast SEO plugin. -->","yoast_head_json":{"title":"Matematicko-po\u010d\u00edta\u010dov\u00e9 modelovanie","description":"Katedra matematiky a deskript\u00edvnej geometrie Stavebnej Fakulty Slovenskej Technickej Univerzity v Bratislave. St\u00e1le nevie\u0161, \u010do chce\u0161 v \u017eivote robi\u0165? \u0160tuduj aplikovan\u00fa matematiku, potom m\u00f4\u017ee\u0161 robi\u0165 v\u0161etko.","robots":{"index":"index","follow":"follow","max-snippet":"max-snippet:-1","max-image-preview":"max-image-preview:large","max-video-preview":"max-video-preview:-1"},"canonical":"https:\/\/www.math.sk\/mpm\/zahranicie\/","og_locale":"sk_SK","og_type":"article","og_title":"Matematicko-po\u010d\u00edta\u010dov\u00e9 modelovanie","og_description":"Katedra matematiky a deskript\u00edvnej geometrie Stavebnej Fakulty Slovenskej Technickej Univerzity v Bratislave. St\u00e1le nevie\u0161, \u010do chce\u0161 v \u017eivote robi\u0165? \u0160tuduj aplikovan\u00fa matematiku, potom m\u00f4\u017ee\u0161 robi\u0165 v\u0161etko.","og_url":"https:\/\/www.math.sk\/mpm\/zahranicie\/","og_site_name":"Matematicko-po\u010d\u00edta\u010dov\u00e9 modelovanie","article_publisher":"https:\/\/www.facebook.com\/MatematickoPocitacoveModelovanie\/","article_modified_time":"2017-11-28T10:32:07+00:00","og_image":[{"url":"https:\/\/www.math.sk\/mpm\/wp-content\/uploads\/2017\/10\/ikony-web-flat-zahranicne-odbory.svg","type":"","width":"","height":""}],"twitter_card":"summary_large_image","twitter_misc":{"Predpokladan\u00fd \u010das \u010d\u00edtania":"1 min\u00fata"},"schema":{"@context":"https:\/\/schema.org","@graph":[{"@type":"WebPage","@id":"https:\/\/www.math.sk\/mpm\/zahranicie\/","url":"https:\/\/www.math.sk\/mpm\/zahranicie\/","name":"Matematicko-po\u010d\u00edta\u010dov\u00e9 modelovanie","isPartOf":{"@id":"https:\/\/www.math.sk\/mpm\/#website"},"primaryImageOfPage":{"@id":"https:\/\/www.math.sk\/mpm\/zahranicie\/#primaryimage"},"image":{"@id":"https:\/\/www.math.sk\/mpm\/zahranicie\/#primaryimage"},"thumbnailUrl":"https:\/\/www.math.sk\/mpm\/wp-content\/uploads\/2017\/10\/ikony-web-flat-zahranicne-odbory.svg","datePublished":"2017-10-14T09:06:44+00:00","dateModified":"2017-11-28T10:32:07+00:00","description":"Katedra matematiky a deskript\u00edvnej geometrie Stavebnej Fakulty Slovenskej Technickej Univerzity v Bratislave. St\u00e1le nevie\u0161, \u010do chce\u0161 v \u017eivote robi\u0165? \u0160tuduj aplikovan\u00fa matematiku, potom m\u00f4\u017ee\u0161 robi\u0165 v\u0161etko.","breadcrumb":{"@id":"https:\/\/www.math.sk\/mpm\/zahranicie\/#breadcrumb"},"inLanguage":"sk-SK","potentialAction":[{"@type":"ReadAction","target":["https:\/\/www.math.sk\/mpm\/zahranicie\/"]}]},{"@type":"ImageObject","inLanguage":"sk-SK","@id":"https:\/\/www.math.sk\/mpm\/zahranicie\/#primaryimage","url":"https:\/\/www.math.sk\/mpm\/wp-content\/uploads\/2017\/10\/ikony-web-flat-zahranicne-odbory.svg","contentUrl":"https:\/\/www.math.sk\/mpm\/wp-content\/uploads\/2017\/10\/ikony-web-flat-zahranicne-odbory.svg"},{"@type":"BreadcrumbList","@id":"https:\/\/www.math.sk\/mpm\/zahranicie\/#breadcrumb","itemListElement":[{"@type":"ListItem","position":1,"name":"Home","item":"https:\/\/www.math.sk\/mpm\/"},{"@type":"ListItem","position":2,"name":"Zahrani\u010die"}]},{"@type":"WebSite","@id":"https:\/\/www.math.sk\/mpm\/#website","url":"https:\/\/www.math.sk\/mpm\/","name":"Matematicko-po\u010d\u00edta\u010dov\u00e9 modelovanie","description":"","publisher":{"@id":"https:\/\/www.math.sk\/mpm\/#organization"},"potentialAction":[{"@type":"SearchAction","target":{"@type":"EntryPoint","urlTemplate":"https:\/\/www.math.sk\/mpm\/?s={search_term_string}"},"query-input":{"@type":"PropertyValueSpecification","valueRequired":true,"valueName":"search_term_string"}}],"inLanguage":"sk-SK"},{"@type":"Organization","@id":"https:\/\/www.math.sk\/mpm\/#organization","name":"Matematicko-po\u010d\u00edta\u010dov\u00e9 modelovanie","url":"https:\/\/www.math.sk\/mpm\/","logo":{"@type":"ImageObject","inLanguage":"sk-SK","@id":"https:\/\/www.math.sk\/mpm\/#\/schema\/logo\/image\/","url":"https:\/\/www.math.sk\/mpm\/wp-content\/uploads\/2017\/10\/logo-mpm-blue.svg","contentUrl":"https:\/\/www.math.sk\/mpm\/wp-content\/uploads\/2017\/10\/logo-mpm-blue.svg","width":1,"height":1,"caption":"Matematicko-po\u010d\u00edta\u010dov\u00e9 modelovanie"},"image":{"@id":"https:\/\/www.math.sk\/mpm\/#\/schema\/logo\/image\/"},"sameAs":["https:\/\/www.facebook.com\/MatematickoPocitacoveModelovanie\/","https:\/\/www.youtube.com\/channel\/UCkpSEyHDKycm0-o3X_eurdA\/featured"]}]}},"_links":{"self":[{"href":"https:\/\/www.math.sk\/mpm\/wp-json\/wp\/v2\/pages\/63","targetHints":{"allow":["GET"]}}],"collection":[{"href":"https:\/\/www.math.sk\/mpm\/wp-json\/wp\/v2\/pages"}],"about":[{"href":"https:\/\/www.math.sk\/mpm\/wp-json\/wp\/v2\/types\/page"}],"author":[{"embeddable":true,"href":"https:\/\/www.math.sk\/mpm\/wp-json\/wp\/v2\/users\/2"}],"replies":[{"embeddable":true,"href":"https:\/\/www.math.sk\/mpm\/wp-json\/wp\/v2\/comments?post=63"}],"version-history":[{"count":43,"href":"https:\/\/www.math.sk\/mpm\/wp-json\/wp\/v2\/pages\/63\/revisions"}],"predecessor-version":[{"id":1119,"href":"https:\/\/www.math.sk\/mpm\/wp-json\/wp\/v2\/pages\/63\/revisions\/1119"}],"wp:attachment":[{"href":"https:\/\/www.math.sk\/mpm\/wp-json\/wp\/v2\/media?parent=63"}],"curies":[{"name":"wp","href":"https:\/\/api.w.org\/{rel}","templated":true}]}}