{"id":618,"date":"2017-10-29T15:58:42","date_gmt":"2017-10-29T13:58:42","guid":{"rendered":"http:\/\/www.math.sk\/mpmnew\/?page_id=618"},"modified":"2017-11-28T12:31:20","modified_gmt":"2017-11-28T10:31:20","slug":"zamestnavatelia","status":"publish","type":"page","link":"https:\/\/www.math.sk\/mpm\/zamestnavatelia\/","title":{"rendered":"Zamestn\u00e1vatelia"},"content":{"rendered":"<h1 align=\"\"><img decoding=\"async\" style=\"float: right; max-width: 100%; width: 200px;\" title=\"Podobn\u00e9 \u0161tudijn\u00e9 programy v zahrani\u010d\u00ed - Matematicko-po\u010d\u00edta\u010dov\u00e9 modelovanie\" src=\"https:\/\/www.math.sk\/mpm\/wp-content\/uploads\/2017\/10\/ikony-web-flat-prijimacky.svg\" alt=\"Zamestn\u00e1vatelia\" \/>Mo\u017enosti zamestnania pre na\u0161ich absolventov<\/h1>\n<p><i><b>Na\u0161i absolventi sa vo svete ur\u010dite nestratia. Vedomosti a sk\u00fasenosti, z\u00edskan\u00e9 po\u010das \u0161t\u00fadia, im sl\u00fa\u017eia ako odrazov\u00fd most\u00edk v \u010fal\u0161ej\u00a0kari\u00e9re. V\u0161etci\u00a0 \u00faspe\u0161n\u00ed absolventi sa po \u0161t\u00fadiu ihne\u010f zamestnali v odbore, na r\u00f4znorod\u00fdch program\u00e1torsk\u00fdch poz\u00edci\u00e1ch v IT sektore, alebo pokra\u010dovali v doktorandskom \u0161t\u00fadiu na slovensk\u00fdch a eur\u00f3pskych univerzit\u00e1ch. Vzh\u013eadom na interdisciplin\u00e1rnos\u0165 n\u00e1\u0161ho odboru, maj\u00fa \u0161irok\u00e9 mo\u017enosti, ako sa po \u0161t\u00fadiu uplatni\u0165. Tu je zoznam niektor\u00fdch firiem, v\u00fdskumn\u00fdch pracov\u00edsk a univerz\u00edt, v ktor\u00fdch na\u0161i absolventi pracuj\u00fa resp. \u010falej \u0161tuduj\u00fa.<\/b><\/i><\/p>\n<hr \/>\n<div class=\"home-container container page_container\">\n<div class=\"home-section-content section_testimonial_7\">\n<div class=\"row onetone-animated\" data-animationduration=\"0.9\" data-animationtype=\"zoomIn\">\n<div class=\"col-md-4\">\n<div style=\"text-align: center;\"><img decoding=\"async\" style=\"height: 150px; padding-bottom: 10px;\" src=\"https:\/\/www.math.sk\/mpm\/wp-content\/uploads\/2017\/10\/csm_Allplan_c70415f94e.png\" \/><br \/>\n<a href=\"https:\/\/www.allplan.com\/cz\/\" target=\"_blank\" rel=\"noopener\">ALL PLAN<\/a><\/div>\n<\/div>\n<div class=\"col-md-4\">\n<div style=\"text-align: center;\"><img decoding=\"async\" style=\"height: 150px; padding-bottom: 10px;\" src=\"https:\/\/www.math.sk\/mpm\/wp-content\/uploads\/2017\/10\/logo-bow-color-5000x.png\" \/><br \/>\n<a href=\"https:\/\/www.cfdsupport.com\/cz\/\" target=\"_blank\" rel=\"noopener\">CFD Support<\/a><\/div>\n<\/div>\n<div class=\"col-md-4\">\n<div style=\"text-align: center;\"><img decoding=\"async\" style=\"height: 150px; padding-bottom: 10px;\" src=\"https:\/\/www.math.sk\/mpm\/wp-content\/uploads\/2017\/10\/image02.png\" \/><br \/>\n<a href=\"https:\/\/www.iblsoft.com\/\" target=\"_blank\" rel=\"noopener\">IBL<\/a><\/div>\n<\/div>\n<div class=\"col-md-4\">\n<div style=\"text-align: center;\"><span style=\"    color: #2C62A4;font-size: 69px; font-style: italic;line-height: 150px;\">TatraMed<\/span><br \/>\n<a href=\"https:\/\/www.tatramed.sk\/\/\" target=\"_blank\" rel=\"noopener\">TatraMed<\/a><\/div>\n<\/div>\n<div class=\"col-md-4\">\n<div style=\"text-align: center;\"><img decoding=\"async\" style=\"height: 150px; padding-bottom: 10px;\" src=\"https:\/\/www.math.sk\/mpm\/wp-content\/uploads\/2017\/10\/WhirlpoolCorp-2017Logo_2C_B.png\" \/><br \/>\n<a href=\"http:\/\/www.whirlpoolcorp.com\/\" target=\"_blank\" rel=\"noopener\">Whirlpool<\/a><\/div>\n<\/div>\n<div class=\"col-md-4\">\n<div style=\"text-align: center;\"><img decoding=\"async\" style=\"height: 150px; padding-bottom: 10px;\" src=\"https:\/\/www.math.sk\/mpm\/wp-content\/uploads\/2017\/10\/PNGPIX-COM-IBM-Logo-PNG-Transparent.png\" \/><br \/>\n<a href=\"https:\/\/www.ibm.com\/sk-sk\/\" target=\"_blank\" rel=\"noopener\">IBM &#8211; Slovensko<\/a><\/div>\n<\/div>\n<div class=\"col-md-4\">\n<div style=\"text-align: center;\"><img decoding=\"async\" style=\"height: 150px; padding-bottom: 10px;\" src=\"https:\/\/www.math.sk\/mpm\/wp-content\/uploads\/2017\/10\/logo-inria_small.png\" \/><br \/>\n<a href=\"https:\/\/www.inria.fr\/\" target=\"_blank\" rel=\"noopener\">INRIA<\/a><\/div>\n<\/div>\n<div class=\"col-md-4\">\n<div style=\"text-align: center;\"><img decoding=\"async\" style=\"height: 150px; padding-bottom: 10px;\" src=\"https:\/\/www.math.sk\/mpm\/wp-content\/uploads\/2017\/10\/DLR_Logo.svg.png\" \/><br \/>\n<a href=\"http:\/\/www.dlr.de\/\" target=\"_blank\" rel=\"noopener\">DLR<\/a><\/div>\n<\/div>\n<div class=\"col-md-4\">\n<div style=\"text-align: center;\"><img decoding=\"async\" style=\"height: 150px; padding-bottom: 10px;\" src=\"https:\/\/www.math.sk\/mpm\/wp-content\/uploads\/2017\/10\/sav-slov.png\" \/><br \/>\n<a href=\"http:\/\/www.ui.sav.sk\/w\/\" target=\"_blank\" rel=\"noopener\">Slovensk\u00e1 akad\u00e9mia vied<\/a><\/div>\n<\/div>\n<div class=\"col-md-4\">\n<div style=\"text-align: center;\"><img decoding=\"async\" style=\"height: 150px; padding-bottom: 10px;\" src=\"https:\/\/www.math.sk\/mpm\/wp-content\/uploads\/2017\/10\/logo-unibo.png\" \/><br \/>\n<a href=\"http:\/\/www.unibo.it\/en\" target=\"_blank\" rel=\"noopener\">University of Bologna<\/a><\/div>\n<\/div>\n<div class=\"col-md-4\">\n<div style=\"text-align: center;\"><img decoding=\"async\" style=\"height: 150px; padding-bottom: 10px;\" src=\"https:\/\/www.math.sk\/mpm\/wp-content\/uploads\/2017\/10\/uitlogoenglish-1-300x186.png\" \/><br \/>\n<a href=\"https:\/\/en.uit.no\/startsida\" target=\"_blank\" rel=\"noopener\">UiT The Arctic University of Norway<\/a><\/div>\n<\/div>\n<div class=\"col-md-4\">\n<div style=\"text-align: center;\"><img decoding=\"async\" style=\"height: 150px; padding-bottom: 10px;\" src=\"https:\/\/www.math.sk\/mpm\/wp-content\/uploads\/2017\/10\/new_STU_CB-3.png\" \/><br \/>\n<a href=\"https:\/\/www.stuba.sk\/\" target=\"_blank\" rel=\"noopener\">Slovensk\u00e1 technick\u00e1 univerzita<\/a><\/div>\n<\/div>\n<div class=\"col-md-4\">\n<div style=\"text-align: center;\"><img decoding=\"async\" style=\"height: 150px; padding-bottom: 10px;\" src=\"https:\/\/www.math.sk\/mpm\/wp-content\/uploads\/2017\/10\/top_logo_softec2.png\" \/><br \/>\n<a href=\"https:\/\/www.softec.sk\/\" target=\"_blank\" rel=\"noopener\">Softec<\/a><\/div>\n<\/div>\n<div class=\"col-md-4\">\n<div style=\"text-align: center;\"><img decoding=\"async\" style=\"height: 150px; padding-bottom: 10px;\" src=\"https:\/\/www.math.sk\/mpm\/wp-content\/uploads\/2017\/10\/psx-87287-326043.png\" \/><br \/>\n<a href=\"https:\/\/portal.pixelfederation.com\/sk\/\" target=\"_blank\" rel=\"noopener\">Pixel Federation<\/a><\/div>\n<\/div>\n<div class=\"col-md-4\">\n<div style=\"text-align: center;\"><img decoding=\"async\" style=\"height: 150px; padding-bottom: 10px;\" src=\"https:\/\/www.math.sk\/mpm\/wp-content\/uploads\/2017\/10\/henkel-logo-png.png\" \/><br \/>\n<a href=\"https:\/\/www.henkel.sk\/\" target=\"_blank\" rel=\"noopener\">Henkel<\/a><\/div>\n<\/div>\n<div class=\"col-md-4\">\n<div style=\"text-align: center;\"><img decoding=\"async\" style=\"height: 150px; padding-bottom: 10px;\" src=\"https:\/\/www.math.sk\/mpm\/wp-content\/uploads\/2017\/10\/Msg-life-logo.svg.png\" \/><br \/>\n<a href=\"https:\/\/www.msg-life.com\/\" target=\"_blank\" rel=\"noopener\">MSG Life<\/a><\/div>\n<\/div>\n<div class=\"col-md-4\">\n<div style=\"text-align: center;\"><img decoding=\"async\" style=\"height: 150px; padding-bottom: 10px;\" src=\"https:\/\/www.math.sk\/mpm\/wp-content\/uploads\/2017\/10\/decent.png\" \/><br \/>\n<a href=\"https:\/\/decent.ch\/\" target=\"_blank\" rel=\"noopener\">DECENT<\/a><\/div>\n<\/div>\n<div class=\"col-md-4\">\n<div style=\"text-align: center;\"><img decoding=\"async\" style=\"height: 150px; padding-bottom: 10px;\" src=\"https:\/\/www.math.sk\/mpm\/wp-content\/uploads\/2017\/10\/79527a3458652f25a8916a7acb12cabb0936cc52f83dfc845f2d4e0193759cdfd7470953.png\" \/><br \/>\n<a href=\"https:\/\/itera.no\/sk-sk\/\" target=\"_blank\" rel=\"noopener\">Itera<\/a><\/div>\n<\/div>\n<div class=\"col-md-4\">\n<div style=\"text-align: center;\"><img decoding=\"async\" style=\"height: 150px; padding-bottom: 10px;\" src=\"https:\/\/www.math.sk\/mpm\/wp-content\/uploads\/2017\/10\/bnp-paribas-logo-wallpaper.png\" \/><br \/>\n<a href=\"http:\/\/www.bnpparibas.pt\/en\/\" target=\"_blank\" rel=\"noopener\">BNP PARIBAS<\/a><\/div>\n<\/div>\n<div class=\"col-md-4\">\n<div style=\"text-align: center;\"><img decoding=\"async\" style=\"height: 150px; padding-bottom: 10px;\" src=\"https:\/\/www.math.sk\/mpm\/wp-content\/uploads\/2017\/10\/Erste-Group-logo_transp-300x172.png\" \/><br \/>\n<a href=\"https:\/\/www.erstegroupit.com\/en\/home\" target=\"_blank\" rel=\"noopener\">ERSTE Group<\/a><\/div>\n<\/div>\n<div class=\"col-md-4\">\n<div style=\"text-align: center;\"><img decoding=\"async\" style=\"height: 150px; padding-bottom: 10px;\" src=\"https:\/\/www.math.sk\/mpm\/wp-content\/uploads\/2017\/10\/Accenture_small.png\" \/><br \/>\n<a href=\"https:\/\/www.accenture.com\/sk-en\" target=\"_blank\" rel=\"noopener\">Accenture<\/a><\/div>\n<\/div>\n<\/div>\n<\/div>\n<\/div>\n","protected":false},"excerpt":{"rendered":"<p>Mo\u017enosti zamestnania pre na\u0161ich absolventov Na\u0161i absolventi sa vo svete ur\u010dite nestratia. Vedomosti a sk\u00fasenosti, z\u00edskan\u00e9 po\u010das \u0161t\u00fadia, im sl\u00fa\u017eia ako odrazov\u00fd most\u00edk v \u010fal\u0161ej\u00a0kari\u00e9re. V\u0161etci\u00a0 \u00faspe\u0161n\u00ed absolventi sa po \u0161t\u00fadiu ihne\u010f zamestnali v odbore, na r\u00f4znorod\u00fdch program\u00e1torsk\u00fdch poz\u00edci\u00e1ch v IT sektore, alebo pokra\u010dovali v doktorandskom \u0161t\u00fadiu na slovensk\u00fdch a eur\u00f3pskych univerzit\u00e1ch. Vzh\u013eadom na interdisciplin\u00e1rnos\u0165 [&hellip;]<\/p>\n","protected":false},"author":1,"featured_media":0,"parent":0,"menu_order":0,"comment_status":"closed","ping_status":"closed","template":"","meta":{"inline_featured_image":false,"footnotes":""},"class_list":["post-618","page","type-page","status-publish","hentry"],"yoast_head":"<!-- This site is optimized with the Yoast SEO plugin v27.2 - https:\/\/yoast.com\/product\/yoast-seo-wordpress\/ -->\n<title>Matematicko-po\u010d\u00edta\u010dov\u00e9 modelovanie<\/title>\n<meta name=\"description\" content=\"Katedra matematiky a deskript\u00edvnej geometrie Stavebnej Fakulty Slovenskej Technickej Univerzity v Bratislave. St\u00e1le nevie\u0161, \u010do chce\u0161 v \u017eivote robi\u0165? \u0160tuduj aplikovan\u00fa matematiku, potom m\u00f4\u017ee\u0161 robi\u0165 v\u0161etko.\" \/>\n<meta name=\"robots\" content=\"index, follow, max-snippet:-1, max-image-preview:large, max-video-preview:-1\" \/>\n<link rel=\"canonical\" href=\"https:\/\/www.math.sk\/mpm\/zamestnavatelia\/\" \/>\n<meta property=\"og:locale\" content=\"sk_SK\" \/>\n<meta property=\"og:type\" content=\"article\" \/>\n<meta property=\"og:title\" content=\"Matematicko-po\u010d\u00edta\u010dov\u00e9 modelovanie\" \/>\n<meta property=\"og:description\" content=\"Katedra matematiky a deskript\u00edvnej geometrie Stavebnej Fakulty Slovenskej Technickej Univerzity v Bratislave. St\u00e1le nevie\u0161, \u010do chce\u0161 v \u017eivote robi\u0165? \u0160tuduj aplikovan\u00fa matematiku, potom m\u00f4\u017ee\u0161 robi\u0165 v\u0161etko.\" \/>\n<meta property=\"og:url\" content=\"https:\/\/www.math.sk\/mpm\/zamestnavatelia\/\" \/>\n<meta property=\"og:site_name\" content=\"Matematicko-po\u010d\u00edta\u010dov\u00e9 modelovanie\" \/>\n<meta property=\"article:publisher\" content=\"https:\/\/www.facebook.com\/MatematickoPocitacoveModelovanie\/\" \/>\n<meta property=\"article:modified_time\" content=\"2017-11-28T10:31:20+00:00\" \/>\n<meta property=\"og:image\" content=\"https:\/\/www.math.sk\/mpm\/wp-content\/uploads\/2017\/10\/ikony-web-flat-prijimacky.svg\" \/>\n<meta name=\"twitter:card\" content=\"summary_large_image\" \/>\n<meta name=\"twitter:label1\" content=\"Predpokladan\u00fd \u010das \u010d\u00edtania\" \/>\n\t<meta name=\"twitter:data1\" content=\"1 min\u00fata\" \/>\n<script type=\"application\/ld+json\" class=\"yoast-schema-graph\">{\"@context\":\"https:\/\/schema.org\",\"@graph\":[{\"@type\":\"WebPage\",\"@id\":\"https:\/\/www.math.sk\/mpm\/zamestnavatelia\/\",\"url\":\"https:\/\/www.math.sk\/mpm\/zamestnavatelia\/\",\"name\":\"Matematicko-po\u010d\u00edta\u010dov\u00e9 modelovanie\",\"isPartOf\":{\"@id\":\"https:\/\/www.math.sk\/mpm\/#website\"},\"primaryImageOfPage\":{\"@id\":\"https:\/\/www.math.sk\/mpm\/zamestnavatelia\/#primaryimage\"},\"image\":{\"@id\":\"https:\/\/www.math.sk\/mpm\/zamestnavatelia\/#primaryimage\"},\"thumbnailUrl\":\"https:\/\/www.math.sk\/mpm\/wp-content\/uploads\/2017\/10\/ikony-web-flat-prijimacky.svg\",\"datePublished\":\"2017-10-29T13:58:42+00:00\",\"dateModified\":\"2017-11-28T10:31:20+00:00\",\"description\":\"Katedra matematiky a deskript\u00edvnej geometrie Stavebnej Fakulty Slovenskej Technickej Univerzity v Bratislave. St\u00e1le nevie\u0161, \u010do chce\u0161 v \u017eivote robi\u0165? \u0160tuduj aplikovan\u00fa matematiku, potom m\u00f4\u017ee\u0161 robi\u0165 v\u0161etko.\",\"breadcrumb\":{\"@id\":\"https:\/\/www.math.sk\/mpm\/zamestnavatelia\/#breadcrumb\"},\"inLanguage\":\"sk-SK\",\"potentialAction\":[{\"@type\":\"ReadAction\",\"target\":[\"https:\/\/www.math.sk\/mpm\/zamestnavatelia\/\"]}]},{\"@type\":\"ImageObject\",\"inLanguage\":\"sk-SK\",\"@id\":\"https:\/\/www.math.sk\/mpm\/zamestnavatelia\/#primaryimage\",\"url\":\"https:\/\/www.math.sk\/mpm\/wp-content\/uploads\/2017\/10\/ikony-web-flat-prijimacky.svg\",\"contentUrl\":\"https:\/\/www.math.sk\/mpm\/wp-content\/uploads\/2017\/10\/ikony-web-flat-prijimacky.svg\"},{\"@type\":\"BreadcrumbList\",\"@id\":\"https:\/\/www.math.sk\/mpm\/zamestnavatelia\/#breadcrumb\",\"itemListElement\":[{\"@type\":\"ListItem\",\"position\":1,\"name\":\"Home\",\"item\":\"https:\/\/www.math.sk\/mpm\/\"},{\"@type\":\"ListItem\",\"position\":2,\"name\":\"Zamestn\u00e1vatelia\"}]},{\"@type\":\"WebSite\",\"@id\":\"https:\/\/www.math.sk\/mpm\/#website\",\"url\":\"https:\/\/www.math.sk\/mpm\/\",\"name\":\"Matematicko-po\u010d\u00edta\u010dov\u00e9 modelovanie\",\"description\":\"\",\"publisher\":{\"@id\":\"https:\/\/www.math.sk\/mpm\/#organization\"},\"potentialAction\":[{\"@type\":\"SearchAction\",\"target\":{\"@type\":\"EntryPoint\",\"urlTemplate\":\"https:\/\/www.math.sk\/mpm\/?s={search_term_string}\"},\"query-input\":{\"@type\":\"PropertyValueSpecification\",\"valueRequired\":true,\"valueName\":\"search_term_string\"}}],\"inLanguage\":\"sk-SK\"},{\"@type\":\"Organization\",\"@id\":\"https:\/\/www.math.sk\/mpm\/#organization\",\"name\":\"Matematicko-po\u010d\u00edta\u010dov\u00e9 modelovanie\",\"url\":\"https:\/\/www.math.sk\/mpm\/\",\"logo\":{\"@type\":\"ImageObject\",\"inLanguage\":\"sk-SK\",\"@id\":\"https:\/\/www.math.sk\/mpm\/#\/schema\/logo\/image\/\",\"url\":\"https:\/\/www.math.sk\/mpm\/wp-content\/uploads\/2017\/10\/logo-mpm-blue.svg\",\"contentUrl\":\"https:\/\/www.math.sk\/mpm\/wp-content\/uploads\/2017\/10\/logo-mpm-blue.svg\",\"width\":1,\"height\":1,\"caption\":\"Matematicko-po\u010d\u00edta\u010dov\u00e9 modelovanie\"},\"image\":{\"@id\":\"https:\/\/www.math.sk\/mpm\/#\/schema\/logo\/image\/\"},\"sameAs\":[\"https:\/\/www.facebook.com\/MatematickoPocitacoveModelovanie\/\",\"https:\/\/www.youtube.com\/channel\/UCkpSEyHDKycm0-o3X_eurdA\/featured\"]}]}<\/script>\n<!-- \/ Yoast SEO plugin. -->","yoast_head_json":{"title":"Matematicko-po\u010d\u00edta\u010dov\u00e9 modelovanie","description":"Katedra matematiky a deskript\u00edvnej geometrie Stavebnej Fakulty Slovenskej Technickej Univerzity v Bratislave. St\u00e1le nevie\u0161, \u010do chce\u0161 v \u017eivote robi\u0165? \u0160tuduj aplikovan\u00fa matematiku, potom m\u00f4\u017ee\u0161 robi\u0165 v\u0161etko.","robots":{"index":"index","follow":"follow","max-snippet":"max-snippet:-1","max-image-preview":"max-image-preview:large","max-video-preview":"max-video-preview:-1"},"canonical":"https:\/\/www.math.sk\/mpm\/zamestnavatelia\/","og_locale":"sk_SK","og_type":"article","og_title":"Matematicko-po\u010d\u00edta\u010dov\u00e9 modelovanie","og_description":"Katedra matematiky a deskript\u00edvnej geometrie Stavebnej Fakulty Slovenskej Technickej Univerzity v Bratislave. St\u00e1le nevie\u0161, \u010do chce\u0161 v \u017eivote robi\u0165? \u0160tuduj aplikovan\u00fa matematiku, potom m\u00f4\u017ee\u0161 robi\u0165 v\u0161etko.","og_url":"https:\/\/www.math.sk\/mpm\/zamestnavatelia\/","og_site_name":"Matematicko-po\u010d\u00edta\u010dov\u00e9 modelovanie","article_publisher":"https:\/\/www.facebook.com\/MatematickoPocitacoveModelovanie\/","article_modified_time":"2017-11-28T10:31:20+00:00","og_image":[{"url":"https:\/\/www.math.sk\/mpm\/wp-content\/uploads\/2017\/10\/ikony-web-flat-prijimacky.svg","type":"","width":"","height":""}],"twitter_card":"summary_large_image","twitter_misc":{"Predpokladan\u00fd \u010das \u010d\u00edtania":"1 min\u00fata"},"schema":{"@context":"https:\/\/schema.org","@graph":[{"@type":"WebPage","@id":"https:\/\/www.math.sk\/mpm\/zamestnavatelia\/","url":"https:\/\/www.math.sk\/mpm\/zamestnavatelia\/","name":"Matematicko-po\u010d\u00edta\u010dov\u00e9 modelovanie","isPartOf":{"@id":"https:\/\/www.math.sk\/mpm\/#website"},"primaryImageOfPage":{"@id":"https:\/\/www.math.sk\/mpm\/zamestnavatelia\/#primaryimage"},"image":{"@id":"https:\/\/www.math.sk\/mpm\/zamestnavatelia\/#primaryimage"},"thumbnailUrl":"https:\/\/www.math.sk\/mpm\/wp-content\/uploads\/2017\/10\/ikony-web-flat-prijimacky.svg","datePublished":"2017-10-29T13:58:42+00:00","dateModified":"2017-11-28T10:31:20+00:00","description":"Katedra matematiky a deskript\u00edvnej geometrie Stavebnej Fakulty Slovenskej Technickej Univerzity v Bratislave. St\u00e1le nevie\u0161, \u010do chce\u0161 v \u017eivote robi\u0165? \u0160tuduj aplikovan\u00fa matematiku, potom m\u00f4\u017ee\u0161 robi\u0165 v\u0161etko.","breadcrumb":{"@id":"https:\/\/www.math.sk\/mpm\/zamestnavatelia\/#breadcrumb"},"inLanguage":"sk-SK","potentialAction":[{"@type":"ReadAction","target":["https:\/\/www.math.sk\/mpm\/zamestnavatelia\/"]}]},{"@type":"ImageObject","inLanguage":"sk-SK","@id":"https:\/\/www.math.sk\/mpm\/zamestnavatelia\/#primaryimage","url":"https:\/\/www.math.sk\/mpm\/wp-content\/uploads\/2017\/10\/ikony-web-flat-prijimacky.svg","contentUrl":"https:\/\/www.math.sk\/mpm\/wp-content\/uploads\/2017\/10\/ikony-web-flat-prijimacky.svg"},{"@type":"BreadcrumbList","@id":"https:\/\/www.math.sk\/mpm\/zamestnavatelia\/#breadcrumb","itemListElement":[{"@type":"ListItem","position":1,"name":"Home","item":"https:\/\/www.math.sk\/mpm\/"},{"@type":"ListItem","position":2,"name":"Zamestn\u00e1vatelia"}]},{"@type":"WebSite","@id":"https:\/\/www.math.sk\/mpm\/#website","url":"https:\/\/www.math.sk\/mpm\/","name":"Matematicko-po\u010d\u00edta\u010dov\u00e9 modelovanie","description":"","publisher":{"@id":"https:\/\/www.math.sk\/mpm\/#organization"},"potentialAction":[{"@type":"SearchAction","target":{"@type":"EntryPoint","urlTemplate":"https:\/\/www.math.sk\/mpm\/?s={search_term_string}"},"query-input":{"@type":"PropertyValueSpecification","valueRequired":true,"valueName":"search_term_string"}}],"inLanguage":"sk-SK"},{"@type":"Organization","@id":"https:\/\/www.math.sk\/mpm\/#organization","name":"Matematicko-po\u010d\u00edta\u010dov\u00e9 modelovanie","url":"https:\/\/www.math.sk\/mpm\/","logo":{"@type":"ImageObject","inLanguage":"sk-SK","@id":"https:\/\/www.math.sk\/mpm\/#\/schema\/logo\/image\/","url":"https:\/\/www.math.sk\/mpm\/wp-content\/uploads\/2017\/10\/logo-mpm-blue.svg","contentUrl":"https:\/\/www.math.sk\/mpm\/wp-content\/uploads\/2017\/10\/logo-mpm-blue.svg","width":1,"height":1,"caption":"Matematicko-po\u010d\u00edta\u010dov\u00e9 modelovanie"},"image":{"@id":"https:\/\/www.math.sk\/mpm\/#\/schema\/logo\/image\/"},"sameAs":["https:\/\/www.facebook.com\/MatematickoPocitacoveModelovanie\/","https:\/\/www.youtube.com\/channel\/UCkpSEyHDKycm0-o3X_eurdA\/featured"]}]}},"_links":{"self":[{"href":"https:\/\/www.math.sk\/mpm\/wp-json\/wp\/v2\/pages\/618","targetHints":{"allow":["GET"]}}],"collection":[{"href":"https:\/\/www.math.sk\/mpm\/wp-json\/wp\/v2\/pages"}],"about":[{"href":"https:\/\/www.math.sk\/mpm\/wp-json\/wp\/v2\/types\/page"}],"author":[{"embeddable":true,"href":"https:\/\/www.math.sk\/mpm\/wp-json\/wp\/v2\/users\/1"}],"replies":[{"embeddable":true,"href":"https:\/\/www.math.sk\/mpm\/wp-json\/wp\/v2\/comments?post=618"}],"version-history":[{"count":38,"href":"https:\/\/www.math.sk\/mpm\/wp-json\/wp\/v2\/pages\/618\/revisions"}],"predecessor-version":[{"id":1118,"href":"https:\/\/www.math.sk\/mpm\/wp-json\/wp\/v2\/pages\/618\/revisions\/1118"}],"wp:attachment":[{"href":"https:\/\/www.math.sk\/mpm\/wp-json\/wp\/v2\/media?parent=618"}],"curies":[{"name":"wp","href":"https:\/\/api.w.org\/{rel}","templated":true}]}}