{"id":48,"date":"2017-10-14T10:56:10","date_gmt":"2017-10-14T08:56:10","guid":{"rendered":"http:\/\/www.math.sk\/mpmnew\/?page_id=48"},"modified":"2017-11-28T11:58:42","modified_gmt":"2017-11-28T09:58:42","slug":"vyuzivany-softver","status":"publish","type":"page","link":"https:\/\/www.math.sk\/mpm\/vyuzivany-softver\/","title":{"rendered":"Vyu\u017e\u00edvan\u00fd softv\u00e9r"},"content":{"rendered":"<h1 align=\"\"><img decoding=\"async\" style=\"float: right; max-width: 100%; width: 200px;\" title=\"Vyu\u017e\u00edvan\u00fd softv\u00e9r - Matematicko-po\u010d\u00edtao\u010dov\u00e9 modelovanie\" src=\"https:\/\/www.math.sk\/mpm\/wp-content\/uploads\/2017\/10\/ikony-web-flat-vyuzivany-softver.svg\" alt=\"Vyu\u017e\u00edvan\u00fd softv\u00e9r\" \/>Programovanie a softv\u00e9r<\/h1>\n<p style=\"padding-top: 20px;\"><em><b>Pri \u0161t\u00fadiu matematicko-po\u010d\u00edta\u010dov\u00e9ho modelovania z\u00edskate program\u00e1torsk\u00e9\u00a0zru\u010dnosti\u00a0vo viacer\u00fdch programovac\u00edch\u00a0jazykoch, ktor\u00e9 maj\u00fa \u0161irok\u00e9 mo\u017enosti vyu\u017eitia po \u00faspe\u0161nom ukon\u010den\u00ed \u0161t\u00fadia. Po\u010das \u0161t\u00fadia\u00a0prejdete od z\u00e1kladov programovania v jazyku C a\u017e po programovanie komplikovan\u00fdch aplik\u00e1ci\u00ed\u00a0v jazykoch C++ a C# s vyu\u017eit\u00edm kni\u017en\u00edc\u00a0.NET a Qt a stretnete sa taktie\u017e s jazykmi\u00a0Python \u010di R. Pri programovan\u00ed vyu\u017e\u00edvame\u00a0kni\u017enice OpenMP a MPI na paraleliz\u00e1ciu pam\u00e4\u0165ovo\u00a0a \u010dasovo n\u00e1ro\u010dn\u00fdch v\u00fdpo\u010dtov.<\/b><\/em><em><b>\u00a0Na\u0161i \u0161tudenti sa taktie\u017e obozn\u00e1mia s vyu\u017e\u00edvan\u00edm d\u00f4le\u017eit\u00fdch softv\u00e9rov\u00fdch n\u00e1strojov z r\u00f4znych oblast\u00ed aplikovanej matematiky.<\/b><\/em><\/p>\n<hr \/>\n<div class=\"home-container container page_container\">\n<div class=\"home-section-content section_testimonial_7\">\n<div class=\"row onetone-animated\" data-animationduration=\"0.9\" data-animationtype=\"zoomIn\">\n<div class=\"col-md-4\">\n<div style=\"text-align: center;\"><img decoding=\"async\" src=\"https:\/\/www.math.sk\/mpm\/wp-content\/uploads\/2017\/10\/logo-mathematica.jpg\" \/><br \/>\n<a href=\"http:\/\/www.wolfram.com\/products\/mathematica\/index.html\" target=\"_blank\" rel=\"noopener\">MATHEMATICA \u2013 The Way The World Calculates<\/a><\/div>\n<\/div>\n<div class=\"col-md-4\">\n<div style=\"text-align: center;\"><img decoding=\"async\" src=\"https:\/\/www.math.sk\/mpm\/wp-content\/uploads\/2017\/10\/logo-matlab.jpg\" \/><br \/>\n<a href=\"http:\/\/www.mathworks.com\/products\/matlab\/\" target=\"_blank\" rel=\"noopener\">MATLAB \u2013 The Language of Technical Computing<\/a><\/div>\n<\/div>\n<div class=\"col-md-4\">\n<div style=\"text-align: center;\"><img decoding=\"async\" src=\"https:\/\/www.math.sk\/mpm\/wp-content\/uploads\/2017\/10\/logo-ansys.jpg\" \/><br \/>\n<a href=\"http:\/\/www.ansys.com\/\" target=\"_blank\" rel=\"noopener\">ANSYS \u2013 A System for Engineering Finite Element Analysis<\/a><\/div>\n<\/div>\n<div class=\"col-md-4\">\n<div style=\"text-align: center;\"><img decoding=\"async\" style=\"height: 150px;\" src=\"https:\/\/www.math.sk\/mpm\/wp-content\/uploads\/2017\/10\/thumbnail.png\" \/><br \/>\n<a href=\"https:\/\/www.visualstudio.com\/\" target=\"_blank\" rel=\"noopener\">Visual Studio \u2013 Integrated development environment from Microsoft.<\/a><\/div>\n<\/div>\n<div class=\"col-md-4\">\n<div style=\"text-align: center;\"><img decoding=\"async\" style=\"height: 150px;\" src=\"https:\/\/www.math.sk\/mpm\/wp-content\/uploads\/2017\/10\/Qt_logostrap_CMYK-1024x511.png\" \/><br \/>\n<a href=\"https:\/\/www.qt.io\/\" target=\"_blank\" rel=\"noopener\">QT \u2013 Cross-platform software development for embedded &amp; desktop<\/a><\/div>\n<\/div>\n<div class=\"col-md-4\">\n<div style=\"text-align: center;\"><img decoding=\"async\" style=\"height: 150px;\" src=\"https:\/\/www.math.sk\/mpm\/wp-content\/uploads\/2017\/10\/R_logo.svg.png\" \/><br \/>\n<a href=\"https:\/\/www.r-project.org\/\" target=\"_blank\" rel=\"noopener\">R \u2013 Software environment for statistical computing and graphics.<\/a><\/div>\n<\/div>\n<div class=\"col-md-4\">\n<div style=\"text-align: center;\"><img decoding=\"async\" src=\"https:\/\/www.math.sk\/mpm\/wp-content\/uploads\/2017\/10\/logo-autocad.jpg\" \/><br \/>\n<a href=\"https:\/\/www.autodesk.com\/\" target=\"_blank\" rel=\"noopener\">AUTOCAD \u2013 A System for Engineering Geometrical Modelling<\/a><\/div>\n<\/div>\n<div class=\"col-md-4\">\n<div style=\"text-align: center;\"><img decoding=\"async\" src=\"https:\/\/www.math.sk\/mpm\/wp-content\/uploads\/2017\/10\/logo-vtk.jpg\" \/><br \/>\n<a href=\"https:\/\/www.vtk.org\/\" target=\"_blank\" rel=\"noopener\">VTK \u2013 The Visualization Toolkit<\/a><\/div>\n<\/div>\n<div class=\"col-md-4\">\n<div style=\"text-align: center;\"><img decoding=\"async\" src=\"https:\/\/www.math.sk\/mpm\/wp-content\/uploads\/2017\/10\/logo-paraview.jpg\" \/><br \/>\n<a href=\"https:\/\/www.paraview.org\/\" target=\"_blank\" rel=\"noopener\">ParaView \u2013 Parallel Visualization Application<\/a><\/div>\n<\/div>\n<\/div>\n<\/div>\n<\/div>\n","protected":false},"excerpt":{"rendered":"<p>Programovanie a softv\u00e9r Pri \u0161t\u00fadiu matematicko-po\u010d\u00edta\u010dov\u00e9ho modelovania z\u00edskate program\u00e1torsk\u00e9\u00a0zru\u010dnosti\u00a0vo viacer\u00fdch programovac\u00edch\u00a0jazykoch, ktor\u00e9 maj\u00fa \u0161irok\u00e9 mo\u017enosti vyu\u017eitia po \u00faspe\u0161nom ukon\u010den\u00ed \u0161t\u00fadia. Po\u010das \u0161t\u00fadia\u00a0prejdete od z\u00e1kladov programovania v jazyku C a\u017e po programovanie komplikovan\u00fdch aplik\u00e1ci\u00ed\u00a0v jazykoch C++ a C# s vyu\u017eit\u00edm kni\u017en\u00edc\u00a0.NET a Qt a stretnete sa taktie\u017e s jazykmi\u00a0Python \u010di R. Pri programovan\u00ed vyu\u017e\u00edvame\u00a0kni\u017enice OpenMP a [&hellip;]<\/p>\n","protected":false},"author":2,"featured_media":0,"parent":0,"menu_order":0,"comment_status":"closed","ping_status":"closed","template":"","meta":{"inline_featured_image":false,"footnotes":""},"class_list":["post-48","page","type-page","status-publish","hentry"],"yoast_head":"<!-- This site is optimized with the Yoast SEO plugin v27.2 - https:\/\/yoast.com\/product\/yoast-seo-wordpress\/ -->\n<title>Matematicko-po\u010d\u00edta\u010dov\u00e9 modelovanie<\/title>\n<meta name=\"description\" content=\"Katedra matematiky a deskript\u00edvnej geometrie Stavebnej Fakulty Slovenskej Technickej Univerzity v Bratislave. St\u00e1le nevie\u0161, \u010do chce\u0161 v \u017eivote robi\u0165? \u0160tuduj aplikovan\u00fa matematiku, potom m\u00f4\u017ee\u0161 robi\u0165 v\u0161etko.\" \/>\n<meta name=\"robots\" content=\"index, follow, max-snippet:-1, max-image-preview:large, max-video-preview:-1\" \/>\n<link rel=\"canonical\" href=\"https:\/\/www.math.sk\/mpm\/vyuzivany-softver\/\" \/>\n<meta property=\"og:locale\" content=\"sk_SK\" \/>\n<meta property=\"og:type\" content=\"article\" \/>\n<meta property=\"og:title\" content=\"Matematicko-po\u010d\u00edta\u010dov\u00e9 modelovanie\" \/>\n<meta property=\"og:description\" content=\"Katedra matematiky a deskript\u00edvnej geometrie Stavebnej Fakulty Slovenskej Technickej Univerzity v Bratislave. St\u00e1le nevie\u0161, \u010do chce\u0161 v \u017eivote robi\u0165? \u0160tuduj aplikovan\u00fa matematiku, potom m\u00f4\u017ee\u0161 robi\u0165 v\u0161etko.\" \/>\n<meta property=\"og:url\" content=\"https:\/\/www.math.sk\/mpm\/vyuzivany-softver\/\" \/>\n<meta property=\"og:site_name\" content=\"Matematicko-po\u010d\u00edta\u010dov\u00e9 modelovanie\" \/>\n<meta property=\"article:publisher\" content=\"https:\/\/www.facebook.com\/MatematickoPocitacoveModelovanie\/\" \/>\n<meta property=\"article:modified_time\" content=\"2017-11-28T09:58:42+00:00\" \/>\n<meta property=\"og:image\" content=\"https:\/\/www.math.sk\/mpm\/wp-content\/uploads\/2017\/10\/ikony-web-flat-vyuzivany-softver.svg\" \/>\n<meta name=\"twitter:card\" content=\"summary_large_image\" \/>\n<meta name=\"twitter:label1\" content=\"Predpokladan\u00fd \u010das \u010d\u00edtania\" \/>\n\t<meta name=\"twitter:data1\" content=\"1 min\u00fata\" \/>\n<script type=\"application\/ld+json\" class=\"yoast-schema-graph\">{\"@context\":\"https:\/\/schema.org\",\"@graph\":[{\"@type\":\"WebPage\",\"@id\":\"https:\/\/www.math.sk\/mpm\/vyuzivany-softver\/\",\"url\":\"https:\/\/www.math.sk\/mpm\/vyuzivany-softver\/\",\"name\":\"Matematicko-po\u010d\u00edta\u010dov\u00e9 modelovanie\",\"isPartOf\":{\"@id\":\"https:\/\/www.math.sk\/mpm\/#website\"},\"primaryImageOfPage\":{\"@id\":\"https:\/\/www.math.sk\/mpm\/vyuzivany-softver\/#primaryimage\"},\"image\":{\"@id\":\"https:\/\/www.math.sk\/mpm\/vyuzivany-softver\/#primaryimage\"},\"thumbnailUrl\":\"https:\/\/www.math.sk\/mpm\/wp-content\/uploads\/2017\/10\/ikony-web-flat-vyuzivany-softver.svg\",\"datePublished\":\"2017-10-14T08:56:10+00:00\",\"dateModified\":\"2017-11-28T09:58:42+00:00\",\"description\":\"Katedra matematiky a deskript\u00edvnej geometrie Stavebnej Fakulty Slovenskej Technickej Univerzity v Bratislave. St\u00e1le nevie\u0161, \u010do chce\u0161 v \u017eivote robi\u0165? \u0160tuduj aplikovan\u00fa matematiku, potom m\u00f4\u017ee\u0161 robi\u0165 v\u0161etko.\",\"breadcrumb\":{\"@id\":\"https:\/\/www.math.sk\/mpm\/vyuzivany-softver\/#breadcrumb\"},\"inLanguage\":\"sk-SK\",\"potentialAction\":[{\"@type\":\"ReadAction\",\"target\":[\"https:\/\/www.math.sk\/mpm\/vyuzivany-softver\/\"]}]},{\"@type\":\"ImageObject\",\"inLanguage\":\"sk-SK\",\"@id\":\"https:\/\/www.math.sk\/mpm\/vyuzivany-softver\/#primaryimage\",\"url\":\"https:\/\/www.math.sk\/mpm\/wp-content\/uploads\/2017\/10\/ikony-web-flat-vyuzivany-softver.svg\",\"contentUrl\":\"https:\/\/www.math.sk\/mpm\/wp-content\/uploads\/2017\/10\/ikony-web-flat-vyuzivany-softver.svg\"},{\"@type\":\"BreadcrumbList\",\"@id\":\"https:\/\/www.math.sk\/mpm\/vyuzivany-softver\/#breadcrumb\",\"itemListElement\":[{\"@type\":\"ListItem\",\"position\":1,\"name\":\"Home\",\"item\":\"https:\/\/www.math.sk\/mpm\/\"},{\"@type\":\"ListItem\",\"position\":2,\"name\":\"Vyu\u017e\u00edvan\u00fd softv\u00e9r\"}]},{\"@type\":\"WebSite\",\"@id\":\"https:\/\/www.math.sk\/mpm\/#website\",\"url\":\"https:\/\/www.math.sk\/mpm\/\",\"name\":\"Matematicko-po\u010d\u00edta\u010dov\u00e9 modelovanie\",\"description\":\"\",\"publisher\":{\"@id\":\"https:\/\/www.math.sk\/mpm\/#organization\"},\"potentialAction\":[{\"@type\":\"SearchAction\",\"target\":{\"@type\":\"EntryPoint\",\"urlTemplate\":\"https:\/\/www.math.sk\/mpm\/?s={search_term_string}\"},\"query-input\":{\"@type\":\"PropertyValueSpecification\",\"valueRequired\":true,\"valueName\":\"search_term_string\"}}],\"inLanguage\":\"sk-SK\"},{\"@type\":\"Organization\",\"@id\":\"https:\/\/www.math.sk\/mpm\/#organization\",\"name\":\"Matematicko-po\u010d\u00edta\u010dov\u00e9 modelovanie\",\"url\":\"https:\/\/www.math.sk\/mpm\/\",\"logo\":{\"@type\":\"ImageObject\",\"inLanguage\":\"sk-SK\",\"@id\":\"https:\/\/www.math.sk\/mpm\/#\/schema\/logo\/image\/\",\"url\":\"https:\/\/www.math.sk\/mpm\/wp-content\/uploads\/2017\/10\/logo-mpm-blue.svg\",\"contentUrl\":\"https:\/\/www.math.sk\/mpm\/wp-content\/uploads\/2017\/10\/logo-mpm-blue.svg\",\"width\":1,\"height\":1,\"caption\":\"Matematicko-po\u010d\u00edta\u010dov\u00e9 modelovanie\"},\"image\":{\"@id\":\"https:\/\/www.math.sk\/mpm\/#\/schema\/logo\/image\/\"},\"sameAs\":[\"https:\/\/www.facebook.com\/MatematickoPocitacoveModelovanie\/\",\"https:\/\/www.youtube.com\/channel\/UCkpSEyHDKycm0-o3X_eurdA\/featured\"]}]}<\/script>\n<!-- \/ Yoast SEO plugin. -->","yoast_head_json":{"title":"Matematicko-po\u010d\u00edta\u010dov\u00e9 modelovanie","description":"Katedra matematiky a deskript\u00edvnej geometrie Stavebnej Fakulty Slovenskej Technickej Univerzity v Bratislave. St\u00e1le nevie\u0161, \u010do chce\u0161 v \u017eivote robi\u0165? \u0160tuduj aplikovan\u00fa matematiku, potom m\u00f4\u017ee\u0161 robi\u0165 v\u0161etko.","robots":{"index":"index","follow":"follow","max-snippet":"max-snippet:-1","max-image-preview":"max-image-preview:large","max-video-preview":"max-video-preview:-1"},"canonical":"https:\/\/www.math.sk\/mpm\/vyuzivany-softver\/","og_locale":"sk_SK","og_type":"article","og_title":"Matematicko-po\u010d\u00edta\u010dov\u00e9 modelovanie","og_description":"Katedra matematiky a deskript\u00edvnej geometrie Stavebnej Fakulty Slovenskej Technickej Univerzity v Bratislave. St\u00e1le nevie\u0161, \u010do chce\u0161 v \u017eivote robi\u0165? \u0160tuduj aplikovan\u00fa matematiku, potom m\u00f4\u017ee\u0161 robi\u0165 v\u0161etko.","og_url":"https:\/\/www.math.sk\/mpm\/vyuzivany-softver\/","og_site_name":"Matematicko-po\u010d\u00edta\u010dov\u00e9 modelovanie","article_publisher":"https:\/\/www.facebook.com\/MatematickoPocitacoveModelovanie\/","article_modified_time":"2017-11-28T09:58:42+00:00","og_image":[{"url":"https:\/\/www.math.sk\/mpm\/wp-content\/uploads\/2017\/10\/ikony-web-flat-vyuzivany-softver.svg","type":"","width":"","height":""}],"twitter_card":"summary_large_image","twitter_misc":{"Predpokladan\u00fd \u010das \u010d\u00edtania":"1 min\u00fata"},"schema":{"@context":"https:\/\/schema.org","@graph":[{"@type":"WebPage","@id":"https:\/\/www.math.sk\/mpm\/vyuzivany-softver\/","url":"https:\/\/www.math.sk\/mpm\/vyuzivany-softver\/","name":"Matematicko-po\u010d\u00edta\u010dov\u00e9 modelovanie","isPartOf":{"@id":"https:\/\/www.math.sk\/mpm\/#website"},"primaryImageOfPage":{"@id":"https:\/\/www.math.sk\/mpm\/vyuzivany-softver\/#primaryimage"},"image":{"@id":"https:\/\/www.math.sk\/mpm\/vyuzivany-softver\/#primaryimage"},"thumbnailUrl":"https:\/\/www.math.sk\/mpm\/wp-content\/uploads\/2017\/10\/ikony-web-flat-vyuzivany-softver.svg","datePublished":"2017-10-14T08:56:10+00:00","dateModified":"2017-11-28T09:58:42+00:00","description":"Katedra matematiky a deskript\u00edvnej geometrie Stavebnej Fakulty Slovenskej Technickej Univerzity v Bratislave. St\u00e1le nevie\u0161, \u010do chce\u0161 v \u017eivote robi\u0165? \u0160tuduj aplikovan\u00fa matematiku, potom m\u00f4\u017ee\u0161 robi\u0165 v\u0161etko.","breadcrumb":{"@id":"https:\/\/www.math.sk\/mpm\/vyuzivany-softver\/#breadcrumb"},"inLanguage":"sk-SK","potentialAction":[{"@type":"ReadAction","target":["https:\/\/www.math.sk\/mpm\/vyuzivany-softver\/"]}]},{"@type":"ImageObject","inLanguage":"sk-SK","@id":"https:\/\/www.math.sk\/mpm\/vyuzivany-softver\/#primaryimage","url":"https:\/\/www.math.sk\/mpm\/wp-content\/uploads\/2017\/10\/ikony-web-flat-vyuzivany-softver.svg","contentUrl":"https:\/\/www.math.sk\/mpm\/wp-content\/uploads\/2017\/10\/ikony-web-flat-vyuzivany-softver.svg"},{"@type":"BreadcrumbList","@id":"https:\/\/www.math.sk\/mpm\/vyuzivany-softver\/#breadcrumb","itemListElement":[{"@type":"ListItem","position":1,"name":"Home","item":"https:\/\/www.math.sk\/mpm\/"},{"@type":"ListItem","position":2,"name":"Vyu\u017e\u00edvan\u00fd softv\u00e9r"}]},{"@type":"WebSite","@id":"https:\/\/www.math.sk\/mpm\/#website","url":"https:\/\/www.math.sk\/mpm\/","name":"Matematicko-po\u010d\u00edta\u010dov\u00e9 modelovanie","description":"","publisher":{"@id":"https:\/\/www.math.sk\/mpm\/#organization"},"potentialAction":[{"@type":"SearchAction","target":{"@type":"EntryPoint","urlTemplate":"https:\/\/www.math.sk\/mpm\/?s={search_term_string}"},"query-input":{"@type":"PropertyValueSpecification","valueRequired":true,"valueName":"search_term_string"}}],"inLanguage":"sk-SK"},{"@type":"Organization","@id":"https:\/\/www.math.sk\/mpm\/#organization","name":"Matematicko-po\u010d\u00edta\u010dov\u00e9 modelovanie","url":"https:\/\/www.math.sk\/mpm\/","logo":{"@type":"ImageObject","inLanguage":"sk-SK","@id":"https:\/\/www.math.sk\/mpm\/#\/schema\/logo\/image\/","url":"https:\/\/www.math.sk\/mpm\/wp-content\/uploads\/2017\/10\/logo-mpm-blue.svg","contentUrl":"https:\/\/www.math.sk\/mpm\/wp-content\/uploads\/2017\/10\/logo-mpm-blue.svg","width":1,"height":1,"caption":"Matematicko-po\u010d\u00edta\u010dov\u00e9 modelovanie"},"image":{"@id":"https:\/\/www.math.sk\/mpm\/#\/schema\/logo\/image\/"},"sameAs":["https:\/\/www.facebook.com\/MatematickoPocitacoveModelovanie\/","https:\/\/www.youtube.com\/channel\/UCkpSEyHDKycm0-o3X_eurdA\/featured"]}]}},"_links":{"self":[{"href":"https:\/\/www.math.sk\/mpm\/wp-json\/wp\/v2\/pages\/48","targetHints":{"allow":["GET"]}}],"collection":[{"href":"https:\/\/www.math.sk\/mpm\/wp-json\/wp\/v2\/pages"}],"about":[{"href":"https:\/\/www.math.sk\/mpm\/wp-json\/wp\/v2\/types\/page"}],"author":[{"embeddable":true,"href":"https:\/\/www.math.sk\/mpm\/wp-json\/wp\/v2\/users\/2"}],"replies":[{"embeddable":true,"href":"https:\/\/www.math.sk\/mpm\/wp-json\/wp\/v2\/comments?post=48"}],"version-history":[{"count":35,"href":"https:\/\/www.math.sk\/mpm\/wp-json\/wp\/v2\/pages\/48\/revisions"}],"predecessor-version":[{"id":1117,"href":"https:\/\/www.math.sk\/mpm\/wp-json\/wp\/v2\/pages\/48\/revisions\/1117"}],"wp:attachment":[{"href":"https:\/\/www.math.sk\/mpm\/wp-json\/wp\/v2\/media?parent=48"}],"curies":[{"name":"wp","href":"https:\/\/api.w.org\/{rel}","templated":true}]}}