{"id":1623,"date":"2022-02-15T16:36:31","date_gmt":"2022-02-15T14:36:31","guid":{"rendered":"https:\/\/www.math.sk\/mpm\/?page_id=1623"},"modified":"2023-07-12T13:11:30","modified_gmt":"2023-07-12T11:11:30","slug":"sablona-pre-zaverecnu-pracu-mpm","status":"publish","type":"page","link":"https:\/\/www.math.sk\/mpm\/sablona-pre-zaverecnu-pracu-mpm\/","title":{"rendered":"\u0160abl\u00f3na pre z\u00e1vere\u010dn\u00fa pr\u00e1cu MPM"},"content":{"rendered":"\n<p><\/p>\n\n\n<h1>\u0160abl\u00f3na pre z\u00e1vere\u010dn\u00fa pr\u00e1cu MPM<\/h1>\n<p>\u0160abl\u00f3nu, ktorej autorom je n\u00e1\u0161 kolega Luk\u00e1\u0161 Tomek, n\u00e1jdete tu na jeho <a href=\"https:\/\/github.com\/LukasTomekMath\/ZaverecnaPracaMPM\">GitHub-e<\/a>.<\/p>\n<p>Stiahnete ju klikom na zelen\u00e9 tla\u010didlo Code&gt;Download ZIP. N\u00e1jdete tam SK aj EN verziu. Taktie\u017e je tam aj \u0161abl\u00f3na pre poster a \u0160VK pr\u00e1cu. \u0160abl\u00f3na je priebe\u017ene aktualizovan\u00e1, tak\u017ee ke\u010f za\u010d\u00ednate p\u00edsa\u0165 nov\u00fa pr\u00e1cu, stiahnite si aktu\u00e1lnu verziu.<\/p>\n<p>V \u0161abl\u00f3ne je uveden\u00fdch nieko\u013eko z\u00e1kladn\u00fdch tipov pre p\u00edsanie matematickej z\u00e1vere\u010dnej pr\u00e1ce v LaTeX-u. Ke\u010f budete pri p\u00edsan\u00ed nie\u010do potrebova\u0165, m\u00f4\u017eete si to zo \u0161abl\u00f3ny skop\u00edrova\u0165 a upravi\u0165. \u00dalohou \u0161abl\u00f3ny ale nie je by\u0165 pr\u00edru\u010dkou k LaTeX-u. Na internete ich n\u00e1jdete kopec, v\u00fdborn\u00e1 je napr\u00edklad <a href=\"https:\/\/www.overleaf.com\/learn\">t\u00e1to pr\u00edru\u010dka na str\u00e1nke Overleaf-u<\/a> alebo t\u00e1to na <a href=\"https:\/\/en.wikibooks.org\/wiki\/LaTeX\">wikibooks<\/a>. Pri p\u00edsan\u00ed ur\u010dite pom\u00f4\u017eu aj r\u00f4zne f\u00f3ra, napr\u00edklad <a href=\"https:\/\/tex.stackexchange.com\/\">https:\/\/tex.stackexchange.com\/<\/a>.<\/p>\n<p>\u00a0<\/p>","protected":false},"excerpt":{"rendered":"<p>\u0160abl\u00f3na pre z\u00e1vere\u010dn\u00fa pr\u00e1cu MPM \u0160abl\u00f3nu, ktorej autorom je n\u00e1\u0161 kolega Luk\u00e1\u0161 Tomek, n\u00e1jdete tu na jeho GitHub-e. Stiahnete ju klikom na zelen\u00e9 tla\u010didlo Code&gt;Download ZIP. N\u00e1jdete tam SK aj EN verziu. Taktie\u017e je tam aj \u0161abl\u00f3na pre poster a \u0160VK pr\u00e1cu. \u0160abl\u00f3na je priebe\u017ene aktualizovan\u00e1, tak\u017ee ke\u010f za\u010d\u00ednate p\u00edsa\u0165 nov\u00fa pr\u00e1cu, stiahnite si aktu\u00e1lnu [&hellip;]<\/p>\n","protected":false},"author":1,"featured_media":0,"parent":0,"menu_order":0,"comment_status":"closed","ping_status":"closed","template":"","meta":{"inline_featured_image":false,"footnotes":""},"class_list":["post-1623","page","type-page","status-publish","hentry"],"yoast_head":"<!-- This site is optimized with the Yoast SEO plugin v27.2 - https:\/\/yoast.com\/product\/yoast-seo-wordpress\/ -->\n<title>Matematicko-po\u010d\u00edta\u010dov\u00e9 modelovanie<\/title>\n<meta name=\"description\" content=\"Katedra matematiky a deskript\u00edvnej geometrie Stavebnej Fakulty Slovenskej Technickej Univerzity v Bratislave. St\u00e1le nevie\u0161, \u010do chce\u0161 v \u017eivote robi\u0165? \u0160tuduj aplikovan\u00fa matematiku, potom m\u00f4\u017ee\u0161 robi\u0165 v\u0161etko.\" \/>\n<meta name=\"robots\" content=\"index, follow, max-snippet:-1, max-image-preview:large, max-video-preview:-1\" \/>\n<link rel=\"canonical\" href=\"https:\/\/www.math.sk\/mpm\/sablona-pre-zaverecnu-pracu-mpm\/\" \/>\n<meta property=\"og:locale\" content=\"sk_SK\" \/>\n<meta property=\"og:type\" content=\"article\" \/>\n<meta property=\"og:title\" content=\"Matematicko-po\u010d\u00edta\u010dov\u00e9 modelovanie\" \/>\n<meta property=\"og:description\" content=\"Katedra matematiky a deskript\u00edvnej geometrie Stavebnej Fakulty Slovenskej Technickej Univerzity v Bratislave. St\u00e1le nevie\u0161, \u010do chce\u0161 v \u017eivote robi\u0165? \u0160tuduj aplikovan\u00fa matematiku, potom m\u00f4\u017ee\u0161 robi\u0165 v\u0161etko.\" \/>\n<meta property=\"og:url\" content=\"https:\/\/www.math.sk\/mpm\/sablona-pre-zaverecnu-pracu-mpm\/\" \/>\n<meta property=\"og:site_name\" content=\"Matematicko-po\u010d\u00edta\u010dov\u00e9 modelovanie\" \/>\n<meta property=\"article:publisher\" content=\"https:\/\/www.facebook.com\/MatematickoPocitacoveModelovanie\/\" \/>\n<meta property=\"article:modified_time\" content=\"2023-07-12T11:11:30+00:00\" \/>\n<meta name=\"twitter:card\" content=\"summary_large_image\" \/>\n<meta name=\"twitter:label1\" content=\"Predpokladan\u00fd \u010das \u010d\u00edtania\" \/>\n\t<meta name=\"twitter:data1\" content=\"1 min\u00fata\" \/>\n<script type=\"application\/ld+json\" class=\"yoast-schema-graph\">{\"@context\":\"https:\/\/schema.org\",\"@graph\":[{\"@type\":\"WebPage\",\"@id\":\"https:\/\/www.math.sk\/mpm\/sablona-pre-zaverecnu-pracu-mpm\/\",\"url\":\"https:\/\/www.math.sk\/mpm\/sablona-pre-zaverecnu-pracu-mpm\/\",\"name\":\"Matematicko-po\u010d\u00edta\u010dov\u00e9 modelovanie\",\"isPartOf\":{\"@id\":\"https:\/\/www.math.sk\/mpm\/#website\"},\"datePublished\":\"2022-02-15T14:36:31+00:00\",\"dateModified\":\"2023-07-12T11:11:30+00:00\",\"description\":\"Katedra matematiky a deskript\u00edvnej geometrie Stavebnej Fakulty Slovenskej Technickej Univerzity v Bratislave. St\u00e1le nevie\u0161, \u010do chce\u0161 v \u017eivote robi\u0165? \u0160tuduj aplikovan\u00fa matematiku, potom m\u00f4\u017ee\u0161 robi\u0165 v\u0161etko.\",\"breadcrumb\":{\"@id\":\"https:\/\/www.math.sk\/mpm\/sablona-pre-zaverecnu-pracu-mpm\/#breadcrumb\"},\"inLanguage\":\"sk-SK\",\"potentialAction\":[{\"@type\":\"ReadAction\",\"target\":[\"https:\/\/www.math.sk\/mpm\/sablona-pre-zaverecnu-pracu-mpm\/\"]}]},{\"@type\":\"BreadcrumbList\",\"@id\":\"https:\/\/www.math.sk\/mpm\/sablona-pre-zaverecnu-pracu-mpm\/#breadcrumb\",\"itemListElement\":[{\"@type\":\"ListItem\",\"position\":1,\"name\":\"Home\",\"item\":\"https:\/\/www.math.sk\/mpm\/\"},{\"@type\":\"ListItem\",\"position\":2,\"name\":\"\u0160abl\u00f3na pre z\u00e1vere\u010dn\u00fa pr\u00e1cu MPM\"}]},{\"@type\":\"WebSite\",\"@id\":\"https:\/\/www.math.sk\/mpm\/#website\",\"url\":\"https:\/\/www.math.sk\/mpm\/\",\"name\":\"Matematicko-po\u010d\u00edta\u010dov\u00e9 modelovanie\",\"description\":\"\",\"publisher\":{\"@id\":\"https:\/\/www.math.sk\/mpm\/#organization\"},\"potentialAction\":[{\"@type\":\"SearchAction\",\"target\":{\"@type\":\"EntryPoint\",\"urlTemplate\":\"https:\/\/www.math.sk\/mpm\/?s={search_term_string}\"},\"query-input\":{\"@type\":\"PropertyValueSpecification\",\"valueRequired\":true,\"valueName\":\"search_term_string\"}}],\"inLanguage\":\"sk-SK\"},{\"@type\":\"Organization\",\"@id\":\"https:\/\/www.math.sk\/mpm\/#organization\",\"name\":\"Matematicko-po\u010d\u00edta\u010dov\u00e9 modelovanie\",\"url\":\"https:\/\/www.math.sk\/mpm\/\",\"logo\":{\"@type\":\"ImageObject\",\"inLanguage\":\"sk-SK\",\"@id\":\"https:\/\/www.math.sk\/mpm\/#\/schema\/logo\/image\/\",\"url\":\"https:\/\/www.math.sk\/mpm\/wp-content\/uploads\/2017\/10\/logo-mpm-blue.svg\",\"contentUrl\":\"https:\/\/www.math.sk\/mpm\/wp-content\/uploads\/2017\/10\/logo-mpm-blue.svg\",\"width\":1,\"height\":1,\"caption\":\"Matematicko-po\u010d\u00edta\u010dov\u00e9 modelovanie\"},\"image\":{\"@id\":\"https:\/\/www.math.sk\/mpm\/#\/schema\/logo\/image\/\"},\"sameAs\":[\"https:\/\/www.facebook.com\/MatematickoPocitacoveModelovanie\/\",\"https:\/\/www.youtube.com\/channel\/UCkpSEyHDKycm0-o3X_eurdA\/featured\"]}]}<\/script>\n<!-- \/ Yoast SEO plugin. -->","yoast_head_json":{"title":"Matematicko-po\u010d\u00edta\u010dov\u00e9 modelovanie","description":"Katedra matematiky a deskript\u00edvnej geometrie Stavebnej Fakulty Slovenskej Technickej Univerzity v Bratislave. St\u00e1le nevie\u0161, \u010do chce\u0161 v \u017eivote robi\u0165? \u0160tuduj aplikovan\u00fa matematiku, potom m\u00f4\u017ee\u0161 robi\u0165 v\u0161etko.","robots":{"index":"index","follow":"follow","max-snippet":"max-snippet:-1","max-image-preview":"max-image-preview:large","max-video-preview":"max-video-preview:-1"},"canonical":"https:\/\/www.math.sk\/mpm\/sablona-pre-zaverecnu-pracu-mpm\/","og_locale":"sk_SK","og_type":"article","og_title":"Matematicko-po\u010d\u00edta\u010dov\u00e9 modelovanie","og_description":"Katedra matematiky a deskript\u00edvnej geometrie Stavebnej Fakulty Slovenskej Technickej Univerzity v Bratislave. St\u00e1le nevie\u0161, \u010do chce\u0161 v \u017eivote robi\u0165? \u0160tuduj aplikovan\u00fa matematiku, potom m\u00f4\u017ee\u0161 robi\u0165 v\u0161etko.","og_url":"https:\/\/www.math.sk\/mpm\/sablona-pre-zaverecnu-pracu-mpm\/","og_site_name":"Matematicko-po\u010d\u00edta\u010dov\u00e9 modelovanie","article_publisher":"https:\/\/www.facebook.com\/MatematickoPocitacoveModelovanie\/","article_modified_time":"2023-07-12T11:11:30+00:00","twitter_card":"summary_large_image","twitter_misc":{"Predpokladan\u00fd \u010das \u010d\u00edtania":"1 min\u00fata"},"schema":{"@context":"https:\/\/schema.org","@graph":[{"@type":"WebPage","@id":"https:\/\/www.math.sk\/mpm\/sablona-pre-zaverecnu-pracu-mpm\/","url":"https:\/\/www.math.sk\/mpm\/sablona-pre-zaverecnu-pracu-mpm\/","name":"Matematicko-po\u010d\u00edta\u010dov\u00e9 modelovanie","isPartOf":{"@id":"https:\/\/www.math.sk\/mpm\/#website"},"datePublished":"2022-02-15T14:36:31+00:00","dateModified":"2023-07-12T11:11:30+00:00","description":"Katedra matematiky a deskript\u00edvnej geometrie Stavebnej Fakulty Slovenskej Technickej Univerzity v Bratislave. St\u00e1le nevie\u0161, \u010do chce\u0161 v \u017eivote robi\u0165? \u0160tuduj aplikovan\u00fa matematiku, potom m\u00f4\u017ee\u0161 robi\u0165 v\u0161etko.","breadcrumb":{"@id":"https:\/\/www.math.sk\/mpm\/sablona-pre-zaverecnu-pracu-mpm\/#breadcrumb"},"inLanguage":"sk-SK","potentialAction":[{"@type":"ReadAction","target":["https:\/\/www.math.sk\/mpm\/sablona-pre-zaverecnu-pracu-mpm\/"]}]},{"@type":"BreadcrumbList","@id":"https:\/\/www.math.sk\/mpm\/sablona-pre-zaverecnu-pracu-mpm\/#breadcrumb","itemListElement":[{"@type":"ListItem","position":1,"name":"Home","item":"https:\/\/www.math.sk\/mpm\/"},{"@type":"ListItem","position":2,"name":"\u0160abl\u00f3na pre z\u00e1vere\u010dn\u00fa pr\u00e1cu MPM"}]},{"@type":"WebSite","@id":"https:\/\/www.math.sk\/mpm\/#website","url":"https:\/\/www.math.sk\/mpm\/","name":"Matematicko-po\u010d\u00edta\u010dov\u00e9 modelovanie","description":"","publisher":{"@id":"https:\/\/www.math.sk\/mpm\/#organization"},"potentialAction":[{"@type":"SearchAction","target":{"@type":"EntryPoint","urlTemplate":"https:\/\/www.math.sk\/mpm\/?s={search_term_string}"},"query-input":{"@type":"PropertyValueSpecification","valueRequired":true,"valueName":"search_term_string"}}],"inLanguage":"sk-SK"},{"@type":"Organization","@id":"https:\/\/www.math.sk\/mpm\/#organization","name":"Matematicko-po\u010d\u00edta\u010dov\u00e9 modelovanie","url":"https:\/\/www.math.sk\/mpm\/","logo":{"@type":"ImageObject","inLanguage":"sk-SK","@id":"https:\/\/www.math.sk\/mpm\/#\/schema\/logo\/image\/","url":"https:\/\/www.math.sk\/mpm\/wp-content\/uploads\/2017\/10\/logo-mpm-blue.svg","contentUrl":"https:\/\/www.math.sk\/mpm\/wp-content\/uploads\/2017\/10\/logo-mpm-blue.svg","width":1,"height":1,"caption":"Matematicko-po\u010d\u00edta\u010dov\u00e9 modelovanie"},"image":{"@id":"https:\/\/www.math.sk\/mpm\/#\/schema\/logo\/image\/"},"sameAs":["https:\/\/www.facebook.com\/MatematickoPocitacoveModelovanie\/","https:\/\/www.youtube.com\/channel\/UCkpSEyHDKycm0-o3X_eurdA\/featured"]}]}},"_links":{"self":[{"href":"https:\/\/www.math.sk\/mpm\/wp-json\/wp\/v2\/pages\/1623","targetHints":{"allow":["GET"]}}],"collection":[{"href":"https:\/\/www.math.sk\/mpm\/wp-json\/wp\/v2\/pages"}],"about":[{"href":"https:\/\/www.math.sk\/mpm\/wp-json\/wp\/v2\/types\/page"}],"author":[{"embeddable":true,"href":"https:\/\/www.math.sk\/mpm\/wp-json\/wp\/v2\/users\/1"}],"replies":[{"embeddable":true,"href":"https:\/\/www.math.sk\/mpm\/wp-json\/wp\/v2\/comments?post=1623"}],"version-history":[{"count":6,"href":"https:\/\/www.math.sk\/mpm\/wp-json\/wp\/v2\/pages\/1623\/revisions"}],"predecessor-version":[{"id":1722,"href":"https:\/\/www.math.sk\/mpm\/wp-json\/wp\/v2\/pages\/1623\/revisions\/1722"}],"wp:attachment":[{"href":"https:\/\/www.math.sk\/mpm\/wp-json\/wp\/v2\/media?parent=1623"}],"curies":[{"name":"wp","href":"https:\/\/api.w.org\/{rel}","templated":true}]}}