{"id":1202,"date":"2018-06-15T10:12:01","date_gmt":"2018-06-15T08:12:01","guid":{"rendered":"https:\/\/www.math.sk\/mpm\/?page_id=1202"},"modified":"2018-06-26T12:15:45","modified_gmt":"2018-06-26T10:15:45","slug":"mpm-seminar-2018","status":"publish","type":"page","link":"https:\/\/www.math.sk\/mpm\/mpm-seminar-2018\/","title":{"rendered":"MPM Semin\u00e1r 2018"},"content":{"rendered":"<h1><img decoding=\"async\" style=\"float: right; max-width: 100%; width: 200px;\" title=\"MPM - Matematicko-po\u010d\u00edta\u010dov\u00e9 modelovanie\" src=\"https:\/\/www.math.sk\/mpm\/wp-content\/uploads\/2017\/10\/logo-mpm-blue.svg\" alt=\"MPM semin\u00e1r 2015\" \/>MPM Semin\u00e1r 2018<\/h1>\n<p>D\u0148a 13.6.2018 sa konal v\u00a0priestoroch Stavebnej fakulty (SvF) Slovenskej technickej univerzity (STU) v\u00a0Bratislave\u00a0<b>Semin\u00e1r o\u00a0Matematicko \u2013 po\u010d\u00edta\u010dovom modelovan\u00ed (MPM),\u00a0<\/b>ktor\u00fd<b>\u00a0<\/b>bol ur\u010den\u00fd pre v\u0161etk\u00fdch uch\u00e1dza\u010dov a z\u00e1ujemcov o \u0161t\u00fadium MPM. Na semin\u00e1ri so svojimi prezent\u00e1ci\u00e1m vyst\u00fapili na\u0161i absolventi, ktor\u00ed rozpr\u00e1vali o ich bakal\u00e1rskych a diplomov\u00fdch pr\u00e1cach ako aj o ich aktu\u00e1lnych t\u00e9mach, ktor\u00fdm sa venuj\u00fa vo v\u00fdskume alebo v praxi. \u010eakujeme v\u0161etk\u00fdm z\u00fa\u010dastnen\u00fdm a te\u0161\u00edme sa na \u010fal\u0161ie stretnutia v novom akademickom roku.<\/p>\n<p>Prezent\u00e1cie zo semin\u00e1ra:<br \/>\nMarek Mac\u00e1k &#8211; <a href=\"https:\/\/www.math.sk\/mpm\/wp-content\/uploads\/2018\/06\/MacakMPM2018.pdf\">Modelovanie \u00fa\u010dinkov vetra na budovy a chodcov<\/a><br \/>\nM\u00e1ria Tje\u0161\u0161ov\u00e1 &#8211; <a href=\"https:\/\/www.math.sk\/mpm\/wp-content\/uploads\/2018\/06\/TjessovaMPM2018.pdf\">Tvorba mechanick\u00e9ho modelu chrbtice<\/a><br \/>\nMichal Koll\u00e1r &#8211; <a href=\"https:\/\/www.math.sk\/mpm\/wp-content\/uploads\/2018\/06\/KollarMPM2018.pdf\">Nap\u00e4\u0165ov\u00e1 anal\u00fdza pohybov litosferick\u00fdch platn\u00ed v programe ANSYS<\/a><br \/>\nMaro\u0161 Bohun\u010d\u00e1k &#8211; <a href=\"https:\/\/www.math.sk\/mpm\/wp-content\/uploads\/2018\/06\/BohuncakMPM2018.pdf\">Po\u010d\u00edta\u010dov\u00e9 simul\u00e1cie v procese v\u00fdvoja bzdov\u00e9ho strme\u0148a<\/a><br \/>\nBal\u00e1sz K\u00f3sa &#8211; <a href=\"https:\/\/www.math.sk\/mpm\/wp-content\/uploads\/2018\/06\/KosaMPM2018.pdf\">Rekon\u0161trukcia pl\u00f4ch z 3D mra\u010dien bodov z laserov\u00fdch skenerov <\/a><br \/>\nJozef Urb\u00e1n &#8211; <a href=\"https:\/\/www.math.sk\/mpm\/wp-content\/uploads\/2018\/06\/UrbanMPM2018.pdf\">Vyu\u017eitie kriviek v spracovan\u00ed medic\u00ednskeho obrazu<\/a><br \/>\nMatej Med\u013ea &#8211;  <a href=\"https:\/\/www.math.sk\/mpm\/wp-content\/uploads\/2018\/06\/MedlaMPM2018.pdf\">Vytv\u00e1ranie \u0161tvoruholn\u00edkov\u00fdch sieti pomocou v\u00fdvoja pl\u00f4ch<\/a><br \/>\nMartin Ambroz &#8211; <a href=\"https:\/\/www.math.sk\/mpm\/wp-content\/uploads\/2018\/06\/AmbrozMPM2018.pdf\">Matematicko-po\u010d\u00edta\u010dov\u00e9 modelovanie \u0161\u00edrenia lesn\u00fdch po\u017eiarov<\/a><br \/>\nViera Kleinov\u00e1 &#8211; <a href=\"https:\/\/www.math.sk\/mpm\/wp-content\/uploads\/2018\/06\/KleinovaMPM2018.pdf\">\u00dalohy optim\u00e1lneho riadenia<\/a><\/p>\n","protected":false},"excerpt":{"rendered":"<p>MPM Semin\u00e1r 2018 D\u0148a 13.6.2018 sa konal v\u00a0priestoroch Stavebnej fakulty (SvF) Slovenskej technickej univerzity (STU) v\u00a0Bratislave\u00a0Semin\u00e1r o\u00a0Matematicko \u2013 po\u010d\u00edta\u010dovom modelovan\u00ed (MPM),\u00a0ktor\u00fd\u00a0bol ur\u010den\u00fd pre v\u0161etk\u00fdch uch\u00e1dza\u010dov a z\u00e1ujemcov o \u0161t\u00fadium MPM. Na semin\u00e1ri so svojimi prezent\u00e1ci\u00e1m vyst\u00fapili na\u0161i absolventi, ktor\u00ed rozpr\u00e1vali o ich bakal\u00e1rskych a diplomov\u00fdch pr\u00e1cach ako aj o ich aktu\u00e1lnych t\u00e9mach, ktor\u00fdm sa venuj\u00fa [&hellip;]<\/p>\n","protected":false},"author":1,"featured_media":0,"parent":0,"menu_order":0,"comment_status":"closed","ping_status":"closed","template":"","meta":{"inline_featured_image":false,"footnotes":""},"class_list":["post-1202","page","type-page","status-publish","hentry"],"yoast_head":"<!-- This site is optimized with the Yoast SEO plugin v27.2 - https:\/\/yoast.com\/product\/yoast-seo-wordpress\/ -->\n<title>Matematicko-po\u010d\u00edta\u010dov\u00e9 modelovanie<\/title>\n<meta name=\"description\" content=\"Katedra matematiky a deskript\u00edvnej geometrie Stavebnej Fakulty Slovenskej Technickej Univerzity v Bratislave. St\u00e1le nevie\u0161, \u010do chce\u0161 v \u017eivote robi\u0165? \u0160tuduj aplikovan\u00fa matematiku, potom m\u00f4\u017ee\u0161 robi\u0165 v\u0161etko.\" \/>\n<meta name=\"robots\" content=\"index, follow, max-snippet:-1, max-image-preview:large, max-video-preview:-1\" \/>\n<link rel=\"canonical\" href=\"https:\/\/www.math.sk\/mpm\/mpm-seminar-2018\/\" \/>\n<meta property=\"og:locale\" content=\"sk_SK\" \/>\n<meta property=\"og:type\" content=\"article\" \/>\n<meta property=\"og:title\" content=\"Matematicko-po\u010d\u00edta\u010dov\u00e9 modelovanie\" \/>\n<meta property=\"og:description\" content=\"Katedra matematiky a deskript\u00edvnej geometrie Stavebnej Fakulty Slovenskej Technickej Univerzity v Bratislave. St\u00e1le nevie\u0161, \u010do chce\u0161 v \u017eivote robi\u0165? \u0160tuduj aplikovan\u00fa matematiku, potom m\u00f4\u017ee\u0161 robi\u0165 v\u0161etko.\" \/>\n<meta property=\"og:url\" content=\"https:\/\/www.math.sk\/mpm\/mpm-seminar-2018\/\" \/>\n<meta property=\"og:site_name\" content=\"Matematicko-po\u010d\u00edta\u010dov\u00e9 modelovanie\" \/>\n<meta property=\"article:publisher\" content=\"https:\/\/www.facebook.com\/MatematickoPocitacoveModelovanie\/\" \/>\n<meta property=\"article:modified_time\" content=\"2018-06-26T10:15:45+00:00\" \/>\n<meta property=\"og:image\" content=\"https:\/\/www.math.sk\/mpm\/wp-content\/uploads\/2017\/10\/logo-mpm-blue.svg\" \/>\n<meta name=\"twitter:card\" content=\"summary_large_image\" \/>\n<meta name=\"twitter:label1\" content=\"Predpokladan\u00fd \u010das \u010d\u00edtania\" \/>\n\t<meta name=\"twitter:data1\" content=\"1 min\u00fata\" \/>\n<script type=\"application\/ld+json\" class=\"yoast-schema-graph\">{\"@context\":\"https:\/\/schema.org\",\"@graph\":[{\"@type\":\"WebPage\",\"@id\":\"https:\/\/www.math.sk\/mpm\/mpm-seminar-2018\/\",\"url\":\"https:\/\/www.math.sk\/mpm\/mpm-seminar-2018\/\",\"name\":\"Matematicko-po\u010d\u00edta\u010dov\u00e9 modelovanie\",\"isPartOf\":{\"@id\":\"https:\/\/www.math.sk\/mpm\/#website\"},\"primaryImageOfPage\":{\"@id\":\"https:\/\/www.math.sk\/mpm\/mpm-seminar-2018\/#primaryimage\"},\"image\":{\"@id\":\"https:\/\/www.math.sk\/mpm\/mpm-seminar-2018\/#primaryimage\"},\"thumbnailUrl\":\"https:\/\/www.math.sk\/mpm\/wp-content\/uploads\/2017\/10\/logo-mpm-blue.svg\",\"datePublished\":\"2018-06-15T08:12:01+00:00\",\"dateModified\":\"2018-06-26T10:15:45+00:00\",\"description\":\"Katedra matematiky a deskript\u00edvnej geometrie Stavebnej Fakulty Slovenskej Technickej Univerzity v Bratislave. St\u00e1le nevie\u0161, \u010do chce\u0161 v \u017eivote robi\u0165? \u0160tuduj aplikovan\u00fa matematiku, potom m\u00f4\u017ee\u0161 robi\u0165 v\u0161etko.\",\"breadcrumb\":{\"@id\":\"https:\/\/www.math.sk\/mpm\/mpm-seminar-2018\/#breadcrumb\"},\"inLanguage\":\"sk-SK\",\"potentialAction\":[{\"@type\":\"ReadAction\",\"target\":[\"https:\/\/www.math.sk\/mpm\/mpm-seminar-2018\/\"]}]},{\"@type\":\"ImageObject\",\"inLanguage\":\"sk-SK\",\"@id\":\"https:\/\/www.math.sk\/mpm\/mpm-seminar-2018\/#primaryimage\",\"url\":\"https:\/\/www.math.sk\/mpm\/wp-content\/uploads\/2017\/10\/logo-mpm-blue.svg\",\"contentUrl\":\"https:\/\/www.math.sk\/mpm\/wp-content\/uploads\/2017\/10\/logo-mpm-blue.svg\",\"caption\":\"Matematicko-po\u010d\u00edta\u010dov\u00e9 modelovanie\"},{\"@type\":\"BreadcrumbList\",\"@id\":\"https:\/\/www.math.sk\/mpm\/mpm-seminar-2018\/#breadcrumb\",\"itemListElement\":[{\"@type\":\"ListItem\",\"position\":1,\"name\":\"Home\",\"item\":\"https:\/\/www.math.sk\/mpm\/\"},{\"@type\":\"ListItem\",\"position\":2,\"name\":\"MPM Semin\u00e1r 2018\"}]},{\"@type\":\"WebSite\",\"@id\":\"https:\/\/www.math.sk\/mpm\/#website\",\"url\":\"https:\/\/www.math.sk\/mpm\/\",\"name\":\"Matematicko-po\u010d\u00edta\u010dov\u00e9 modelovanie\",\"description\":\"\",\"publisher\":{\"@id\":\"https:\/\/www.math.sk\/mpm\/#organization\"},\"potentialAction\":[{\"@type\":\"SearchAction\",\"target\":{\"@type\":\"EntryPoint\",\"urlTemplate\":\"https:\/\/www.math.sk\/mpm\/?s={search_term_string}\"},\"query-input\":{\"@type\":\"PropertyValueSpecification\",\"valueRequired\":true,\"valueName\":\"search_term_string\"}}],\"inLanguage\":\"sk-SK\"},{\"@type\":\"Organization\",\"@id\":\"https:\/\/www.math.sk\/mpm\/#organization\",\"name\":\"Matematicko-po\u010d\u00edta\u010dov\u00e9 modelovanie\",\"url\":\"https:\/\/www.math.sk\/mpm\/\",\"logo\":{\"@type\":\"ImageObject\",\"inLanguage\":\"sk-SK\",\"@id\":\"https:\/\/www.math.sk\/mpm\/#\/schema\/logo\/image\/\",\"url\":\"https:\/\/www.math.sk\/mpm\/wp-content\/uploads\/2017\/10\/logo-mpm-blue.svg\",\"contentUrl\":\"https:\/\/www.math.sk\/mpm\/wp-content\/uploads\/2017\/10\/logo-mpm-blue.svg\",\"width\":1,\"height\":1,\"caption\":\"Matematicko-po\u010d\u00edta\u010dov\u00e9 modelovanie\"},\"image\":{\"@id\":\"https:\/\/www.math.sk\/mpm\/#\/schema\/logo\/image\/\"},\"sameAs\":[\"https:\/\/www.facebook.com\/MatematickoPocitacoveModelovanie\/\",\"https:\/\/www.youtube.com\/channel\/UCkpSEyHDKycm0-o3X_eurdA\/featured\"]}]}<\/script>\n<!-- \/ Yoast SEO plugin. -->","yoast_head_json":{"title":"Matematicko-po\u010d\u00edta\u010dov\u00e9 modelovanie","description":"Katedra matematiky a deskript\u00edvnej geometrie Stavebnej Fakulty Slovenskej Technickej Univerzity v Bratislave. St\u00e1le nevie\u0161, \u010do chce\u0161 v \u017eivote robi\u0165? \u0160tuduj aplikovan\u00fa matematiku, potom m\u00f4\u017ee\u0161 robi\u0165 v\u0161etko.","robots":{"index":"index","follow":"follow","max-snippet":"max-snippet:-1","max-image-preview":"max-image-preview:large","max-video-preview":"max-video-preview:-1"},"canonical":"https:\/\/www.math.sk\/mpm\/mpm-seminar-2018\/","og_locale":"sk_SK","og_type":"article","og_title":"Matematicko-po\u010d\u00edta\u010dov\u00e9 modelovanie","og_description":"Katedra matematiky a deskript\u00edvnej geometrie Stavebnej Fakulty Slovenskej Technickej Univerzity v Bratislave. St\u00e1le nevie\u0161, \u010do chce\u0161 v \u017eivote robi\u0165? \u0160tuduj aplikovan\u00fa matematiku, potom m\u00f4\u017ee\u0161 robi\u0165 v\u0161etko.","og_url":"https:\/\/www.math.sk\/mpm\/mpm-seminar-2018\/","og_site_name":"Matematicko-po\u010d\u00edta\u010dov\u00e9 modelovanie","article_publisher":"https:\/\/www.facebook.com\/MatematickoPocitacoveModelovanie\/","article_modified_time":"2018-06-26T10:15:45+00:00","og_image":[{"url":"https:\/\/www.math.sk\/mpm\/wp-content\/uploads\/2017\/10\/logo-mpm-blue.svg","type":"","width":"","height":""}],"twitter_card":"summary_large_image","twitter_misc":{"Predpokladan\u00fd \u010das \u010d\u00edtania":"1 min\u00fata"},"schema":{"@context":"https:\/\/schema.org","@graph":[{"@type":"WebPage","@id":"https:\/\/www.math.sk\/mpm\/mpm-seminar-2018\/","url":"https:\/\/www.math.sk\/mpm\/mpm-seminar-2018\/","name":"Matematicko-po\u010d\u00edta\u010dov\u00e9 modelovanie","isPartOf":{"@id":"https:\/\/www.math.sk\/mpm\/#website"},"primaryImageOfPage":{"@id":"https:\/\/www.math.sk\/mpm\/mpm-seminar-2018\/#primaryimage"},"image":{"@id":"https:\/\/www.math.sk\/mpm\/mpm-seminar-2018\/#primaryimage"},"thumbnailUrl":"https:\/\/www.math.sk\/mpm\/wp-content\/uploads\/2017\/10\/logo-mpm-blue.svg","datePublished":"2018-06-15T08:12:01+00:00","dateModified":"2018-06-26T10:15:45+00:00","description":"Katedra matematiky a deskript\u00edvnej geometrie Stavebnej Fakulty Slovenskej Technickej Univerzity v Bratislave. St\u00e1le nevie\u0161, \u010do chce\u0161 v \u017eivote robi\u0165? \u0160tuduj aplikovan\u00fa matematiku, potom m\u00f4\u017ee\u0161 robi\u0165 v\u0161etko.","breadcrumb":{"@id":"https:\/\/www.math.sk\/mpm\/mpm-seminar-2018\/#breadcrumb"},"inLanguage":"sk-SK","potentialAction":[{"@type":"ReadAction","target":["https:\/\/www.math.sk\/mpm\/mpm-seminar-2018\/"]}]},{"@type":"ImageObject","inLanguage":"sk-SK","@id":"https:\/\/www.math.sk\/mpm\/mpm-seminar-2018\/#primaryimage","url":"https:\/\/www.math.sk\/mpm\/wp-content\/uploads\/2017\/10\/logo-mpm-blue.svg","contentUrl":"https:\/\/www.math.sk\/mpm\/wp-content\/uploads\/2017\/10\/logo-mpm-blue.svg","caption":"Matematicko-po\u010d\u00edta\u010dov\u00e9 modelovanie"},{"@type":"BreadcrumbList","@id":"https:\/\/www.math.sk\/mpm\/mpm-seminar-2018\/#breadcrumb","itemListElement":[{"@type":"ListItem","position":1,"name":"Home","item":"https:\/\/www.math.sk\/mpm\/"},{"@type":"ListItem","position":2,"name":"MPM Semin\u00e1r 2018"}]},{"@type":"WebSite","@id":"https:\/\/www.math.sk\/mpm\/#website","url":"https:\/\/www.math.sk\/mpm\/","name":"Matematicko-po\u010d\u00edta\u010dov\u00e9 modelovanie","description":"","publisher":{"@id":"https:\/\/www.math.sk\/mpm\/#organization"},"potentialAction":[{"@type":"SearchAction","target":{"@type":"EntryPoint","urlTemplate":"https:\/\/www.math.sk\/mpm\/?s={search_term_string}"},"query-input":{"@type":"PropertyValueSpecification","valueRequired":true,"valueName":"search_term_string"}}],"inLanguage":"sk-SK"},{"@type":"Organization","@id":"https:\/\/www.math.sk\/mpm\/#organization","name":"Matematicko-po\u010d\u00edta\u010dov\u00e9 modelovanie","url":"https:\/\/www.math.sk\/mpm\/","logo":{"@type":"ImageObject","inLanguage":"sk-SK","@id":"https:\/\/www.math.sk\/mpm\/#\/schema\/logo\/image\/","url":"https:\/\/www.math.sk\/mpm\/wp-content\/uploads\/2017\/10\/logo-mpm-blue.svg","contentUrl":"https:\/\/www.math.sk\/mpm\/wp-content\/uploads\/2017\/10\/logo-mpm-blue.svg","width":1,"height":1,"caption":"Matematicko-po\u010d\u00edta\u010dov\u00e9 modelovanie"},"image":{"@id":"https:\/\/www.math.sk\/mpm\/#\/schema\/logo\/image\/"},"sameAs":["https:\/\/www.facebook.com\/MatematickoPocitacoveModelovanie\/","https:\/\/www.youtube.com\/channel\/UCkpSEyHDKycm0-o3X_eurdA\/featured"]}]}},"_links":{"self":[{"href":"https:\/\/www.math.sk\/mpm\/wp-json\/wp\/v2\/pages\/1202","targetHints":{"allow":["GET"]}}],"collection":[{"href":"https:\/\/www.math.sk\/mpm\/wp-json\/wp\/v2\/pages"}],"about":[{"href":"https:\/\/www.math.sk\/mpm\/wp-json\/wp\/v2\/types\/page"}],"author":[{"embeddable":true,"href":"https:\/\/www.math.sk\/mpm\/wp-json\/wp\/v2\/users\/1"}],"replies":[{"embeddable":true,"href":"https:\/\/www.math.sk\/mpm\/wp-json\/wp\/v2\/comments?post=1202"}],"version-history":[{"count":11,"href":"https:\/\/www.math.sk\/mpm\/wp-json\/wp\/v2\/pages\/1202\/revisions"}],"predecessor-version":[{"id":1226,"href":"https:\/\/www.math.sk\/mpm\/wp-json\/wp\/v2\/pages\/1202\/revisions\/1226"}],"wp:attachment":[{"href":"https:\/\/www.math.sk\/mpm\/wp-json\/wp\/v2\/media?parent=1202"}],"curies":[{"name":"wp","href":"https:\/\/api.w.org\/{rel}","templated":true}]}}