{"id":1184,"date":"2018-05-31T09:51:22","date_gmt":"2018-05-31T07:51:22","guid":{"rendered":"https:\/\/www.math.sk\/mpm\/?page_id=1184"},"modified":"2025-06-26T08:47:59","modified_gmt":"2025-06-26T06:47:59","slug":"autoreferaty","status":"publish","type":"page","link":"https:\/\/www.math.sk\/mpm\/autoreferaty\/","title":{"rendered":"Autorefer\u00e1ty"},"content":{"rendered":"<div>\n<h1 align=\"\">Autorefer\u00e1ty dizerta\u010dn\u00fdch pr\u00e1c<\/h1>\n<p><a href=\"https:\/\/www.math.sk\/mpm\/wp-content\/uploads\/2025\/06\/Autoreferat_Zakova.pdf\">Dagmar \u017d\u00e1kov\u00e1: Implicit numerical methods for some scalar hyperbolic equations<\/a><br \/>\n<a href=\"https:\/\/www.math.sk\/mpm\/wp-content\/uploads\/2025\/06\/autoreferat_Lackova.pdf\">Katar\u00edna Lackov\u00e1: Effective Methods of Numerical Solution for Some Problems with an Implicitly Given Interface<\/a><br \/>\n<a href=\"https:\/\/www.math.sk\/mpm\/wp-content\/uploads\/2023\/02\/PhD_thesis_Autoreferat_PARK.pdf\">Seol Ah Park: Tracking cells in 2D +time and 3D + time image sequences<\/a><br \/>\n<a href=\"https:\/\/www.math.sk\/mpm\/wp-content\/uploads\/2021\/09\/Autoreferat_Markjoe_Olunna_UBA.pdf\">Markjoe Olunna UBA: 3D+Time Image Segmentation Methods<\/a><br \/>\n<a href=\"https:\/\/www.math.sk\/mpm\/wp-content\/uploads\/2020\/11\/polycarp_autoreferat_final.pdf\">Polycarp Omondi Okock: Efficient software solutions for medical image processing and analysis<\/a><br \/>\n<a href=\"https:\/\/www.math.sk\/mpm\/wp-content\/uploads\/2021\/01\/autoreferat_Kosa.pdf\">Bal\u00e1zs K\u00f3sa: Point cloud surface reconstruction and image segmentation by level set method<\/a><br \/>\n<a href=\"https:\/\/www.math.sk\/mpm\/wp-content\/uploads\/2019\/06\/autoreferatDecky.pdf\">Mari\u00e1n Deck\u00fd: N\u00e1vrh multikriteri\u00e1lnych rozhodovac\u00edch met\u00f3d a ich aplik\u00e1cie v oblasti \u0161portu a hier<\/a><br \/>\n<a href=\"https:\/\/www.math.sk\/mpm\/wp-content\/uploads\/2019\/05\/autoreferatSagat.pdf\">Mari\u00e1n \u0160ag\u00e1t: Evolving manifolds in practical applications<\/a><br \/>\n<a href=\"https:\/\/www.math.sk\/mpm\/wp-content\/uploads\/2019\/03\/Autoreferat_Riecanova.pdf\">Izabela Rie\u010danov\u00e1: Numerical methods and their use in acoustical simulations<\/a><br \/>\n<a href=\"https:\/\/www.math.sk\/mpm\/wp-content\/uploads\/2018\/05\/autoreferatKollar.pdf\">Michal Koll\u00e1r: Solving partial differential equations on surfaces with applications to geodetic data analysis<\/a><br \/>\n<a href=\"https:\/\/www.math.sk\/mpm\/wp-content\/uploads\/2018\/05\/Ambroz_autoreferat.pdf\">Martin Ambroz: Numerical modelling of the forest fire propagation analysis<\/a><br \/>\n<a href=\"https:\/\/www.math.sk\/mpm\/wp-content\/uploads\/2018\/05\/autoreferat_Medla.pdf\">Matej Med\u013ea: Solving partial differential equations using finite volume method on non-uniform grids<\/a><br \/>\n<a href=\"\nhttps:\/\/www.math.sk\/mpm\/wp-content\/uploads\/2018\/06\/AUTOREFERAT.pdf\">Viera Kleinova: Optical flow and its application for image processing<\/a><br \/>\n<a href=\"https:\/\/www.math.sk\/mpm\/wp-content\/uploads\/2018\/06\/tibenskyAutoreferat.pdf\">Mat\u00fa\u0161 Tibensk\u00fd: Usage of the gradient schemes for numerical solution of non-linear parabolic equations<\/a><br \/>\n<a href=\"https:\/\/www.math.sk\/mpm\/wp-content\/uploads\/2018\/06\/Tjessova_autoreferat.pdf\">M\u00e1ria Tje\u0161\u0161ov\u00e1: Mechanick\u00fd model \u013eudskej chrbtice v MKP<\/a><\/p>\n<\/div>\n","protected":false},"excerpt":{"rendered":"<p>Autorefer\u00e1ty dizerta\u010dn\u00fdch pr\u00e1c Dagmar \u017d\u00e1kov\u00e1: Implicit numerical methods for some scalar hyperbolic equations Katar\u00edna Lackov\u00e1: Effective Methods of Numerical Solution for Some Problems with an Implicitly Given Interface Seol Ah Park: Tracking cells in 2D +time and 3D + time image sequences Markjoe Olunna UBA: 3D+Time Image Segmentation Methods Polycarp Omondi Okock: Efficient software solutions [&hellip;]<\/p>\n","protected":false},"author":1,"featured_media":0,"parent":0,"menu_order":0,"comment_status":"closed","ping_status":"closed","template":"","meta":{"inline_featured_image":false,"footnotes":""},"class_list":["post-1184","page","type-page","status-publish","hentry"],"yoast_head":"<!-- This site is optimized with the Yoast SEO plugin v27.2 - https:\/\/yoast.com\/product\/yoast-seo-wordpress\/ -->\n<title>Matematicko-po\u010d\u00edta\u010dov\u00e9 modelovanie<\/title>\n<meta name=\"description\" content=\"Katedra matematiky a deskript\u00edvnej geometrie Stavebnej Fakulty Slovenskej Technickej Univerzity v Bratislave. St\u00e1le nevie\u0161, \u010do chce\u0161 v \u017eivote robi\u0165? \u0160tuduj aplikovan\u00fa matematiku, potom m\u00f4\u017ee\u0161 robi\u0165 v\u0161etko.\" \/>\n<meta name=\"robots\" content=\"index, follow, max-snippet:-1, max-image-preview:large, max-video-preview:-1\" \/>\n<link rel=\"canonical\" href=\"https:\/\/www.math.sk\/mpm\/autoreferaty\/\" \/>\n<meta property=\"og:locale\" content=\"sk_SK\" \/>\n<meta property=\"og:type\" content=\"article\" \/>\n<meta property=\"og:title\" content=\"Matematicko-po\u010d\u00edta\u010dov\u00e9 modelovanie\" \/>\n<meta property=\"og:description\" content=\"Katedra matematiky a deskript\u00edvnej geometrie Stavebnej Fakulty Slovenskej Technickej Univerzity v Bratislave. St\u00e1le nevie\u0161, \u010do chce\u0161 v \u017eivote robi\u0165? \u0160tuduj aplikovan\u00fa matematiku, potom m\u00f4\u017ee\u0161 robi\u0165 v\u0161etko.\" \/>\n<meta property=\"og:url\" content=\"https:\/\/www.math.sk\/mpm\/autoreferaty\/\" \/>\n<meta property=\"og:site_name\" content=\"Matematicko-po\u010d\u00edta\u010dov\u00e9 modelovanie\" \/>\n<meta property=\"article:publisher\" content=\"https:\/\/www.facebook.com\/MatematickoPocitacoveModelovanie\/\" \/>\n<meta property=\"article:modified_time\" content=\"2025-06-26T06:47:59+00:00\" \/>\n<meta name=\"twitter:card\" content=\"summary_large_image\" \/>\n<meta name=\"twitter:label1\" content=\"Predpokladan\u00fd \u010das \u010d\u00edtania\" \/>\n\t<meta name=\"twitter:data1\" content=\"1 min\u00fata\" \/>\n<script type=\"application\/ld+json\" class=\"yoast-schema-graph\">{\"@context\":\"https:\/\/schema.org\",\"@graph\":[{\"@type\":\"WebPage\",\"@id\":\"https:\/\/www.math.sk\/mpm\/autoreferaty\/\",\"url\":\"https:\/\/www.math.sk\/mpm\/autoreferaty\/\",\"name\":\"Matematicko-po\u010d\u00edta\u010dov\u00e9 modelovanie\",\"isPartOf\":{\"@id\":\"https:\/\/www.math.sk\/mpm\/#website\"},\"datePublished\":\"2018-05-31T07:51:22+00:00\",\"dateModified\":\"2025-06-26T06:47:59+00:00\",\"description\":\"Katedra matematiky a deskript\u00edvnej geometrie Stavebnej Fakulty Slovenskej Technickej Univerzity v Bratislave. St\u00e1le nevie\u0161, \u010do chce\u0161 v \u017eivote robi\u0165? \u0160tuduj aplikovan\u00fa matematiku, potom m\u00f4\u017ee\u0161 robi\u0165 v\u0161etko.\",\"breadcrumb\":{\"@id\":\"https:\/\/www.math.sk\/mpm\/autoreferaty\/#breadcrumb\"},\"inLanguage\":\"sk-SK\",\"potentialAction\":[{\"@type\":\"ReadAction\",\"target\":[\"https:\/\/www.math.sk\/mpm\/autoreferaty\/\"]}]},{\"@type\":\"BreadcrumbList\",\"@id\":\"https:\/\/www.math.sk\/mpm\/autoreferaty\/#breadcrumb\",\"itemListElement\":[{\"@type\":\"ListItem\",\"position\":1,\"name\":\"Home\",\"item\":\"https:\/\/www.math.sk\/mpm\/\"},{\"@type\":\"ListItem\",\"position\":2,\"name\":\"Autorefer\u00e1ty\"}]},{\"@type\":\"WebSite\",\"@id\":\"https:\/\/www.math.sk\/mpm\/#website\",\"url\":\"https:\/\/www.math.sk\/mpm\/\",\"name\":\"Matematicko-po\u010d\u00edta\u010dov\u00e9 modelovanie\",\"description\":\"\",\"publisher\":{\"@id\":\"https:\/\/www.math.sk\/mpm\/#organization\"},\"potentialAction\":[{\"@type\":\"SearchAction\",\"target\":{\"@type\":\"EntryPoint\",\"urlTemplate\":\"https:\/\/www.math.sk\/mpm\/?s={search_term_string}\"},\"query-input\":{\"@type\":\"PropertyValueSpecification\",\"valueRequired\":true,\"valueName\":\"search_term_string\"}}],\"inLanguage\":\"sk-SK\"},{\"@type\":\"Organization\",\"@id\":\"https:\/\/www.math.sk\/mpm\/#organization\",\"name\":\"Matematicko-po\u010d\u00edta\u010dov\u00e9 modelovanie\",\"url\":\"https:\/\/www.math.sk\/mpm\/\",\"logo\":{\"@type\":\"ImageObject\",\"inLanguage\":\"sk-SK\",\"@id\":\"https:\/\/www.math.sk\/mpm\/#\/schema\/logo\/image\/\",\"url\":\"https:\/\/www.math.sk\/mpm\/wp-content\/uploads\/2017\/10\/logo-mpm-blue.svg\",\"contentUrl\":\"https:\/\/www.math.sk\/mpm\/wp-content\/uploads\/2017\/10\/logo-mpm-blue.svg\",\"width\":1,\"height\":1,\"caption\":\"Matematicko-po\u010d\u00edta\u010dov\u00e9 modelovanie\"},\"image\":{\"@id\":\"https:\/\/www.math.sk\/mpm\/#\/schema\/logo\/image\/\"},\"sameAs\":[\"https:\/\/www.facebook.com\/MatematickoPocitacoveModelovanie\/\",\"https:\/\/www.youtube.com\/channel\/UCkpSEyHDKycm0-o3X_eurdA\/featured\"]}]}<\/script>\n<!-- \/ Yoast SEO plugin. -->","yoast_head_json":{"title":"Matematicko-po\u010d\u00edta\u010dov\u00e9 modelovanie","description":"Katedra matematiky a deskript\u00edvnej geometrie Stavebnej Fakulty Slovenskej Technickej Univerzity v Bratislave. St\u00e1le nevie\u0161, \u010do chce\u0161 v \u017eivote robi\u0165? \u0160tuduj aplikovan\u00fa matematiku, potom m\u00f4\u017ee\u0161 robi\u0165 v\u0161etko.","robots":{"index":"index","follow":"follow","max-snippet":"max-snippet:-1","max-image-preview":"max-image-preview:large","max-video-preview":"max-video-preview:-1"},"canonical":"https:\/\/www.math.sk\/mpm\/autoreferaty\/","og_locale":"sk_SK","og_type":"article","og_title":"Matematicko-po\u010d\u00edta\u010dov\u00e9 modelovanie","og_description":"Katedra matematiky a deskript\u00edvnej geometrie Stavebnej Fakulty Slovenskej Technickej Univerzity v Bratislave. St\u00e1le nevie\u0161, \u010do chce\u0161 v \u017eivote robi\u0165? \u0160tuduj aplikovan\u00fa matematiku, potom m\u00f4\u017ee\u0161 robi\u0165 v\u0161etko.","og_url":"https:\/\/www.math.sk\/mpm\/autoreferaty\/","og_site_name":"Matematicko-po\u010d\u00edta\u010dov\u00e9 modelovanie","article_publisher":"https:\/\/www.facebook.com\/MatematickoPocitacoveModelovanie\/","article_modified_time":"2025-06-26T06:47:59+00:00","twitter_card":"summary_large_image","twitter_misc":{"Predpokladan\u00fd \u010das \u010d\u00edtania":"1 min\u00fata"},"schema":{"@context":"https:\/\/schema.org","@graph":[{"@type":"WebPage","@id":"https:\/\/www.math.sk\/mpm\/autoreferaty\/","url":"https:\/\/www.math.sk\/mpm\/autoreferaty\/","name":"Matematicko-po\u010d\u00edta\u010dov\u00e9 modelovanie","isPartOf":{"@id":"https:\/\/www.math.sk\/mpm\/#website"},"datePublished":"2018-05-31T07:51:22+00:00","dateModified":"2025-06-26T06:47:59+00:00","description":"Katedra matematiky a deskript\u00edvnej geometrie Stavebnej Fakulty Slovenskej Technickej Univerzity v Bratislave. St\u00e1le nevie\u0161, \u010do chce\u0161 v \u017eivote robi\u0165? \u0160tuduj aplikovan\u00fa matematiku, potom m\u00f4\u017ee\u0161 robi\u0165 v\u0161etko.","breadcrumb":{"@id":"https:\/\/www.math.sk\/mpm\/autoreferaty\/#breadcrumb"},"inLanguage":"sk-SK","potentialAction":[{"@type":"ReadAction","target":["https:\/\/www.math.sk\/mpm\/autoreferaty\/"]}]},{"@type":"BreadcrumbList","@id":"https:\/\/www.math.sk\/mpm\/autoreferaty\/#breadcrumb","itemListElement":[{"@type":"ListItem","position":1,"name":"Home","item":"https:\/\/www.math.sk\/mpm\/"},{"@type":"ListItem","position":2,"name":"Autorefer\u00e1ty"}]},{"@type":"WebSite","@id":"https:\/\/www.math.sk\/mpm\/#website","url":"https:\/\/www.math.sk\/mpm\/","name":"Matematicko-po\u010d\u00edta\u010dov\u00e9 modelovanie","description":"","publisher":{"@id":"https:\/\/www.math.sk\/mpm\/#organization"},"potentialAction":[{"@type":"SearchAction","target":{"@type":"EntryPoint","urlTemplate":"https:\/\/www.math.sk\/mpm\/?s={search_term_string}"},"query-input":{"@type":"PropertyValueSpecification","valueRequired":true,"valueName":"search_term_string"}}],"inLanguage":"sk-SK"},{"@type":"Organization","@id":"https:\/\/www.math.sk\/mpm\/#organization","name":"Matematicko-po\u010d\u00edta\u010dov\u00e9 modelovanie","url":"https:\/\/www.math.sk\/mpm\/","logo":{"@type":"ImageObject","inLanguage":"sk-SK","@id":"https:\/\/www.math.sk\/mpm\/#\/schema\/logo\/image\/","url":"https:\/\/www.math.sk\/mpm\/wp-content\/uploads\/2017\/10\/logo-mpm-blue.svg","contentUrl":"https:\/\/www.math.sk\/mpm\/wp-content\/uploads\/2017\/10\/logo-mpm-blue.svg","width":1,"height":1,"caption":"Matematicko-po\u010d\u00edta\u010dov\u00e9 modelovanie"},"image":{"@id":"https:\/\/www.math.sk\/mpm\/#\/schema\/logo\/image\/"},"sameAs":["https:\/\/www.facebook.com\/MatematickoPocitacoveModelovanie\/","https:\/\/www.youtube.com\/channel\/UCkpSEyHDKycm0-o3X_eurdA\/featured"]}]}},"_links":{"self":[{"href":"https:\/\/www.math.sk\/mpm\/wp-json\/wp\/v2\/pages\/1184","targetHints":{"allow":["GET"]}}],"collection":[{"href":"https:\/\/www.math.sk\/mpm\/wp-json\/wp\/v2\/pages"}],"about":[{"href":"https:\/\/www.math.sk\/mpm\/wp-json\/wp\/v2\/types\/page"}],"author":[{"embeddable":true,"href":"https:\/\/www.math.sk\/mpm\/wp-json\/wp\/v2\/users\/1"}],"replies":[{"embeddable":true,"href":"https:\/\/www.math.sk\/mpm\/wp-json\/wp\/v2\/comments?post=1184"}],"version-history":[{"count":29,"href":"https:\/\/www.math.sk\/mpm\/wp-json\/wp\/v2\/pages\/1184\/revisions"}],"predecessor-version":[{"id":2048,"href":"https:\/\/www.math.sk\/mpm\/wp-json\/wp\/v2\/pages\/1184\/revisions\/2048"}],"wp:attachment":[{"href":"https:\/\/www.math.sk\/mpm\/wp-json\/wp\/v2\/media?parent=1184"}],"curies":[{"name":"wp","href":"https:\/\/api.w.org\/{rel}","templated":true}]}}