{"id":1180,"date":"2018-05-21T13:49:22","date_gmt":"2018-05-21T11:49:22","guid":{"rendered":"https:\/\/www.math.sk\/mpm\/onetone-front-page\/"},"modified":"2025-11-23T11:37:45","modified_gmt":"2025-11-23T09:37:45","slug":"onetone-front-page-2","status":"publish","type":"page","link":"https:\/\/www.math.sk\/mpm\/","title":{"rendered":"Onetone Front Page"},"content":{"rendered":"","protected":false},"excerpt":{"rendered":"","protected":false},"author":1,"featured_media":0,"parent":0,"menu_order":0,"comment_status":"closed","ping_status":"closed","template":"template-home.php","meta":{"inline_featured_image":false,"footnotes":""},"class_list":["post-1180","page","type-page","status-publish","hentry"],"yoast_head":"<!-- This site is optimized with the Yoast SEO plugin v27.2 - https:\/\/yoast.com\/product\/yoast-seo-wordpress\/ -->\n<title>Matematicko-po\u010d\u00edta\u010dov\u00e9 modelovanie<\/title>\n<meta name=\"description\" content=\"St\u00e1le nevie\u0161, \u010do chce\u0161 v \u017eivote robi\u0165? \u0160tuduj aplikovan\u00fa matematiku, potom m\u00f4\u017ee\u0161 robi\u0165 v\u0161etko. Katedra matematiky a deskript\u00edvnej geometrie Stavebnej Fakulty Slovenskej Technickej Univerzity v Bratislave.\" \/>\n<meta name=\"robots\" content=\"index, follow, max-snippet:-1, max-image-preview:large, max-video-preview:-1\" \/>\n<link rel=\"canonical\" href=\"https:\/\/www.math.sk\/mpm\/\" \/>\n<meta property=\"og:locale\" content=\"sk_SK\" \/>\n<meta property=\"og:type\" content=\"article\" \/>\n<meta property=\"og:title\" content=\"Matematicko-po\u010d\u00edta\u010dov\u00e9 modelovanie\" \/>\n<meta property=\"og:description\" content=\"St\u00e1le nevie\u0161, \u010do chce\u0161 v \u017eivote robi\u0165? \u0160tuduj aplikovan\u00fa matematiku, potom m\u00f4\u017ee\u0161 robi\u0165 v\u0161etko. Katedra matematiky a deskript\u00edvnej geometrie Stavebnej Fakulty Slovenskej Technickej Univerzity v Bratislave.\" \/>\n<meta property=\"og:url\" content=\"https:\/\/www.math.sk\/mpm\/\" \/>\n<meta property=\"og:site_name\" content=\"Matematicko-po\u010d\u00edta\u010dov\u00e9 modelovanie\" \/>\n<meta property=\"article:publisher\" content=\"https:\/\/www.facebook.com\/MatematickoPocitacoveModelovanie\/\" \/>\n<meta property=\"article:modified_time\" content=\"2025-11-23T09:37:45+00:00\" \/>\n<meta name=\"twitter:card\" content=\"summary_large_image\" \/>\n<script type=\"application\/ld+json\" class=\"yoast-schema-graph\">{\"@context\":\"https:\/\/schema.org\",\"@graph\":[{\"@type\":\"WebPage\",\"@id\":\"https:\/\/www.math.sk\/mpm\/\",\"url\":\"https:\/\/www.math.sk\/mpm\/\",\"name\":\"Matematicko-po\u010d\u00edta\u010dov\u00e9 modelovanie\",\"isPartOf\":{\"@id\":\"https:\/\/www.math.sk\/mpm\/#website\"},\"datePublished\":\"2018-05-21T11:49:22+00:00\",\"dateModified\":\"2025-11-23T09:37:45+00:00\",\"description\":\"St\u00e1le nevie\u0161, \u010do chce\u0161 v \u017eivote robi\u0165? \u0160tuduj aplikovan\u00fa matematiku, potom m\u00f4\u017ee\u0161 robi\u0165 v\u0161etko. Katedra matematiky a deskript\u00edvnej geometrie Stavebnej Fakulty Slovenskej Technickej Univerzity v Bratislave.\",\"breadcrumb\":{\"@id\":\"https:\/\/www.math.sk\/mpm\/#breadcrumb\"},\"inLanguage\":\"sk-SK\",\"potentialAction\":[{\"@type\":\"ReadAction\",\"target\":[\"https:\/\/www.math.sk\/mpm\/\"]}]},{\"@type\":\"BreadcrumbList\",\"@id\":\"https:\/\/www.math.sk\/mpm\/#breadcrumb\",\"itemListElement\":[{\"@type\":\"ListItem\",\"position\":1,\"name\":\"Home\",\"item\":\"https:\/\/www.math.sk\/mpm\/\"},{\"@type\":\"ListItem\",\"position\":2,\"name\":\"Onetone Front Page\"}]},{\"@type\":\"WebSite\",\"@id\":\"https:\/\/www.math.sk\/mpm\/#website\",\"url\":\"https:\/\/www.math.sk\/mpm\/\",\"name\":\"Matematicko-po\u010d\u00edta\u010dov\u00e9 modelovanie\",\"description\":\"\",\"publisher\":{\"@id\":\"https:\/\/www.math.sk\/mpm\/#organization\"},\"potentialAction\":[{\"@type\":\"SearchAction\",\"target\":{\"@type\":\"EntryPoint\",\"urlTemplate\":\"https:\/\/www.math.sk\/mpm\/?s={search_term_string}\"},\"query-input\":{\"@type\":\"PropertyValueSpecification\",\"valueRequired\":true,\"valueName\":\"search_term_string\"}}],\"inLanguage\":\"sk-SK\"},{\"@type\":\"Organization\",\"@id\":\"https:\/\/www.math.sk\/mpm\/#organization\",\"name\":\"Matematicko-po\u010d\u00edta\u010dov\u00e9 modelovanie\",\"url\":\"https:\/\/www.math.sk\/mpm\/\",\"logo\":{\"@type\":\"ImageObject\",\"inLanguage\":\"sk-SK\",\"@id\":\"https:\/\/www.math.sk\/mpm\/#\/schema\/logo\/image\/\",\"url\":\"https:\/\/www.math.sk\/mpm\/wp-content\/uploads\/2017\/10\/logo-mpm-blue.svg\",\"contentUrl\":\"https:\/\/www.math.sk\/mpm\/wp-content\/uploads\/2017\/10\/logo-mpm-blue.svg\",\"width\":1,\"height\":1,\"caption\":\"Matematicko-po\u010d\u00edta\u010dov\u00e9 modelovanie\"},\"image\":{\"@id\":\"https:\/\/www.math.sk\/mpm\/#\/schema\/logo\/image\/\"},\"sameAs\":[\"https:\/\/www.facebook.com\/MatematickoPocitacoveModelovanie\/\",\"https:\/\/www.youtube.com\/channel\/UCkpSEyHDKycm0-o3X_eurdA\/featured\"]}]}<\/script>\n<!-- \/ Yoast SEO plugin. -->","yoast_head_json":{"title":"Matematicko-po\u010d\u00edta\u010dov\u00e9 modelovanie","description":"St\u00e1le nevie\u0161, \u010do chce\u0161 v \u017eivote robi\u0165? \u0160tuduj aplikovan\u00fa matematiku, potom m\u00f4\u017ee\u0161 robi\u0165 v\u0161etko. Katedra matematiky a deskript\u00edvnej geometrie Stavebnej Fakulty Slovenskej Technickej Univerzity v Bratislave.","robots":{"index":"index","follow":"follow","max-snippet":"max-snippet:-1","max-image-preview":"max-image-preview:large","max-video-preview":"max-video-preview:-1"},"canonical":"https:\/\/www.math.sk\/mpm\/","og_locale":"sk_SK","og_type":"article","og_title":"Matematicko-po\u010d\u00edta\u010dov\u00e9 modelovanie","og_description":"St\u00e1le nevie\u0161, \u010do chce\u0161 v \u017eivote robi\u0165? \u0160tuduj aplikovan\u00fa matematiku, potom m\u00f4\u017ee\u0161 robi\u0165 v\u0161etko. Katedra matematiky a deskript\u00edvnej geometrie Stavebnej Fakulty Slovenskej Technickej Univerzity v Bratislave.","og_url":"https:\/\/www.math.sk\/mpm\/","og_site_name":"Matematicko-po\u010d\u00edta\u010dov\u00e9 modelovanie","article_publisher":"https:\/\/www.facebook.com\/MatematickoPocitacoveModelovanie\/","article_modified_time":"2025-11-23T09:37:45+00:00","twitter_card":"summary_large_image","schema":{"@context":"https:\/\/schema.org","@graph":[{"@type":"WebPage","@id":"https:\/\/www.math.sk\/mpm\/","url":"https:\/\/www.math.sk\/mpm\/","name":"Matematicko-po\u010d\u00edta\u010dov\u00e9 modelovanie","isPartOf":{"@id":"https:\/\/www.math.sk\/mpm\/#website"},"datePublished":"2018-05-21T11:49:22+00:00","dateModified":"2025-11-23T09:37:45+00:00","description":"St\u00e1le nevie\u0161, \u010do chce\u0161 v \u017eivote robi\u0165? \u0160tuduj aplikovan\u00fa matematiku, potom m\u00f4\u017ee\u0161 robi\u0165 v\u0161etko. Katedra matematiky a deskript\u00edvnej geometrie Stavebnej Fakulty Slovenskej Technickej Univerzity v Bratislave.","breadcrumb":{"@id":"https:\/\/www.math.sk\/mpm\/#breadcrumb"},"inLanguage":"sk-SK","potentialAction":[{"@type":"ReadAction","target":["https:\/\/www.math.sk\/mpm\/"]}]},{"@type":"BreadcrumbList","@id":"https:\/\/www.math.sk\/mpm\/#breadcrumb","itemListElement":[{"@type":"ListItem","position":1,"name":"Home","item":"https:\/\/www.math.sk\/mpm\/"},{"@type":"ListItem","position":2,"name":"Onetone Front Page"}]},{"@type":"WebSite","@id":"https:\/\/www.math.sk\/mpm\/#website","url":"https:\/\/www.math.sk\/mpm\/","name":"Matematicko-po\u010d\u00edta\u010dov\u00e9 modelovanie","description":"","publisher":{"@id":"https:\/\/www.math.sk\/mpm\/#organization"},"potentialAction":[{"@type":"SearchAction","target":{"@type":"EntryPoint","urlTemplate":"https:\/\/www.math.sk\/mpm\/?s={search_term_string}"},"query-input":{"@type":"PropertyValueSpecification","valueRequired":true,"valueName":"search_term_string"}}],"inLanguage":"sk-SK"},{"@type":"Organization","@id":"https:\/\/www.math.sk\/mpm\/#organization","name":"Matematicko-po\u010d\u00edta\u010dov\u00e9 modelovanie","url":"https:\/\/www.math.sk\/mpm\/","logo":{"@type":"ImageObject","inLanguage":"sk-SK","@id":"https:\/\/www.math.sk\/mpm\/#\/schema\/logo\/image\/","url":"https:\/\/www.math.sk\/mpm\/wp-content\/uploads\/2017\/10\/logo-mpm-blue.svg","contentUrl":"https:\/\/www.math.sk\/mpm\/wp-content\/uploads\/2017\/10\/logo-mpm-blue.svg","width":1,"height":1,"caption":"Matematicko-po\u010d\u00edta\u010dov\u00e9 modelovanie"},"image":{"@id":"https:\/\/www.math.sk\/mpm\/#\/schema\/logo\/image\/"},"sameAs":["https:\/\/www.facebook.com\/MatematickoPocitacoveModelovanie\/","https:\/\/www.youtube.com\/channel\/UCkpSEyHDKycm0-o3X_eurdA\/featured"]}]}},"_links":{"self":[{"href":"https:\/\/www.math.sk\/mpm\/wp-json\/wp\/v2\/pages\/1180","targetHints":{"allow":["GET"]}}],"collection":[{"href":"https:\/\/www.math.sk\/mpm\/wp-json\/wp\/v2\/pages"}],"about":[{"href":"https:\/\/www.math.sk\/mpm\/wp-json\/wp\/v2\/types\/page"}],"author":[{"embeddable":true,"href":"https:\/\/www.math.sk\/mpm\/wp-json\/wp\/v2\/users\/1"}],"replies":[{"embeddable":true,"href":"https:\/\/www.math.sk\/mpm\/wp-json\/wp\/v2\/comments?post=1180"}],"version-history":[{"count":1,"href":"https:\/\/www.math.sk\/mpm\/wp-json\/wp\/v2\/pages\/1180\/revisions"}],"predecessor-version":[{"id":2053,"href":"https:\/\/www.math.sk\/mpm\/wp-json\/wp\/v2\/pages\/1180\/revisions\/2053"}],"wp:attachment":[{"href":"https:\/\/www.math.sk\/mpm\/wp-json\/wp\/v2\/media?parent=1180"}],"curies":[{"name":"wp","href":"https:\/\/api.w.org\/{rel}","templated":true}]}}