{"id":11,"date":"2017-10-12T14:14:12","date_gmt":"2017-10-12T12:14:12","guid":{"rendered":"http:\/\/www.math.sk\/mpmnew\/?page_id=11"},"modified":"2024-12-06T13:48:49","modified_gmt":"2024-12-06T11:48:49","slug":"obsah-studia","status":"publish","type":"page","link":"https:\/\/www.math.sk\/mpm\/obsah-studia\/","title":{"rendered":"Obsah \u0161t\u00fadia"},"content":{"rendered":"<h1 align=\"\"><img decoding=\"async\" style=\"float: right; max-width: 100%; width: 200px;\" title=\"Obsah \u0161t\u00fadia - Matematicko-po\u010d\u00edtao\u010dov\u00e9 modelovanie\" src=\"https:\/\/www.math.sk\/mpm\/wp-content\/uploads\/2017\/10\/ikony-web-flat-obsah-studia.svg\" alt=\"Obsah \u0160t\u00fadia\" \/>Obsah \u0161t\u00fadia<\/h1>\n<p style=\"padding-top: 20px;\"><em><b>\u0160tudijn\u00fd program matematicko-po\u010d\u00edta\u010dov\u00e9 modelovanie (bakal\u00e1rsky aj in\u017einiersky stupe\u0148) je koncipovan\u00fd v nieko\u013ek\u00fdch l\u00edni\u00e1ch. V prvom rade ide o obozn\u00e1menie sa s prostriedkami modelovania, t.j. o v\u00fdborn\u00e9 zvl\u00e1dnutie t\u00fdch \u010dast\u00ed matematiky, ktor\u00e9 sa nevyhnutne vyu\u017e\u00edvaj\u00fa pri modelovan\u00ed praktick\u00fdch probl\u00e9mov, a tie\u017e o perfektn\u00e9 ovl\u00e1danie programovac\u00edch jazykov a softv\u00e9rov. Na druhej strane \u0161tudent absolvuje\u00a0aplika\u010dn\u00e9 predmety, kde sa matematick\u00e9 modely vyu\u017e\u00edvaj\u00fa a po\u010d\u00edta\u010de a softv\u00e9ry pou\u017e\u00edvaj\u00fa na simul\u00e1cie a anal\u00fdzu re\u00e1lnych \u00faloh.<\/b><\/em><\/p>\n<p><!--\n\n\n<p class=\"onetone-animated\" align=\"center\" data-animationduration=\"0.9\" data-animationtype=\"fadeIn\" data-imageanimation=\"no\"><img decoding=\"async\" style=\"width: 900px; max-width: 100%;\" title=\"Obsah \u0161t\u00fadia\" src=\"http:\/\/www.math.sk\/mpmnew\/wp-content\/uploads\/2017\/10\/obsah-studia-1.png\" alt=\"Obsah \u0161t\u00fadia\" \/><\/p>\n\n\n\n--><\/p>\n<div class=\"onetone-animated\" data-animationduration=\"0.9\" data-animationtype=\"zoomIn\">\n<div class=\"row\">\n<div class=\"col-md-5\">\n<h2>Matematick\u00e1 l\u00ednia<\/h2>\n<ul>\n<li><b>matematick\u00e9 z\u00e1klady<\/b><\/li>\n<li><b>m<\/b><b>atematick\u00e9 modelovanie<\/b><\/li>\n<li><b>numerick\u00e9 (simula\u010dn\u00e9) met\u00f3dy<\/b><\/li>\n<li><b>\u0161tatistick\u00e9 met\u00f3dy<\/b><\/li>\n<li><b>optimaliza\u010dn\u00e9 met\u00f3dy<\/b><\/li>\n<\/ul>\n<\/div>\n<div class=\"col-md-7\"><img decoding=\"async\" style=\"float: left; height: 220px; text-align: left; padding-left: 20px;\" src=\"https:\/\/www.math.sk\/mpm\/wp-content\/uploads\/2017\/10\/matematicka-linia-1.svg\" \/><\/div>\n<\/div>\n<hr \/>\n<div class=\"row\">\n<div class=\"col-md-5\">\n<h2>Po\u010d\u00edta\u010dov\u00e1 a softv\u00e9rov\u00e1 l\u00ednia<\/h2>\n<ul>\n<li><b>programovacie jazyky C, C++, Python a R<\/b><\/li>\n<li><b>opera\u010dn\u00e9 syst\u00e9my, po\u010d\u00edta\u010dov\u00e9 siete<\/b><\/li>\n<li><b>princ\u00edpy tvorby softv\u00e9ru<\/b><\/li>\n<li><b>paraleln\u00e9 po\u010d\u00edta\u010de a algoritmy<\/b><\/li>\n<li><b>licencovan\u00e9 softv\u00e9ry Mathematica, MatLab<\/b><b>, <\/b><b>ParaView<\/b><b>, ANSYS, AutoCAD <a href=\"https:\/\/www.math.sk\/mpm\/vyuzivany-softver\/\">a \u010fal\u0161ie<\/a><\/b><\/li>\n<\/ul>\n<\/div>\n<div class=\"col-md-7\"><img decoding=\"async\" style=\"float: left; height: 220px; text-align: left; padding-left: 20px;\" src=\"https:\/\/www.math.sk\/mpm\/wp-content\/uploads\/2017\/10\/pocitacova-linia-1.svg\" \/><\/div>\n<\/div>\n<hr \/>\n<div class=\"row\">\n<div class=\" col-md-5\">\n<h2>Aplika\u010dn\u00e1 l\u00ednia (vr\u00e1tane diplomov\u00fdch pr\u00e1c)<\/h2>\n<ul>\n<li><b>spracovanie obrazu<\/b><\/li>\n<li><b>po\u010d\u00edta\u010dov\u00e1 grafika a vizualiz\u00e1cia <\/b><\/li>\n<li><b>technick\u00e9 aplik\u00e1cie &#8211;<\/b> napr\u00edklad hydrodynamika a aerodynamika, biomechanika, statika a dynamika kon\u0161trukci\u00ed, monitorovanie Zeme a geofyzika, elektromagnetizmus<\/li>\n<li><b>aplik\u00e1cie v biol\u00f3gii a medic\u00edne<\/b><\/li>\n<li><b>ekonomick\u00e9 a finan\u010dn\u00e9 aplik\u00e1cie<\/b><\/li>\n<li><b>data mining a machine learning<\/b><\/li>\n<\/ul>\n<\/div>\n<div class=\"col-md-7\"><img decoding=\"async\" style=\"float: left; height: 220px; text-align: left; padding-left: 20px;\" src=\"https:\/\/www.math.sk\/mpm\/wp-content\/uploads\/2017\/10\/aplikacna-linia-1.svg\" \/><\/div>\n<\/div>\n<\/div>\n<hr \/>\n<div class=\"row\">\n<div class=\"col-md-4\" style=\"text-align: center;\"><a class=\"magee-btn-normal banner-scroll btn-lg btn-line btn-light section_btn_text_0\" href=\"https:\/\/www.math.sk\/mpm\/prijimacky\/\" rel=\"noopener\">Bakal\u00e1rske \u0161t\u00fadium<\/a><\/div>\n<div class=\"col-md-4\" style=\"text-align: center;\"><a class=\"magee-btn-normal banner-scroll btn-lg btn-line btn-light section_btn_text_0\" href=\"https:\/\/www.math.sk\/mpm\/prijimacky\/#prijimacky_ing\" rel=\"noopener\">In\u017einierske \u0161t\u00fadium<\/a><\/div>\n<div class=\"col-md-4\" style=\"text-align: center;\"><a class=\"magee-btn-normal banner-scroll btn-lg btn-line btn-light section_btn_text_0\" href=\"https:\/\/www.math.sk\/mpm\/prijimacky\/#prijimacky_phd\" rel=\"noopener\">Doktorandsk\u00e9 \u0161t\u00fadium<\/a><\/div>\n<\/div>\n","protected":false},"excerpt":{"rendered":"<p>Obsah \u0161t\u00fadia \u0160tudijn\u00fd program matematicko-po\u010d\u00edta\u010dov\u00e9 modelovanie (bakal\u00e1rsky aj in\u017einiersky stupe\u0148) je koncipovan\u00fd v nieko\u013ek\u00fdch l\u00edni\u00e1ch. V prvom rade ide o obozn\u00e1menie sa s prostriedkami modelovania, t.j. o v\u00fdborn\u00e9 zvl\u00e1dnutie t\u00fdch \u010dast\u00ed matematiky, ktor\u00e9 sa nevyhnutne vyu\u017e\u00edvaj\u00fa pri modelovan\u00ed praktick\u00fdch probl\u00e9mov, a tie\u017e o perfektn\u00e9 ovl\u00e1danie programovac\u00edch jazykov a softv\u00e9rov. Na druhej strane \u0161tudent absolvuje\u00a0aplika\u010dn\u00e9 predmety, [&hellip;]<\/p>\n","protected":false},"author":2,"featured_media":0,"parent":0,"menu_order":0,"comment_status":"closed","ping_status":"closed","template":"","meta":{"inline_featured_image":false,"footnotes":""},"class_list":["post-11","page","type-page","status-publish","hentry"],"yoast_head":"<!-- This site is optimized with the Yoast SEO plugin v27.2 - https:\/\/yoast.com\/product\/yoast-seo-wordpress\/ -->\n<title>Matematicko-po\u010d\u00edta\u010dov\u00e9 modelovanie<\/title>\n<meta name=\"description\" content=\"Katedra matematiky a deskript\u00edvnej geometrie Stavebnej Fakulty Slovenskej Technickej Univerzity v Bratislave. St\u00e1le nevie\u0161, \u010do chce\u0161 v \u017eivote robi\u0165? \u0160tuduj aplikovan\u00fa matematiku, potom m\u00f4\u017ee\u0161 robi\u0165 v\u0161etko.\" \/>\n<meta name=\"robots\" content=\"index, follow, max-snippet:-1, max-image-preview:large, max-video-preview:-1\" \/>\n<link rel=\"canonical\" href=\"https:\/\/www.math.sk\/mpm\/obsah-studia\/\" \/>\n<meta property=\"og:locale\" content=\"sk_SK\" \/>\n<meta property=\"og:type\" content=\"article\" \/>\n<meta property=\"og:title\" content=\"Matematicko-po\u010d\u00edta\u010dov\u00e9 modelovanie\" \/>\n<meta property=\"og:description\" content=\"Katedra matematiky a deskript\u00edvnej geometrie Stavebnej Fakulty Slovenskej Technickej Univerzity v Bratislave. St\u00e1le nevie\u0161, \u010do chce\u0161 v \u017eivote robi\u0165? \u0160tuduj aplikovan\u00fa matematiku, potom m\u00f4\u017ee\u0161 robi\u0165 v\u0161etko.\" \/>\n<meta property=\"og:url\" content=\"https:\/\/www.math.sk\/mpm\/obsah-studia\/\" \/>\n<meta property=\"og:site_name\" content=\"Matematicko-po\u010d\u00edta\u010dov\u00e9 modelovanie\" \/>\n<meta property=\"article:publisher\" content=\"https:\/\/www.facebook.com\/MatematickoPocitacoveModelovanie\/\" \/>\n<meta property=\"article:modified_time\" content=\"2024-12-06T11:48:49+00:00\" \/>\n<meta property=\"og:image\" content=\"https:\/\/www.math.sk\/mpm\/wp-content\/uploads\/2017\/10\/ikony-web-flat-obsah-studia.svg\" \/>\n<meta name=\"twitter:card\" content=\"summary_large_image\" \/>\n<meta name=\"twitter:label1\" content=\"Predpokladan\u00fd \u010das \u010d\u00edtania\" \/>\n\t<meta name=\"twitter:data1\" content=\"2 min\u00faty\" \/>\n<script type=\"application\/ld+json\" class=\"yoast-schema-graph\">{\"@context\":\"https:\/\/schema.org\",\"@graph\":[{\"@type\":\"WebPage\",\"@id\":\"https:\/\/www.math.sk\/mpm\/obsah-studia\/\",\"url\":\"https:\/\/www.math.sk\/mpm\/obsah-studia\/\",\"name\":\"Matematicko-po\u010d\u00edta\u010dov\u00e9 modelovanie\",\"isPartOf\":{\"@id\":\"https:\/\/www.math.sk\/mpm\/#website\"},\"primaryImageOfPage\":{\"@id\":\"https:\/\/www.math.sk\/mpm\/obsah-studia\/#primaryimage\"},\"image\":{\"@id\":\"https:\/\/www.math.sk\/mpm\/obsah-studia\/#primaryimage\"},\"thumbnailUrl\":\"https:\/\/www.math.sk\/mpm\/wp-content\/uploads\/2017\/10\/ikony-web-flat-obsah-studia.svg\",\"datePublished\":\"2017-10-12T12:14:12+00:00\",\"dateModified\":\"2024-12-06T11:48:49+00:00\",\"description\":\"Katedra matematiky a deskript\u00edvnej geometrie Stavebnej Fakulty Slovenskej Technickej Univerzity v Bratislave. St\u00e1le nevie\u0161, \u010do chce\u0161 v \u017eivote robi\u0165? \u0160tuduj aplikovan\u00fa matematiku, potom m\u00f4\u017ee\u0161 robi\u0165 v\u0161etko.\",\"breadcrumb\":{\"@id\":\"https:\/\/www.math.sk\/mpm\/obsah-studia\/#breadcrumb\"},\"inLanguage\":\"sk-SK\",\"potentialAction\":[{\"@type\":\"ReadAction\",\"target\":[\"https:\/\/www.math.sk\/mpm\/obsah-studia\/\"]}]},{\"@type\":\"ImageObject\",\"inLanguage\":\"sk-SK\",\"@id\":\"https:\/\/www.math.sk\/mpm\/obsah-studia\/#primaryimage\",\"url\":\"https:\/\/www.math.sk\/mpm\/wp-content\/uploads\/2017\/10\/ikony-web-flat-obsah-studia.svg\",\"contentUrl\":\"https:\/\/www.math.sk\/mpm\/wp-content\/uploads\/2017\/10\/ikony-web-flat-obsah-studia.svg\"},{\"@type\":\"BreadcrumbList\",\"@id\":\"https:\/\/www.math.sk\/mpm\/obsah-studia\/#breadcrumb\",\"itemListElement\":[{\"@type\":\"ListItem\",\"position\":1,\"name\":\"Home\",\"item\":\"https:\/\/www.math.sk\/mpm\/\"},{\"@type\":\"ListItem\",\"position\":2,\"name\":\"Obsah \u0161t\u00fadia\"}]},{\"@type\":\"WebSite\",\"@id\":\"https:\/\/www.math.sk\/mpm\/#website\",\"url\":\"https:\/\/www.math.sk\/mpm\/\",\"name\":\"Matematicko-po\u010d\u00edta\u010dov\u00e9 modelovanie\",\"description\":\"\",\"publisher\":{\"@id\":\"https:\/\/www.math.sk\/mpm\/#organization\"},\"potentialAction\":[{\"@type\":\"SearchAction\",\"target\":{\"@type\":\"EntryPoint\",\"urlTemplate\":\"https:\/\/www.math.sk\/mpm\/?s={search_term_string}\"},\"query-input\":{\"@type\":\"PropertyValueSpecification\",\"valueRequired\":true,\"valueName\":\"search_term_string\"}}],\"inLanguage\":\"sk-SK\"},{\"@type\":\"Organization\",\"@id\":\"https:\/\/www.math.sk\/mpm\/#organization\",\"name\":\"Matematicko-po\u010d\u00edta\u010dov\u00e9 modelovanie\",\"url\":\"https:\/\/www.math.sk\/mpm\/\",\"logo\":{\"@type\":\"ImageObject\",\"inLanguage\":\"sk-SK\",\"@id\":\"https:\/\/www.math.sk\/mpm\/#\/schema\/logo\/image\/\",\"url\":\"https:\/\/www.math.sk\/mpm\/wp-content\/uploads\/2017\/10\/logo-mpm-blue.svg\",\"contentUrl\":\"https:\/\/www.math.sk\/mpm\/wp-content\/uploads\/2017\/10\/logo-mpm-blue.svg\",\"width\":1,\"height\":1,\"caption\":\"Matematicko-po\u010d\u00edta\u010dov\u00e9 modelovanie\"},\"image\":{\"@id\":\"https:\/\/www.math.sk\/mpm\/#\/schema\/logo\/image\/\"},\"sameAs\":[\"https:\/\/www.facebook.com\/MatematickoPocitacoveModelovanie\/\",\"https:\/\/www.youtube.com\/channel\/UCkpSEyHDKycm0-o3X_eurdA\/featured\"]}]}<\/script>\n<!-- \/ Yoast SEO plugin. -->","yoast_head_json":{"title":"Matematicko-po\u010d\u00edta\u010dov\u00e9 modelovanie","description":"Katedra matematiky a deskript\u00edvnej geometrie Stavebnej Fakulty Slovenskej Technickej Univerzity v Bratislave. St\u00e1le nevie\u0161, \u010do chce\u0161 v \u017eivote robi\u0165? \u0160tuduj aplikovan\u00fa matematiku, potom m\u00f4\u017ee\u0161 robi\u0165 v\u0161etko.","robots":{"index":"index","follow":"follow","max-snippet":"max-snippet:-1","max-image-preview":"max-image-preview:large","max-video-preview":"max-video-preview:-1"},"canonical":"https:\/\/www.math.sk\/mpm\/obsah-studia\/","og_locale":"sk_SK","og_type":"article","og_title":"Matematicko-po\u010d\u00edta\u010dov\u00e9 modelovanie","og_description":"Katedra matematiky a deskript\u00edvnej geometrie Stavebnej Fakulty Slovenskej Technickej Univerzity v Bratislave. St\u00e1le nevie\u0161, \u010do chce\u0161 v \u017eivote robi\u0165? \u0160tuduj aplikovan\u00fa matematiku, potom m\u00f4\u017ee\u0161 robi\u0165 v\u0161etko.","og_url":"https:\/\/www.math.sk\/mpm\/obsah-studia\/","og_site_name":"Matematicko-po\u010d\u00edta\u010dov\u00e9 modelovanie","article_publisher":"https:\/\/www.facebook.com\/MatematickoPocitacoveModelovanie\/","article_modified_time":"2024-12-06T11:48:49+00:00","og_image":[{"url":"https:\/\/www.math.sk\/mpm\/wp-content\/uploads\/2017\/10\/ikony-web-flat-obsah-studia.svg","type":"","width":"","height":""}],"twitter_card":"summary_large_image","twitter_misc":{"Predpokladan\u00fd \u010das \u010d\u00edtania":"2 min\u00faty"},"schema":{"@context":"https:\/\/schema.org","@graph":[{"@type":"WebPage","@id":"https:\/\/www.math.sk\/mpm\/obsah-studia\/","url":"https:\/\/www.math.sk\/mpm\/obsah-studia\/","name":"Matematicko-po\u010d\u00edta\u010dov\u00e9 modelovanie","isPartOf":{"@id":"https:\/\/www.math.sk\/mpm\/#website"},"primaryImageOfPage":{"@id":"https:\/\/www.math.sk\/mpm\/obsah-studia\/#primaryimage"},"image":{"@id":"https:\/\/www.math.sk\/mpm\/obsah-studia\/#primaryimage"},"thumbnailUrl":"https:\/\/www.math.sk\/mpm\/wp-content\/uploads\/2017\/10\/ikony-web-flat-obsah-studia.svg","datePublished":"2017-10-12T12:14:12+00:00","dateModified":"2024-12-06T11:48:49+00:00","description":"Katedra matematiky a deskript\u00edvnej geometrie Stavebnej Fakulty Slovenskej Technickej Univerzity v Bratislave. St\u00e1le nevie\u0161, \u010do chce\u0161 v \u017eivote robi\u0165? \u0160tuduj aplikovan\u00fa matematiku, potom m\u00f4\u017ee\u0161 robi\u0165 v\u0161etko.","breadcrumb":{"@id":"https:\/\/www.math.sk\/mpm\/obsah-studia\/#breadcrumb"},"inLanguage":"sk-SK","potentialAction":[{"@type":"ReadAction","target":["https:\/\/www.math.sk\/mpm\/obsah-studia\/"]}]},{"@type":"ImageObject","inLanguage":"sk-SK","@id":"https:\/\/www.math.sk\/mpm\/obsah-studia\/#primaryimage","url":"https:\/\/www.math.sk\/mpm\/wp-content\/uploads\/2017\/10\/ikony-web-flat-obsah-studia.svg","contentUrl":"https:\/\/www.math.sk\/mpm\/wp-content\/uploads\/2017\/10\/ikony-web-flat-obsah-studia.svg"},{"@type":"BreadcrumbList","@id":"https:\/\/www.math.sk\/mpm\/obsah-studia\/#breadcrumb","itemListElement":[{"@type":"ListItem","position":1,"name":"Home","item":"https:\/\/www.math.sk\/mpm\/"},{"@type":"ListItem","position":2,"name":"Obsah \u0161t\u00fadia"}]},{"@type":"WebSite","@id":"https:\/\/www.math.sk\/mpm\/#website","url":"https:\/\/www.math.sk\/mpm\/","name":"Matematicko-po\u010d\u00edta\u010dov\u00e9 modelovanie","description":"","publisher":{"@id":"https:\/\/www.math.sk\/mpm\/#organization"},"potentialAction":[{"@type":"SearchAction","target":{"@type":"EntryPoint","urlTemplate":"https:\/\/www.math.sk\/mpm\/?s={search_term_string}"},"query-input":{"@type":"PropertyValueSpecification","valueRequired":true,"valueName":"search_term_string"}}],"inLanguage":"sk-SK"},{"@type":"Organization","@id":"https:\/\/www.math.sk\/mpm\/#organization","name":"Matematicko-po\u010d\u00edta\u010dov\u00e9 modelovanie","url":"https:\/\/www.math.sk\/mpm\/","logo":{"@type":"ImageObject","inLanguage":"sk-SK","@id":"https:\/\/www.math.sk\/mpm\/#\/schema\/logo\/image\/","url":"https:\/\/www.math.sk\/mpm\/wp-content\/uploads\/2017\/10\/logo-mpm-blue.svg","contentUrl":"https:\/\/www.math.sk\/mpm\/wp-content\/uploads\/2017\/10\/logo-mpm-blue.svg","width":1,"height":1,"caption":"Matematicko-po\u010d\u00edta\u010dov\u00e9 modelovanie"},"image":{"@id":"https:\/\/www.math.sk\/mpm\/#\/schema\/logo\/image\/"},"sameAs":["https:\/\/www.facebook.com\/MatematickoPocitacoveModelovanie\/","https:\/\/www.youtube.com\/channel\/UCkpSEyHDKycm0-o3X_eurdA\/featured"]}]}},"_links":{"self":[{"href":"https:\/\/www.math.sk\/mpm\/wp-json\/wp\/v2\/pages\/11","targetHints":{"allow":["GET"]}}],"collection":[{"href":"https:\/\/www.math.sk\/mpm\/wp-json\/wp\/v2\/pages"}],"about":[{"href":"https:\/\/www.math.sk\/mpm\/wp-json\/wp\/v2\/types\/page"}],"author":[{"embeddable":true,"href":"https:\/\/www.math.sk\/mpm\/wp-json\/wp\/v2\/users\/2"}],"replies":[{"embeddable":true,"href":"https:\/\/www.math.sk\/mpm\/wp-json\/wp\/v2\/comments?post=11"}],"version-history":[{"count":82,"href":"https:\/\/www.math.sk\/mpm\/wp-json\/wp\/v2\/pages\/11\/revisions"}],"predecessor-version":[{"id":1761,"href":"https:\/\/www.math.sk\/mpm\/wp-json\/wp\/v2\/pages\/11\/revisions\/1761"}],"wp:attachment":[{"href":"https:\/\/www.math.sk\/mpm\/wp-json\/wp\/v2\/media?parent=11"}],"curies":[{"name":"wp","href":"https:\/\/api.w.org\/{rel}","templated":true}]}}