{"id":105,"date":"2017-10-14T12:20:31","date_gmt":"2017-10-14T10:20:31","guid":{"rendered":"http:\/\/www.math.sk\/mpmnew\/?page_id=105"},"modified":"2024-12-06T15:03:36","modified_gmt":"2024-12-06T13:03:36","slug":"nasi-pedagogovia","status":"publish","type":"page","link":"https:\/\/www.math.sk\/mpm\/nasi-pedagogovia\/","title":{"rendered":"Na\u0161i pedag\u00f3govia"},"content":{"rendered":"<h1 align=\"\"><img decoding=\"async\" style=\"float: right; max-width: 100%; width: 200px;\" title=\"\u013dudia na MPM - Matematicko-po\u010d\u00edta\u010dov\u00e9 modelovanie\" src=\"https:\/\/www.math.sk\/mpm\/wp-content\/uploads\/2017\/10\/ikony-web-flat-ludia.svg\" alt=\"\u013dudia na MPM\" \/>Na\u0161i pedag\u00f3govia<\/h1>\n<p style=\"padding-top: 20px;\"><em> <b>Po\u010das \u0161t\u00fadia budete z\u00edskava\u0165 vedomosti od uzn\u00e1van\u00fdch odborn\u00edkov z oblasti aplikovanej matematiky. <\/b> <\/em><\/p>\n<div class=\"onetone-animated\" data-animationduration=\"0.9\" data-animationtype=\"zoomIn\">\n<h4 class=\"name\"><img decoding=\"async\" style=\"float: left; max-width: 100%; width: 160px; margin-right: 30px;\" title=\"Na\u0161i pedag\u00f3govia - Karol Mikula\" src=\"https:\/\/www.math.sk\/mpm\/wp-content\/uploads\/2017\/10\/foto.jpg\" alt=\"Karol Mikula\" \/>prof. RNDr. Karol Mikula, DrSc.<\/h4>\n<div style=\"margin-bottom: 85px;\">Karol Mikula je vo svete uzn\u00e1van\u00fdm odborn\u00edkom na numerick\u00e9 met\u00f3dy pou\u017e\u00edvan\u00e9 najm\u00e4 v spracovan\u00ed obrazu. V\u010faka svojim medzin\u00e1rodn\u00fdm projektom pr\u00e1vom presadzuje Slovensko v celom svete. Vyu\u010duje predmety t\u00fdkaj\u00face sa <strong>matematick\u00e9ho modelovania a numerick\u00fdch met\u00f3d<\/strong> a ich <strong>aplik\u00e1ci\u00ed<\/strong>. Jeho pr\u00e1ca a v\u00fdsledky t\u00edmu MPM boli zverejnen\u00e9 v mnoh\u00fdch m\u00e9di\u00e1ch, napr\u00edklad v telev\u00edzii <a href=\"http:\/\/www.math.sk\/mikula\/markiza_mikula.mp4\">Mark\u00edza<\/a>, <a href=\"https:\/\/www.facebook.com\/spravy.rtvs\/videos\/1801043283489819\/\">RTVS<\/a>, <a href=\"http:\/\/www.math.sk\/mikula\/Vat.avi\">VAT magaz\u00edne<\/a>, alebo <a href=\"http:\/\/www.math.sk\/mikula\/tech_sme_2016.pdf\">Sme TECH<\/a>. Rovnako si m\u00f4\u017eete vypo\u010du\u0165 jeho n\u00e1zory na matematiku v <a href=\"https:\/\/www.rtvs.sk\/radio\/archiv\/11436\/400614\">No\u010dnej pyram\u00edde<\/a> R\u00e1dia Slovensko.<\/div>\n<h4 class=\"name\"><img decoding=\"async\" class=\"size-full wp-image-1256 alignleft\" src=\"https:\/\/www.math.sk\/mpm\/wp-content\/uploads\/2019\/02\/siran.jpg\" alt=\"\" width=\"160\" height=\"192\" \/>prof. RNDr. Jozef \u0160ir\u00e1\u0148, DrSc.<\/h4>\n<div>Jo\u017eko \u0160ir\u00e1\u0148 vyu\u010duje <strong>matematick\u00fa anal\u00fdzu<\/strong>, ktor\u00e1 je z\u00e1kladn\u00fdm stavebn\u00fdm kame\u0148om ka\u017ed\u00e9ho dobr\u00e9ho matematika a schopn\u00e9ho in\u017einiera. \u0160tudenti nielen u n\u00e1s ale aj vo svete maj\u00fa ve\u013emi radi jeho predn\u00e1\u0161ky. Vo svojom v\u00fdskume sa zameriava najm\u00e4 na vyu\u017e\u00edvanie algebraick\u00fdch met\u00f3d v te\u00f3rii grafov, napr\u00edklad rie\u0161en\u00edm probl\u00e9mu minimaliz\u00e1cie n\u00e1kladov v transportn\u00fdch sie\u0165ach, kde pr\u00e1ve kombin\u00e1cia met\u00f3d line\u00e1rnej algebry a te\u00f3rie grafov umo\u017e\u0148uje navrhovanie optimaliza\u010dn\u00fdch algoritmov. Rozhovor s Jo\u017ekom si m\u00f4\u017eete vypo\u010du\u0165 v <a href=\"https:\/\/www.rtvs.sk\/radio\/archiv\/11436\/312060\">No\u010dnej pyram\u00edde<\/a> R\u00e1dia Slovensko.<\/div>\n<h4 class=\"name\"><img decoding=\"async\" class=\"size-full wp-image-1268 alignleft\" src=\"https:\/\/www.math.sk\/mpm\/wp-content\/uploads\/2019\/06\/foto-237x300.jpg\" alt=\"\" width=\"160\" height=\"192\" \/>prof. RNDr. Martin Knor, Dr.<\/h4>\n<div>Martin Knor sa venuje najm\u00e4 <strong>te\u00f3rii grafov<\/strong> a <strong>diskr\u00e9tnej matematike<\/strong>, pri\u010dom tieto predmety ako aj predmety z <strong>optimaliz\u00e1cie<\/strong> vyu\u010duje aj na MPM. V s\u00fa\u010dasnosti sa jeho v\u00fdskum orientuje na aplik\u00e1cie te\u00f3rie grafov v ch\u00e9mii, kde zav\u00e1dza a sk\u00fama r\u00f4zne zov\u0161eobecnenia chemick\u00fdch indexov.\u00a0<\/div>\n<h4 class=\"name\"><img decoding=\"async\" class=\"size-full wp-image-1250 alignleft\" src=\"https:\/\/www.math.sk\/mpm\/wp-content\/uploads\/2019\/02\/foto-1.jpg\" alt=\"\" width=\"160\" height=\"192\" \/>\u00a0doc. RNDr. Peter Frolkovi\u010d, PhD.<\/h4>\n<div>Peter Frolkovi\u010d u n\u00e1s vyu\u010duje najm\u00e4 predmety t\u00fdkaj\u00face sa <strong>matematick\u00e9ho modelovania a numerick\u00fdch met\u00f3d v pr\u00faden\u00ed kvapal\u00edn a plynov<\/strong>, s\u00favisiace s rie\u0161en\u00edm zn\u00e1mych Navier-Stokesov\u00fdch rovn\u00edc. Pred svojim n\u00e1st\u00fapom na MPM, str\u00e1vil 12 rokov na zahrani\u010dn\u00fdch univerzit\u00e1ch a pracoval na viacer\u00fdch \u00faspe\u0161n\u00fdch projektoch z aplikovanej matematiky.<\/div>\n<\/div>\n<div class=\"onetone-animated\" data-animationduration=\"0.9\" data-animationtype=\"zoomIn\">\n<h4 class=\"name\"><img loading=\"lazy\" decoding=\"async\" class=\"size-full wp-image-1273 alignleft\" src=\"https:\/\/www.math.sk\/mpm\/wp-content\/uploads\/2019\/02\/handlovicova.jpg\" alt=\"\" width=\"160\" height=\"192\" \/>doc. RNDr. Angela Handlovi\u010dov\u00e1, PhD.<\/h4>\n<div>Angela Handlovi\u010dov\u00e1 sa venuje diferenci\u00e1lnym rovniciam a <strong>anal\u00fdze numerick\u00fdch met\u00f3d<\/strong> na ich rie\u0161enie a vyu\u010duje tieto predmety ako aj <strong>funkcion\u00e1lnu anal\u00fdzu<\/strong>, ktorej stopy n\u00e1jdeme v ka\u017edej oblasti aplikovanej matematiky.\u00a0<\/div>\n<h4 class=\"name\"><img loading=\"lazy\" decoding=\"async\" class=\"size-full wp-image-1255 alignleft\" src=\"https:\/\/www.math.sk\/mpm\/wp-content\/uploads\/2019\/02\/remesikova.jpg\" alt=\"\" width=\"160\" height=\"192\" \/> doc. Mgr. Mariana Reme\u0161\u00edkov\u00e1, PhD.<\/h4>\n<div>Mariana Reme\u0161\u00edkov\u00e1 vyu\u010duje predmety <strong>objektovo-orientovan\u00e9ho programovania<\/strong>, <strong>po\u010d\u00edta\u010dov\u00fa grafiku<\/strong>, <strong>diferenci\u00e1lnu geometriu<\/strong> a <strong>vizualiza\u010dn\u00fd softv\u00e9r<\/strong>. Pravidelne ve\u013emi \u00faspe\u0161ne vedie bakal\u00e1rske a diplomov\u00e9 pr\u00e1ce \u0161tudentov a jej vedeck\u00e1 \u010dinnos\u0165 je zameran\u00e1 na parci\u00e1lne diferenci\u00e1lne rovnice s aplik\u00e1ciami najm\u00e4 v biol\u00f3gii, architekt\u00fare a po\u010d\u00edta\u010dovej grafike.<\/div>\n<h4 class=\"name\"><img loading=\"lazy\" decoding=\"async\" class=\"size-full wp-image-1255 alignleft\" src=\"https:\/\/www.math.sk\/mpm\/wp-content\/uploads\/2019\/07\/kriva.png\" alt=\"\" width=\"160\" height=\"192\" \/>doc. RNDr. Zuzana Kriv\u00e1, PhD.<\/h4>\n<div>Zuzka Kriv\u00e1 m\u00e1 na starosti predmet <strong>programovanie v jazyku C<\/strong> a vyu\u010duje aj <strong>spracovanie obrazu<\/strong>. Jej v\u00fdskum sa orientuje na spracovanie obrazu pomocou \u0161tatistick\u00fdch a numerick\u00fdch met\u00f3d, zamieravaj\u00fac sa na odstra\u0148ovanie \u0161umu zo satelitn\u00fdch alebo mikroskopick\u00fdch obrazov.<\/div>\n<h4 class=\"name\"><img loading=\"lazy\" decoding=\"async\" class=\"size-full wp-image-1284 alignleft\" src=\"https:\/\/www.math.sk\/mpm\/wp-content\/uploads\/2019\/02\/minarova.jpg\" alt=\"\" width=\"160\" height=\"192\" \/>doc. RNDr. M\u00e1ria Min\u00e1rov\u00e1, PhD.<\/h4>\n<div>Majka Min\u00e1rov\u00e1 na matematicko-po\u010d\u00edta\u010dovom modelovan\u00ed vyu\u010duje predmet\u00a0 <strong>biomechanika<\/strong> a vedie ve\u013emi zauj\u00edmav\u00e9 diplomov\u00e9 pr\u00e1ce z tejto oblasti. Jej v\u00fdskum sa zaober\u00e1 reol\u00f3giiou, kde sk\u00fama r\u00fazne vlastnosti tkan\u00edv \u013eudsk\u00e9ho tela.<\/div>\n<\/div>\n<div class=\"onetone-animated\" data-animationduration=\"0.9\" data-animationtype=\"zoomIn\">\n<h4 class=\"name\"><img loading=\"lazy\" decoding=\"async\" class=\"wp-image-1246 size-full alignleft\" title=\"Na\u0161i pedag\u00f3govia - Tom\u00e1\u0161 Bacig\u00e1l\" src=\"https:\/\/www.math.sk\/mpm\/wp-content\/uploads\/2019\/02\/foto.jpg\" alt=\"Tom\u00e1\u0161 Bacig\u00e1l\" width=\"160\" height=\"192\" \/>\u00a0doc. Ing. Tom\u00e1\u0161 Bacig\u00e1l, PhD.<\/h4>\n<div>Tom\u00e1\u0161 Bacig\u00e1l vyu\u010duje predmety t\u00fdkaj\u00face sa \u0161tatistick\u00fdch softv\u00e9rov a ich aplik\u00e1ci\u00ed napr\u00edklad v <strong>data miningu<\/strong> a <strong>strojovom u\u010den\u00ed<\/strong>. Po\u010das v\u00fdu\u010dby vyu\u017e\u00edva <strong>softv\u00e9r R<\/strong>, ktor\u00fd je modern\u00fdm a otvoren\u00fdm softv\u00e9rom pou\u017e\u00edvan\u00fdm pri mnoh\u00fdch \u0161tatistick\u00fdch anal\u00fdzach.\u00a0<\/div>\n<h4 class=\"name\"><img loading=\"lazy\" decoding=\"async\" class=\"size-full wp-image-1252 alignleft\" src=\"https:\/\/www.math.sk\/mpm\/wp-content\/uploads\/2019\/02\/jenca.jpg\" alt=\"\" width=\"160\" height=\"192\" \/> doc. Mgr. Gejza Jen\u010da, PhD.<\/h4>\n<div>Gejza Jen\u010da u\u010d\u00ed <strong>line\u00e1rnu algebru<\/strong>, <strong>opera\u010dn\u00e9 syst\u00e9my<\/strong> a <strong>po\u010d\u00edta\u010dov\u00e9 siete<\/strong>. Na t\u00fdchto predmetoch zoznamuje \u0161tudentov s princ\u00edpmi fungovania opera\u010dn\u00fdch syst\u00e9mov Unix\/Linux, z\u00e1kladmi programovania v jazyku <strong>Python<\/strong> a s fungovan\u00edm internetov\u00fdch protokolov.\u00a0<\/div>\n<h4 class=\"name\"><img loading=\"lazy\" decoding=\"async\" class=\"size-full wp-image-1249 alignleft\" src=\"https:\/\/www.math.sk\/mpm\/wp-content\/uploads\/2019\/02\/cunderlik.jpg\" alt=\"\" width=\"160\" height=\"192\" \/>Ing. R\u00f3bert \u010cunderl\u00edk, PhD.<\/h4>\n<div>R\u00f3bert \u010cunderl\u00edk vyu\u010duje predmety <strong>met\u00f3da okrajov\u00fdch prvkov<\/strong> a <strong>paraleln\u00e9 programovanie<\/strong>. Ako v\u00fdskumn\u00edk sa venuje modelovaniu tia\u017eov\u00e9ho po\u013ea Zeme a neline\u00e1rnej dif\u00faznej filtr\u00e1cii geodetick\u00fdch d\u00e1t. V s\u00fa\u010dasnosti sa venuje najm\u00e4 spracovaniu meran\u00ed dru\u017eicovej misie GOCE a in\u00fdm probl\u00e9mom s\u00favisiacich so zaveden\u00edm Svetov\u00e9ho v\u00fd\u0161kov\u00e9ho syst\u00e9mu. Bol \u010dlenom t\u00edmu, ktor\u00fd zaviedol nov\u00fa svetov\u00fa <a href=\"http:\/\/www.math.sk\/mikula\/tech_sme_2016.pdf\">kon\u0161tantu W0<\/a> &#8212; hodnotu geopotenci\u00e1lu na strednej hladine mor\u00ed.<\/div>\n<h4 class=\"name\"><img loading=\"lazy\" decoding=\"async\" class=\"size-full wp-image-1253 alignleft\" src=\"https:\/\/www.math.sk\/mpm\/wp-content\/uploads\/2019\/02\/macak.jpg\" alt=\"\" width=\"160\" height=\"192\" \/>doc. Ing. Marek Mac\u00e1k, PhD.<\/h4>\n<div>Marek Mac\u00e1k je absolventom MPM a v s\u00fa\u010dasnosti oboznamuje na\u0161ich \u0161tudentov so <strong>softv\u00e9rom ANSYS<\/strong> ur\u010den\u00fdm na po\u010d\u00edta\u010dov\u00e9 simul\u00e1cie in\u017einierskych \u00faloh z praxe, najm\u00e4 \u00faloh z aerodynamiky a &#8222;obtekania&#8220; budov, kde spolupracuje s Katedrami stavebnej mechaniky a kon\u0161trukci\u00ed pozemn\u00fdch stavieb na\u0161ej fakulty. V s\u00fa\u010dasnosti je ved\u00facim Katedry matematiky a deskript\u00edvnej geometrie Stavebnej fakulty.<\/div>\n<\/div>\n<div class=\"onetone-animated\" data-animationduration=\"0.9\" data-animationtype=\"zoomIn\">\n<h4 class=\"name\"><img loading=\"lazy\" decoding=\"async\" class=\"size-full wp-image-1277 alignleft\" src=\"https:\/\/www.math.sk\/mpm\/wp-content\/uploads\/2019\/02\/tomek.jpg\" alt=\"\" width=\"160\" height=\"192\" \/>Ing. Mgr. Luk\u00e1\u0161 Tomek, PhD.<\/h4>\n<div>Luk\u00e1\u0161 Tomek je tie\u017e absolventom MPM a vyu\u010duje u n\u00e1s <strong>met\u00f3du kone\u010dn\u00fdch prvkov<\/strong>, ktor\u00e1 je nevyhnutnou s\u00fa\u010das\u0165ou in\u017einierskej anal\u00fdzy. Jeho z\u00e1\u013euba v hudbe priniesla nieko\u013eko \u0161tudentsk\u00fdch z\u00e1vere\u010dn\u00fdch pr\u00e1c, v ktor\u00fdch sa sk\u00famal vznik zvuku v hudobn\u00fdch n\u00e1strojoch, ako je fujara alebo akorde\u00f3n.<\/div>\n<h4 class=\"name\"><img loading=\"lazy\" decoding=\"async\" class=\"size-full wp-image-1285 alignleft\" src=\"https:\/\/www.math.sk\/mpm\/wp-content\/uploads\/2024\/12\/ambroz.jpg\" alt=\"\" width=\"160\" height=\"192\" \/>Ing. Martin Ambroz, PhD.<\/h4>\n<div>Martin Ambroz vyu\u010duje pre odbor MPM predmety <strong>programovanie v jazyku C<\/strong>, <strong>objektovo-orientovan\u00e9 programovanie<\/strong> a <strong>t\u00edmov\u00fd softv\u00e9rov\u00fd projekt<\/strong> . Jeho v\u00fdskum sa venuje segment\u00e1cii obrazov a transforma\u010dn\u00fdm met\u00f3dam na registr\u00e1ciu historick\u00fdch m\u00e1p.<\/div>\n<h4 class=\"name\"><img loading=\"lazy\" decoding=\"async\" class=\"size-full wp-image-1285 alignleft\" src=\"https:\/\/www.math.sk\/mpm\/wp-content\/uploads\/2024\/12\/kollar.jpg\" alt=\"\" width=\"160\" height=\"192\" \/>Ing. Michal Koll\u00e1r, PhD.<\/h4>\n<div>Michal Koll\u00e1r po absolvovan\u00ed MPM vyu\u010duje na na\u0161om \u0161tudijnom programe predmety <strong>programovanie v jazykoch C++ a C#<\/strong>, <strong>objektovo-orientovan\u00e9 programovanie<\/strong>, <strong>po\u010d\u00edta\u010dov\u00e1 grafika<\/strong> a <strong>t\u00edmov\u00fd softv\u00e9rov\u00fd projekt<\/strong>. Jeho v\u00fdskum sa orientuje na aplik\u00e1cie neline\u00e1rnych dif\u00faznych rovn\u00edc na filtr\u00e1ciu a segment\u00e1ciu obrazov, od mikroskopick\u00fdch a\u017e po satelitn\u00e9, a venuje sa tie\u017e tvorbe softv\u00e9ru v t\u00fdchto oblastiach.<\/div>\n<h4 class=\"name\"><img loading=\"lazy\" decoding=\"async\" class=\"size-full wp-image-1285 alignleft\" src=\"https:\/\/www.math.sk\/mpm\/wp-content\/uploads\/2024\/12\/ozvat.jpg\" alt=\"\" width=\"160\" height=\"192\" \/>Ing. Aneta A. O\u017evat, PhD.<\/h4>\n<div>Aneta A. O\u017evat je absolventkou MPM, vyu\u010duje na na\u0161om \u0161tudijnom programe predmet <strong>Sofv\u00e9r &#8211; Wolfram Mathematica<\/strong>. Jej v\u00fdskum je zameran\u00fd na met\u00f3dy strojov\u00e9ho u\u010denia s vyu\u017eit\u00edm prirodzen\u00fdch numerick\u00fdch siet\u00ed.<\/div>\n<\/div>\n\n\n<p><\/p>\n","protected":false},"excerpt":{"rendered":"<p>Na\u0161i pedag\u00f3govia Po\u010das \u0161t\u00fadia budete z\u00edskava\u0165 vedomosti od uzn\u00e1van\u00fdch odborn\u00edkov z oblasti aplikovanej matematiky. prof. RNDr. Karol Mikula, DrSc. Karol Mikula je vo svete uzn\u00e1van\u00fdm odborn\u00edkom na numerick\u00e9 met\u00f3dy pou\u017e\u00edvan\u00e9 najm\u00e4 v spracovan\u00ed obrazu. V\u010faka svojim medzin\u00e1rodn\u00fdm projektom pr\u00e1vom presadzuje Slovensko v celom svete. Vyu\u010duje predmety t\u00fdkaj\u00face sa matematick\u00e9ho modelovania a numerick\u00fdch met\u00f3d a ich [&hellip;]<\/p>\n","protected":false},"author":4,"featured_media":0,"parent":0,"menu_order":0,"comment_status":"closed","ping_status":"closed","template":"","meta":{"inline_featured_image":false,"footnotes":""},"class_list":["post-105","page","type-page","status-publish","hentry"],"yoast_head":"<!-- This site is optimized with the Yoast SEO plugin v27.2 - https:\/\/yoast.com\/product\/yoast-seo-wordpress\/ -->\n<title>Matematicko-po\u010d\u00edta\u010dov\u00e9 modelovanie<\/title>\n<meta name=\"description\" content=\"Katedra matematiky a deskript\u00edvnej geometrie Stavebnej Fakulty Slovenskej Technickej Univerzity v Bratislave. St\u00e1le nevie\u0161, \u010do chce\u0161 v \u017eivote robi\u0165? \u0160tuduj aplikovan\u00fa matematiku, potom m\u00f4\u017ee\u0161 robi\u0165 v\u0161etko.\" \/>\n<meta name=\"robots\" content=\"index, follow, max-snippet:-1, max-image-preview:large, max-video-preview:-1\" \/>\n<link rel=\"canonical\" href=\"https:\/\/www.math.sk\/mpm\/nasi-pedagogovia\/\" \/>\n<meta property=\"og:locale\" content=\"sk_SK\" \/>\n<meta property=\"og:type\" content=\"article\" \/>\n<meta property=\"og:title\" content=\"Matematicko-po\u010d\u00edta\u010dov\u00e9 modelovanie\" \/>\n<meta property=\"og:description\" content=\"Katedra matematiky a deskript\u00edvnej geometrie Stavebnej Fakulty Slovenskej Technickej Univerzity v Bratislave. St\u00e1le nevie\u0161, \u010do chce\u0161 v \u017eivote robi\u0165? \u0160tuduj aplikovan\u00fa matematiku, potom m\u00f4\u017ee\u0161 robi\u0165 v\u0161etko.\" \/>\n<meta property=\"og:url\" content=\"https:\/\/www.math.sk\/mpm\/nasi-pedagogovia\/\" \/>\n<meta property=\"og:site_name\" content=\"Matematicko-po\u010d\u00edta\u010dov\u00e9 modelovanie\" \/>\n<meta property=\"article:publisher\" content=\"https:\/\/www.facebook.com\/MatematickoPocitacoveModelovanie\/\" \/>\n<meta property=\"article:modified_time\" content=\"2024-12-06T13:03:36+00:00\" \/>\n<meta property=\"og:image\" content=\"https:\/\/www.math.sk\/mpm\/wp-content\/uploads\/2017\/10\/ikony-web-flat-ludia.svg\" \/>\n<meta name=\"twitter:card\" content=\"summary_large_image\" \/>\n<meta name=\"twitter:label1\" content=\"Predpokladan\u00fd \u010das \u010d\u00edtania\" \/>\n\t<meta name=\"twitter:data1\" content=\"8 min\u00fat\" \/>\n<script type=\"application\/ld+json\" class=\"yoast-schema-graph\">{\"@context\":\"https:\/\/schema.org\",\"@graph\":[{\"@type\":\"WebPage\",\"@id\":\"https:\/\/www.math.sk\/mpm\/nasi-pedagogovia\/\",\"url\":\"https:\/\/www.math.sk\/mpm\/nasi-pedagogovia\/\",\"name\":\"Matematicko-po\u010d\u00edta\u010dov\u00e9 modelovanie\",\"isPartOf\":{\"@id\":\"https:\/\/www.math.sk\/mpm\/#website\"},\"primaryImageOfPage\":{\"@id\":\"https:\/\/www.math.sk\/mpm\/nasi-pedagogovia\/#primaryimage\"},\"image\":{\"@id\":\"https:\/\/www.math.sk\/mpm\/nasi-pedagogovia\/#primaryimage\"},\"thumbnailUrl\":\"https:\/\/www.math.sk\/mpm\/wp-content\/uploads\/2017\/10\/ikony-web-flat-ludia.svg\",\"datePublished\":\"2017-10-14T10:20:31+00:00\",\"dateModified\":\"2024-12-06T13:03:36+00:00\",\"description\":\"Katedra matematiky a deskript\u00edvnej geometrie Stavebnej Fakulty Slovenskej Technickej Univerzity v Bratislave. St\u00e1le nevie\u0161, \u010do chce\u0161 v \u017eivote robi\u0165? \u0160tuduj aplikovan\u00fa matematiku, potom m\u00f4\u017ee\u0161 robi\u0165 v\u0161etko.\",\"breadcrumb\":{\"@id\":\"https:\/\/www.math.sk\/mpm\/nasi-pedagogovia\/#breadcrumb\"},\"inLanguage\":\"sk-SK\",\"potentialAction\":[{\"@type\":\"ReadAction\",\"target\":[\"https:\/\/www.math.sk\/mpm\/nasi-pedagogovia\/\"]}]},{\"@type\":\"ImageObject\",\"inLanguage\":\"sk-SK\",\"@id\":\"https:\/\/www.math.sk\/mpm\/nasi-pedagogovia\/#primaryimage\",\"url\":\"https:\/\/www.math.sk\/mpm\/wp-content\/uploads\/2017\/10\/ikony-web-flat-ludia.svg\",\"contentUrl\":\"https:\/\/www.math.sk\/mpm\/wp-content\/uploads\/2017\/10\/ikony-web-flat-ludia.svg\"},{\"@type\":\"BreadcrumbList\",\"@id\":\"https:\/\/www.math.sk\/mpm\/nasi-pedagogovia\/#breadcrumb\",\"itemListElement\":[{\"@type\":\"ListItem\",\"position\":1,\"name\":\"Home\",\"item\":\"https:\/\/www.math.sk\/mpm\/\"},{\"@type\":\"ListItem\",\"position\":2,\"name\":\"Na\u0161i pedag\u00f3govia\"}]},{\"@type\":\"WebSite\",\"@id\":\"https:\/\/www.math.sk\/mpm\/#website\",\"url\":\"https:\/\/www.math.sk\/mpm\/\",\"name\":\"Matematicko-po\u010d\u00edta\u010dov\u00e9 modelovanie\",\"description\":\"\",\"publisher\":{\"@id\":\"https:\/\/www.math.sk\/mpm\/#organization\"},\"potentialAction\":[{\"@type\":\"SearchAction\",\"target\":{\"@type\":\"EntryPoint\",\"urlTemplate\":\"https:\/\/www.math.sk\/mpm\/?s={search_term_string}\"},\"query-input\":{\"@type\":\"PropertyValueSpecification\",\"valueRequired\":true,\"valueName\":\"search_term_string\"}}],\"inLanguage\":\"sk-SK\"},{\"@type\":\"Organization\",\"@id\":\"https:\/\/www.math.sk\/mpm\/#organization\",\"name\":\"Matematicko-po\u010d\u00edta\u010dov\u00e9 modelovanie\",\"url\":\"https:\/\/www.math.sk\/mpm\/\",\"logo\":{\"@type\":\"ImageObject\",\"inLanguage\":\"sk-SK\",\"@id\":\"https:\/\/www.math.sk\/mpm\/#\/schema\/logo\/image\/\",\"url\":\"https:\/\/www.math.sk\/mpm\/wp-content\/uploads\/2017\/10\/logo-mpm-blue.svg\",\"contentUrl\":\"https:\/\/www.math.sk\/mpm\/wp-content\/uploads\/2017\/10\/logo-mpm-blue.svg\",\"width\":1,\"height\":1,\"caption\":\"Matematicko-po\u010d\u00edta\u010dov\u00e9 modelovanie\"},\"image\":{\"@id\":\"https:\/\/www.math.sk\/mpm\/#\/schema\/logo\/image\/\"},\"sameAs\":[\"https:\/\/www.facebook.com\/MatematickoPocitacoveModelovanie\/\",\"https:\/\/www.youtube.com\/channel\/UCkpSEyHDKycm0-o3X_eurdA\/featured\"]}]}<\/script>\n<!-- \/ Yoast SEO plugin. -->","yoast_head_json":{"title":"Matematicko-po\u010d\u00edta\u010dov\u00e9 modelovanie","description":"Katedra matematiky a deskript\u00edvnej geometrie Stavebnej Fakulty Slovenskej Technickej Univerzity v Bratislave. St\u00e1le nevie\u0161, \u010do chce\u0161 v \u017eivote robi\u0165? \u0160tuduj aplikovan\u00fa matematiku, potom m\u00f4\u017ee\u0161 robi\u0165 v\u0161etko.","robots":{"index":"index","follow":"follow","max-snippet":"max-snippet:-1","max-image-preview":"max-image-preview:large","max-video-preview":"max-video-preview:-1"},"canonical":"https:\/\/www.math.sk\/mpm\/nasi-pedagogovia\/","og_locale":"sk_SK","og_type":"article","og_title":"Matematicko-po\u010d\u00edta\u010dov\u00e9 modelovanie","og_description":"Katedra matematiky a deskript\u00edvnej geometrie Stavebnej Fakulty Slovenskej Technickej Univerzity v Bratislave. St\u00e1le nevie\u0161, \u010do chce\u0161 v \u017eivote robi\u0165? \u0160tuduj aplikovan\u00fa matematiku, potom m\u00f4\u017ee\u0161 robi\u0165 v\u0161etko.","og_url":"https:\/\/www.math.sk\/mpm\/nasi-pedagogovia\/","og_site_name":"Matematicko-po\u010d\u00edta\u010dov\u00e9 modelovanie","article_publisher":"https:\/\/www.facebook.com\/MatematickoPocitacoveModelovanie\/","article_modified_time":"2024-12-06T13:03:36+00:00","og_image":[{"url":"https:\/\/www.math.sk\/mpm\/wp-content\/uploads\/2017\/10\/ikony-web-flat-ludia.svg","type":"","width":"","height":""}],"twitter_card":"summary_large_image","twitter_misc":{"Predpokladan\u00fd \u010das \u010d\u00edtania":"8 min\u00fat"},"schema":{"@context":"https:\/\/schema.org","@graph":[{"@type":"WebPage","@id":"https:\/\/www.math.sk\/mpm\/nasi-pedagogovia\/","url":"https:\/\/www.math.sk\/mpm\/nasi-pedagogovia\/","name":"Matematicko-po\u010d\u00edta\u010dov\u00e9 modelovanie","isPartOf":{"@id":"https:\/\/www.math.sk\/mpm\/#website"},"primaryImageOfPage":{"@id":"https:\/\/www.math.sk\/mpm\/nasi-pedagogovia\/#primaryimage"},"image":{"@id":"https:\/\/www.math.sk\/mpm\/nasi-pedagogovia\/#primaryimage"},"thumbnailUrl":"https:\/\/www.math.sk\/mpm\/wp-content\/uploads\/2017\/10\/ikony-web-flat-ludia.svg","datePublished":"2017-10-14T10:20:31+00:00","dateModified":"2024-12-06T13:03:36+00:00","description":"Katedra matematiky a deskript\u00edvnej geometrie Stavebnej Fakulty Slovenskej Technickej Univerzity v Bratislave. St\u00e1le nevie\u0161, \u010do chce\u0161 v \u017eivote robi\u0165? \u0160tuduj aplikovan\u00fa matematiku, potom m\u00f4\u017ee\u0161 robi\u0165 v\u0161etko.","breadcrumb":{"@id":"https:\/\/www.math.sk\/mpm\/nasi-pedagogovia\/#breadcrumb"},"inLanguage":"sk-SK","potentialAction":[{"@type":"ReadAction","target":["https:\/\/www.math.sk\/mpm\/nasi-pedagogovia\/"]}]},{"@type":"ImageObject","inLanguage":"sk-SK","@id":"https:\/\/www.math.sk\/mpm\/nasi-pedagogovia\/#primaryimage","url":"https:\/\/www.math.sk\/mpm\/wp-content\/uploads\/2017\/10\/ikony-web-flat-ludia.svg","contentUrl":"https:\/\/www.math.sk\/mpm\/wp-content\/uploads\/2017\/10\/ikony-web-flat-ludia.svg"},{"@type":"BreadcrumbList","@id":"https:\/\/www.math.sk\/mpm\/nasi-pedagogovia\/#breadcrumb","itemListElement":[{"@type":"ListItem","position":1,"name":"Home","item":"https:\/\/www.math.sk\/mpm\/"},{"@type":"ListItem","position":2,"name":"Na\u0161i pedag\u00f3govia"}]},{"@type":"WebSite","@id":"https:\/\/www.math.sk\/mpm\/#website","url":"https:\/\/www.math.sk\/mpm\/","name":"Matematicko-po\u010d\u00edta\u010dov\u00e9 modelovanie","description":"","publisher":{"@id":"https:\/\/www.math.sk\/mpm\/#organization"},"potentialAction":[{"@type":"SearchAction","target":{"@type":"EntryPoint","urlTemplate":"https:\/\/www.math.sk\/mpm\/?s={search_term_string}"},"query-input":{"@type":"PropertyValueSpecification","valueRequired":true,"valueName":"search_term_string"}}],"inLanguage":"sk-SK"},{"@type":"Organization","@id":"https:\/\/www.math.sk\/mpm\/#organization","name":"Matematicko-po\u010d\u00edta\u010dov\u00e9 modelovanie","url":"https:\/\/www.math.sk\/mpm\/","logo":{"@type":"ImageObject","inLanguage":"sk-SK","@id":"https:\/\/www.math.sk\/mpm\/#\/schema\/logo\/image\/","url":"https:\/\/www.math.sk\/mpm\/wp-content\/uploads\/2017\/10\/logo-mpm-blue.svg","contentUrl":"https:\/\/www.math.sk\/mpm\/wp-content\/uploads\/2017\/10\/logo-mpm-blue.svg","width":1,"height":1,"caption":"Matematicko-po\u010d\u00edta\u010dov\u00e9 modelovanie"},"image":{"@id":"https:\/\/www.math.sk\/mpm\/#\/schema\/logo\/image\/"},"sameAs":["https:\/\/www.facebook.com\/MatematickoPocitacoveModelovanie\/","https:\/\/www.youtube.com\/channel\/UCkpSEyHDKycm0-o3X_eurdA\/featured"]}]}},"_links":{"self":[{"href":"https:\/\/www.math.sk\/mpm\/wp-json\/wp\/v2\/pages\/105","targetHints":{"allow":["GET"]}}],"collection":[{"href":"https:\/\/www.math.sk\/mpm\/wp-json\/wp\/v2\/pages"}],"about":[{"href":"https:\/\/www.math.sk\/mpm\/wp-json\/wp\/v2\/types\/page"}],"author":[{"embeddable":true,"href":"https:\/\/www.math.sk\/mpm\/wp-json\/wp\/v2\/users\/4"}],"replies":[{"embeddable":true,"href":"https:\/\/www.math.sk\/mpm\/wp-json\/wp\/v2\/comments?post=105"}],"version-history":[{"count":78,"href":"https:\/\/www.math.sk\/mpm\/wp-json\/wp\/v2\/pages\/105\/revisions"}],"predecessor-version":[{"id":1771,"href":"https:\/\/www.math.sk\/mpm\/wp-json\/wp\/v2\/pages\/105\/revisions\/1771"}],"wp:attachment":[{"href":"https:\/\/www.math.sk\/mpm\/wp-json\/wp\/v2\/media?parent=105"}],"curies":[{"name":"wp","href":"https:\/\/api.w.org\/{rel}","templated":true}]}}