{"id":60,"date":"2015-06-04T10:35:23","date_gmt":"2015-06-04T10:35:23","guid":{"rendered":"http:\/\/math.sk\/macak\/?page_id=60"},"modified":"2020-02-12T11:35:08","modified_gmt":"2020-02-12T11:35:08","slug":"matematika-4-gak","status":"publish","type":"page","link":"https:\/\/www.math.sk\/macak\/?page_id=60","title":{"rendered":"Matematika 4 (GAK)"},"content":{"rendered":"\n<p><strong>Okruh predn\u00e1\u0161ok:<\/strong><\/p>\n\n\n\n<ul class=\"wp-block-list\"><li>Priame a itera\u010dn\u00e9 met\u00f3dy line\u00e1rnej algebry.<\/li><li>Numerick\u00e9 integrovanie, numerick\u00e9 kvadrat\u00fary.<\/li><li>Oby\u010dajn\u00e9 diferenci\u00e1lne rovnice, po\u010diato\u010dn\u00e9 a okrajov\u00e9 \u00falohy, Eulerova met\u00f3da, Met\u00f3da kone\u010dn\u00fdch diferenci\u00ed<\/li><li>Parci\u00e1lne diferenc\u00e1lne rovnice, ich klasifik\u00e1cia, Met\u00f3da siet\u00ed pre eliptick\u00e9 a parabolick\u00e9 \u00falohy<\/li><li>Z\u00e1klady met\u00f3dy kone\u010dn\u00fdch objemov a met\u00f3dy okrajov\u00fdch prvkov a ich aplik\u00e1cia na rie\u0161enie geodetickej okrajovej \u00falohy<\/li><li>Met\u00f3da kone\u010dn\u00fdch prvkov a jej aplik\u00e1cia na vybran\u00e9 probl\u00e9my geodetickej praxe.<\/li><\/ul>\n\n\n\n<p><strong>HODNOTENIE<\/strong><\/p>\n\n\n\n<p>\u0160tudent m\u00f4\u017ee po\u010das semestra a&nbsp;z\u00e1vere\u010dnou sk\u00fa\u0161kou z\u00edska\u0165 najviac 100 bodov nasledovne:<\/p>\n\n\n\n<ul class=\"wp-block-list\"><li>Nap\u00edsan\u00edm dvoch p\u00edsomiek po\u010das semestra, <strong>ka\u017ed\u00e1 v&nbsp;hodnote 20 bodov<\/strong>. (spolu 2 p\u00edsomky v&nbsp;hodnote 40 bodov).<\/li><li>P\u00edsomnou z\u00e1vere\u010dnou sk\u00fa\u0161kou mo\u017eno z\u00edska\u0165 <strong>60 bodov.<\/strong><\/li><\/ul>\n\n\n\n<p><strong>Podmienky na \u00faspe\u0161n\u00e9 absolvovanie sk\u00fa\u0161ky <\/strong>s\u00fa: dosiahnutie aspo\u0148 10 bodov z p\u00edsomky&nbsp;(spolu&nbsp;<strong>20 bodov<\/strong>) a aspo\u0148 <strong>30 bodov<\/strong>&nbsp;z p\u00edsomnej z\u00e1vere\u010dnej sk\u00fa\u0161ky. V&nbsp;s\u00fa\u010dte <strong>56 bodov <\/strong>zo semestr\u00e1lnych p\u00edsomiek a&nbsp;z p\u00edsomnej z\u00e1vere\u010dnej sk\u00fa\u0161ky.<\/p>\n\n\n\n<p><strong>\u010eal\u0161ie inform\u00e1cie:<\/strong><\/p>\n\n\n\n<p>\u00da\u010das\u0165 na cvi\u010deniach a&nbsp;predn\u00e1\u0161kach sa riadi pod\u013ea Smernice \u0161tudijn\u00e9ho poriadku.<\/p>\n\n\n\n<p>Hodnotenie (A a\u017e FX) sa na z\u00e1klade z\u00edskan\u00fdch bodov pridel\u00ed pod\u013ea \u010cl\u00e1nku 16 Smernice \u0161tudijn\u00e9ho poriadku.<\/p>\n\n\n\n<p><strong>Odpor\u00fa\u010dan\u00e1 literat\u00fara:<\/strong><\/p>\n\n\n\n<p>[1] Handlovi\u010dov\u00e1, \u0160ir\u00e1\u0148, Mi\u0161\u00edk, Schneider: Rie\u0161en\u00e9 \u00falohy z matematiky I: <a href=\"http:\/\/www.math.sk\/skripta\/index.html\">http:\/\/www.math.sk\/skripta\/index.html<\/a><\/p>\n\n\n\n<p>[2] Handlovi\u010dov\u00e1: Rie\u0161en\u00e9 \u00falohy z matematiky II: <a href=\"http:\/\/www.math.sk\/skripta2\/index.html\">http:\/\/www.math.sk\/skripta2\/index.html<\/a><\/p>\n\n\n\n<p>[3]&nbsp; Handlovi\u010dov\u00e1, Schiesslov\u00e1: Diferen\u010dn\u00e9 met\u00f3dy rie\u0161enia in\u017einierskych \u00faloh, Bratislava: STU, 2007. 98 s. ISBN 978-80-227-2731-0<\/p>\n\n\n\n<p>[4] Podklady umiestnen\u00e9 na dokumentov\u00fd server v AIS.<\/p>\n\n\n\n<p><span style=\"background-color: #ffffff;\"><b>N\u00e1h\u013ead<\/b><\/span><strong>&nbsp;testu:&nbsp;<a href=\"http:\/\/www.math.sk\/macak\/wp-content\/uploads\/2015\/06\/priklad_TESTU_MAT4.pdf\">priklad_TESTU_MAT4<\/a><\/strong><\/p>\n","protected":false},"excerpt":{"rendered":"<p>Okruh predn\u00e1\u0161ok: Priame a itera\u010dn\u00e9 met\u00f3dy line\u00e1rnej algebry. Numerick\u00e9 integrovanie, numerick\u00e9 kvadrat\u00fary. Oby\u010dajn\u00e9 diferenci\u00e1lne rovnice, po\u010diato\u010dn\u00e9 a okrajov\u00e9 \u00falohy, Eulerova met\u00f3da, Met\u00f3da kone\u010dn\u00fdch diferenci\u00ed Parci\u00e1lne diferenc\u00e1lne&#46;&#46;&#46;<\/p>\n","protected":false},"author":1,"featured_media":0,"parent":199,"menu_order":0,"comment_status":"closed","ping_status":"closed","template":"","meta":{"footnotes":""},"class_list":["post-60","page","type-page","status-publish","hentry"],"_links":{"self":[{"href":"https:\/\/www.math.sk\/macak\/index.php?rest_route=\/wp\/v2\/pages\/60","targetHints":{"allow":["GET"]}}],"collection":[{"href":"https:\/\/www.math.sk\/macak\/index.php?rest_route=\/wp\/v2\/pages"}],"about":[{"href":"https:\/\/www.math.sk\/macak\/index.php?rest_route=\/wp\/v2\/types\/page"}],"author":[{"embeddable":true,"href":"https:\/\/www.math.sk\/macak\/index.php?rest_route=\/wp\/v2\/users\/1"}],"replies":[{"embeddable":true,"href":"https:\/\/www.math.sk\/macak\/index.php?rest_route=%2Fwp%2Fv2%2Fcomments&post=60"}],"version-history":[{"count":5,"href":"https:\/\/www.math.sk\/macak\/index.php?rest_route=\/wp\/v2\/pages\/60\/revisions"}],"predecessor-version":[{"id":232,"href":"https:\/\/www.math.sk\/macak\/index.php?rest_route=\/wp\/v2\/pages\/60\/revisions\/232"}],"up":[{"embeddable":true,"href":"https:\/\/www.math.sk\/macak\/index.php?rest_route=\/wp\/v2\/pages\/199"}],"wp:attachment":[{"href":"https:\/\/www.math.sk\/macak\/index.php?rest_route=%2Fwp%2Fv2%2Fmedia&parent=60"}],"curies":[{"name":"wp","href":"https:\/\/api.w.org\/{rel}","templated":true}]}}