{"id":199,"date":"2015-04-12T08:26:36","date_gmt":"2015-04-12T08:26:36","guid":{"rendered":"http:\/\/www.math.sk\/macak\/?page_id=199"},"modified":"2020-02-12T11:27:51","modified_gmt":"2020-02-12T11:27:51","slug":"vyuka-2","status":"publish","type":"page","link":"https:\/\/www.math.sk\/macak\/?page_id=199","title":{"rendered":"V\u00fduka"},"content":{"rendered":"\n<p><strong>PEDAGOGICK\u00c9 SK\u00daSENOSTI<\/strong><\/p>\n\n\n\n<ul class=\"wp-block-list\"><li><strong>Matematika<\/strong>, cvi\u010diaci, Stavebn\u00e1 fakulta STU v Bratislave, 2011 &#8211; 2013, 2019 &#8211;  s\u00fa\u010dasnos\u0165 <\/li><li><strong>Matematika 2<\/strong>, cvi\u010diaci, Stavebn\u00e1 fakulta STU v Bratislave, 2014 &#8211; s\u00fa\u010dasnos\u0165<\/li><li><strong>Matematika 4<\/strong>, predn\u00e1\u0161aj\u00faci a cvi\u010diaci, Stavebn\u00e1 fakulta STU v Bratislave, 2015 &#8211;  s\u00fa\u010dasnos\u0165 <\/li><li><strong>Numerick\u00e1 matematika<\/strong>, cvi\u010diaci, Stavebn\u00e1 fakulta STU v Bratislave, 2010 &#8211; 2015<\/li><li><strong>Software (ANSYS)<\/strong>, cvi\u010diaci, Stavebn\u00e1 fakulta STU v Bratislave, 2010 &#8211; 2012, 2014 &#8211; s\u00fa\u010dasnos\u0165 <\/li><li><strong>Pr\u00fadenie kvapal\u00edn a plynov<\/strong>, cvi\u010diaci, Stavebn\u00e1 fakulta STU v Bratislave, 2014 &#8211; 2015,  2017 &#8211;  s\u00fa\u010dasnos\u0165 <\/li><li><strong>Matematick\u00e9 modely v geod\u00e9zii<\/strong>, predn\u00e1\u0161aj\u00faci a cvi\u010diaci, Stavebn\u00e1 fakulta STU v  Bratislave, 2014 &#8211; 2016<\/li><\/ul>\n\n\n\n<p><\/p>\n","protected":false},"excerpt":{"rendered":"<p>PEDAGOGICK\u00c9 SK\u00daSENOSTI Matematika, cvi\u010diaci, Stavebn\u00e1 fakulta STU v Bratislave, 2011 &#8211; 2013, 2019 &#8211; s\u00fa\u010dasnos\u0165 Matematika 2, cvi\u010diaci, Stavebn\u00e1 fakulta STU v Bratislave, 2014 &#8211; s\u00fa\u010dasnos\u0165&#46;&#46;&#46;<\/p>\n","protected":false},"author":1,"featured_media":0,"parent":0,"menu_order":0,"comment_status":"closed","ping_status":"closed","template":"","meta":{"footnotes":""},"class_list":["post-199","page","type-page","status-publish","hentry"],"_links":{"self":[{"href":"https:\/\/www.math.sk\/macak\/index.php?rest_route=\/wp\/v2\/pages\/199","targetHints":{"allow":["GET"]}}],"collection":[{"href":"https:\/\/www.math.sk\/macak\/index.php?rest_route=\/wp\/v2\/pages"}],"about":[{"href":"https:\/\/www.math.sk\/macak\/index.php?rest_route=\/wp\/v2\/types\/page"}],"author":[{"embeddable":true,"href":"https:\/\/www.math.sk\/macak\/index.php?rest_route=\/wp\/v2\/users\/1"}],"replies":[{"embeddable":true,"href":"https:\/\/www.math.sk\/macak\/index.php?rest_route=%2Fwp%2Fv2%2Fcomments&post=199"}],"version-history":[{"count":3,"href":"https:\/\/www.math.sk\/macak\/index.php?rest_route=\/wp\/v2\/pages\/199\/revisions"}],"predecessor-version":[{"id":207,"href":"https:\/\/www.math.sk\/macak\/index.php?rest_route=\/wp\/v2\/pages\/199\/revisions\/207"}],"wp:attachment":[{"href":"https:\/\/www.math.sk\/macak\/index.php?rest_route=%2Fwp%2Fv2%2Fmedia&parent=199"}],"curies":[{"name":"wp","href":"https:\/\/api.w.org\/{rel}","templated":true}]}}