{"id":8,"date":"2014-01-30T10:23:55","date_gmt":"2014-01-30T10:23:55","guid":{"rendered":"http:\/\/math.sk\/gbvp\/?page_id=8"},"modified":"2025-03-31T19:02:16","modified_gmt":"2025-03-31T19:02:16","slug":"working-team","status":"publish","type":"page","link":"https:\/\/www.math.sk\/gbvp\/working-team\/","title":{"rendered":"Working team"},"content":{"rendered":"\n<h4 class=\"wp-block-heading\">Where we work:<\/h4>\n\n\n\n<p>Department of Mathematics and Descriptive Geometry<br> Faculty of Civil Engineering - Slovak University of Technology<br> Radlinsk\u00e9ho 11, 810 05&nbsp;Bratislava<br> Slovak Republic<br> www:&nbsp;<a href=\"https:\/\/www.math.sk\">https:\/\/www.math.sk<\/a><\/p>\n\n\n\n<h4 class=\"wp-block-heading\">Members of our team:<\/h4>\n\n\n\n<figure class=\"wp-block-table is-style-stripes\"><table class=\"has-fixed-layout\"><tbody><tr><td><img decoding=\"async\" src=\"http:\/\/www.math.sk\/gbvp\/wp-content\/uploads\/2025\/03\/cunderlik.jpg\" alt=\"\" class=\"wp-image-200\"><\/td><td><strong>Ing. R\u00f3bert \u010cunderl\u00edk, PhD.<\/strong><br>Researcher at the Department of Mathematics and Descriptive Geometry<br>E-mail: robert.cunderlik[at].stuba.sk<\/td><\/tr><tr><td><img decoding=\"async\" src=\"http:\/\/www.math.sk\/gbvp\/wp-content\/uploads\/2025\/03\/kollar.jpg\" alt=\"\" class=\"wp-image-565\"><\/td><td><strong>Ing. Michal Koll\u00e1r, PhD.<\/strong><br>Researcher at the Department of Mathematics and Descriptive Geometry<br>E-mail: michal.kollar[at]stuba.sk<\/td><\/tr><tr><td><img decoding=\"async\" src=\"http:\/\/www.math.sk\/gbvp\/wp-content\/uploads\/2025\/03\/macak.jpg\" alt=\"\" class=\"wp-image-565\"><\/td><td><strong>doc. Ing. Marek Mac\u00e1k, PhD.<\/strong><br>Head of the Department of Mathematics and Descriptive Geometry<br>www:&nbsp;<a href=\"http:\/\/www.math.sk\/macak\/\" target=\"_blank\" rel=\"noopener\">http:\/\/www.math.sk\/macak\/<\/a><br>E-mail: marek.macak[at]stuba.sk<\/td><\/tr><tr><td><img decoding=\"async\" src=\"http:\/\/www.math.sk\/gbvp\/wp-content\/uploads\/2025\/03\/mikula.jpg\" alt=\"\"><\/td><td><strong>prof. RNDr. Karol Mikula, DrSc.<\/strong><br>Deputy head of the Department of Mathematics and Descriptive Geometry<br>www:&nbsp;<a href=\"http:\/\/www.math.sk\/mikula\/\" target=\"_blank\" rel=\"noopener\">http:\/\/www.math.sk\/mikula\/<\/a><br>E-mail: karol.mikula[at]stuba.sk<\/td><\/tr><tr><td><img decoding=\"async\" src=\"http:\/\/www.math.sk\/gbvp\/wp-content\/uploads\/2025\/03\/IMG-20230408-WA0003-1.jpg\" alt=\"\"><\/td><td><strong>doc. Ing. Zuzana Minarechov\u00e1, PhD.<\/strong><br>Researcher at the Department of Mathematics and Descriptive Geometry<br>www:&nbsp;<a href=\"http:\/\/www.math.sk\/minarechova\/\" target=\"_blank\" rel=\"noreferrer noopener\">http:\/\/www.math.sk\/minarechova\/<\/a><br>E-mail: zuzana.minarechova[at]stuba.sk<\/td><\/tr><\/tbody><\/table><\/figure>\n\n\n\n<p><\/p>\n","protected":false},"excerpt":{"rendered":"<p>Where we work: Department of Mathematics and Descriptive Geometry Faculty of Civil Engineering - Slovak University of Technology Radlinsk\u00e9ho 11, 810 05&nbsp;Bratislava Slovak Republic www:&nbsp;https:\/\/www.math.sk Members of our team: Ing. R\u00f3bert \u010cunderl\u00edk, PhD.Researcher at the Department of Mathematics and Descriptive GeometryE-mail: robert.cunderlik[at].stuba.sk Ing. Michal Koll\u00e1r, PhD.Researcher at the Department of Mathematics and Descriptive GeometryE-mail: michal.kollar[at]stuba.sk &hellip; <\/p>\n<p class=\"link-more\"><a href=\"https:\/\/www.math.sk\/gbvp\/working-team\/\" class=\"more-link\">Read more<span class=\"screen-reader-text\"> \"Working team\"<\/span><\/a><\/p>\n","protected":false},"author":1,"featured_media":542,"parent":0,"menu_order":1,"comment_status":"closed","ping_status":"closed","template":"","meta":{"footnotes":""},"class_list":["post-8","page","type-page","status-publish","has-post-thumbnail","hentry"],"_links":{"self":[{"href":"https:\/\/www.math.sk\/gbvp\/wp-json\/wp\/v2\/pages\/8","targetHints":{"allow":["GET"]}}],"collection":[{"href":"https:\/\/www.math.sk\/gbvp\/wp-json\/wp\/v2\/pages"}],"about":[{"href":"https:\/\/www.math.sk\/gbvp\/wp-json\/wp\/v2\/types\/page"}],"author":[{"embeddable":true,"href":"https:\/\/www.math.sk\/gbvp\/wp-json\/wp\/v2\/users\/1"}],"replies":[{"embeddable":true,"href":"https:\/\/www.math.sk\/gbvp\/wp-json\/wp\/v2\/comments?post=8"}],"version-history":[{"count":74,"href":"https:\/\/www.math.sk\/gbvp\/wp-json\/wp\/v2\/pages\/8\/revisions"}],"predecessor-version":[{"id":606,"href":"https:\/\/www.math.sk\/gbvp\/wp-json\/wp\/v2\/pages\/8\/revisions\/606"}],"wp:featuredmedia":[{"embeddable":true,"href":"https:\/\/www.math.sk\/gbvp\/wp-json\/wp\/v2\/media\/542"}],"wp:attachment":[{"href":"https:\/\/www.math.sk\/gbvp\/wp-json\/wp\/v2\/media?parent=8"}],"curies":[{"name":"wp","href":"https:\/\/api.w.org\/{rel}","templated":true}]}}