{"id":801,"date":"2023-10-16T09:46:53","date_gmt":"2023-10-16T09:46:53","guid":{"rendered":"https:\/\/www.math.sk\/alg2024\/?page_id=801"},"modified":"2024-03-12T14:32:15","modified_gmt":"2024-03-12T14:32:15","slug":"posters","status":"publish","type":"page","link":"https:\/\/www.math.sk\/alg2024\/posters\/","title":{"rendered":"Posters"},"content":{"rendered":"\n<div style=\"height:50px\" aria-hidden=\"true\" class=\"wp-block-spacer\"><\/div>\n\n\n\n<h1 class=\"wp-block-heading has-neve-link-color-color has-text-color\">Accepted posters<\/h1>\n\n\n\n<hr class=\"wp-block-separator has-text-color has-neve-link-color-color has-alpha-channel-opacity has-neve-link-color-background-color has-background\"\/>\n\n\n\n<figure class=\"wp-block-table is-style-stripes\"><table><thead><tr><th>Presenter<\/th><th>Title of the contribution<\/th><\/tr><\/thead><tbody><tr><td><strong>Kehui Zhang<\/strong> (Hong Kong Baptist University)<\/td><td><a href=\"#wow-modal-id-34\">Image Segmentation with Shape Compactness Regularization<\/a><\/td><\/tr><tr><td><strong>Saeide Hajighasemi<\/strong> (Brandenburg Technical University Cottbus-Senftenberg)<\/td><td><a href=\"#wow-modal-id-41\">An improved Frankot and Chellappa method for surface normal integration using fuzzy concepts<\/a><\/td><\/tr><tr><td><strong>Zuzana Minarechov\u00e1<\/strong> (Slovak University of Technology)<\/td><td><a href=\"#wow-modal-id-45\">Solving the fixed gravimetric boundary value problem using mapped infinite elements<\/a><\/td><\/tr><tr><td><strong>Luk\u00e1\u0161 Tomek<\/strong> (Slovak University of Technology)<\/td><td><a href=\"#wow-modal-id-164\">Segmentation of planar point clouds using evolving curves<\/a><\/td><\/tr><tr><td><strong>Alexander K\u00f6hler<\/strong> (Brandenburg University of Technology)<\/td><td><a href=\"#wow-modal-id-61\">An experimental analysis of the K-SVD algorithm<\/a><\/td><\/tr><tr><td><strong>R\u00f3bert \u010cunderl\u00edk<\/strong> (Slovak University of Technology)<\/td><td><a href=\"#wow-modal-id-62\">3D high-resolution numerical modelling of altimetry-derived marine gravity data using FVM<\/a><\/td><\/tr><tr><td><strong>Michal \u017derav\u00fd<\/strong> (Slovak University of Technology)<\/td><td><a href=\"#wow-modal-id-83\">Well-balanced compact implicit numerical scheme for the shallow water equations with topography<\/a><\/td><\/tr><tr><td><strong>Dagmar \u017d\u00e1kov\u00e1<\/strong> (Slovak University of Technology)<\/td><td><a href=\"#wow-modal-id-85\">Numerical solution of two dimensional scalar conservation laws using compact implicit WENO scheme<\/a><\/td><\/tr><tr><td><strong>Konan Anderson Allaly<\/strong> (TatraMed Software s.r.o.)<\/td><td><a href=\"#wow-modal-id-163\">Automatic path extraction inside the aorta from CT data<\/a><\/td><\/tr><tr><td><strong>Katar\u00edna Lackov\u00e1<\/strong> (Slovak University of Technology)<\/td><td><a href=\"#wow-modal-id-89\">Novel compact schemes for advection equation: Employing inverse Lax-Wendroff procedure<\/a><\/td><\/tr><tr><td><strong>Angela Handlovi\u010dov\u00e1<\/strong> (Slovak University of Technology)<\/td><td><a href=\"#wow-modal-id-165\">Numerical scheme for AMSS model based on Finite volume method<\/a><\/td><\/tr><tr><td><strong>Martin Huska<\/strong> (University of Bologna)<\/td><td><a href=\"#wow-modal-id-139\">Quaternary Image Decomposition with Cross-Correlation-Based Multi-parameter Selection<\/a><\/td><\/tr><tr><td><strong>Giulia Lupi<\/strong> (Slovak University of Technology)<\/td><td><a href=\"#wow-modal-id-161\">Harmonic velocity vector field reconstruction from sparse samples by triple-Laplacian<\/a><\/td><\/tr><tr><td><strong>Robert Straka<\/strong> (AGH University of Science and Technology)<\/td><td><a href=\"#wow-modal-id-166\">Bloody LBM: bypass grafts simulation tool<\/a><\/td><\/tr><tr><td><strong>Hayden Ringer<\/strong> (Virginia Tech)<\/td><td><a href=\"#wow-modal-id-167\">Shape From Sound: The Inverse Laplacian Eigenvalue Problem<\/a><\/td><\/tr><tr><td><strong>Miranda Boutilier<\/strong> (Universit\u00e9 C\u00f4te d\u2019Azur)<\/td><td><a href=\"#wow-modal-id-170\">Trefftz Approximation Space for the Poisson Equation in Perforated Domains<\/a><\/td><\/tr><tr><td><strong>Gerg\u0151 Ibolya<\/strong> (Slovak University of Technology)<\/td><td><a href=\"#wow-modal-id-169\">Geometric interpretation and universal limiting of semi-implicit, fully discrete schemes for linear advection<\/a><\/td><\/tr><\/tbody><\/table><\/figure>\n\n\n\n<div style=\"height:100px\" aria-hidden=\"true\" class=\"wp-block-spacer\"><\/div>\n","protected":false},"excerpt":{"rendered":"<p>Accepted posters Presenter Title of the contribution Kehui Zhang (Hong Kong Baptist University) Image Segmentation with Shape Compactness Regularization Saeide Hajighasemi (Brandenburg Technical University Cottbus-Senftenberg) An improved Frankot and Chellappa method for surface normal integration using fuzzy concepts Zuzana Minarechov\u00e1 (Slovak University of Technology) Solving the fixed gravimetric boundary value problem using mapped infinite elements&hellip;&nbsp;<a href=\"https:\/\/www.math.sk\/alg2024\/posters\/\" class=\"\" rel=\"bookmark\">Read More &raquo;<span class=\"screen-reader-text\">Posters<\/span><\/a><\/p>\n","protected":false},"author":1,"featured_media":0,"parent":0,"menu_order":0,"comment_status":"closed","ping_status":"closed","template":"","meta":{"neve_meta_sidebar":"","neve_meta_container":"","neve_meta_enable_content_width":"","neve_meta_content_width":0,"neve_meta_title_alignment":"","neve_meta_author_avatar":"","neve_post_elements_order":"","neve_meta_disable_header":"","neve_meta_disable_footer":"off","neve_meta_disable_title":"on","_themeisle_gutenberg_block_has_review":false,"_ti_tpc_template_sync":false,"_ti_tpc_template_id":"","footnotes":""},"class_list":["post-801","page","type-page","status-publish","hentry"],"yoast_head":"<!-- This site is optimized with the Yoast SEO plugin v22.9 - https:\/\/yoast.com\/wordpress\/plugins\/seo\/ -->\n<title>Posters - ALGORITMY 2024<\/title>\n<meta name=\"robots\" content=\"index, follow, max-snippet:-1, max-image-preview:large, max-video-preview:-1\" \/>\n<link rel=\"canonical\" href=\"https:\/\/www.math.sk\/alg2024\/posters\/\" \/>\n<meta property=\"og:locale\" content=\"en_US\" \/>\n<meta property=\"og:type\" content=\"article\" \/>\n<meta property=\"og:title\" content=\"Posters - ALGORITMY 2024\" \/>\n<meta property=\"og:description\" content=\"Accepted posters Presenter Title of the contribution Kehui Zhang (Hong Kong Baptist University) Image Segmentation with Shape Compactness Regularization Saeide Hajighasemi (Brandenburg Technical University Cottbus-Senftenberg) An improved Frankot and Chellappa method for surface normal integration using fuzzy concepts Zuzana Minarechov\u00e1 (Slovak University of Technology) Solving the fixed gravimetric boundary value problem using mapped infinite elements&hellip;&nbsp;Read More &raquo;Posters\" \/>\n<meta property=\"og:url\" content=\"https:\/\/www.math.sk\/alg2024\/posters\/\" \/>\n<meta property=\"og:site_name\" content=\"ALGORITMY 2024\" \/>\n<meta property=\"article:modified_time\" content=\"2024-03-12T14:32:15+00:00\" \/>\n<meta name=\"twitter:card\" content=\"summary_large_image\" \/>\n<meta name=\"twitter:label1\" content=\"Est. reading time\" \/>\n\t<meta name=\"twitter:data1\" content=\"2 minutes\" \/>\n<script type=\"application\/ld+json\" class=\"yoast-schema-graph\">{\"@context\":\"https:\/\/schema.org\",\"@graph\":[{\"@type\":\"WebPage\",\"@id\":\"https:\/\/www.math.sk\/alg2024\/posters\/\",\"url\":\"https:\/\/www.math.sk\/alg2024\/posters\/\",\"name\":\"Posters - ALGORITMY 2024\",\"isPartOf\":{\"@id\":\"https:\/\/www.math.sk\/alg2024\/#website\"},\"datePublished\":\"2023-10-16T09:46:53+00:00\",\"dateModified\":\"2024-03-12T14:32:15+00:00\",\"breadcrumb\":{\"@id\":\"https:\/\/www.math.sk\/alg2024\/posters\/#breadcrumb\"},\"inLanguage\":\"en-US\",\"potentialAction\":[{\"@type\":\"ReadAction\",\"target\":[\"https:\/\/www.math.sk\/alg2024\/posters\/\"]}]},{\"@type\":\"BreadcrumbList\",\"@id\":\"https:\/\/www.math.sk\/alg2024\/posters\/#breadcrumb\",\"itemListElement\":[{\"@type\":\"ListItem\",\"position\":1,\"name\":\"Home\",\"item\":\"https:\/\/www.math.sk\/alg2024\/\"},{\"@type\":\"ListItem\",\"position\":2,\"name\":\"Posters\"}]},{\"@type\":\"WebSite\",\"@id\":\"https:\/\/www.math.sk\/alg2024\/#website\",\"url\":\"https:\/\/www.math.sk\/alg2024\/\",\"name\":\"ALGORITMY 2024\",\"description\":\"\",\"publisher\":{\"@id\":\"https:\/\/www.math.sk\/alg2024\/#organization\"},\"potentialAction\":[{\"@type\":\"SearchAction\",\"target\":{\"@type\":\"EntryPoint\",\"urlTemplate\":\"https:\/\/www.math.sk\/alg2024\/?s={search_term_string}\"},\"query-input\":\"required name=search_term_string\"}],\"inLanguage\":\"en-US\"},{\"@type\":\"Organization\",\"@id\":\"https:\/\/www.math.sk\/alg2024\/#organization\",\"name\":\"ALGORITMY 2024\",\"url\":\"https:\/\/www.math.sk\/alg2024\/\",\"logo\":{\"@type\":\"ImageObject\",\"inLanguage\":\"en-US\",\"@id\":\"https:\/\/www.math.sk\/alg2024\/#\/schema\/logo\/image\/\",\"url\":\"\",\"contentUrl\":\"\",\"caption\":\"ALGORITMY 2024\"},\"image\":{\"@id\":\"https:\/\/www.math.sk\/alg2024\/#\/schema\/logo\/image\/\"}}]}<\/script>\n<!-- \/ Yoast SEO plugin. -->","yoast_head_json":{"title":"Posters - ALGORITMY 2024","robots":{"index":"index","follow":"follow","max-snippet":"max-snippet:-1","max-image-preview":"max-image-preview:large","max-video-preview":"max-video-preview:-1"},"canonical":"https:\/\/www.math.sk\/alg2024\/posters\/","og_locale":"en_US","og_type":"article","og_title":"Posters - ALGORITMY 2024","og_description":"Accepted posters Presenter Title of the contribution Kehui Zhang (Hong Kong Baptist University) Image Segmentation with Shape Compactness Regularization Saeide Hajighasemi (Brandenburg Technical University Cottbus-Senftenberg) An improved Frankot and Chellappa method for surface normal integration using fuzzy concepts Zuzana Minarechov\u00e1 (Slovak University of Technology) Solving the fixed gravimetric boundary value problem using mapped infinite elements&hellip;&nbsp;Read More &raquo;Posters","og_url":"https:\/\/www.math.sk\/alg2024\/posters\/","og_site_name":"ALGORITMY 2024","article_modified_time":"2024-03-12T14:32:15+00:00","twitter_card":"summary_large_image","twitter_misc":{"Est. reading time":"2 minutes"},"schema":{"@context":"https:\/\/schema.org","@graph":[{"@type":"WebPage","@id":"https:\/\/www.math.sk\/alg2024\/posters\/","url":"https:\/\/www.math.sk\/alg2024\/posters\/","name":"Posters - ALGORITMY 2024","isPartOf":{"@id":"https:\/\/www.math.sk\/alg2024\/#website"},"datePublished":"2023-10-16T09:46:53+00:00","dateModified":"2024-03-12T14:32:15+00:00","breadcrumb":{"@id":"https:\/\/www.math.sk\/alg2024\/posters\/#breadcrumb"},"inLanguage":"en-US","potentialAction":[{"@type":"ReadAction","target":["https:\/\/www.math.sk\/alg2024\/posters\/"]}]},{"@type":"BreadcrumbList","@id":"https:\/\/www.math.sk\/alg2024\/posters\/#breadcrumb","itemListElement":[{"@type":"ListItem","position":1,"name":"Home","item":"https:\/\/www.math.sk\/alg2024\/"},{"@type":"ListItem","position":2,"name":"Posters"}]},{"@type":"WebSite","@id":"https:\/\/www.math.sk\/alg2024\/#website","url":"https:\/\/www.math.sk\/alg2024\/","name":"ALGORITMY 2024","description":"","publisher":{"@id":"https:\/\/www.math.sk\/alg2024\/#organization"},"potentialAction":[{"@type":"SearchAction","target":{"@type":"EntryPoint","urlTemplate":"https:\/\/www.math.sk\/alg2024\/?s={search_term_string}"},"query-input":"required name=search_term_string"}],"inLanguage":"en-US"},{"@type":"Organization","@id":"https:\/\/www.math.sk\/alg2024\/#organization","name":"ALGORITMY 2024","url":"https:\/\/www.math.sk\/alg2024\/","logo":{"@type":"ImageObject","inLanguage":"en-US","@id":"https:\/\/www.math.sk\/alg2024\/#\/schema\/logo\/image\/","url":"","contentUrl":"","caption":"ALGORITMY 2024"},"image":{"@id":"https:\/\/www.math.sk\/alg2024\/#\/schema\/logo\/image\/"}}]}},"_links":{"self":[{"href":"https:\/\/www.math.sk\/alg2024\/wp-json\/wp\/v2\/pages\/801","targetHints":{"allow":["GET"]}}],"collection":[{"href":"https:\/\/www.math.sk\/alg2024\/wp-json\/wp\/v2\/pages"}],"about":[{"href":"https:\/\/www.math.sk\/alg2024\/wp-json\/wp\/v2\/types\/page"}],"author":[{"embeddable":true,"href":"https:\/\/www.math.sk\/alg2024\/wp-json\/wp\/v2\/users\/1"}],"replies":[{"embeddable":true,"href":"https:\/\/www.math.sk\/alg2024\/wp-json\/wp\/v2\/comments?post=801"}],"version-history":[{"count":26,"href":"https:\/\/www.math.sk\/alg2024\/wp-json\/wp\/v2\/pages\/801\/revisions"}],"predecessor-version":[{"id":1300,"href":"https:\/\/www.math.sk\/alg2024\/wp-json\/wp\/v2\/pages\/801\/revisions\/1300"}],"wp:attachment":[{"href":"https:\/\/www.math.sk\/alg2024\/wp-json\/wp\/v2\/media?parent=801"}],"curies":[{"name":"wp","href":"https:\/\/api.w.org\/{rel}","templated":true}]}}