{"id":798,"date":"2023-10-16T09:45:47","date_gmt":"2023-10-16T09:45:47","guid":{"rendered":"https:\/\/www.math.sk\/alg2024\/?page_id=798"},"modified":"2024-03-06T13:45:00","modified_gmt":"2024-03-06T13:45:00","slug":"contributed-talks","status":"publish","type":"page","link":"https:\/\/www.math.sk\/alg2024\/contributed-talks\/","title":{"rendered":"Contributed Talks"},"content":{"rendered":"\n<div style=\"height:50px\" aria-hidden=\"true\" class=\"wp-block-spacer\"><\/div>\n\n\n\n<h1 class=\"wp-block-heading has-neve-link-color-color has-text-color\">Accepted contributed talks<\/h1>\n\n\n\n<hr class=\"wp-block-separator has-text-color has-neve-link-color-color has-alpha-channel-opacity has-neve-link-color-background-color has-background\"\/>\n\n\n\n<figure class=\"wp-block-table is-style-stripes\"><table><thead><tr><th>Speaker<\/th><th>Title of the contribution<\/th><\/tr><\/thead><tbody><tr><td><strong>Marian Slodicka<\/strong> (Ghent University)<\/td><td><a href=\"#wow-modal-id-15\">Evolutionary PDEs with Volterra operators: direct and inverse source problems<\/a><\/td><\/tr><tr><td><strong>Stefano Pozza<\/strong> (Charles University)<\/td><td><a href=\"#wow-modal-id-32\">A fast numerical method for the operator solution of the generalized Rosen-Zener model<\/a><\/td><\/tr><tr><td><strong>Michal B\u00e9re\u0161<\/strong> (Institute of Geonics, Czech Academy of Sciences)<\/td><td><a href=\"#wow-modal-id-40\">Parameter Fitting Using Bayesian Inversion Assisted by Neural Network Surrogate Model<\/a><\/td><\/tr><tr><td><strong>Jakub Kru\u017e\u00edk<\/strong> (Institute of Geonics, Czech Academy of Sciences)<\/td><td><a href=\"#wow-modal-id-168\">Preconditioned Active Set Algorithm for Quadratic Programming<\/a><\/td><\/tr><tr><td><strong>V\u00e1clav Ku\u010dera<\/strong> (Faculty of Mathematiccs and Physics, Charles University)<\/td><td><a href=\"#wow-modal-id-60\">Convergence of the finite element method on extremely deformed meshes<\/a><\/td><\/tr><tr><td><strong>Ji\u0159\u00ed Vala<\/strong> (Brno University of Technology)<\/td><td><a href=\"#wow-modal-id-71\">Computational smeared damage in the macroscopic analysis of quasi-brittle materials and structures<\/a><\/td><\/tr><tr><td><strong>Luk\u00e1\u0161 Jakab\u010din<\/strong> (University of Orl\u00e9ans)<\/td><td><a href=\"#wow-modal-id-84\">A percolation model for numerical simulation of non-reactive impregnation in porous media<\/a><\/td><\/tr><tr><td><strong>Giulia Lupi<\/strong> (Slovak University of Technology in Bratislava)<\/td><td><a href=\"#wow-modal-id-154\">Understanding macrophage motion during wound healing: extraction of smooth velocities and analysis of randomness<\/a><\/td><\/tr><tr><td><strong>Samuel Potter<\/strong> (Coreform, LLC)<\/td><td><a href=\"#wow-modal-id-153\">Fast hierarchical low-rank view factor matrices for thermal irradiance on planetary surfaces<\/a><\/td><\/tr><tr><td><strong>Miroslav Rozloznik<\/strong> (Czech Academy of Sciences)<\/td><td><a href=\"#wow-modal-id-158\">Iterated Gauss-Seidel Gmres <\/a><\/td><\/tr><tr><td><strong>Vladislav Koz\u00e1k<\/strong> (Brno University of Technology)<\/td><td><a href=\"#wow-modal-id-126\">Crack propagation modelling using XFEM and numerical problems, building materials applications<\/a><\/td><\/tr><tr><td><strong>Erika Kokavcov\u00e1<\/strong> (Institute of Science and Technology Austria)<\/td><td><a href=\"#wow-modal-id-135\">On Implicitly Constituted Fluids with Implicitly Constituted Boundary Conditions<\/a><\/td><\/tr><tr><td><strong>Birte Klug<\/strong> (Institute for Mathematics, RPTU Kaiserslautern-Landau)<\/td><td><a href=\"#wow-modal-id-136\">Simulations of supersonic flows to study trajectories of aerosols and the impaction-based sampling efficiency on a rocket-borne particle collector<\/a><\/td><\/tr><tr><td><strong>Yahya Saleh<\/strong> (Universit\u00e4t Hamburg and Center for Free-Electron Laser Science CFEL)<\/td><td><a href=\"#wow-modal-id-134\">Augmenting spectral methods with invertible neural networks and application to quantum molecular physics<\/a><\/td><\/tr><\/tbody><\/table><\/figure>\n\n\n\n<div style=\"height:100px\" aria-hidden=\"true\" class=\"wp-block-spacer\"><\/div>\n","protected":false},"excerpt":{"rendered":"<p>Accepted contributed talks Speaker Title of the contribution Marian Slodicka (Ghent University) Evolutionary PDEs with Volterra operators: direct and inverse source problems Stefano Pozza (Charles University) A fast numerical method for the operator solution of the generalized Rosen-Zener model Michal B\u00e9re\u0161 (Institute of Geonics, Czech Academy of Sciences) Parameter Fitting Using Bayesian Inversion Assisted by&hellip;&nbsp;<a href=\"https:\/\/www.math.sk\/alg2024\/contributed-talks\/\" class=\"\" rel=\"bookmark\">Read More &raquo;<span class=\"screen-reader-text\">Contributed Talks<\/span><\/a><\/p>\n","protected":false},"author":1,"featured_media":0,"parent":0,"menu_order":0,"comment_status":"closed","ping_status":"closed","template":"","meta":{"neve_meta_sidebar":"","neve_meta_container":"","neve_meta_enable_content_width":"","neve_meta_content_width":0,"neve_meta_title_alignment":"","neve_meta_author_avatar":"","neve_post_elements_order":"","neve_meta_disable_header":"","neve_meta_disable_footer":"","neve_meta_disable_title":"on","_themeisle_gutenberg_block_has_review":false,"_ti_tpc_template_sync":false,"_ti_tpc_template_id":"","footnotes":""},"class_list":["post-798","page","type-page","status-publish","hentry"],"yoast_head":"<!-- This site is optimized with the Yoast SEO plugin v22.9 - https:\/\/yoast.com\/wordpress\/plugins\/seo\/ -->\n<title>Contributed Talks - ALGORITMY 2024<\/title>\n<meta name=\"robots\" content=\"index, follow, max-snippet:-1, max-image-preview:large, max-video-preview:-1\" \/>\n<link rel=\"canonical\" href=\"https:\/\/www.math.sk\/alg2024\/contributed-talks\/\" \/>\n<meta property=\"og:locale\" content=\"en_US\" \/>\n<meta property=\"og:type\" content=\"article\" \/>\n<meta property=\"og:title\" content=\"Contributed Talks - ALGORITMY 2024\" \/>\n<meta property=\"og:description\" content=\"Accepted contributed talks Speaker Title of the contribution Marian Slodicka (Ghent University) Evolutionary PDEs with Volterra operators: direct and inverse source problems Stefano Pozza (Charles University) A fast numerical method for the operator solution of the generalized Rosen-Zener model Michal B\u00e9re\u0161 (Institute of Geonics, Czech Academy of Sciences) Parameter Fitting Using Bayesian Inversion Assisted by&hellip;&nbsp;Read More &raquo;Contributed Talks\" \/>\n<meta property=\"og:url\" content=\"https:\/\/www.math.sk\/alg2024\/contributed-talks\/\" \/>\n<meta property=\"og:site_name\" content=\"ALGORITMY 2024\" \/>\n<meta property=\"article:modified_time\" content=\"2024-03-06T13:45:00+00:00\" \/>\n<meta name=\"twitter:card\" content=\"summary_large_image\" \/>\n<meta name=\"twitter:label1\" content=\"Est. reading time\" \/>\n\t<meta name=\"twitter:data1\" content=\"2 minutes\" \/>\n<script type=\"application\/ld+json\" class=\"yoast-schema-graph\">{\"@context\":\"https:\/\/schema.org\",\"@graph\":[{\"@type\":\"WebPage\",\"@id\":\"https:\/\/www.math.sk\/alg2024\/contributed-talks\/\",\"url\":\"https:\/\/www.math.sk\/alg2024\/contributed-talks\/\",\"name\":\"Contributed Talks - ALGORITMY 2024\",\"isPartOf\":{\"@id\":\"https:\/\/www.math.sk\/alg2024\/#website\"},\"datePublished\":\"2023-10-16T09:45:47+00:00\",\"dateModified\":\"2024-03-06T13:45:00+00:00\",\"breadcrumb\":{\"@id\":\"https:\/\/www.math.sk\/alg2024\/contributed-talks\/#breadcrumb\"},\"inLanguage\":\"en-US\",\"potentialAction\":[{\"@type\":\"ReadAction\",\"target\":[\"https:\/\/www.math.sk\/alg2024\/contributed-talks\/\"]}]},{\"@type\":\"BreadcrumbList\",\"@id\":\"https:\/\/www.math.sk\/alg2024\/contributed-talks\/#breadcrumb\",\"itemListElement\":[{\"@type\":\"ListItem\",\"position\":1,\"name\":\"Home\",\"item\":\"https:\/\/www.math.sk\/alg2024\/\"},{\"@type\":\"ListItem\",\"position\":2,\"name\":\"Contributed Talks\"}]},{\"@type\":\"WebSite\",\"@id\":\"https:\/\/www.math.sk\/alg2024\/#website\",\"url\":\"https:\/\/www.math.sk\/alg2024\/\",\"name\":\"ALGORITMY 2024\",\"description\":\"\",\"publisher\":{\"@id\":\"https:\/\/www.math.sk\/alg2024\/#organization\"},\"potentialAction\":[{\"@type\":\"SearchAction\",\"target\":{\"@type\":\"EntryPoint\",\"urlTemplate\":\"https:\/\/www.math.sk\/alg2024\/?s={search_term_string}\"},\"query-input\":\"required name=search_term_string\"}],\"inLanguage\":\"en-US\"},{\"@type\":\"Organization\",\"@id\":\"https:\/\/www.math.sk\/alg2024\/#organization\",\"name\":\"ALGORITMY 2024\",\"url\":\"https:\/\/www.math.sk\/alg2024\/\",\"logo\":{\"@type\":\"ImageObject\",\"inLanguage\":\"en-US\",\"@id\":\"https:\/\/www.math.sk\/alg2024\/#\/schema\/logo\/image\/\",\"url\":\"\",\"contentUrl\":\"\",\"caption\":\"ALGORITMY 2024\"},\"image\":{\"@id\":\"https:\/\/www.math.sk\/alg2024\/#\/schema\/logo\/image\/\"}}]}<\/script>\n<!-- \/ Yoast SEO plugin. -->","yoast_head_json":{"title":"Contributed Talks - ALGORITMY 2024","robots":{"index":"index","follow":"follow","max-snippet":"max-snippet:-1","max-image-preview":"max-image-preview:large","max-video-preview":"max-video-preview:-1"},"canonical":"https:\/\/www.math.sk\/alg2024\/contributed-talks\/","og_locale":"en_US","og_type":"article","og_title":"Contributed Talks - ALGORITMY 2024","og_description":"Accepted contributed talks Speaker Title of the contribution Marian Slodicka (Ghent University) Evolutionary PDEs with Volterra operators: direct and inverse source problems Stefano Pozza (Charles University) A fast numerical method for the operator solution of the generalized Rosen-Zener model Michal B\u00e9re\u0161 (Institute of Geonics, Czech Academy of Sciences) Parameter Fitting Using Bayesian Inversion Assisted by&hellip;&nbsp;Read More &raquo;Contributed Talks","og_url":"https:\/\/www.math.sk\/alg2024\/contributed-talks\/","og_site_name":"ALGORITMY 2024","article_modified_time":"2024-03-06T13:45:00+00:00","twitter_card":"summary_large_image","twitter_misc":{"Est. reading time":"2 minutes"},"schema":{"@context":"https:\/\/schema.org","@graph":[{"@type":"WebPage","@id":"https:\/\/www.math.sk\/alg2024\/contributed-talks\/","url":"https:\/\/www.math.sk\/alg2024\/contributed-talks\/","name":"Contributed Talks - ALGORITMY 2024","isPartOf":{"@id":"https:\/\/www.math.sk\/alg2024\/#website"},"datePublished":"2023-10-16T09:45:47+00:00","dateModified":"2024-03-06T13:45:00+00:00","breadcrumb":{"@id":"https:\/\/www.math.sk\/alg2024\/contributed-talks\/#breadcrumb"},"inLanguage":"en-US","potentialAction":[{"@type":"ReadAction","target":["https:\/\/www.math.sk\/alg2024\/contributed-talks\/"]}]},{"@type":"BreadcrumbList","@id":"https:\/\/www.math.sk\/alg2024\/contributed-talks\/#breadcrumb","itemListElement":[{"@type":"ListItem","position":1,"name":"Home","item":"https:\/\/www.math.sk\/alg2024\/"},{"@type":"ListItem","position":2,"name":"Contributed Talks"}]},{"@type":"WebSite","@id":"https:\/\/www.math.sk\/alg2024\/#website","url":"https:\/\/www.math.sk\/alg2024\/","name":"ALGORITMY 2024","description":"","publisher":{"@id":"https:\/\/www.math.sk\/alg2024\/#organization"},"potentialAction":[{"@type":"SearchAction","target":{"@type":"EntryPoint","urlTemplate":"https:\/\/www.math.sk\/alg2024\/?s={search_term_string}"},"query-input":"required name=search_term_string"}],"inLanguage":"en-US"},{"@type":"Organization","@id":"https:\/\/www.math.sk\/alg2024\/#organization","name":"ALGORITMY 2024","url":"https:\/\/www.math.sk\/alg2024\/","logo":{"@type":"ImageObject","inLanguage":"en-US","@id":"https:\/\/www.math.sk\/alg2024\/#\/schema\/logo\/image\/","url":"","contentUrl":"","caption":"ALGORITMY 2024"},"image":{"@id":"https:\/\/www.math.sk\/alg2024\/#\/schema\/logo\/image\/"}}]}},"_links":{"self":[{"href":"https:\/\/www.math.sk\/alg2024\/wp-json\/wp\/v2\/pages\/798","targetHints":{"allow":["GET"]}}],"collection":[{"href":"https:\/\/www.math.sk\/alg2024\/wp-json\/wp\/v2\/pages"}],"about":[{"href":"https:\/\/www.math.sk\/alg2024\/wp-json\/wp\/v2\/types\/page"}],"author":[{"embeddable":true,"href":"https:\/\/www.math.sk\/alg2024\/wp-json\/wp\/v2\/users\/1"}],"replies":[{"embeddable":true,"href":"https:\/\/www.math.sk\/alg2024\/wp-json\/wp\/v2\/comments?post=798"}],"version-history":[{"count":29,"href":"https:\/\/www.math.sk\/alg2024\/wp-json\/wp\/v2\/pages\/798\/revisions"}],"predecessor-version":[{"id":1270,"href":"https:\/\/www.math.sk\/alg2024\/wp-json\/wp\/v2\/pages\/798\/revisions\/1270"}],"wp:attachment":[{"href":"https:\/\/www.math.sk\/alg2024\/wp-json\/wp\/v2\/media?parent=798"}],"curies":[{"name":"wp","href":"https:\/\/api.w.org\/{rel}","templated":true}]}}