{"id":54,"date":"2023-02-21T15:54:58","date_gmt":"2023-02-21T15:54:58","guid":{"rendered":"https:\/\/www.math.sk\/alg2024\/?page_id=54"},"modified":"2023-04-17T08:36:08","modified_gmt":"2023-04-17T08:36:08","slug":"programme-committee","status":"publish","type":"page","link":"https:\/\/www.math.sk\/alg2024\/programme-committee\/","title":{"rendered":"Programme Committee"},"content":{"rendered":"\n<div style=\"height:50px\" aria-hidden=\"true\" class=\"wp-block-spacer\"><\/div>\n\n\n\n<h1 class=\"wp-block-heading has-neve-link-color-color has-text-color\">Scientific Programme Committee<\/h1>\n\n\n\n<hr class=\"wp-block-separator has-text-color has-neve-link-color-color has-alpha-channel-opacity has-neve-link-color-background-color has-background\"\/>\n\n\n\n<p><a href=\"https:\/\/mat.fsv.cvut.cz\/benes\/\" target=\"_blank\" rel=\"noreferrer noopener\">Michal Bene\u0161<\/a> (Czech Technical University, Prague, Czech Republic)<br><a href=\"https:\/\/www2.karlin.mff.cuni.cz\/~dolejsi\/\" target=\"_blank\" rel=\"noreferrer noopener\">V\u00edt Dolej\u0161\u00ed<\/a> (Charles University, Prague, Czech Republic)<br><a href=\"https:\/\/www2.karlin.mff.cuni.cz\/~feist\/\" target=\"_blank\" rel=\"noreferrer noopener\">Miloslav Feistauer<\/a> (Charles University, Prague, Czech Republic)<br><a href=\"https:\/\/orcid.org\/0000-0002-3561-6943\" target=\"_blank\" rel=\"noreferrer noopener\">Peter Frolkovi\u010d<\/a> (Slovak University of Technology, Bratislava, Slovakia)<br><a href=\"https:\/\/www.wias-berlin.de\/~fuhrmann\/\" target=\"_blank\" rel=\"noreferrer noopener\">Juergen Fuhrmann<\/a> (WIAS Berlin, Germany)<br><a href=\"https:\/\/www.unige.ch\/~gander\/\" target=\"_blank\" rel=\"noreferrer noopener\">Martin J. Gander<\/a> (University of Geneva, Switzerland)<br><a href=\"https:\/\/www.i2m.univ-amu.fr\/user\/florence.hubert\/\" target=\"_blank\" rel=\"noreferrer noopener\">Florence Hubert<\/a> (University of Aix-Marseille, France)<br><a href=\"http:\/\/hore.dnom.fmph.uniba.sk\/members\/kacur.html\" target=\"_blank\" rel=\"noreferrer noopener\">Jozef Ka\u010dur<\/a> (Comenius University, Bratislava, Slovakia)<br><a href=\"https:\/\/cris.technion.ac.il\/en\/persons\/ron-kimmel\" target=\"_blank\" rel=\"noreferrer noopener\">Ron Kimmel<\/a> (Technion &#8211; Israel Institute of Technology, Haifa, Israel)<br><a href=\"https:\/\/www.numerik.mathematik.uni-mainz.de\/prof-dr-maria-lukacova-medvidova\/\" target=\"_blank\" rel=\"noreferrer noopener\">M\u00e1ria Luk\u00e1\u010dov\u00e1-Medvi\u010fov\u00e1<\/a> (University of Mainz, Germany)<br><a href=\"http:\/\/www.math.sk\/mikula\/\" target=\"_blank\" rel=\"noreferrer noopener\">Karol Mikula<\/a> (Slovak University of Technology, Bratislava, Slovakia) &#8211; chair<br><a href=\"https:\/\/www.unibo.it\/sitoweb\/serena.morigi\/en\" target=\"_blank\" rel=\"noreferrer noopener\">Serena Morigi<\/a> (University of Bologna, Italy)<br><a href=\"https:\/\/www.uni-muenster.de\/AMM\/en\/ohlberger\/team\/mario_ohlberger.shtml\" target=\"_blank\" rel=\"noreferrer noopener\">Mario Ohlberger<\/a> (University of Muenster, Germany)<br><a href=\"https:\/\/www.uhasselt.be\/en\/who-is-who\/sorin-pop\" target=\"_blank\" rel=\"noreferrer noopener\">Iuliu Sorin Pop<\/a> (University of Hasselt, Belgium)<br><a href=\"http:\/\/www.math.cas.cz\/homepage\/main_page.php?id_membre=200\" target=\"_blank\" rel=\"noreferrer noopener\">Miroslav Rozlo\u017en\u00edk<\/a> (Czech Academy of Sciences, Prague, Czech Republic)<br><a href=\"https:\/\/math.berkeley.edu\/people\/faculty\/james-sethian\" target=\"_blank\" rel=\"noreferrer noopener\">James A. Sethian<\/a> (University of California, Berkeley, USA)<br><a href=\"http:\/\/www.iam.fmph.uniba.sk\/institute\/sevcovic\/\" target=\"_blank\" rel=\"noreferrer noopener\">Daniel \u0160ev\u010dovi\u010d<\/a> (Comenius University, Bratislava, Slovakia)<br><a href=\"https:\/\/gyoseki1.mind.meiji.ac.jp\/mjuhp\/KgApp?resId=S001361&amp;Language=2\" target=\"_blank\" rel=\"noreferrer noopener\">Shigetoshi Yazaki<\/a> (Meiji University, Tokyo, Japan)<br><\/p>\n\n\n\n<div style=\"height:100px\" aria-hidden=\"true\" class=\"wp-block-spacer\"><\/div>\n","protected":false},"excerpt":{"rendered":"<p>Scientific Programme Committee Michal Bene\u0161 (Czech Technical University, Prague, Czech Republic)V\u00edt Dolej\u0161\u00ed (Charles University, Prague, Czech Republic)Miloslav Feistauer (Charles University, Prague, Czech Republic)Peter Frolkovi\u010d (Slovak University of Technology, Bratislava, Slovakia)Juergen Fuhrmann (WIAS Berlin, Germany)Martin J. Gander (University of Geneva, Switzerland)Florence Hubert (University of Aix-Marseille, France)Jozef Ka\u010dur (Comenius University, Bratislava, Slovakia)Ron Kimmel (Technion &#8211; Israel Institute&hellip;&nbsp;<a href=\"https:\/\/www.math.sk\/alg2024\/programme-committee\/\" class=\"\" rel=\"bookmark\">Read More &raquo;<span class=\"screen-reader-text\">Programme Committee<\/span><\/a><\/p>\n","protected":false},"author":1,"featured_media":0,"parent":0,"menu_order":0,"comment_status":"closed","ping_status":"closed","template":"","meta":{"neve_meta_sidebar":"","neve_meta_container":"","neve_meta_enable_content_width":"","neve_meta_content_width":0,"neve_meta_title_alignment":"","neve_meta_author_avatar":"","neve_post_elements_order":"","neve_meta_disable_header":"","neve_meta_disable_footer":"","neve_meta_disable_title":"on","_themeisle_gutenberg_block_has_review":false,"_ti_tpc_template_sync":false,"_ti_tpc_template_id":"","footnotes":""},"class_list":["post-54","page","type-page","status-publish","hentry"],"yoast_head":"<!-- This site is optimized with the Yoast SEO plugin v22.9 - https:\/\/yoast.com\/wordpress\/plugins\/seo\/ -->\n<title>Programme Committee - ALGORITMY 2024<\/title>\n<meta name=\"robots\" content=\"index, follow, max-snippet:-1, max-image-preview:large, max-video-preview:-1\" \/>\n<link rel=\"canonical\" href=\"https:\/\/www.math.sk\/alg2024\/programme-committee\/\" \/>\n<meta property=\"og:locale\" content=\"en_US\" \/>\n<meta property=\"og:type\" content=\"article\" \/>\n<meta property=\"og:title\" content=\"Programme Committee - ALGORITMY 2024\" \/>\n<meta property=\"og:description\" content=\"Scientific Programme Committee Michal Bene\u0161 (Czech Technical University, Prague, Czech Republic)V\u00edt Dolej\u0161\u00ed (Charles University, Prague, Czech Republic)Miloslav Feistauer (Charles University, Prague, Czech Republic)Peter Frolkovi\u010d (Slovak University of Technology, Bratislava, Slovakia)Juergen Fuhrmann (WIAS Berlin, Germany)Martin J. Gander (University of Geneva, Switzerland)Florence Hubert (University of Aix-Marseille, France)Jozef Ka\u010dur (Comenius University, Bratislava, Slovakia)Ron Kimmel (Technion &#8211; Israel Institute&hellip;&nbsp;Read More &raquo;Programme Committee\" \/>\n<meta property=\"og:url\" content=\"https:\/\/www.math.sk\/alg2024\/programme-committee\/\" \/>\n<meta property=\"og:site_name\" content=\"ALGORITMY 2024\" \/>\n<meta property=\"article:modified_time\" content=\"2023-04-17T08:36:08+00:00\" \/>\n<meta name=\"twitter:card\" content=\"summary_large_image\" \/>\n<meta name=\"twitter:label1\" content=\"Est. reading time\" \/>\n\t<meta name=\"twitter:data1\" content=\"1 minute\" \/>\n<script type=\"application\/ld+json\" class=\"yoast-schema-graph\">{\"@context\":\"https:\/\/schema.org\",\"@graph\":[{\"@type\":\"WebPage\",\"@id\":\"https:\/\/www.math.sk\/alg2024\/programme-committee\/\",\"url\":\"https:\/\/www.math.sk\/alg2024\/programme-committee\/\",\"name\":\"Programme Committee - ALGORITMY 2024\",\"isPartOf\":{\"@id\":\"https:\/\/www.math.sk\/alg2024\/#website\"},\"datePublished\":\"2023-02-21T15:54:58+00:00\",\"dateModified\":\"2023-04-17T08:36:08+00:00\",\"breadcrumb\":{\"@id\":\"https:\/\/www.math.sk\/alg2024\/programme-committee\/#breadcrumb\"},\"inLanguage\":\"en-US\",\"potentialAction\":[{\"@type\":\"ReadAction\",\"target\":[\"https:\/\/www.math.sk\/alg2024\/programme-committee\/\"]}]},{\"@type\":\"BreadcrumbList\",\"@id\":\"https:\/\/www.math.sk\/alg2024\/programme-committee\/#breadcrumb\",\"itemListElement\":[{\"@type\":\"ListItem\",\"position\":1,\"name\":\"Home\",\"item\":\"https:\/\/www.math.sk\/alg2024\/\"},{\"@type\":\"ListItem\",\"position\":2,\"name\":\"Programme Committee\"}]},{\"@type\":\"WebSite\",\"@id\":\"https:\/\/www.math.sk\/alg2024\/#website\",\"url\":\"https:\/\/www.math.sk\/alg2024\/\",\"name\":\"ALGORITMY 2024\",\"description\":\"\",\"publisher\":{\"@id\":\"https:\/\/www.math.sk\/alg2024\/#organization\"},\"potentialAction\":[{\"@type\":\"SearchAction\",\"target\":{\"@type\":\"EntryPoint\",\"urlTemplate\":\"https:\/\/www.math.sk\/alg2024\/?s={search_term_string}\"},\"query-input\":\"required name=search_term_string\"}],\"inLanguage\":\"en-US\"},{\"@type\":\"Organization\",\"@id\":\"https:\/\/www.math.sk\/alg2024\/#organization\",\"name\":\"ALGORITMY 2024\",\"url\":\"https:\/\/www.math.sk\/alg2024\/\",\"logo\":{\"@type\":\"ImageObject\",\"inLanguage\":\"en-US\",\"@id\":\"https:\/\/www.math.sk\/alg2024\/#\/schema\/logo\/image\/\",\"url\":\"\",\"contentUrl\":\"\",\"caption\":\"ALGORITMY 2024\"},\"image\":{\"@id\":\"https:\/\/www.math.sk\/alg2024\/#\/schema\/logo\/image\/\"}}]}<\/script>\n<!-- \/ Yoast SEO plugin. -->","yoast_head_json":{"title":"Programme Committee - ALGORITMY 2024","robots":{"index":"index","follow":"follow","max-snippet":"max-snippet:-1","max-image-preview":"max-image-preview:large","max-video-preview":"max-video-preview:-1"},"canonical":"https:\/\/www.math.sk\/alg2024\/programme-committee\/","og_locale":"en_US","og_type":"article","og_title":"Programme Committee - ALGORITMY 2024","og_description":"Scientific Programme Committee Michal Bene\u0161 (Czech Technical University, Prague, Czech Republic)V\u00edt Dolej\u0161\u00ed (Charles University, Prague, Czech Republic)Miloslav Feistauer (Charles University, Prague, Czech Republic)Peter Frolkovi\u010d (Slovak University of Technology, Bratislava, Slovakia)Juergen Fuhrmann (WIAS Berlin, Germany)Martin J. Gander (University of Geneva, Switzerland)Florence Hubert (University of Aix-Marseille, France)Jozef Ka\u010dur (Comenius University, Bratislava, Slovakia)Ron Kimmel (Technion &#8211; Israel Institute&hellip;&nbsp;Read More &raquo;Programme Committee","og_url":"https:\/\/www.math.sk\/alg2024\/programme-committee\/","og_site_name":"ALGORITMY 2024","article_modified_time":"2023-04-17T08:36:08+00:00","twitter_card":"summary_large_image","twitter_misc":{"Est. reading time":"1 minute"},"schema":{"@context":"https:\/\/schema.org","@graph":[{"@type":"WebPage","@id":"https:\/\/www.math.sk\/alg2024\/programme-committee\/","url":"https:\/\/www.math.sk\/alg2024\/programme-committee\/","name":"Programme Committee - ALGORITMY 2024","isPartOf":{"@id":"https:\/\/www.math.sk\/alg2024\/#website"},"datePublished":"2023-02-21T15:54:58+00:00","dateModified":"2023-04-17T08:36:08+00:00","breadcrumb":{"@id":"https:\/\/www.math.sk\/alg2024\/programme-committee\/#breadcrumb"},"inLanguage":"en-US","potentialAction":[{"@type":"ReadAction","target":["https:\/\/www.math.sk\/alg2024\/programme-committee\/"]}]},{"@type":"BreadcrumbList","@id":"https:\/\/www.math.sk\/alg2024\/programme-committee\/#breadcrumb","itemListElement":[{"@type":"ListItem","position":1,"name":"Home","item":"https:\/\/www.math.sk\/alg2024\/"},{"@type":"ListItem","position":2,"name":"Programme Committee"}]},{"@type":"WebSite","@id":"https:\/\/www.math.sk\/alg2024\/#website","url":"https:\/\/www.math.sk\/alg2024\/","name":"ALGORITMY 2024","description":"","publisher":{"@id":"https:\/\/www.math.sk\/alg2024\/#organization"},"potentialAction":[{"@type":"SearchAction","target":{"@type":"EntryPoint","urlTemplate":"https:\/\/www.math.sk\/alg2024\/?s={search_term_string}"},"query-input":"required name=search_term_string"}],"inLanguage":"en-US"},{"@type":"Organization","@id":"https:\/\/www.math.sk\/alg2024\/#organization","name":"ALGORITMY 2024","url":"https:\/\/www.math.sk\/alg2024\/","logo":{"@type":"ImageObject","inLanguage":"en-US","@id":"https:\/\/www.math.sk\/alg2024\/#\/schema\/logo\/image\/","url":"","contentUrl":"","caption":"ALGORITMY 2024"},"image":{"@id":"https:\/\/www.math.sk\/alg2024\/#\/schema\/logo\/image\/"}}]}},"_links":{"self":[{"href":"https:\/\/www.math.sk\/alg2024\/wp-json\/wp\/v2\/pages\/54","targetHints":{"allow":["GET"]}}],"collection":[{"href":"https:\/\/www.math.sk\/alg2024\/wp-json\/wp\/v2\/pages"}],"about":[{"href":"https:\/\/www.math.sk\/alg2024\/wp-json\/wp\/v2\/types\/page"}],"author":[{"embeddable":true,"href":"https:\/\/www.math.sk\/alg2024\/wp-json\/wp\/v2\/users\/1"}],"replies":[{"embeddable":true,"href":"https:\/\/www.math.sk\/alg2024\/wp-json\/wp\/v2\/comments?post=54"}],"version-history":[{"count":11,"href":"https:\/\/www.math.sk\/alg2024\/wp-json\/wp\/v2\/pages\/54\/revisions"}],"predecessor-version":[{"id":521,"href":"https:\/\/www.math.sk\/alg2024\/wp-json\/wp\/v2\/pages\/54\/revisions\/521"}],"wp:attachment":[{"href":"https:\/\/www.math.sk\/alg2024\/wp-json\/wp\/v2\/media?parent=54"}],"curies":[{"name":"wp","href":"https:\/\/api.w.org\/{rel}","templated":true}]}}