{"id":47,"date":"2012-02-24T10:02:15","date_gmt":"2012-02-24T10:02:15","guid":{"rendered":"http:\/\/www.math.sk\/svoc2012\/?page_id=47"},"modified":"2012-05-15T08:03:20","modified_gmt":"2012-05-15T08:03:20","slug":"organizatori","status":"publish","type":"page","link":"http:\/\/www.math.sk\/svoc2012\/organizatori","title":{"rendered":"Organiz\u00e1tori"},"content":{"rendered":"<p><strong>Zodpovedn\u00fd z\u00e1stupca JSMF:<\/strong><\/p>\n<p>Doc. RNDr. Martin Kalina, CSc.<\/p>\n<p><strong>Predseda organiza\u010dn\u00e9ho v\u00fdboru:<\/strong><\/p>\n<p><a href=\"http:\/\/www.math.sk\/mikula\" target=\"_blank\">prof. RNDr. Karol Mikula, DrSc.<\/a><\/p>\n<p><strong>\u010clenovia organiza\u010dn\u00e9ho v\u00fdboru:<\/strong><\/p>\n<p>Mgr. M\u00e1ria \u017dd\u00edmalov\u00e1, PhD.<\/p>\n<p><a href=\"http:\/\/www.math.sk\/faskova\" target=\"_blank\">Ing. Zuzana Minarechov\u00e1, PhD.<\/a><\/p>\n<p><a href=\"http:\/\/www.math.sk\/spir\" target=\"_blank\">Ing. R\u00f3bert \u0160pir<\/a><\/p>\n<p>Mgr. Martin Bala\u017eovjech, PhD.<\/p>\n<p>RNDr. Jana Kalick\u00e1, PhD.<\/p>\n<p>RNDr. M\u00e1ria Min\u00e1rov\u00e1, PhD.<\/p>\n<p>Doc. RNDr. Zuzana Kriv\u00e1, PhD.<\/p>\n<p>Ing. Marek Mac\u00e1k<\/p>\n<p>Ing. Michal Sm\u00ed\u0161ek<\/p>\n<p>Mgr. art. Mgr. Ladislav \u0160ipeky<\/p>\n<p>Mgr. Katar\u00edna \u0160krovinov\u00e1<\/p>\n<p>Mgr. Anna Petri\u010dkov\u00e1<\/p>\n<p>Mgr. D\u00e1vid Mese\u017enikov<\/p>\n<p>Mgr. Miroslav Sabo<\/p>\n<p>Ing. Jozef Urb\u00e1n<\/p>\n<p><strong>Web str\u00e1nka:<\/strong><\/p>\n<p><a title=\"spir\" href=\"http:\/\/www.math.sk\/spir\" target=\"_blank\">Ing. R\u00f3bert \u0160pir<\/a><\/p>\n<p>Kontaktn\u00e1 e-mailov\u00e1 adresa, na ktor\u00fa m\u00f4\u017eete posiela\u0165 ot\u00e1zky a pripomienky t\u00fdkaj\u00face sa s\u00fa\u0165a\u017ee je <a onclick=\"javascript:pageTracker._trackPageview('\/mailto\/svoc2012@math.sk');\" title=\"kontakt\"  href=\"mailto:svoc2012@math.sk\">svoc2012@math.sk<\/a><\/p>\n","protected":false},"excerpt":{"rendered":"<p>Zodpovedn\u00fd z\u00e1stupca JSMF: Doc. RNDr. Martin Kalina, CSc. Predseda organiza\u010dn\u00e9ho v\u00fdboru: prof. RNDr. Karol Mikula, DrSc. \u010clenovia organiza\u010dn\u00e9ho v\u00fdboru: Mgr. M\u00e1ria \u017dd\u00edmalov\u00e1, PhD. Ing. Zuzana Minarechov\u00e1, PhD. Ing. R\u00f3bert \u0160pir Mgr. Martin Bala\u017eovjech, PhD. RNDr. Jana Kalick\u00e1, PhD. RNDr. M\u00e1ria Min\u00e1rov\u00e1, PhD. Doc. RNDr. Zuzana Kriv\u00e1, PhD. Ing. Marek Mac\u00e1k Ing. Michal Sm\u00ed\u0161ek Mgr. art. Mgr. Ladislav \u0160ipeky Mgr. Katar\u00edna \u0160krovinov\u00e1 Mgr. Anna Petri\u010dkov\u00e1 Mgr. D\u00e1vid Mese\u017enikov Mgr. Miroslav Sabo Ing. Jozef Urb\u00e1n Web str\u00e1nka: Ing. R\u00f3bert \u0160pir Kontaktn\u00e1 e-mailov\u00e1 adresa, na ktor\u00fa m\u00f4\u017eete posiela\u0165 ot\u00e1zky a pripomienky t\u00fdkaj\u00face sa s\u00fa\u0165a\u017ee je svoc2012@math.sk<\/p>\n","protected":false},"author":1,"featured_media":0,"parent":0,"menu_order":0,"comment_status":"open","ping_status":"open","template":"","meta":[],"_links":{"self":[{"href":"http:\/\/www.math.sk\/svoc2012\/wp-json\/wp\/v2\/pages\/47"}],"collection":[{"href":"http:\/\/www.math.sk\/svoc2012\/wp-json\/wp\/v2\/pages"}],"about":[{"href":"http:\/\/www.math.sk\/svoc2012\/wp-json\/wp\/v2\/types\/page"}],"author":[{"embeddable":true,"href":"http:\/\/www.math.sk\/svoc2012\/wp-json\/wp\/v2\/users\/1"}],"replies":[{"embeddable":true,"href":"http:\/\/www.math.sk\/svoc2012\/wp-json\/wp\/v2\/comments?post=47"}],"version-history":[{"count":13,"href":"http:\/\/www.math.sk\/svoc2012\/wp-json\/wp\/v2\/pages\/47\/revisions"}],"predecessor-version":[{"id":235,"href":"http:\/\/www.math.sk\/svoc2012\/wp-json\/wp\/v2\/pages\/47\/revisions\/235"}],"wp:attachment":[{"href":"http:\/\/www.math.sk\/svoc2012\/wp-json\/wp\/v2\/media?parent=47"}],"curies":[{"name":"wp","href":"https:\/\/api.w.org\/{rel}","templated":true}]}}