{"id":45,"date":"2012-02-24T10:00:17","date_gmt":"2012-02-24T10:00:17","guid":{"rendered":"http:\/\/www.math.sk\/svoc2012\/?page_id=45"},"modified":"2012-05-15T08:04:28","modified_gmt":"2012-05-15T08:04:28","slug":"doprava","status":"publish","type":"page","link":"http:\/\/www.math.sk\/svoc2012\/doprava","title":{"rendered":"Doprava"},"content":{"rendered":"<h4><strong>Hotel Akademik:<\/strong><\/h4>\n<p><strong>Doprava z hlavnej \u017eelezni\u010dnej stanice:<\/strong><\/p>\n<p><strong><\/strong>Presun zo zast\u00e1vky <strong>Hlavn\u00e1 stanica<\/strong> linkami <strong>61<\/strong>, <strong>201<\/strong> alebo <strong>210<\/strong> na zast\u00e1vku <strong>Ra\u010dianske m\u00fdto<\/strong>, d\u013a\u017eka cesty 5 min\u00fat, cena 15 min\u00fatov\u00e9ho l\u00edstka 0.70\u20ac, potrebn\u00e9 zak\u00fapi\u0165 pred cestou v automate alebo novinovom st\u00e1nku. Odtia\u013e presun pe\u0161o do hotela Akademik pod\u013ea mapky.<\/p>\n<p>Z hlavnej stanice je mo\u017en\u00fd aj presun pe\u0161o, pozd\u013a\u017e elektri\u010dkovej trate, cesta trv\u00e1 zhruba 10 min\u00fat.<\/p>\n<p><strong>Doprava z hlavnej autobusovej stanice:<\/strong><\/p>\n<p><strong><\/strong>Presun zo zast\u00e1vky <strong>Autobusov\u00e1 stanica<\/strong> linkou<strong><\/strong> <strong>210<\/strong> na zast\u00e1vku <strong>Ra\u010dianske m\u00fdto<\/strong>, d\u013a\u017eka cesty 6 min\u00fat, cena 15 min\u00fatov\u00e9ho l\u00edstka 0.70\u20ac, potrebn\u00e9 zak\u00fapi\u0165 pred cestou v automate alebo novinovom st\u00e1nku. Odtia\u013e presun pe\u0161o do hotela Akademik pod\u013ea mapky.<\/p>\n<p style=\"text-align: center;\"><a rel=\"slb_group[45] slb slb_internal\" href=\"http:\/\/www.math.sk\/svoc2012\/wp-content\/uploads\/2012\/02\/akademik.jpg\" onclick=\"javascript:pageTracker._trackPageview('\/downloads\/svoc2012\/wp-content\/uploads\/2012\/02\/akademik.jpg');\"><img loading=\"lazy\" class=\"aligncenter size-medium wp-image-223\" title=\"akademik\" src=\"http:\/\/www.math.sk\/svoc2012\/wp-content\/uploads\/2012\/02\/akademik-300x284.jpg\" alt=\"\" width=\"300\" height=\"284\" srcset=\"http:\/\/www.math.sk\/svoc2012\/wp-content\/uploads\/2012\/02\/akademik-300x284.jpg 300w, http:\/\/www.math.sk\/svoc2012\/wp-content\/uploads\/2012\/02\/akademik.jpg 637w\" sizes=\"(max-width: 300px) 100vw, 300px\" \/><\/a><\/p>\n<h4><strong>\u0160tudentsk\u00fd domov Jura Hronca:<\/strong><\/h4>\n<p><strong>Doprava z hlavnej \u017eelezni\u010dnej aj z autobusovej stanice:<\/strong><\/p>\n<p><strong><\/strong>Z obidvoch stan\u00edc je najvhodnej\u0161ia doprava linkou 210 na zast\u00e1vku <strong>Ra\u010dianske m\u00fdto<\/strong>, d\u013a\u017eka cesty 6 min\u00fat, cena 15 min\u00fatov\u00e9ho l\u00edstka 0.70\u20ac, potrebn\u00e9 zak\u00fapi\u0165 pred cestou v automate alebo novinovom st\u00e1nku. Odtia\u013e presun pe\u0161o pod\u013ea mapky.<\/p>\n<p style=\"text-align: center;\"><a rel=\"slb_group[45] slb slb_internal\" href=\"http:\/\/www.math.sk\/svoc2012\/wp-content\/uploads\/2012\/02\/bernolak.jpg\" onclick=\"javascript:pageTracker._trackPageview('\/downloads\/svoc2012\/wp-content\/uploads\/2012\/02\/bernolak.jpg');\"><img loading=\"lazy\" class=\"aligncenter size-medium wp-image-224\" title=\"bernolak\" src=\"http:\/\/www.math.sk\/svoc2012\/wp-content\/uploads\/2012\/02\/bernolak-296x300.jpg\" alt=\"\" width=\"296\" height=\"300\" srcset=\"http:\/\/www.math.sk\/svoc2012\/wp-content\/uploads\/2012\/02\/bernolak-296x300.jpg 296w, http:\/\/www.math.sk\/svoc2012\/wp-content\/uploads\/2012\/02\/bernolak.jpg 478w\" sizes=\"(max-width: 296px) 100vw, 296px\" \/><\/a><\/p>\n<h4><strong>\u0160tudentsk\u00fd domov Svoradov:<\/strong><\/h4>\n<p><strong>Doprava z hlavnej \u017eelezni\u010dnej stanice:<\/strong><\/p>\n<p>Presun zo zast\u00e1vky <strong>Hlavn\u00e1 stanica<\/strong> linkou <strong>93 <\/strong>alebo <strong>x13<\/strong> na zast\u00e1vku <strong>Hod\u017eovo n\u00e1mestie.<\/strong> Zo zast\u00e1vky <strong>Hod\u017eovo n\u00e1mestie <\/strong>presun na zast\u00e1vku <strong>Partiz\u00e1nska<\/strong> linkami <strong>203 <\/strong>alebo <strong>207. <\/strong>Odpor\u00fa\u010dame pou\u017ei\u0165 60 min\u00fatov\u00fd prestupn\u00fd l\u00edstok, 0.90\u20ac, potrebn\u00e9 zak\u00fapi\u0165 pred cestou v automate alebo novinovom st\u00e1nku. Odtia\u013e presun pe\u0161o pod\u013ea mapky.<\/p>\n<p><strong>Doprava z hlavnej autobusovej stanice:<\/strong><\/p>\n<p><strong><\/strong>Presun zo zast\u00e1vky <strong>Autobusov\u00e1 stanica<\/strong> linkou<strong><\/strong> <strong>208<\/strong> na zast\u00e1vku <strong>Kozia<\/strong>, d\u013a\u017eka cesty 9 min\u00fat, cena 15 min\u00fatov\u00e9ho l\u00edstka 0.70\u20ac, potrebn\u00e9 zak\u00fapi\u0165 pred cestou v automate alebo novinovom st\u00e1nku. Odtia\u013e presun pe\u0161o pod\u013ea mapky.<\/p>\n<p style=\"text-align: center;\"><a rel=\"slb_group[45] slb slb_internal\" href=\"http:\/\/www.math.sk\/svoc2012\/wp-content\/uploads\/2012\/02\/svoradov1.jpg\" onclick=\"javascript:pageTracker._trackPageview('\/downloads\/svoc2012\/wp-content\/uploads\/2012\/02\/svoradov1.jpg');\"><img loading=\"lazy\" class=\"aligncenter size-medium wp-image-226\" title=\"svoradov\" src=\"http:\/\/www.math.sk\/svoc2012\/wp-content\/uploads\/2012\/02\/svoradov1-300x259.jpg\" alt=\"\" width=\"300\" height=\"259\" srcset=\"http:\/\/www.math.sk\/svoc2012\/wp-content\/uploads\/2012\/02\/svoradov1-300x259.jpg 300w, http:\/\/www.math.sk\/svoc2012\/wp-content\/uploads\/2012\/02\/svoradov1.jpg 601w\" sizes=\"(max-width: 300px) 100vw, 300px\" \/><\/a><\/p>\n<h4><strong>S\u00fa\u0165a\u017e sa kon\u00e1 na Stavebnej fakulte Slovenskej technickej univerzity na Radlinsk\u00e9ho 11 v Bratislave.<\/strong><\/h4>\n<p><a rel=\"slb_group[45] slb slb_internal\" href=\"http:\/\/www.math.sk\/svoc2012\/wp-content\/uploads\/2012\/02\/svfstu.jpg\" onclick=\"javascript:pageTracker._trackPageview('\/downloads\/svoc2012\/wp-content\/uploads\/2012\/02\/svfstu.jpg');\"><img loading=\"lazy\" class=\"aligncenter size-medium wp-image-89\" title=\"svfstu\" src=\"http:\/\/www.math.sk\/svoc2012\/wp-content\/uploads\/2012\/02\/svfstu-300x287.jpg\" alt=\"\" width=\"300\" height=\"287\" srcset=\"http:\/\/www.math.sk\/svoc2012\/wp-content\/uploads\/2012\/02\/svfstu-300x287.jpg 300w, http:\/\/www.math.sk\/svoc2012\/wp-content\/uploads\/2012\/02\/svfstu.jpg 655w\" sizes=\"(max-width: 300px) 100vw, 300px\" \/><\/a><\/p>\n<p>Presun z hotela Akademik a \u0160tudentsk\u00e9ho domova Jura Hronca je mo\u017en\u00fd pe\u0161o, pod\u013ea mapky.<\/p>\n<p style=\"text-align: center;\"><a rel=\"slb_group[45] slb slb_internal\" href=\"http:\/\/www.math.sk\/svoc2012\/wp-content\/uploads\/2012\/02\/skola_z_akademik_bernolak.jpg\" onclick=\"javascript:pageTracker._trackPageview('\/downloads\/svoc2012\/wp-content\/uploads\/2012\/02\/skola_z_akademik_bernolak.jpg');\"><img loading=\"lazy\" class=\"aligncenter size-medium wp-image-229\" title=\"skola_z_akademik_bernolak\" src=\"http:\/\/www.math.sk\/svoc2012\/wp-content\/uploads\/2012\/02\/skola_z_akademik_bernolak-300x263.jpg\" alt=\"\" width=\"300\" height=\"263\" srcset=\"http:\/\/www.math.sk\/svoc2012\/wp-content\/uploads\/2012\/02\/skola_z_akademik_bernolak-300x263.jpg 300w, http:\/\/www.math.sk\/svoc2012\/wp-content\/uploads\/2012\/02\/skola_z_akademik_bernolak.jpg 773w\" sizes=\"(max-width: 300px) 100vw, 300px\" \/><\/a><\/p>\n<p style=\"text-align: left;\">Presun zo \u0160tudentsk\u00e9ho domova Svoradov je mo\u017en\u00fd linkami <strong>203 <\/strong>alebo <strong>207<\/strong> na zast\u00e1vky <strong>Koll\u00e1rovo n\u00e1mestie,<\/strong> respekt\u00edve <strong>N\u00e1mestie slobody, <\/strong>trvanie cesty 10 min\u00fat, a presun pe\u0161o do \u0161koly pod\u013ea mapky.<\/p>\n<p style=\"text-align: left;\"><a rel=\"slb_group[45] slb slb_internal\" href=\"http:\/\/www.math.sk\/svoc2012\/wp-content\/uploads\/2012\/02\/zo_svoradova.jpg\" onclick=\"javascript:pageTracker._trackPageview('\/downloads\/svoc2012\/wp-content\/uploads\/2012\/02\/zo_svoradova.jpg');\"><img loading=\"lazy\" class=\"aligncenter size-medium wp-image-230\" title=\"zo_svoradova\" src=\"http:\/\/www.math.sk\/svoc2012\/wp-content\/uploads\/2012\/02\/zo_svoradova-300x250.jpg\" alt=\"\" width=\"300\" height=\"250\" srcset=\"http:\/\/www.math.sk\/svoc2012\/wp-content\/uploads\/2012\/02\/zo_svoradova-300x250.jpg 300w, http:\/\/www.math.sk\/svoc2012\/wp-content\/uploads\/2012\/02\/zo_svoradova.jpg 667w\" sizes=\"(max-width: 300px) 100vw, 300px\" \/><\/a><\/p>\n<p>&nbsp;<\/p>\n","protected":false},"excerpt":{"rendered":"<p>Hotel Akademik: Doprava z hlavnej \u017eelezni\u010dnej stanice: Presun zo zast\u00e1vky Hlavn\u00e1 stanica linkami 61, 201 alebo 210 na zast\u00e1vku Ra\u010dianske m\u00fdto, d\u013a\u017eka cesty 5 min\u00fat, cena 15 min\u00fatov\u00e9ho l\u00edstka 0.70\u20ac, potrebn\u00e9 zak\u00fapi\u0165 pred cestou v automate alebo novinovom st\u00e1nku. Odtia\u013e presun pe\u0161o do hotela Akademik pod\u013ea mapky. Z hlavnej stanice je mo\u017en\u00fd aj presun pe\u0161o, pozd\u013a\u017e elektri\u010dkovej trate, cesta trv\u00e1 zhruba 10 min\u00fat. Doprava z hlavnej autobusovej stanice: Presun zo zast\u00e1vky Autobusov\u00e1 stanica linkou 210 na zast\u00e1vku Ra\u010dianske m\u00fdto, d\u013a\u017eka cesty 6 min\u00fat, cena 15 min\u00fatov\u00e9ho l\u00edstka 0.70\u20ac, potrebn\u00e9 zak\u00fapi\u0165 pred cestou v automate alebo novinovom st\u00e1nku. Odtia\u013e presun pe\u0161o do hotela Akademik pod\u013ea mapky. \u0160tudentsk\u00fd domov Jura Hronca: Doprava z hlavnej \u017eelezni\u010dnej aj z autobusovej stanice: Z obidvoch stan\u00edc je najvhodnej\u0161ia doprava linkou 210 na zast\u00e1vku Ra\u010dianske m\u00fdto, d\u013a\u017eka cesty 6 min\u00fat, cena 15 min\u00fatov\u00e9ho l\u00edstka 0.70\u20ac, potrebn\u00e9 zak\u00fapi\u0165 pred cestou v automate alebo novinovom st\u00e1nku. Odtia\u013e presun pe\u0161o pod\u013ea mapky. \u0160tudentsk\u00fd domov Svoradov: Doprava z hlavnej \u017eelezni\u010dnej stanice: Presun zo zast\u00e1vky Hlavn\u00e1 stanica linkou 93 alebo x13 na zast\u00e1vku Hod\u017eovo n\u00e1mestie. Zo zast\u00e1vky Hod\u017eovo n\u00e1mestie presun na zast\u00e1vku Partiz\u00e1nska linkami 203 alebo 207. Odpor\u00fa\u010dame pou\u017ei\u0165 60 min\u00fatov\u00fd prestupn\u00fd l\u00edstok, 0.90\u20ac, potrebn\u00e9 zak\u00fapi\u0165 pred cestou v automate alebo novinovom [&hellip;]<\/p>\n","protected":false},"author":1,"featured_media":0,"parent":0,"menu_order":0,"comment_status":"open","ping_status":"open","template":"","meta":[],"_links":{"self":[{"href":"http:\/\/www.math.sk\/svoc2012\/wp-json\/wp\/v2\/pages\/45"}],"collection":[{"href":"http:\/\/www.math.sk\/svoc2012\/wp-json\/wp\/v2\/pages"}],"about":[{"href":"http:\/\/www.math.sk\/svoc2012\/wp-json\/wp\/v2\/types\/page"}],"author":[{"embeddable":true,"href":"http:\/\/www.math.sk\/svoc2012\/wp-json\/wp\/v2\/users\/1"}],"replies":[{"embeddable":true,"href":"http:\/\/www.math.sk\/svoc2012\/wp-json\/wp\/v2\/comments?post=45"}],"version-history":[{"count":14,"href":"http:\/\/www.math.sk\/svoc2012\/wp-json\/wp\/v2\/pages\/45\/revisions"}],"predecessor-version":[{"id":236,"href":"http:\/\/www.math.sk\/svoc2012\/wp-json\/wp\/v2\/pages\/45\/revisions\/236"}],"wp:attachment":[{"href":"http:\/\/www.math.sk\/svoc2012\/wp-json\/wp\/v2\/media?parent=45"}],"curies":[{"name":"wp","href":"https:\/\/api.w.org\/{rel}","templated":true}]}}