{"id":43,"date":"2012-02-24T10:00:02","date_gmt":"2012-02-24T10:00:02","guid":{"rendered":"http:\/\/www.math.sk\/svoc2012\/?page_id=43"},"modified":"2012-05-04T12:52:17","modified_gmt":"2012-05-04T12:52:17","slug":"stravovanie","status":"publish","type":"page","link":"http:\/\/www.math.sk\/svoc2012\/stravovanie","title":{"rendered":"Stravovanie"},"content":{"rendered":"<p>V\u0161etci \u0161tudenti, porotcovia a organiz\u00e1tori maj\u00fa zabezpe\u010den\u00fd a hraden\u00fd obed 22.5. a sl\u00e1vnostn\u00fa ve\u010deru 22.5.2012. Mimobratislavsk\u00ed \u0161tudenti a v\u0161etci \u010dlenovia por\u00f4t maj\u00fa zabezpe\u010den\u00fa a hraden\u00fa ve\u010deru 21.5.2012 a v\u0161etci mimobratislavsk\u00ed \u0161tudenti a mimobratislavsk\u00ed porotcovia maj\u00fa zabezpe\u010den\u00e9 ra\u0148ajky 22. a 23.5.2012.<br \/>\nStravovanie je zabezpe\u010den\u00e9 v jed\u00e1lni Stavebnej fakulty STU, a pre ubytovan\u00fdch v hoteli Akademik, s\u00fa ra\u0148ajky zabezpe\u010den\u00e9 hotelom.<\/p>\n","protected":false},"excerpt":{"rendered":"<p>V\u0161etci \u0161tudenti, porotcovia a organiz\u00e1tori maj\u00fa zabezpe\u010den\u00fd a hraden\u00fd obed 22.5. a sl\u00e1vnostn\u00fa ve\u010deru 22.5.2012. Mimobratislavsk\u00ed \u0161tudenti a v\u0161etci \u010dlenovia por\u00f4t maj\u00fa zabezpe\u010den\u00fa a hraden\u00fa ve\u010deru 21.5.2012 a v\u0161etci mimobratislavsk\u00ed \u0161tudenti a mimobratislavsk\u00ed porotcovia maj\u00fa zabezpe\u010den\u00e9 ra\u0148ajky 22. a 23.5.2012. Stravovanie je zabezpe\u010den\u00e9 v jed\u00e1lni Stavebnej fakulty STU, a pre ubytovan\u00fdch v hoteli Akademik, s\u00fa ra\u0148ajky zabezpe\u010den\u00e9 hotelom.<\/p>\n","protected":false},"author":1,"featured_media":0,"parent":0,"menu_order":0,"comment_status":"open","ping_status":"open","template":"","meta":[],"_links":{"self":[{"href":"http:\/\/www.math.sk\/svoc2012\/wp-json\/wp\/v2\/pages\/43"}],"collection":[{"href":"http:\/\/www.math.sk\/svoc2012\/wp-json\/wp\/v2\/pages"}],"about":[{"href":"http:\/\/www.math.sk\/svoc2012\/wp-json\/wp\/v2\/types\/page"}],"author":[{"embeddable":true,"href":"http:\/\/www.math.sk\/svoc2012\/wp-json\/wp\/v2\/users\/1"}],"replies":[{"embeddable":true,"href":"http:\/\/www.math.sk\/svoc2012\/wp-json\/wp\/v2\/comments?post=43"}],"version-history":[{"count":5,"href":"http:\/\/www.math.sk\/svoc2012\/wp-json\/wp\/v2\/pages\/43\/revisions"}],"predecessor-version":[{"id":120,"href":"http:\/\/www.math.sk\/svoc2012\/wp-json\/wp\/v2\/pages\/43\/revisions\/120"}],"wp:attachment":[{"href":"http:\/\/www.math.sk\/svoc2012\/wp-json\/wp\/v2\/media?parent=43"}],"curies":[{"name":"wp","href":"https:\/\/api.w.org\/{rel}","templated":true}]}}