{"id":41,"date":"2012-02-24T09:58:14","date_gmt":"2012-02-24T09:58:14","guid":{"rendered":"http:\/\/www.math.sk\/svoc2012\/?page_id=41"},"modified":"2012-05-04T12:56:03","modified_gmt":"2012-05-04T12:56:03","slug":"ubytovanie","status":"publish","type":"page","link":"http:\/\/www.math.sk\/svoc2012\/ubytovanie","title":{"rendered":"Ubytovanie"},"content":{"rendered":"<p>Ubytovanie pre mimobratislavsk\u00fdch \u0161tudentov a porotcov je zabezpe\u010den\u00e9 v <a onclick=\"javascript:pageTracker._trackPageview('\/outgoing\/www.stuba.sk\/new\/generate_page.php?page_id=3328');\"  href=\"http:\/\/www.stuba.sk\/new\/generate_page.php?page_id=3328\" target=\"_blank\">hoteli Akademik<\/a>, Vazovova 1, v <a onclick=\"javascript:pageTracker._trackPageview('\/outgoing\/www.stuba.sk\/new\/generate_page.php?page_id=694');\"  href=\"http:\/\/www.stuba.sk\/new\/generate_page.php?page_id=694\" target=\"_blank\">\u0161tudentskom domove Jura Hronca<\/a>, Bernol\u00e1kova 1, a <a onclick=\"javascript:pageTracker._trackPageview('\/outgoing\/www.stuba.sk\/new\/generate_page.php?page_id=698');\"  href=\"http:\/\/www.stuba.sk\/new\/generate_page.php?page_id=698\" target=\"_blank\">\u0161tudentskom domove Svoradov<\/a>, Svoradova 13. Ubytovanie \u00fa\u010dastn\u00edkov na jednotliv\u00fdch izb\u00e1ch bude v\u010das zverejnen\u00e9 na tejto webstr\u00e1nke.<\/p>\n","protected":false},"excerpt":{"rendered":"<p>Ubytovanie pre mimobratislavsk\u00fdch \u0161tudentov a porotcov je zabezpe\u010den\u00e9 v hoteli Akademik, Vazovova 1, v \u0161tudentskom domove Jura Hronca, Bernol\u00e1kova 1, a \u0161tudentskom domove Svoradov, Svoradova 13. Ubytovanie \u00fa\u010dastn\u00edkov na jednotliv\u00fdch izb\u00e1ch bude v\u010das zverejnen\u00e9 na tejto webstr\u00e1nke.<\/p>\n","protected":false},"author":1,"featured_media":0,"parent":0,"menu_order":0,"comment_status":"open","ping_status":"open","template":"","meta":[],"_links":{"self":[{"href":"http:\/\/www.math.sk\/svoc2012\/wp-json\/wp\/v2\/pages\/41"}],"collection":[{"href":"http:\/\/www.math.sk\/svoc2012\/wp-json\/wp\/v2\/pages"}],"about":[{"href":"http:\/\/www.math.sk\/svoc2012\/wp-json\/wp\/v2\/types\/page"}],"author":[{"embeddable":true,"href":"http:\/\/www.math.sk\/svoc2012\/wp-json\/wp\/v2\/users\/1"}],"replies":[{"embeddable":true,"href":"http:\/\/www.math.sk\/svoc2012\/wp-json\/wp\/v2\/comments?post=41"}],"version-history":[{"count":6,"href":"http:\/\/www.math.sk\/svoc2012\/wp-json\/wp\/v2\/pages\/41\/revisions"}],"predecessor-version":[{"id":134,"href":"http:\/\/www.math.sk\/svoc2012\/wp-json\/wp\/v2\/pages\/41\/revisions\/134"}],"wp:attachment":[{"href":"http:\/\/www.math.sk\/svoc2012\/wp-json\/wp\/v2\/media?parent=41"}],"curies":[{"name":"wp","href":"https:\/\/api.w.org\/{rel}","templated":true}]}}