{"id":24,"date":"2012-02-24T09:46:33","date_gmt":"2012-02-24T09:46:33","guid":{"rendered":"http:\/\/www.math.sk\/svoc2012\/?page_id=24"},"modified":"2012-05-26T08:06:35","modified_gmt":"2012-05-26T08:06:35","slug":"vysledky","status":"publish","type":"page","link":"http:\/\/www.math.sk\/svoc2012\/vysledky","title":{"rendered":"V\u00fdsledky"},"content":{"rendered":"<h4 style=\"text-align: left;\" align=\"center\"><strong>S1: Matematick\u00e1 anal\u00fdza \u2013 Te\u00f3ria funkci\u00ed a funk\u010dn\u00fdch priestorov<\/strong><\/h4>\n<table border=\"1\" cellspacing=\"0\" cellpadding=\"0\">\n<thead>\n<tr>\n<td width=\"90\">\n<p align=\"center\"><strong>Umiestnenie<\/strong><\/p>\n<\/td>\n<td width=\"90\">\n<p align=\"center\"><strong>S\u00fa\u0165a\u017eiaci<\/strong><\/p>\n<\/td>\n<td width=\"280\">\n<p align=\"center\"><strong>N\u00e1zov pr\u00e1ce<\/strong><\/p>\n<\/td>\n<td>\n<p align=\"center\"><strong>Fakulta<\/strong><\/p>\n<\/td>\n<\/tr>\n<\/thead>\n<tbody>\n<tr>\n<td>\n<p align=\"center\"><strong>1 <\/strong><\/p>\n<\/td>\n<td>\n<p align=\"center\"><strong>Lenka Slav\u00edkov\u00e1<\/strong><\/p>\n<\/td>\n<td>\n<p align=\"center\">Compactness of higher-order Sobolev embeddings<\/p>\n<\/td>\n<td>\n<p align=\"center\">Matematicko-fyzik\u00e1ln\u00ed fakulta, UK, Praha<\/p>\n<\/td>\n<\/tr>\n<tr>\n<td>\n<p align=\"center\"><strong>2 <\/strong><\/p>\n<\/td>\n<td>\n<p align=\"center\"><strong>Martin Franc\u016f<\/strong><\/p>\n<\/td>\n<td>\n<p align=\"center\">Approximation of a non-increasing rearrangement<\/p>\n<\/td>\n<td>\n<p align=\"center\">Matematicko-fyzik\u00e1ln\u00ed fakulta, UK, Praha<\/p>\n<\/td>\n<\/tr>\n<tr>\n<td>\n<p align=\"center\"><strong>3 <\/strong><\/p>\n<\/td>\n<td>\n<p align=\"center\"><strong>Tom\u00e1\u0161 Rusin<\/strong><\/p>\n<\/td>\n<td>\n<p align=\"center\">Vlastnosti reli\u00e9fov funkci<\/p>\n<\/td>\n<td>\n<p align=\"center\">Fakulta matematiky, fyziky a informatiky, Univerzita Komensk\u00e9ho v Bratislave<\/p>\n<\/td>\n<\/tr>\n<\/tbody>\n<\/table>\n<h4><strong>S3+S4: Te\u00f3ria pravdepodobnosti, matematick\u00e1 \u0161tatistika, ekonometria a finan\u010dn\u00e1 matematika <\/strong><\/h4>\n<table border=\"1\" cellspacing=\"0\" cellpadding=\"0\">\n<thead>\n<tr>\n<td width=\"90\">\n<p align=\"center\"><strong>Umiestnenie<\/strong><\/p>\n<\/td>\n<td width=\"90\">\n<p align=\"center\"><strong>S\u00fa\u0165a\u017eiaci<\/strong><\/p>\n<\/td>\n<td width=\"280\">\n<p align=\"center\"><strong>N\u00e1zov pr\u00e1ce<\/strong><\/p>\n<\/td>\n<td>\n<p align=\"center\"><strong>Fakulta<\/strong><\/p>\n<\/td>\n<\/tr>\n<\/thead>\n<tbody>\n<tr>\n<td>\n<p align=\"center\"><strong>1 <\/strong><\/p>\n<\/td>\n<td>\n<p align=\"center\"><strong>Jana Jankov\u00e1<\/strong><\/p>\n<\/td>\n<td>\n<p align=\"center\">Asymptotic Properties of Support Vector Machines<\/p>\n<\/td>\n<td>\n<p align=\"center\">Fakulta matematiky, fyziky a informatiky, Univerzita Komensk\u00e9ho v Bratislave<\/p>\n<\/td>\n<\/tr>\n<tr>\n<td>\n<p align=\"center\"><strong>2 <\/strong><\/p>\n<\/td>\n<td>\n<p align=\"center\"><strong>Franti\u0161ek \u017d\u00e1k<\/strong><\/p>\n<\/td>\n<td>\n<p align=\"center\">Periodick\u00e9 \u0159e\u0161en\u00ed nekone\u010dn\u011b rozm\u011brn\u00e9 SDR<\/p>\n<\/td>\n<td>\n<p align=\"center\">Matematicko-fyzik\u00e1ln\u00ed fakulta, UK, Praha<\/p>\n<\/td>\n<\/tr>\n<tr>\n<td>\n<p align=\"center\"><strong>3 <\/strong><\/p>\n<\/td>\n<td>\n<p align=\"center\"><strong>Zuzana \u0160abartov\u00e1<\/strong><\/p>\n<\/td>\n<td>\n<p align=\"center\">Spatial Decomposition for Differential Equation Constrained Programs<\/p>\n<\/td>\n<td>\n<p align=\"center\">Fakulta strojn\u00edho in\u017een\u00fdrstv\u00ed, Vysok\u00e9 u\u010den\u00ed technick\u00e9 v Brn\u011b<\/p>\n<\/td>\n<\/tr>\n<tr>\n<td>\n<p align=\"center\"><strong>4 <\/strong><\/p>\n<\/td>\n<td>\n<p align=\"center\"><strong>Kate\u0159ina Kone\u010dn\u00e1<\/strong><\/p>\n<\/td>\n<td>\n<p align=\"center\">Neparamatrick\u00e9 odhady podm\u00edn\u011bn\u00e9 hustoty<\/p>\n<\/td>\n<td>\n<p align=\"center\">P\u0159\u00edrodov\u011bdeck\u00e1 fakulta, Masarykova univerzita v Brn\u011b<\/p>\n<\/td>\n<\/tr>\n<\/tbody>\n<\/table>\n<h4><strong>S5: Matematick\u00e9 \u0161trukt\u00fary \u2013 Algebra, topol\u00f3gia a geometria<\/strong><\/h4>\n<table border=\"1\" cellspacing=\"0\" cellpadding=\"0\">\n<thead>\n<tr>\n<td width=\"90\">\n<p align=\"center\"><strong>Umiestnenie<\/strong><\/p>\n<\/td>\n<td width=\"90\">\n<p align=\"center\"><strong>S\u00fa\u0165a\u017eiaci<\/strong><\/p>\n<\/td>\n<td width=\"280\">\n<p align=\"center\"><strong>N\u00e1zov pr\u00e1ce<\/strong><\/p>\n<\/td>\n<td>\n<p align=\"center\"><strong>Fakulta<\/strong><\/p>\n<\/td>\n<\/tr>\n<\/thead>\n<tbody>\n<tr>\n<td>\n<p align=\"center\"><strong>1<\/strong><\/p>\n<\/td>\n<td>\n<p align=\"center\"><strong>Ji\u0159\u00ed \u0158ih\u00e1k<\/strong><\/p>\n<\/td>\n<td>\n<p align=\"center\">Twistovan\u00e9 komplexn\u00ed struktury<\/p>\n<\/td>\n<td>\n<p align=\"center\">P\u0159\u00edrodov\u011bdeck\u00e1 fakulta, Masarykova univerzita v Brn\u011b<\/p>\n<\/td>\n<\/tr>\n<tr>\n<td>\n<p align=\"center\"><strong>2<\/strong><\/p>\n<\/td>\n<td>\n<p style=\"text-align: center;\" align=\"center\"><strong>Katar\u00edna Potpinkov\u00e1<\/strong><\/p>\n<\/td>\n<td>\n<p style=\"text-align: center;\" align=\"center\">Endomorfizmov\u00e9 spektr\u00e1 monoun\u00e1rnych algebier<\/p>\n<\/td>\n<td>\n<p align=\"center\">Pr\u00edrodovedeck\u00e1 fakulta, UPJ\u0160 Ko\u0161ice<\/p>\n<\/td>\n<\/tr>\n<tr>\n<td>\n<p align=\"center\"><strong>3<\/strong><\/p>\n<\/td>\n<td style=\"text-align: center;\"><strong>Marek Pivovarn\u00edk<\/strong><\/td>\n<td style=\"text-align: center;\">Matematick\u00e9 princ\u00edpy robotiky<\/td>\n<td>\n<p align=\"center\">Fakulta strojn\u00edho in\u017een\u00fdrstv\u00ed, Vysok\u00e9 u\u010den\u00ed technick\u00e9 v Brn\u011b<\/p>\n<\/td>\n<\/tr>\n<\/tbody>\n<\/table>\n<h4><strong>S6: Matematick\u00e9 \u0161trukt\u00fary \u2013 Te\u00f3ria grafov a kombinatorika<\/strong><\/h4>\n<table border=\"1\" cellspacing=\"0\" cellpadding=\"0\">\n<thead>\n<tr>\n<td width=\"90\">\n<p align=\"center\"><strong>Umiestnenie<\/strong><\/p>\n<\/td>\n<td width=\"90\">\n<p align=\"center\"><strong>S\u00fa\u0165a\u017eiaci<\/strong><\/p>\n<\/td>\n<td width=\"280\">\n<p align=\"center\"><strong>N\u00e1zov pr\u00e1ce<\/strong><\/p>\n<\/td>\n<td>\n<p align=\"center\"><strong>Fakulta<\/strong><\/p>\n<\/td>\n<\/tr>\n<\/thead>\n<tbody>\n<tr>\n<td>\n<p align=\"center\"><strong>1<\/strong><\/p>\n<\/td>\n<td>\n<p align=\"center\"><strong>Pavel Klav\u00edk<\/strong><\/p>\n<\/td>\n<td>\n<p align=\"center\">Extending Partial Representations of Interval Graphs<\/p>\n<\/td>\n<td>\n<p align=\"center\">Matematicko-fyzik\u00e1ln\u00ed fakulta, UK, Praha<\/p>\n<\/td>\n<\/tr>\n<tr>\n<td>\n<p align=\"center\"><strong>2<\/strong><\/p>\n<\/td>\n<td>\n<p align=\"center\"><strong>Tom\u00e1\u0161 Hejda<\/strong><\/p>\n<\/td>\n<td>\n<p align=\"center\">Morfismy zachov\u00e1vaj\u00edc\u00ed slova k\u00f3duj\u00edc\u00ed v\u00fdm\u011bnu t\u0159\u00ed interval\u016f<\/p>\n<\/td>\n<td>\n<p align=\"center\">Fakulta jadern\u00e1 a fyzik\u00e1ln\u011b in\u017een\u00fdrsk\u00e1, \u010cVUT, Praha<\/p>\n<\/td>\n<\/tr>\n<tr>\n<td>\n<p align=\"center\"><strong>3<\/strong><\/p>\n<\/td>\n<td>\n<p align=\"center\"><strong>Marek Der\u0148\u00e1r<\/strong><\/p>\n<\/td>\n<td>\n<p align=\"center\">Hrany vynucuj\u00face hamiltonovsk\u00fa kru\u017enicu<\/p>\n<\/td>\n<td>\n<p align=\"center\">Pr\u00edrodovedeck\u00e1 fakulta, UPJ\u0160 Ko\u0161ice<\/p>\n<\/td>\n<\/tr>\n<\/tbody>\n<\/table>\n<h4><strong>S7: Teoretick\u00e1 informatika<\/strong><\/h4>\n<table border=\"1\" cellspacing=\"0\" cellpadding=\"0\">\n<thead>\n<tr>\n<td width=\"90\">\n<p align=\"center\"><strong>Umiestnenie<\/strong><\/p>\n<\/td>\n<td width=\"90\">\n<p align=\"center\"><strong>S\u00fa\u0165a\u017eiaci<\/strong><\/p>\n<\/td>\n<td width=\"280\">\n<p align=\"center\"><strong>N\u00e1zov pr\u00e1ce<\/strong><\/p>\n<\/td>\n<td>\n<p align=\"center\"><strong>Fakulta<\/strong><\/p>\n<\/td>\n<\/tr>\n<\/thead>\n<tbody>\n<tr>\n<td style=\"text-align: center;\">\n<p align=\"center\"><strong>1 <\/strong><\/p>\n<\/td>\n<td style=\"text-align: center;\">\n<p align=\"center\"><strong>Martin Balko<\/strong><\/p>\n<\/td>\n<td>\n<p align=\"center\">Grid Representations and the Chromatic Number<\/p>\n<\/td>\n<td>\n<p align=\"center\">Matematicko-fyzik\u00e1ln\u00ed fakulta, UK, Praha<\/p>\n<\/td>\n<\/tr>\n<tr>\n<td>\n<p align=\"center\"><strong>2 <\/strong><\/p>\n<\/td>\n<td>\n<p align=\"center\"><strong>Jakub Gajarsk\u00fd<\/strong><\/p>\n<\/td>\n<td>\n<p align=\"center\">MSO model checking on graphs can be elementary<\/p>\n<\/td>\n<td>\n<p align=\"center\">Fakulta informatiky, Masarykova univerzita, Brno<\/p>\n<\/td>\n<\/tr>\n<tr>\n<td>\n<p align=\"center\"><strong>3 <\/strong><\/p>\n<\/td>\n<td>\n<p align=\"center\"><strong>Juraj \u0160ebej<\/strong><\/p>\n<\/td>\n<td>\n<p align=\"center\">Reversal of Regular Languages and State Complexity<\/p>\n<\/td>\n<td>\n<p align=\"center\">Pr\u00edrodovedeck\u00e1 fakulta, UPJ\u0160 Ko\u0161ice<\/p>\n<\/td>\n<\/tr>\n<tr>\n<td>\n<p align=\"center\"><strong>4 <\/strong><\/p>\n<\/td>\n<td>\n<p align=\"center\"><strong>Ladislav Ramp\u00e1\u0161ek<\/strong><\/p>\n<\/td>\n<td>\n<p align=\"center\">Data-Driven Element Ordering in RNA Motif Backtracking Search<\/p>\n<\/td>\n<td>\n<p align=\"center\">Fakulta matematiky, fyziky a informatiky, Univerzita Komensk\u00e9ho v Bratislave<\/p>\n<\/td>\n<\/tr>\n<tr>\n<td>\n<p align=\"center\"><strong>5 <\/strong><\/p>\n<\/td>\n<td>\n<p align=\"center\"><strong>Eva Potpinkov\u00e1<\/strong><\/p>\n<\/td>\n<td>\n<p align=\"center\">Probl\u00e9m elimin\u00e1cie t\u00edmov zo \u0161portovej s\u00fa\u0165a\u017ee<\/p>\n<\/td>\n<td>\n<p align=\"center\">Pr\u00edrodovedeck\u00e1 fakulta, UPJ\u0160 Ko\u0161ice<\/p>\n<\/td>\n<\/tr>\n<\/tbody>\n<\/table>\n<h4><strong> S8: Aplikovan\u00e1 informatika<\/strong><\/h4>\n<table border=\"1\" cellspacing=\"0\" cellpadding=\"0\">\n<thead>\n<tr>\n<td width=\"90\">\n<p align=\"center\"><strong>Umiestnenie<\/strong><\/p>\n<\/td>\n<td width=\"90\">\n<p align=\"center\"><strong>S\u00fa\u0165a\u017eiaci<\/strong><\/p>\n<\/td>\n<td width=\"280\">\n<p align=\"center\"><strong>N\u00e1zov pr\u00e1ce<\/strong><\/p>\n<\/td>\n<td>\n<p align=\"center\"><strong>Fakulta<\/strong><\/p>\n<\/td>\n<\/tr>\n<\/thead>\n<tbody>\n<tr>\n<td style=\"text-align: right;\">\n<p align=\"center\"><strong>1<\/strong><\/p>\n<\/td>\n<td style=\"text-align: center;\"><strong>Matej Kopernick\u00fd<\/strong><\/td>\n<td style=\"text-align: center;\">Vyu\u017eitie zariaden\u00ed pre prirodzen\u00fa interakciu v oblasti po\u010d\u00edta\u010dov\u00e9ho videnia<\/td>\n<td>\n<p align=\"center\">Pr\u00edrodovedeck\u00e1 fakulta, UPJ\u0160 Ko\u0161ice<\/p>\n<\/td>\n<\/tr>\n<tr>\n<td>\n<p align=\"center\"><strong>2<\/strong><\/p>\n<\/td>\n<td style=\"text-align: center;\"><strong>Peter Kott\u00e1\u0161<\/strong><\/td>\n<td style=\"text-align: center;\">Extrakcia dobre pop\u00edsate\u013en\u00fdch bodov z obrazov a ich porovn\u00e1vanie<\/td>\n<td>\n<p align=\"center\">Stavebn\u00e1 fakulta, STU v Bratislave<\/p>\n<\/td>\n<\/tr>\n<tr>\n<td>\n<p align=\"center\"><strong>3<\/strong><\/p>\n<\/td>\n<td style=\"text-align: center;\"><strong>Michal Ferko<\/strong><\/td>\n<td style=\"text-align: center;\">Real-time Lighting Effects using Deferred Shading<\/td>\n<td>\n<p align=\"center\">Fakulta matematiky, fyziky a informatiky, Univerzita Komensk\u00e9ho v Bratislave<\/p>\n<\/td>\n<\/tr>\n<tr>\n<td>\n<p align=\"center\"><strong>4<\/strong><\/p>\n<\/td>\n<td style=\"text-align: center;\"><strong>Samuel Titka<\/strong><\/td>\n<td style=\"text-align: center;\">Rozpozn\u00e1vanie pohybuj\u00facich sa objektov pre monitoring cestnej prem\u00e1vky<\/td>\n<td>\n<p align=\"center\">Fakulta matematiky, fyziky a informatiky, Univerzita Komensk\u00e9ho v Bratislave<\/p>\n<\/td>\n<\/tr>\n<tr>\n<td>\n<p align=\"center\"><strong>5<\/strong><\/p>\n<\/td>\n<td style=\"text-align: center;\"><strong>Tom\u00e1\u0161 Gr\u00edsa<\/strong><\/td>\n<td style=\"text-align: center;\">\u0160ifrovac\u00ed metoda zalo\u017een\u00e1 na frakt\u00e1ln\u00ed kompresi<\/td>\n<td>\n<p align=\"center\">Fakulta strojn\u00edho in\u017een\u00fdrstv\u00ed, Vysok\u00e9 u\u010den\u00ed technick\u00e9 v Brn\u011b<\/p>\n<\/td>\n<\/tr>\n<\/tbody>\n<\/table>\n<h4 style=\"text-align: left;\" align=\"center\"><strong> S9: Aplikovan\u00e1 matematika \u2013 Numerick\u00e1 anal\u00fdza<\/strong><\/h4>\n<table border=\"1\" cellspacing=\"0\" cellpadding=\"0\">\n<thead>\n<tr>\n<td width=\"90\">\n<p align=\"center\"><strong>Umiestnenie<\/strong><\/p>\n<\/td>\n<td width=\"90\">\n<p align=\"center\"><strong>S\u00fa\u0165a\u017eiaci<\/strong><\/p>\n<\/td>\n<td width=\"280\">\n<p align=\"center\"><strong>N\u00e1zov pr\u00e1ce<\/strong><\/p>\n<\/td>\n<td>\n<p align=\"center\"><strong>Fakulta<\/strong><\/p>\n<\/td>\n<\/tr>\n<\/thead>\n<tbody>\n<tr>\n<td>\n<p align=\"center\"><strong>1 <\/strong><\/p>\n<\/td>\n<td>\n<p align=\"center\"><strong>Filip Klouda<\/strong><\/p>\n<\/td>\n<td>\n<p align=\"center\">Numerick\u00e1 anal\u00fdza aproximace nepolygon\u00e1ln\u00ed hranice u nespojit\u00e9 Galerkinovy metody<\/p>\n<\/td>\n<td>\n<p align=\"center\">Matematicko-fyzik\u00e1ln\u00ed fakulta, UK, Praha<\/p>\n<\/td>\n<\/tr>\n<tr>\n<td>\n<p align=\"center\"><strong>2 <\/strong><\/p>\n<\/td>\n<td>\n<p align=\"center\"><strong>Andrea Fuksov\u00e1<\/strong><\/p>\n<\/td>\n<td>\n<p align=\"center\">Po\u010d\u00edta\u010dov\u00e9 zpracov\u00e1n\u00ed obrazu pomoc\u00ed degenerovan\u00e9 difuze<\/p>\n<\/td>\n<td>\n<p align=\"center\">Fakulta jadern\u00e1 a fyzik\u00e1ln\u011b in\u017een\u00fdrsk\u00e1, \u010cVUT, Praha<\/p>\n<\/td>\n<\/tr>\n<tr>\n<td>\n<p align=\"center\"><strong>3 <\/strong><\/p>\n<\/td>\n<td>\n<p align=\"center\"><strong>J\u00e1n Elia\u0161<\/strong><\/p>\n<\/td>\n<td>\n<p align=\"center\">Approximate polynomial GCD<\/p>\n<\/td>\n<td>\n<p align=\"center\">Matematicko-fyzik\u00e1ln\u00ed fakulta, UK, Praha<\/p>\n<\/td>\n<\/tr>\n<tr>\n<td>\n<p align=\"center\"><strong>4 <\/strong><\/p>\n<\/td>\n<td>\n<p align=\"center\"><strong>Jan Ku\u0159\u00e1tko<\/strong><\/p>\n<\/td>\n<td>\n<p align=\"center\">Analysis of computing the greatest common divisor of polynomials<\/p>\n<\/td>\n<td>\n<p align=\"center\">Matematicko-fyzik\u00e1ln\u00ed fakulta, UK, Praha<\/p>\n<\/td>\n<\/tr>\n<tr>\n<td>\n<p align=\"center\"><strong>5 <\/strong><\/p>\n<\/td>\n<td>\n<p align=\"center\"><strong>Jan Horn\u00ed\u010dek<\/strong><\/p>\n<\/td>\n<td>\n<p align=\"center\">Optim\u00e1ln\u00ed korekce nep\u0159esn\u00e9 st\u0159elby<\/p>\n<\/td>\n<td>\n<p align=\"center\">Fakulta strojn\u00edho in\u017een\u00fdrstv\u00ed, Vysok\u00e9 u\u010den\u00ed technick\u00e9 v Brn\u011b<\/p>\n<\/td>\n<\/tr>\n<\/tbody>\n<\/table>\n<h4 style=\"text-align: left;\" align=\"center\"><strong> S10: Aplikovan\u00e1 matematika \u2013 Matematick\u00e9 modely<\/strong><strong> <\/strong><strong>dynamiky<\/strong><\/h4>\n<table border=\"1\" cellspacing=\"0\" cellpadding=\"0\">\n<thead>\n<tr>\n<td width=\"90\">\n<p align=\"center\"><strong>Umiestnenie<\/strong><\/p>\n<\/td>\n<td width=\"90\">\n<p align=\"center\"><strong>S\u00fa\u0165a\u017eiaci<\/strong><\/p>\n<\/td>\n<td width=\"280\">\n<p align=\"center\"><strong>N\u00e1zov pr\u00e1ce<\/strong><\/p>\n<\/td>\n<td>\n<p align=\"center\"><strong>Fakulta<\/strong><\/p>\n<\/td>\n<\/tr>\n<\/thead>\n<tbody>\n<tr>\n<td style=\"text-align: center;\">\n<p align=\"center\"><strong>1<\/strong><\/p>\n<\/td>\n<td style=\"text-align: center;\"><strong>Martin \u0158eho\u0159<\/strong><\/td>\n<td style=\"text-align: center;\">Behaviour of an incompressible fluid with pressure-dependent viscosity in a squeeze flow geometry<\/td>\n<td>\n<p align=\"center\">Matematicko-fyzik\u00e1ln\u00ed fakulta, UK, Praha<\/p>\n<\/td>\n<\/tr>\n<tr>\n<td>\n<p align=\"center\"><strong>2<\/strong><\/p>\n<\/td>\n<td style=\"text-align: center;\"><strong>Ond\u0159ej P\u00e1rtl<\/strong><\/td>\n<td style=\"text-align: center;\">Matematick\u00fd model kolonie bacil\u016f<\/td>\n<td>\n<p align=\"center\">Fakulta jadern\u00e1 a fyzik\u00e1ln\u011b in\u017een\u00fdrsk\u00e1, \u010cVUT, Praha<\/p>\n<\/td>\n<\/tr>\n<tr>\n<td>\n<p align=\"center\"><strong>3<\/strong><\/p>\n<\/td>\n<td style=\"text-align: center;\"><strong>Filip Paf\u010do<\/strong><\/td>\n<td style=\"text-align: center;\">Aplik\u00e1cia nov\u00e9ho sp\u00f4sobu rie\u0161enia topologick\u00fdch zmien pre v\u0161eobecn\u00fd Lagrangeovsk\u00fd model \u0161\u00edrenia lesn\u00e9ho po\u017eiaru<\/td>\n<td>\n<p align=\"center\">Stavebn\u00e1 fakulta, STU v Bratislave<\/p>\n<\/td>\n<\/tr>\n<tr>\n<td>\n<p align=\"center\"><strong>4<\/strong><\/p>\n<\/td>\n<td style=\"text-align: center;\"><strong>Miroslav Kol\u00e1\u0159<\/strong><\/td>\n<td style=\"text-align: center;\">Numerical Simulations in Problems of Combustion<\/td>\n<td>\n<p align=\"center\">Fakulta jadern\u00e1 a fyzik\u00e1ln\u011b in\u017een\u00fdrsk\u00e1, \u010cVUT, Praha<\/p>\n<\/td>\n<\/tr>\n<tr>\n<td>\n<p align=\"center\"><strong>5<\/strong><\/p>\n<\/td>\n<td style=\"text-align: center;\"><strong>Michal Koll\u00e1r<\/strong><\/td>\n<td style=\"text-align: center;\">\u0160t\u00fadium glob\u00e1lnej a plat\u0148ovej tektoniky v prostred\u00ed ANSYS<\/td>\n<td>\n<p align=\"center\">Stavebn\u00e1 fakulta, STU v Bratislave<\/p>\n<\/td>\n<\/tr>\n<\/tbody>\n<\/table>\n","protected":false},"excerpt":{"rendered":"<p>S1: Matematick\u00e1 anal\u00fdza \u2013 Te\u00f3ria funkci\u00ed a funk\u010dn\u00fdch priestorov Umiestnenie S\u00fa\u0165a\u017eiaci N\u00e1zov pr\u00e1ce Fakulta 1 Lenka Slav\u00edkov\u00e1 Compactness of higher-order Sobolev embeddings Matematicko-fyzik\u00e1ln\u00ed fakulta, UK, Praha 2 Martin Franc\u016f Approximation of a non-increasing rearrangement Matematicko-fyzik\u00e1ln\u00ed fakulta, UK, Praha 3 Tom\u00e1\u0161 Rusin Vlastnosti reli\u00e9fov funkci Fakulta matematiky, fyziky a informatiky, Univerzita Komensk\u00e9ho v Bratislave S3+S4: Te\u00f3ria pravdepodobnosti, matematick\u00e1 \u0161tatistika, ekonometria a finan\u010dn\u00e1 matematika Umiestnenie S\u00fa\u0165a\u017eiaci N\u00e1zov pr\u00e1ce Fakulta 1 Jana Jankov\u00e1 Asymptotic Properties of Support Vector Machines Fakulta matematiky, fyziky a informatiky, Univerzita Komensk\u00e9ho v Bratislave 2 Franti\u0161ek \u017d\u00e1k Periodick\u00e9 \u0159e\u0161en\u00ed nekone\u010dn\u011b rozm\u011brn\u00e9 SDR Matematicko-fyzik\u00e1ln\u00ed fakulta, UK, Praha 3 Zuzana \u0160abartov\u00e1 Spatial Decomposition for Differential Equation Constrained Programs Fakulta strojn\u00edho in\u017een\u00fdrstv\u00ed, Vysok\u00e9 u\u010den\u00ed technick\u00e9 v Brn\u011b 4 Kate\u0159ina Kone\u010dn\u00e1 Neparamatrick\u00e9 odhady podm\u00edn\u011bn\u00e9 hustoty P\u0159\u00edrodov\u011bdeck\u00e1 fakulta, Masarykova univerzita v Brn\u011b S5: Matematick\u00e9 \u0161trukt\u00fary \u2013 Algebra, topol\u00f3gia a geometria Umiestnenie S\u00fa\u0165a\u017eiaci N\u00e1zov pr\u00e1ce Fakulta 1 Ji\u0159\u00ed \u0158ih\u00e1k Twistovan\u00e9 komplexn\u00ed struktury P\u0159\u00edrodov\u011bdeck\u00e1 fakulta, Masarykova univerzita v Brn\u011b 2 Katar\u00edna Potpinkov\u00e1 Endomorfizmov\u00e9 spektr\u00e1 monoun\u00e1rnych algebier Pr\u00edrodovedeck\u00e1 fakulta, UPJ\u0160 Ko\u0161ice 3 Marek Pivovarn\u00edk Matematick\u00e9 princ\u00edpy robotiky Fakulta strojn\u00edho in\u017een\u00fdrstv\u00ed, Vysok\u00e9 u\u010den\u00ed technick\u00e9 v Brn\u011b S6: Matematick\u00e9 \u0161trukt\u00fary \u2013 Te\u00f3ria grafov a kombinatorika Umiestnenie S\u00fa\u0165a\u017eiaci N\u00e1zov pr\u00e1ce Fakulta 1 Pavel Klav\u00edk Extending Partial Representations of Interval Graphs [&hellip;]<\/p>\n","protected":false},"author":1,"featured_media":0,"parent":0,"menu_order":0,"comment_status":"open","ping_status":"open","template":"","meta":[],"_links":{"self":[{"href":"http:\/\/www.math.sk\/svoc2012\/wp-json\/wp\/v2\/pages\/24"}],"collection":[{"href":"http:\/\/www.math.sk\/svoc2012\/wp-json\/wp\/v2\/pages"}],"about":[{"href":"http:\/\/www.math.sk\/svoc2012\/wp-json\/wp\/v2\/types\/page"}],"author":[{"embeddable":true,"href":"http:\/\/www.math.sk\/svoc2012\/wp-json\/wp\/v2\/users\/1"}],"replies":[{"embeddable":true,"href":"http:\/\/www.math.sk\/svoc2012\/wp-json\/wp\/v2\/comments?post=24"}],"version-history":[{"count":10,"href":"http:\/\/www.math.sk\/svoc2012\/wp-json\/wp\/v2\/pages\/24\/revisions"}],"predecessor-version":[{"id":247,"href":"http:\/\/www.math.sk\/svoc2012\/wp-json\/wp\/v2\/pages\/24\/revisions\/247"}],"wp:attachment":[{"href":"http:\/\/www.math.sk\/svoc2012\/wp-json\/wp\/v2\/media?parent=24"}],"curies":[{"name":"wp","href":"https:\/\/api.w.org\/{rel}","templated":true}]}}