{"id":17,"date":"2012-02-24T09:42:22","date_gmt":"2012-02-24T09:42:22","guid":{"rendered":"http:\/\/www.math.sk\/svoc2012\/?page_id=17"},"modified":"2012-05-17T09:07:09","modified_gmt":"2012-05-17T09:07:09","slug":"porota","status":"publish","type":"page","link":"http:\/\/www.math.sk\/svoc2012\/porota","title":{"rendered":"Porota"},"content":{"rendered":"<h4><strong>S1: Matematick\u00e1 anal\u00fdza \u2013 Te\u00f3ria funkci\u00ed a funk\u010dn\u00fdch priestorov (miestnos\u0165 B202)<\/strong><\/h4>\n<p>Prof. RNDr. J\u00e1n Filo, CSc. , Fakulta matematiky, fyziky a informatiky Univerzity Komensk\u00e9ho, Bratislava<br \/>\nMgr. Pavla Hofmanov\u00e1, Univerzita J.E. Purkyn\u011b, \u00dast\u00ed nad Labem<br \/>\nRNDr.\u00a0Miroslav Bul\u00ed\u010dek, Ph.D., Matematicko-fyzik\u00e1ln\u00ed fakulta, Univerzita Karlova v Praze<br \/>\nProf. RNDr. Jozef Dobo\u0161, CSc., Univerzita Pavla Jozefa \u0160af\u00e1rika v Ko\u0161iciach<\/p>\n<h4><strong>S3+S4: Te\u00f3ria pravdepodobnosti, matematick\u00e1 \u0161tatistika, ekonometria a finan\u010dn\u00e1 matematika (miestnos\u0165 C422)<\/strong><\/h4>\n<p>Doc. RNDr. Viktor Witkovsk\u00fd, CSc., \u00dastav merania, Slovensk\u00e1 akad\u00e9mia vied, Bratislava<br \/>\nIng. Peter Sarkoci, PhD., Stavebn\u00e1 fakulta, Slovensk\u00e1 Technick\u00e1 Univerzita v Bratislave<br \/>\nRNDr. Be\u00e1ta Stehl\u00edkov\u00e1, PhD., Fakulta matematiky, fyziky a informatiky Univerzity Komensk\u00e9ho, Bratislava<br \/>\nMgr.\u00a0Zden\u011bk Hl\u00e1vka, Ph.D., Matematicko-fyzik\u00e1ln\u00ed fakulta, Univerzita Karlova v Praze<\/p>\n<h4><strong>S5: Matematick\u00e9 \u0161trukt\u00fary \u2013 Algebra, topol\u00f3gia a geometria (miestnos\u0165 B102)<\/strong><\/h4>\n<p>Doc. Mgr. Gejza Jen\u010da, PhD., Stavebn\u00e1 fakulta, Slovensk\u00e1 Technick\u00e1 Univerzita v Bratislave<br \/>\nRNDr. Jaroslav Guri\u010dan, CSc., Fakulta matematiky, fyziky a informatiky Univerzity Komensk\u00e9ho, Bratislava<br \/>\nDoc. RNDr. Miroslav Plo\u0161\u010dica, CSc., Univerzita Pavla Jozefa \u0160af\u00e1rika v Ko\u0161iciach<br \/>\nRNDr. Svatopluk Kr\u00fdsl, Ph.D., Matematicko-fyzik\u00e1ln\u00ed fakulta, Univerzita Karlova v Praze<\/p>\n<h4><strong>S6: Matematick\u00e9 \u0161trukt\u00fary \u2013 Te\u00f3ria grafov a kombinatorika (miestnos\u0165 B102)<\/strong><\/h4>\n<p>Prof. RNDr. Martin Knor, PhD., Stavebn\u00e1 fakulta, Slovensk\u00e1 Technick\u00e1 Univerzita v Bratislave<br \/>\nRNDr.\u00a0Martin Pergel, Ph.D., Matematicko-fyzik\u00e1ln\u00ed fakulta, Univerzita Karlova v Praze<br \/>\nProf. RNDr. Roman Nedela, DrSc., Univerzita Mateja Bela, Bansk\u00e1 Bystrica<\/p>\n<h4><strong>S7: Teoretick\u00e1 informatika (miestnos\u0165 ESF \u2013 semin\u00e1rna)<\/strong><\/h4>\n<p>Doc. RNDr. Dana Pardubsk\u00e1, CSc. , Fakulta matematiky, fyziky a informatiky Univerzity Komensk\u00e9ho, Bratislava<br \/>\nProf. RNDr.\u00a0Jan Kratochv\u00edl, CSc., Matematicko-fyzik\u00e1ln\u00ed fakulta, Univerzita Karlova v Praze<br \/>\nOndrej \u0160uch, PhD., M.Sc., Univerzita Mateja Bela\/Matematick\u00fd \u00fastav Slovenskej akad\u00e9mie vied, Bansk\u00e1 Bystrica<\/p>\n<h4><strong>S8: Aplikovan\u00e1 informatika (miestnos\u0165 ESF po\u010d\u00edta\u010dov\u00e1)<\/strong><\/h4>\n<p>RNDr. Peter Frolkovi\u010d, PhD., Stavebn\u00e1 fakulta, Slovensk\u00e1 Technick\u00e1 Univerzita v Bratislave<br \/>\nProf. RNDr. Ing. Milo\u0161 \u0160eda, Ph.D., Vysok\u00e9 u\u010den\u00ed technick\u00e9 v Brn\u011b<br \/>\nMgr. Tom\u00e1\u0161 Vina\u0159, PhD., Fakulta matematiky, fyziky a informatiky Univerzity Komensk\u00e9ho, Bratislava<br \/>\nRNDr. Vladim\u00edr Brita\u0148\u00e1k, CSc., \u00dastav informatiky, Slovensk\u00e1 akad\u00e9mia vied, Bratislava<\/p>\n<h4><strong>S9: Aplikovan\u00e1 matematika \u2013 Numerick\u00e1 anal\u00fdza (miestnos\u0165 B206)<\/strong><\/h4>\n<p>Doc. RNDr. Angela Handlovi\u010dov\u00e1, PhD., Stavebn\u00e1 fakulta, Slovensk\u00e1 Technick\u00e1 Univerzita v Bratislave<br \/>\nDoc. Dr. Ing. Michal Bene\u0161, Fakulta jadern\u00e1 a fyzik\u00e1ln\u011b in\u017een\u00fdrsk\u00e1, \u010cesk\u00e9 vysok\u00e9 u\u010den\u00ed technick\u00e9 v Praze<br \/>\nDoc. Mgr. Peter Guba, PhD., Fakulta matematiky, fyziky a informatiky Univerzity Komensk\u00e9ho, Bratislava<\/p>\n<h4><strong>S10: Aplikovan\u00e1 matematika \u2013 Matematick\u00e9 modely dynamiky (miestnos\u0165 B202)<\/strong><\/h4>\n<p>Prof. RNDr. Daniel \u0160ev\u010dovi\u010d, CSc., Fakulta matematiky, fyziky a informatiky Univerzity Komensk\u00e9ho, Bratislava<br \/>\nMgr. Mariana Reme\u0161\u00edkov\u00e1, PhD., Stavebn\u00e1 fakulta, Slovensk\u00e1 Technick\u00e1 Univerzita v Bratislave<br \/>\nRNDr. Ing. Jaroslav Hron, Ph.D. , Matematicko-fyzik\u00e1ln\u00ed fakulta, Univerzita Karlova v Praze<\/p>\n","protected":false},"excerpt":{"rendered":"<p>S1: Matematick\u00e1 anal\u00fdza \u2013 Te\u00f3ria funkci\u00ed a funk\u010dn\u00fdch priestorov (miestnos\u0165 B202) Prof. RNDr. J\u00e1n Filo, CSc. , Fakulta matematiky, fyziky a informatiky Univerzity Komensk\u00e9ho, Bratislava Mgr. Pavla Hofmanov\u00e1, Univerzita J.E. Purkyn\u011b, \u00dast\u00ed nad Labem RNDr.\u00a0Miroslav Bul\u00ed\u010dek, Ph.D., Matematicko-fyzik\u00e1ln\u00ed fakulta, Univerzita Karlova v Praze Prof. RNDr. Jozef Dobo\u0161, CSc., Univerzita Pavla Jozefa \u0160af\u00e1rika v Ko\u0161iciach S3+S4: Te\u00f3ria pravdepodobnosti, matematick\u00e1 \u0161tatistika, ekonometria a finan\u010dn\u00e1 matematika (miestnos\u0165 C422) Doc. RNDr. Viktor Witkovsk\u00fd, CSc., \u00dastav merania, Slovensk\u00e1 akad\u00e9mia vied, Bratislava Ing. Peter Sarkoci, PhD., Stavebn\u00e1 fakulta, Slovensk\u00e1 Technick\u00e1 Univerzita v Bratislave RNDr. Be\u00e1ta Stehl\u00edkov\u00e1, PhD., Fakulta matematiky, fyziky a informatiky Univerzity Komensk\u00e9ho, Bratislava Mgr.\u00a0Zden\u011bk Hl\u00e1vka, Ph.D., Matematicko-fyzik\u00e1ln\u00ed fakulta, Univerzita Karlova v Praze S5: Matematick\u00e9 \u0161trukt\u00fary \u2013 Algebra, topol\u00f3gia a geometria (miestnos\u0165 B102) Doc. Mgr. Gejza Jen\u010da, PhD., Stavebn\u00e1 fakulta, Slovensk\u00e1 Technick\u00e1 Univerzita v Bratislave RNDr. Jaroslav Guri\u010dan, CSc., Fakulta matematiky, fyziky a informatiky Univerzity Komensk\u00e9ho, Bratislava Doc. RNDr. Miroslav Plo\u0161\u010dica, CSc., Univerzita Pavla Jozefa \u0160af\u00e1rika v Ko\u0161iciach RNDr. Svatopluk Kr\u00fdsl, Ph.D., Matematicko-fyzik\u00e1ln\u00ed fakulta, Univerzita Karlova v Praze S6: Matematick\u00e9 \u0161trukt\u00fary \u2013 Te\u00f3ria grafov a kombinatorika (miestnos\u0165 B102) Prof. RNDr. Martin Knor, PhD., Stavebn\u00e1 fakulta, Slovensk\u00e1 Technick\u00e1 Univerzita v Bratislave RNDr.\u00a0Martin Pergel, Ph.D., Matematicko-fyzik\u00e1ln\u00ed fakulta, Univerzita Karlova v Praze Prof. RNDr. Roman Nedela, DrSc., Univerzita [&hellip;]<\/p>\n","protected":false},"author":1,"featured_media":0,"parent":0,"menu_order":0,"comment_status":"open","ping_status":"open","template":"","meta":[],"_links":{"self":[{"href":"http:\/\/www.math.sk\/svoc2012\/wp-json\/wp\/v2\/pages\/17"}],"collection":[{"href":"http:\/\/www.math.sk\/svoc2012\/wp-json\/wp\/v2\/pages"}],"about":[{"href":"http:\/\/www.math.sk\/svoc2012\/wp-json\/wp\/v2\/types\/page"}],"author":[{"embeddable":true,"href":"http:\/\/www.math.sk\/svoc2012\/wp-json\/wp\/v2\/users\/1"}],"replies":[{"embeddable":true,"href":"http:\/\/www.math.sk\/svoc2012\/wp-json\/wp\/v2\/comments?post=17"}],"version-history":[{"count":11,"href":"http:\/\/www.math.sk\/svoc2012\/wp-json\/wp\/v2\/pages\/17\/revisions"}],"predecessor-version":[{"id":246,"href":"http:\/\/www.math.sk\/svoc2012\/wp-json\/wp\/v2\/pages\/17\/revisions\/246"}],"wp:attachment":[{"href":"http:\/\/www.math.sk\/svoc2012\/wp-json\/wp\/v2\/media?parent=17"}],"curies":[{"name":"wp","href":"https:\/\/api.w.org\/{rel}","templated":true}]}}