{"id":15,"date":"2012-02-24T09:41:41","date_gmt":"2012-02-24T09:41:41","guid":{"rendered":"http:\/\/www.math.sk\/svoc2012\/?page_id=15"},"modified":"2012-05-15T07:49:17","modified_gmt":"2012-05-15T07:49:17","slug":"program","status":"publish","type":"page","link":"http:\/\/www.math.sk\/svoc2012\/program","title":{"rendered":"Program s\u00fa\u0165a\u017ee"},"content":{"rendered":"<h2>pondelok 21. 5<\/h2>\n<p><strong>14:00 \u2013 18:00<\/strong> ubytovanie mimobratislavsk\u00fdch \u00fa\u010dastn\u00edkov<\/p>\n<p><strong>17:00 \u2013 18:00<\/strong> sch\u00f4dza porotcov v semin\u00e1rnej ESF miestnosti<\/p>\n<p><strong>18:00 \u2013 19:00<\/strong> ve\u010dera v\u00a0jed\u00e1lni SvF pre mimobratislavsk\u00fdch \u00fa\u010dastn\u00edkov,\u00a0porotcov a\u00a0\u010fal\u0161\u00edch host\u00ed<\/p>\n<p><strong>18:00 \u2013 20:00<\/strong> registr\u00e1cia \u00fa\u010dastn\u00edkov a\u00a0odovzdanie pr\u00e1c a\u00a0posudkov<\/p>\n<h2>utorok 22. 5<\/h2>\n<p><strong>8:00 \u2013 8:50<\/strong> ra\u0148ajky pre mimobratislavsk\u00fdch \u00fa\u010dastn\u00edkov v\u00a0jed\u00e1lni SvF<\/p>\n<p><strong>8:00 \u2013 8:50<\/strong> registr\u00e1cia \u00fa\u010dastn\u00edkov a\u00a0odovzdanie pr\u00e1c a\u00a0posudkov (priestor pred aulou B001)<\/p>\n<p><strong>9:00 \u2013 9:15<\/strong> sl\u00e1vnostn\u00e9 zah\u00e1jenie s\u00fa\u0165a\u017ee v\u00a0aule B001<\/p>\n<p><strong>9:30 \u2013 12:00<\/strong> <a title=\"Program sekci\u00ed\" href=\"http:\/\/www.math.sk\/svoc2012\/program-sekcii\">s\u00fa\u0165a\u017e v\u00a0jednotliv\u00fdch sekci\u00e1ch<\/a><\/p>\n<p><strong>12:00 \u2013 14:00<\/strong> prest\u00e1vka na obed<\/p>\n<p><strong>14:00 \u2013 17:00<\/strong> <a title=\"Program sekci\u00ed\" href=\"http:\/\/www.math.sk\/svoc2012\/program-sekcii\">s\u00fa\u0165a\u017e v\u00a0jednotliv\u00fdch sekci\u00e1ch<\/a><\/p>\n<p><strong>16:30 \u2013 17:30<\/strong> vyhodnotenie v\u00fdsledkov komisiami<\/p>\n<p><strong>18:00 \u2013 19:00<\/strong> sl\u00e1vnostn\u00e9 vyhl\u00e1senie v\u00fdsledkov v\u00a0jed\u00e1lni SvF<\/p>\n<p><strong>19:00 \u2013 24:00<\/strong> sl\u00e1vnostn\u00e1 ve\u010dera a\u00a0spolo\u010densk\u00fd program v\u00a0jed\u00e1lni SvF<\/p>\n<h2>streda 23. 5.<\/h2>\n<p><strong>8:00 \u2013 10:00<\/strong> ra\u0148ajky pre mimobratislavsk\u00fdch \u00fa\u010dastn\u00edkov v\u00a0jed\u00e1lni SvF<\/p>\n<p><strong>10:00 \u2013 13:00<\/strong> prehliadka Bratislavy so sprievodcom pre v\u0161etk\u00fdch \u00fa\u010dastn\u00edkov<\/p>\n","protected":false},"excerpt":{"rendered":"<p>pondelok 21. 5 14:00 \u2013 18:00 ubytovanie mimobratislavsk\u00fdch \u00fa\u010dastn\u00edkov 17:00 \u2013 18:00 sch\u00f4dza porotcov v semin\u00e1rnej ESF miestnosti 18:00 \u2013 19:00 ve\u010dera v\u00a0jed\u00e1lni SvF pre mimobratislavsk\u00fdch \u00fa\u010dastn\u00edkov,\u00a0porotcov a\u00a0\u010fal\u0161\u00edch host\u00ed 18:00 \u2013 20:00 registr\u00e1cia \u00fa\u010dastn\u00edkov a\u00a0odovzdanie pr\u00e1c a\u00a0posudkov utorok 22. 5 8:00 \u2013 8:50 ra\u0148ajky pre mimobratislavsk\u00fdch \u00fa\u010dastn\u00edkov v\u00a0jed\u00e1lni SvF 8:00 \u2013 8:50 registr\u00e1cia \u00fa\u010dastn\u00edkov a\u00a0odovzdanie pr\u00e1c a\u00a0posudkov (priestor pred aulou B001) 9:00 \u2013 9:15 sl\u00e1vnostn\u00e9 zah\u00e1jenie s\u00fa\u0165a\u017ee v\u00a0aule B001 9:30 \u2013 12:00 s\u00fa\u0165a\u017e v\u00a0jednotliv\u00fdch sekci\u00e1ch 12:00 \u2013 14:00 prest\u00e1vka na obed 14:00 \u2013 17:00 s\u00fa\u0165a\u017e v\u00a0jednotliv\u00fdch sekci\u00e1ch 16:30 \u2013 17:30 vyhodnotenie v\u00fdsledkov komisiami 18:00 \u2013 19:00 sl\u00e1vnostn\u00e9 vyhl\u00e1senie v\u00fdsledkov v\u00a0jed\u00e1lni SvF 19:00 \u2013 24:00 sl\u00e1vnostn\u00e1 ve\u010dera a\u00a0spolo\u010densk\u00fd program v\u00a0jed\u00e1lni SvF streda 23. 5. 8:00 \u2013 10:00 ra\u0148ajky pre mimobratislavsk\u00fdch \u00fa\u010dastn\u00edkov v\u00a0jed\u00e1lni SvF 10:00 \u2013 13:00 prehliadka Bratislavy so sprievodcom pre v\u0161etk\u00fdch \u00fa\u010dastn\u00edkov<\/p>\n","protected":false},"author":1,"featured_media":0,"parent":0,"menu_order":0,"comment_status":"open","ping_status":"open","template":"","meta":[],"_links":{"self":[{"href":"http:\/\/www.math.sk\/svoc2012\/wp-json\/wp\/v2\/pages\/15"}],"collection":[{"href":"http:\/\/www.math.sk\/svoc2012\/wp-json\/wp\/v2\/pages"}],"about":[{"href":"http:\/\/www.math.sk\/svoc2012\/wp-json\/wp\/v2\/types\/page"}],"author":[{"embeddable":true,"href":"http:\/\/www.math.sk\/svoc2012\/wp-json\/wp\/v2\/users\/1"}],"replies":[{"embeddable":true,"href":"http:\/\/www.math.sk\/svoc2012\/wp-json\/wp\/v2\/comments?post=15"}],"version-history":[{"count":10,"href":"http:\/\/www.math.sk\/svoc2012\/wp-json\/wp\/v2\/pages\/15\/revisions"}],"predecessor-version":[{"id":234,"href":"http:\/\/www.math.sk\/svoc2012\/wp-json\/wp\/v2\/pages\/15\/revisions\/234"}],"wp:attachment":[{"href":"http:\/\/www.math.sk\/svoc2012\/wp-json\/wp\/v2\/media?parent=15"}],"curies":[{"name":"wp","href":"https:\/\/api.w.org\/{rel}","templated":true}]}}