{"id":137,"date":"2012-03-01T14:48:23","date_gmt":"2012-03-01T14:48:23","guid":{"rendered":"http:\/\/www.math.sk\/svoc2012\/?page_id=137"},"modified":"2012-04-20T10:26:32","modified_gmt":"2012-04-20T10:26:32","slug":"registracia","status":"publish","type":"page","link":"http:\/\/www.math.sk\/svoc2012\/registracia","title":{"rendered":"Registr\u00e1cia"},"content":{"rendered":"<p>Fakulty zasielaj\u00fa zoznam prihl\u00e1sen\u00fdch pr\u00e1c elektronicky na adresu <a onclick=\"javascript:pageTracker._trackPageview('\/mailto\/svoc2012@math.sk');\"  href=\"mailto:svoc2012@math.sk\">svoc2012@math.sk<\/a>, elektronick\u00e1 prihl\u00e1\u0161ka mus\u00ed by\u0165 doru\u010den\u00e1 do<br \/>\n<strong><span style=\"color: #ff0000;\">30. apr\u00edla 2012<\/span>.<\/strong><\/p>\n<p>\u0160tudenti vyplnia <a onclick=\"javascript:pageTracker._trackPageview('\/outgoing\/cms.jcmf.cz\/svoc\/registrace.html');\"  href=\"http:\/\/cms.jcmf.cz\/svoc\/registrace.html\" target=\"_blank\">registra\u010dn\u00fd formul\u00e1r,<\/a> prostredn\u00edctvom ktor\u00e9ho za\u0161l\u00fa abstrakt pr\u00e1ce, text pr\u00e1ce a naskenovan\u00fd podp\u00edsan\u00fd posudok elektronickou formou. \u00dadaje zadan\u00e9 do tohoto formul\u00e1ru okrem identifika\u010dn\u00fdch \u00fadajov (e-mail, sekcia a heslo) je mo\u017en\u00e9 priebe\u017ene dopl\u0148ova\u0165 a meni\u0165 prostredn\u00edctvom <a onclick=\"javascript:pageTracker._trackPageview('\/outgoing\/cms.jcmf.cz\/svoc\/edit.html');\"  href=\"http:\/\/cms.jcmf.cz\/svoc\/edit.html\" target=\"_blank\">edita\u010dn\u00e9ho formul\u00e1ra<\/a>. Term\u00edn pre vyplnenie registra\u010dn\u00e9ho (resp. edita\u010dn\u00e9ho) formul\u00e1ra a zaslanie pr\u00e1ce (vr\u00e1tane abstraktu a posudku) elektronickou formou je <span style=\"color: #ff0000;\"><strong>6. m\u00e1j 2012<\/strong><\/span>. \u0160tudenti prines\u00fa jeden vytla\u010den\u00fd exempl\u00e1r s\u00fa\u0165a\u017enej pr\u00e1ce a origin\u00e1l posudku na miesto konania z\u00e1vere\u010dn\u00e9ho kola a odovzdaj\u00fa ich pri registr\u00e1cii. Abstrakt, s\u00fa\u0165a\u017en\u00e1 pr\u00e1ca a posudok musia by\u0165 nap\u00edsan\u00e9 v slovenskom, \u010deskom alebo anglickom jazyku.<\/p>\n<ol>\n<li><strong>Zoznam prihl\u00e1sen\u00fdch pr\u00e1c mus\u00ed obsahova\u0165<\/strong>:<\/li>\n<ul>\n<li>n\u00e1zov pr\u00e1ce,<\/li>\n<li>meno\/men\u00e1 autora\/autorov pr\u00e1ce,<\/li>\n<li>sekciu, do ktorej je pr\u00e1ca prihl\u00e1sen\u00e1.<\/li>\n<\/ul>\n<li><strong>Abstrakt<\/strong> d\u013a\u017eky maxim\u00e1lne jednej strany A5 vo form\u00e1te TeX obsahuje <strong>iba vlastn\u00fd text<\/strong> (neobsahuje men\u00e1 autorov, n\u00e1zov pr\u00e1ce, \u010di \u0161kolu\/fakultu). Je v \u0148om okrem in\u00e9ho vymedzen\u00fd vlastn\u00fd pr\u00ednos autora, pr\u00edpadne vz\u0165ah diplomovej\/bakal\u00e1rskej pr\u00e1ci alebo k pr\u00e1cam podan\u00fdm do \u0160VO\u010c v predch\u00e1dzaj\u00facich rokoch, \u010di in\u00fdch s\u00fa\u0165a\u017e\u00ed podobn\u00e9ho charakteru. Abstrakt mus\u00ed by\u0165 v Plain-TeXu (nie v LaTeXu), nesmie by\u0165 ukon\u010den\u00fd \\end \u010di \\bye, nesm\u00fa sa v \u0148om vyskytova\u0165 makr\u00e1 \\def, \\let, ani \\input. O kompilovate\u013enosti abstraktu je \u0161tudent informovan\u00fd <a onclick=\"javascript:pageTracker._trackPageview('\/outgoing\/cms.jcmf.cz\/svoc\/registrace.html');\"  href=\"http:\/\/cms.jcmf.cz\/svoc\/registrace.html\" target=\"_blank\">webovou aplik\u00e1ciou<\/a> pri jeho odoslan\u00ed, \u0161tudent m\u00f4\u017ee pomocou webovej aplik\u00e1cie ihne\u010f skontrolova\u0165 (a do 6. m\u00e1ja 2012 opravi\u0165) vys\u00e1dzanie abstraktu.<\/li>\n<li>Tituln\u00e1 strana <strong>s\u00fa\u0165a\u017enej pr\u00e1ce<\/strong> mus\u00ed v\u00fdslovne vyjadrova\u0165, \u017ee sa jedn\u00e1 o pr\u00e1cu do s\u00fa\u0165a\u017ee \u0160VO\u010c 2012 a tla\u010den\u00e9 vyhotovenie pr\u00e1ce mus\u00ed by\u0165 vhodne zviazan\u00e9, napr\u00edklad hrebe\u0148ovou v\u00e4zbou. Elektronicky zaslan\u00e1 verzia pr\u00e1ce mus\u00ed by\u0165 vo form\u00e1te <strong>PDF so zabudovan\u00fdmi fontami.<\/strong><\/li>\n<li>K pr\u00e1ci mus\u00ed by\u0165 prilo\u017een\u00fd <strong>posudok<\/strong> ved\u00faceho pr\u00e1ce alebo in\u00e9ho vedecko-pedagogick\u00e9ho pracovn\u00edka \u0161koly. V posudku m\u00e1 by\u0165, okrem in\u00e9ho, presne vymedzen\u00fd pr\u00ednos autorov. Posudok je nutn\u00e9 zasla\u0165 elektronicky vo form\u00e1te <strong>PDF so zabudovan\u00fdmi fontami <\/strong>alebo <strong>JPEG<\/strong> (v r\u00e1mci <a onclick=\"javascript:pageTracker._trackPageview('\/outgoing\/cms.jcmf.cz\/svoc\/registrace.html');\"  href=\"http:\/\/cms.jcmf.cz\/svoc\/registrace.html\" target=\"_blank\">registra\u010dn\u00e9ho formul\u00e1ra<\/a>, podobne ako vlastn\u00fa pr\u00e1cu) a navy\u0161e v jednom tla\u010denom vyhotoven\u00ed (prilo\u017eenom k tla\u010denej pr\u00e1ci odovzd\u00e1vanej pri registr\u00e1cii na z\u00e1vere\u010dnom kole).<\/li>\n<\/ol>\n<p>&nbsp;<\/p>\n","protected":false},"excerpt":{"rendered":"<p>Fakulty zasielaj\u00fa zoznam prihl\u00e1sen\u00fdch pr\u00e1c elektronicky na adresu svoc2012@math.sk, elektronick\u00e1 prihl\u00e1\u0161ka mus\u00ed by\u0165 doru\u010den\u00e1 do 30. apr\u00edla 2012. \u0160tudenti vyplnia registra\u010dn\u00fd formul\u00e1r, prostredn\u00edctvom ktor\u00e9ho za\u0161l\u00fa abstrakt pr\u00e1ce, text pr\u00e1ce a naskenovan\u00fd podp\u00edsan\u00fd posudok elektronickou formou. \u00dadaje zadan\u00e9 do tohoto formul\u00e1ru okrem identifika\u010dn\u00fdch \u00fadajov (e-mail, sekcia a heslo) je mo\u017en\u00e9 priebe\u017ene dopl\u0148ova\u0165 a meni\u0165 prostredn\u00edctvom edita\u010dn\u00e9ho formul\u00e1ra. Term\u00edn pre vyplnenie registra\u010dn\u00e9ho (resp. edita\u010dn\u00e9ho) formul\u00e1ra a zaslanie pr\u00e1ce (vr\u00e1tane abstraktu a posudku) elektronickou formou je 6. m\u00e1j 2012. \u0160tudenti prines\u00fa jeden vytla\u010den\u00fd exempl\u00e1r s\u00fa\u0165a\u017enej pr\u00e1ce a origin\u00e1l posudku na miesto konania z\u00e1vere\u010dn\u00e9ho kola a odovzdaj\u00fa ich pri registr\u00e1cii. Abstrakt, s\u00fa\u0165a\u017en\u00e1 pr\u00e1ca a posudok musia by\u0165 nap\u00edsan\u00e9 v slovenskom, \u010deskom alebo anglickom jazyku. Zoznam prihl\u00e1sen\u00fdch pr\u00e1c mus\u00ed obsahova\u0165: n\u00e1zov pr\u00e1ce, meno\/men\u00e1 autora\/autorov pr\u00e1ce, sekciu, do ktorej je pr\u00e1ca prihl\u00e1sen\u00e1. Abstrakt d\u013a\u017eky maxim\u00e1lne jednej strany A5 vo form\u00e1te TeX obsahuje iba vlastn\u00fd text (neobsahuje men\u00e1 autorov, n\u00e1zov pr\u00e1ce, \u010di \u0161kolu\/fakultu). Je v \u0148om okrem in\u00e9ho vymedzen\u00fd vlastn\u00fd pr\u00ednos autora, pr\u00edpadne vz\u0165ah diplomovej\/bakal\u00e1rskej pr\u00e1ci alebo k pr\u00e1cam podan\u00fdm do \u0160VO\u010c v predch\u00e1dzaj\u00facich rokoch, \u010di in\u00fdch s\u00fa\u0165a\u017e\u00ed podobn\u00e9ho charakteru. Abstrakt mus\u00ed by\u0165 v Plain-TeXu (nie v LaTeXu), nesmie by\u0165 ukon\u010den\u00fd \\end \u010di \\bye, nesm\u00fa sa v \u0148om vyskytova\u0165 makr\u00e1 \\def, \\let, ani \\input. O kompilovate\u013enosti abstraktu [&hellip;]<\/p>\n","protected":false},"author":1,"featured_media":0,"parent":0,"menu_order":0,"comment_status":"open","ping_status":"open","template":"","meta":[],"_links":{"self":[{"href":"http:\/\/www.math.sk\/svoc2012\/wp-json\/wp\/v2\/pages\/137"}],"collection":[{"href":"http:\/\/www.math.sk\/svoc2012\/wp-json\/wp\/v2\/pages"}],"about":[{"href":"http:\/\/www.math.sk\/svoc2012\/wp-json\/wp\/v2\/types\/page"}],"author":[{"embeddable":true,"href":"http:\/\/www.math.sk\/svoc2012\/wp-json\/wp\/v2\/users\/1"}],"replies":[{"embeddable":true,"href":"http:\/\/www.math.sk\/svoc2012\/wp-json\/wp\/v2\/comments?post=137"}],"version-history":[{"count":6,"href":"http:\/\/www.math.sk\/svoc2012\/wp-json\/wp\/v2\/pages\/137\/revisions"}],"predecessor-version":[{"id":163,"href":"http:\/\/www.math.sk\/svoc2012\/wp-json\/wp\/v2\/pages\/137\/revisions\/163"}],"wp:attachment":[{"href":"http:\/\/www.math.sk\/svoc2012\/wp-json\/wp\/v2\/media?parent=137"}],"curies":[{"name":"wp","href":"https:\/\/api.w.org\/{rel}","templated":true}]}}