{"id":13,"date":"2012-02-24T09:39:46","date_gmt":"2012-02-24T09:39:46","guid":{"rendered":"http:\/\/www.math.sk\/svoc2012\/?page_id=13"},"modified":"2012-05-26T07:51:03","modified_gmt":"2012-05-26T07:51:03","slug":"sekcie","status":"publish","type":"page","link":"http:\/\/www.math.sk\/svoc2012\/sekcie","title":{"rendered":"Sekcie"},"content":{"rendered":"<h4><strong>S1: Matematick\u00e1 anal\u00fdza \u2013 Te\u00f3ria funkci\u00ed a funk\u010dn\u00fdch priestorov (miestnos\u0165 B202)<br \/>\n<\/strong><\/h4>\n<p><strong>Lenka Slav\u00edkov\u00e1<\/strong> &#8211; Compactness of higher-order Sobolev embeddings, Matematicko-fyzik\u00e1ln\u00ed fakulta, UK, Praha<br \/>\n<strong>Martin Franc\u016f<\/strong> &#8211; Approximation of a non-increasing rearrangement, Matematicko-fyzik\u00e1ln\u00ed fakulta, UK, Praha<br \/>\n<strong>Jakub Marian<\/strong> &#8211; Variableless calculus, Matematicko-fyzik\u00e1ln\u00ed fakulta, UK, Praha<br \/>\n<strong>Tom\u00e1\u0161 Rusin<\/strong> &#8211; Vlastnosti reli\u00e9fov funkci\u00ed, Fakulta matematiky, fyziky a informatiky, Univerzita Komensk\u00e9ho v Bratislave<\/p>\n<h4><strong>S3+S4: Te\u00f3ria pravdepodobnosti, matematick\u00e1 \u0161tatistika, ekonometria a finan\u010dn\u00e1 matematika (miestnos\u0165 C422)<br \/>\n<\/strong><\/h4>\n<p><strong>Zuzana \u0160abartov\u00e1<\/strong> &#8211; Spatial Decomposition for Differential Equation Constrained Programs, Fakulta strojn\u00edho in\u017een\u00fdrstv\u00ed, Vysok\u00e9 u\u010den\u00ed technick\u00e9 v Brn\u011b<br \/>\n<strong>Franti\u0161ek \u017d\u00e1k<\/strong> &#8211; Periodick\u00e9 \u0159e\u0161en\u00ed nekone\u010dn\u011b rozm\u011brn\u00e9 SDR, Matematicko-fyzik\u00e1ln\u00ed fakulta, UK, Praha<br \/>\n<strong>Kate\u0159ina Kone\u010dn\u00e1<\/strong> &#8211; Neparamatrick\u00e9 odhady podm\u00edn\u011bn\u00e9 hustoty, P\u0159\u00edrodov\u011bdeck\u00e1 fakulta, Masarykova univerzita v Brn\u011b<br \/>\n<strong>Jana Jankov\u00e1<\/strong> &#8211; Asymptotic Properties of Support Vector Machines, Fakulta matematiky, fyziky a informatiky, Univerzita Komensk\u00e9ho v Bratislave<br \/>\n<strong>Katar\u00edna Prus\u00e1kov\u00e1<\/strong> &#8211; Koeficient genetickej pr\u00edbuznosti na Slovensku, Fakulta matematiky, fyziky a informatiky, Univerzita Komensk\u00e9ho v Bratislave<br \/>\n<strong>Ivona Fojt\u00edkov\u00e1<\/strong> &#8211; Jednorozmern\u00e1 a viacrozmern\u00e1 anal\u00fdza rozptylu, Stavebn\u00e1 fakulta, STU v Bratislave<br \/>\n<strong>Igor Kossaczk\u00fd<\/strong> &#8211; Consistency of utility theory with mean-variance optimization under the assumption of normally distributed returns, Fakulta matematiky, fyziky a informatiky, Univerzita Komensk\u00e9ho v Bratislave<br \/>\n<strong>Michaela Ro\u0161kov\u00e1<\/strong> &#8211; Modelovanie tvorby udr\u017eate\u013en\u00e9ho \u0161t\u00e1tneho deficitu, Fakulta matematiky, fyziky a informatiky, Univerzita Komensk\u00e9ho v Bratislave<\/p>\n<h4><strong>S5: Matematick\u00e9 \u0161trukt\u00fary \u2013 Algebra, topol\u00f3gia a geometria (miestnos\u0165 B102)<br \/>\n<\/strong><\/h4>\n<p><strong>\u010cestm\u00edr B\u00e1rta<\/strong> &#8211; On Normal Bases of Orders in Cyclic, P\u0159\u00edrodov\u011bdeck\u00e1 fakulta, Univerzita Hradec Kr\u00e1lov\u00e9<br \/>\n<strong>Marek Pivovarn\u00edk<\/strong> &#8211; Matematick\u00e9 princ\u00edpy robotiky, Fakulta strojn\u00edho in\u017een\u00fdrstv\u00ed, Vysok\u00e9 u\u010den\u00ed technick\u00e9 v Brn\u011b<br \/>\n<strong>Ji\u0159\u00ed \u0158ih\u00e1k<\/strong> &#8211; Twistovan\u00e9 komplexn\u00ed struktury, P\u0159\u00edrodov\u011bdeck\u00e1 fakulta, Masarykova univerzita v Brn\u011b<br \/>\n<strong>Katar\u00edna Potpinkov\u00e1<\/strong> &#8211; Endomorfizmov\u00e9 spektr\u00e1 monoun\u00e1rnych algebier, Pr\u00edrodovedeck\u00e1 fakulta, UPJ\u0160 Ko\u0161ice<br \/>\n<strong>Gabriel Folt\u00e1n<\/strong> &#8211; Singul\u00e1rne body ped\u00e1lnych kriviek, Fakulta matematiky, fyziky a informatiky, Univerzita Komensk\u00e9ho v Bratislave<\/p>\n<h4><strong>S6: Matematick\u00e9 \u0161trukt\u00fary \u2013 Te\u00f3ria grafov a kombinatorika (miestnos\u0165 B102)<br \/>\n<\/strong><\/h4>\n<p><strong><\/strong><strong>Pavel Klav\u00edk<\/strong> &#8211; Extending Partial Representations of Interval Graphs, Matematicko-fyzik\u00e1ln\u00ed fakulta, UK, Praha<br \/>\n<strong>Michaela Seifrtov\u00e1<\/strong> &#8211; Complexity of the Regular Covering Problem, Matematicko-fyzik\u00e1ln\u00ed fakulta, UK, Praha<strong><\/strong><br \/>\n<strong>Marek Der\u0148\u00e1r<\/strong> &#8211; Hrany vynucuj\u00face hamiltonovsk\u00fa kru\u017enicu, Pr\u00edrodovedeck\u00e1 fakulta, UPJ\u0160 Ko\u0161ice<br \/>\n<strong>Tom\u00e1\u0161 Hejda<\/strong> &#8211; Morfismy zachov\u00e1vaj\u00edc\u00ed slova k\u00f3duj\u00edc\u00ed v\u00fdm\u011bnu t\u0159\u00ed interval\u016f, Fakulta jadern\u00e1 a fyzik\u00e1ln\u011b in\u017een\u00fdrsk\u00e1, \u010cVUT, Praha<br \/>\n<strong>Martin Bachrat\u00fd<\/strong> &#8211; Brown graphs revisited, Fakulta matematiky, fyziky a informatiky, Univerzita Komensk\u00e9ho v Bratislave<br \/>\n<strong>J\u00e1n Kov\u00e1\u010d<\/strong> &#8211; Zov\u0161eobecnenie roz\u0161\u00edrite\u013enosti p\u00e1ren\u00ed na grafoch, Fakulta matematiky, fyziky a informatiky, Univerzita Komensk\u00e9ho v Bratislave<\/p>\n<h4><strong>S7: Teoretick\u00e1 informatika (miestnos\u0165 ESF &#8211; semin\u00e1rna)<br \/>\n<\/strong><\/h4>\n<p><strong>Martin Balko<\/strong> &#8211; Grid Representations and the Chromatic Number, Matematicko-fyzik\u00e1ln\u00ed fakulta, UK, Praha<br \/>\n<strong>David Slab\u00fd<\/strong> &#8211; Competitive filling of a plane region, Matematicko-fyzik\u00e1ln\u00ed fakulta, UK, Praha<br \/>\n<strong>Juraj \u0160ebej<\/strong> &#8211; Reversal of Regular Languages and State Complexity, Pr\u00edrodovedeck\u00e1 fakulta, UPJ\u0160 Ko\u0161ice<br \/>\n<strong>J\u00e1n Jergu\u0161<\/strong> &#8211; Secure Multi-Party Computation of a Random Permutation, Pr\u00edrodovedeck\u00e1 fakulta, UPJ\u0160 Ko\u0161ice<strong><\/strong><br \/>\n<strong>Martin Petru\u0148a<\/strong> &#8211; Rozpozn\u00e1vanie p\u00edsan\u00fdch p\u00edsmen pomocou neur\u00f3nov\u00fdch siet\u00ed, Pr\u00edrodovedeck\u00e1 fakulta, UPJ\u0160 Ko\u0161ice<strong><\/strong><br \/>\n<strong>Eva Potpinkov\u00e1<\/strong> &#8211; Probl\u00e9m elimin\u00e1cie t\u00edmov zo \u0161portovej s\u00fa\u0165a\u017ee, Pr\u00edrodovedeck\u00e1 fakulta, UPJ\u0160 Ko\u0161ice<br \/>\n<strong>Tom\u00e1\u0161 Hejda<\/strong> &#8211; Hladov\u00e9 a l\u00edn\u00e9 reprezentace \u010d\u00edsel v z\u00e1porn\u00e9 b\u00e1zi, Fakulta jadern\u00e1 a fyzik\u00e1ln\u011b in\u017een\u00fdrsk\u00e1, \u010cVUT, Praha<br \/>\n<strong>Krist\u00edna \u010cevorov\u00e1<\/strong> &#8211; Lindenmayerove syst\u00e9my nad monoidmi s inverzami, Fakulta matematiky, fyziky a informatiky, Univerzita Komensk\u00e9ho v Bratislave<br \/>\n<strong>Peter Kov\u00e1\u010d<\/strong> &#8211; Alignment of Sequences with Repetitive Motifs, Fakulta matematiky, fyziky a informatiky, Univerzita Komensk\u00e9ho v Bratislave<br \/>\n<strong>Ladislav Ramp\u00e1\u0161ek<\/strong> &#8211; Data-Driven Element Ordering in RNA Motif Backtracking Search, Fakulta matematiky, fyziky a informatiky, Univerzita Komensk\u00e9ho v Bratislave<br \/>\n<strong>Andr\u00e1s Varga<\/strong> &#8211; Grammars With Energy and Finite Approximations of Languages, Fakulta matematiky, fyziky a informatiky, Univerzita Komensk\u00e9ho v Bratislave<br \/>\n<strong>Jakub Gajarsk\u00fd<\/strong> &#8211; MSO model checking on graphs can be elementary, Fakulta informatiky, Masarykova univerzita, Brno<\/p>\n<h4><strong>S8: Aplikovan\u00e1 informatika (miestnos\u0165 ESF po\u010d\u00edta\u010dov\u00e1)<br \/>\n<\/strong><\/h4>\n<p><strong>Radan \u0160uba<\/strong> &#8211; On-the-fly generalizace v\u00edcerozm\u011brn\u00fdch dat, Fakulta aplikovan\u00fdch v\u011bd, Z\u00e1pado\u010desk\u00e1 univerzita v Plzni<br \/>\n<strong>Tom\u00e1\u0161 Gr\u00edsa<\/strong> &#8211; \u0160ifrovac\u00ed metoda zalo\u017een\u00e1 na frakt\u00e1ln\u00ed kompresi, Fakulta strojn\u00edho in\u017een\u00fdrstv\u00ed, Vysok\u00e9 u\u010den\u00ed technick\u00e9 v Brn\u011b<br \/>\n<strong>Matej Kopernick\u00fd<\/strong> &#8211; Vyu\u017eitie zariaden\u00ed pre prirodzen\u00fa interakciu v oblasti po\u010d\u00edta\u010dov\u00e9ho videnia, Pr\u00edrodovedeck\u00e1 fakulta, UPJ\u0160 Ko\u0161ice<br \/>\n<strong><\/strong><strong>Pavol Rajz\u00e1k<\/strong> &#8211; Extrakcia d\u00e1t na z\u00e1klade kategoriz\u00e1cie webov\u00fdch str\u00e1nok, Pr\u00edrodovedeck\u00e1 fakulta, UPJ\u0160 Ko\u0161ice<br \/>\n<strong>Michal Ferko<\/strong> &#8211; Real-time Lighting Effects using Deferred Shading, Fakulta matematiky, fyziky a informatiky, Univerzita Komensk\u00e9ho v Bratislave<br \/>\n<strong>Igor Rjabinin<\/strong> &#8211; lowii &#8211; mo\u017enosti vz\u00e1jomnej interferencie ma\u013eby a hudby, Fakulta matematiky, fyziky a informatiky, Univerzita Komensk\u00e9ho v Bratislave<br \/>\n<strong>Samuel Titka<\/strong> &#8211; Rozpozn\u00e1vanie pohybuj\u00facich sa objektov pre monitoring cestnej prem\u00e1vky, Fakulta matematiky, fyziky a informatiky, Univerzita Komensk\u00e9ho v Bratislave<br \/>\n<strong>Luk\u00e1\u0161 Zdechovan<\/strong> &#8211; Neur\u00e1lny model uchopovania objektov v simul\u00e1tore humanoidn\u00e9ho robota iCub, Fakulta matematiky, fyziky a informatiky, Univerzita Komensk\u00e9ho v Bratislave<br \/>\n<strong>Peter Kott\u00e1\u0161<\/strong> &#8211; Extrakcia dobre pop\u00edsate\u013en\u00fdch bodov z obrazov a ich porovn\u00e1vanie, Stavebn\u00e1 fakulta, STU v Bratislave<br \/>\n<strong>Tom\u00e1\u0161 Bohumel<\/strong> &#8211; Grafov\u00e9 algoritmy h\u013eadaj\u00face maxim\u00e1lny tok v sieti aplikovan\u00e9 v segment\u00e1cii obrazu, Stavebn\u00e1 fakulta, STU v Bratislave<br \/>\n<strong>Jakub Louck\u00fd<\/strong> &#8211; Pou\u017eit\u00ed grafov\u00fdch \u0159ez\u016f pro segmentaci obrazov\u00fdch dat a dat z MRI, Fakulta jadern\u00e1 a fyzik\u00e1ln\u011b in\u017een\u00fdrsk\u00e1, \u010cVUT, Praha<br \/>\n<strong>Martin Zachov<\/strong> &#8211; Hled\u00e1n\u00ed optim\u00e1ln\u00ed trasy v porostn\u00ed map\u011b, Fakulta informa\u010dn\u00edch technologi\u00ed, \u010cVUT, Praha<\/p>\n<h4><strong>S9: Aplikovan\u00e1 matematika \u2013 Numerick\u00e1 anal\u00fdza (miestnos\u0165 B206)<br \/>\n<\/strong><\/h4>\n<p><strong>Tereza Dad\u00e1kov\u00e1<\/strong> &#8211; Analytick\u00e9 a experiment\u00e1ln\u00ed vy\u0161et\u0159ov\u00e1n\u00ed vlastnost\u00ed neline\u00e1rn\u00edch oby\u010dejn\u00fdch diferenci\u00e1ln\u00edch rovnic, Fakulta aplikovan\u00fdch v\u011bd, Z\u00e1pado\u010desk\u00e1 univerzita v Plzni<br \/>\n<strong>Eva Turnerov\u00e1<\/strong> &#8211; ENO Methods with Radial Basis Functions for Conservation Laws, Fakulta aplikovan\u00fdch v\u011bd, Z\u00e1pado\u010desk\u00e1 univerzita v Plzni<br \/>\n<strong>Tom\u00e1\u0161 B\u00edlek<\/strong> &#8211; Algoritmus v\u00fdpo\u010dtu \u00fahlov\u00fdch faktor\u016f pro p\u0159enos tepla radiac\u00ed, Fakulta strojn\u00edho in\u017een\u00fdrstv\u00ed, Vysok\u00e9 u\u010den\u00ed technick\u00e9 v Brn\u011b<br \/>\n<strong>Jan Horn\u00ed\u010dek<\/strong> &#8211; Optim\u00e1ln\u00ed korekce nep\u0159esn\u00e9 st\u0159elby, Fakulta strojn\u00edho in\u017een\u00fdrstv\u00ed, Vysok\u00e9 u\u010den\u00ed technick\u00e9 v Brn\u011b<br \/>\n<strong>J\u00e1n Elia\u0161<\/strong> &#8211; Approximate polynomial GCD, Matematicko-fyzik\u00e1ln\u00ed fakulta, UK, Praha<br \/>\n<strong>Filip Klouda<\/strong> &#8211; Numerick\u00e1 anal\u00fdza aproximace nepolygon\u00e1ln\u00ed hranice u nespojit\u00e9 Galerkinovy metody, Matematicko-fyzik\u00e1ln\u00ed fakulta, UK, Praha<br \/>\n<strong>Jan Ku\u0159\u00e1tko<\/strong> &#8211; Analysis of computing the greatest common divisor of polynomials, Matematicko-fyzik\u00e1ln\u00ed fakulta, UK, Praha<br \/>\n<strong>Andrea Fuksov\u00e1<\/strong> &#8211; Po\u010d\u00edta\u010dov\u00e9 zpracov\u00e1n\u00ed obrazu pomoc\u00ed degenerovan\u00e9 difuze, Fakulta jadern\u00e1 a fyzik\u00e1ln\u011b in\u017een\u00fdrsk\u00e1, \u010cVUT, Praha<br \/>\n<strong>Richard Andr\u00e1\u0161ik<\/strong> &#8211; \u0158e\u0161en\u00ed \u00faloh neline\u00e1rn\u00edho programov\u00e1n\u00ed pomoc\u00ed prim\u00e1rn\u011b-du\u00e1ln\u00ed metody neline\u00e1rn\u00edho rescalingu, P\u0159\u00edrodov\u011bdeck\u00e1 fakulta, UPOL, Olomouc<br \/>\n<strong>Martin H\u00faska<\/strong> &#8211; N\u00e1vrh a vizualiz\u00e1cia lanov\u00fdch siet\u00ed, Stavebn\u00e1 fakulta, STU v Bratislave<br \/>\n<strong>Tibor Kme\u0165o<\/strong> &#8211; Met\u00f3da na h\u013eadanie funkcie vzdialenosti ku krivke, Stavebn\u00e1 fakulta, STU v Bratislave<br \/>\n<strong>M\u00e1ria Tje\u0161\u0161ov\u00e1<\/strong> &#8211; Matematick\u00e9 a numerick\u00e9 modelovanie biomechaniky medzistavcovej platni\u010dky, Stavebn\u00e1 fakulta, STU v Bratislave<\/p>\n<h4><strong>S10: Aplikovan\u00e1 matematika \u2013 Matematick\u00e9 modely dynamiky (miestnos\u0165 B202)<br \/>\n<\/strong><\/h4>\n<p><strong>Martin \u0158eho\u0159<\/strong> &#8211; Behaviour of an incompressible fluid with pressure-dependent viscosity in a squeeze flow geometry, Matematicko-fyzik\u00e1ln\u00ed fakulta, UK, Praha<strong><\/strong><br \/>\n<strong>Radom\u00edr Bos\u00e1k<\/strong> &#8211; Eigenvalue count for quadratic Hermitian pencils via geometric representation of Krein signature, Fakulta matematiky, fyziky a informatiky, Univerzita Komensk\u00e9ho v Bratislave<br \/>\n<strong>Miroslav Kol\u00e1\u0159<\/strong> &#8211; Numerical Simulations in Problems of Combustion, Fakulta jadern\u00e1 a fyzik\u00e1ln\u011b in\u017een\u00fdrsk\u00e1, \u010cVUT, Praha<br \/>\n<strong>Viera Kleinov\u00e1<\/strong> &#8211; Numerick\u00e9 met\u00f3dy rie\u0161enia stochastick\u00fdch diferenci\u00e1lnych rovn\u00edc, Stavebn\u00e1 fakulta, STU v Bratislave<br \/>\n<strong>Filip Paf\u010do<\/strong> &#8211; Aplik\u00e1cia nov\u00e9ho sp\u00f4sobu rie\u0161enia topologick\u00fdch zmien pre v\u0161eobecn\u00fd Lagrangeovsk\u00fd model \u0161\u00edrenia lesn\u00e9ho po\u017eiaru, Stavebn\u00e1 fakulta, STU v Bratislave<br \/>\n<strong>Michal Koll\u00e1r<\/strong> &#8211; \u0160t\u00fadium glob\u00e1lnej a plat\u0148ovej tektoniky v prostred\u00ed ANSYS, Stavebn\u00e1 fakulta, STU v Bratislave<br \/>\n<strong>Luk\u00e1\u0161 Val\u00e1\u0161ek<\/strong> &#8211; Vyu\u017eitie syst\u00e9mu PyroSim na \u00fa\u010dely po\u010d\u00edta\u010dovej simul\u00e1cie po\u017eiaru v kine, Stavebn\u00e1 fakulta, STU v Bratislave<br \/>\n<strong>Andrea Kandov\u00e1<\/strong> &#8211; Model hustoty prem\u00e1vky a jeho numerick\u00e9 rie\u0161enie, Stavebn\u00e1 fakulta, STU v Bratislave<br \/>\n<strong>Ond\u0159ej P\u00e1rtl<\/strong> &#8211; Matematick\u00fd model kolonie bacil\u016f, Fakulta jadern\u00e1 a fyzik\u00e1ln\u011b in\u017een\u00fdrsk\u00e1, \u010cVUT, Praha<\/p>\n","protected":false},"excerpt":{"rendered":"<p>S1: Matematick\u00e1 anal\u00fdza \u2013 Te\u00f3ria funkci\u00ed a funk\u010dn\u00fdch priestorov (miestnos\u0165 B202) Lenka Slav\u00edkov\u00e1 &#8211; Compactness of higher-order Sobolev embeddings, Matematicko-fyzik\u00e1ln\u00ed fakulta, UK, Praha Martin Franc\u016f &#8211; Approximation of a non-increasing rearrangement, Matematicko-fyzik\u00e1ln\u00ed fakulta, UK, Praha Jakub Marian &#8211; Variableless calculus, Matematicko-fyzik\u00e1ln\u00ed fakulta, UK, Praha Tom\u00e1\u0161 Rusin &#8211; Vlastnosti reli\u00e9fov funkci\u00ed, Fakulta matematiky, fyziky a informatiky, Univerzita Komensk\u00e9ho v Bratislave S3+S4: Te\u00f3ria pravdepodobnosti, matematick\u00e1 \u0161tatistika, ekonometria a finan\u010dn\u00e1 matematika (miestnos\u0165 C422) Zuzana \u0160abartov\u00e1 &#8211; Spatial Decomposition for Differential Equation Constrained Programs, Fakulta strojn\u00edho in\u017een\u00fdrstv\u00ed, Vysok\u00e9 u\u010den\u00ed technick\u00e9 v Brn\u011b Franti\u0161ek \u017d\u00e1k &#8211; Periodick\u00e9 \u0159e\u0161en\u00ed nekone\u010dn\u011b rozm\u011brn\u00e9 SDR, Matematicko-fyzik\u00e1ln\u00ed fakulta, UK, Praha Kate\u0159ina Kone\u010dn\u00e1 &#8211; Neparamatrick\u00e9 odhady podm\u00edn\u011bn\u00e9 hustoty, P\u0159\u00edrodov\u011bdeck\u00e1 fakulta, Masarykova univerzita v Brn\u011b Jana Jankov\u00e1 &#8211; Asymptotic Properties of Support Vector Machines, Fakulta matematiky, fyziky a informatiky, Univerzita Komensk\u00e9ho v Bratislave Katar\u00edna Prus\u00e1kov\u00e1 &#8211; Koeficient genetickej pr\u00edbuznosti na Slovensku, Fakulta matematiky, fyziky a informatiky, Univerzita Komensk\u00e9ho v Bratislave Ivona Fojt\u00edkov\u00e1 &#8211; Jednorozmern\u00e1 a viacrozmern\u00e1 anal\u00fdza rozptylu, Stavebn\u00e1 fakulta, STU v Bratislave Igor Kossaczk\u00fd &#8211; Consistency of utility theory with mean-variance optimization under the assumption of normally distributed returns, Fakulta matematiky, fyziky a informatiky, Univerzita Komensk\u00e9ho v Bratislave Michaela Ro\u0161kov\u00e1 &#8211; Modelovanie tvorby udr\u017eate\u013en\u00e9ho \u0161t\u00e1tneho deficitu, Fakulta matematiky, fyziky a informatiky, [&hellip;]<\/p>\n","protected":false},"author":1,"featured_media":0,"parent":0,"menu_order":0,"comment_status":"open","ping_status":"open","template":"","meta":[],"_links":{"self":[{"href":"http:\/\/www.math.sk\/svoc2012\/wp-json\/wp\/v2\/pages\/13"}],"collection":[{"href":"http:\/\/www.math.sk\/svoc2012\/wp-json\/wp\/v2\/pages"}],"about":[{"href":"http:\/\/www.math.sk\/svoc2012\/wp-json\/wp\/v2\/types\/page"}],"author":[{"embeddable":true,"href":"http:\/\/www.math.sk\/svoc2012\/wp-json\/wp\/v2\/users\/1"}],"replies":[{"embeddable":true,"href":"http:\/\/www.math.sk\/svoc2012\/wp-json\/wp\/v2\/comments?post=13"}],"version-history":[{"count":10,"href":"http:\/\/www.math.sk\/svoc2012\/wp-json\/wp\/v2\/pages\/13\/revisions"}],"predecessor-version":[{"id":343,"href":"http:\/\/www.math.sk\/svoc2012\/wp-json\/wp\/v2\/pages\/13\/revisions\/343"}],"wp:attachment":[{"href":"http:\/\/www.math.sk\/svoc2012\/wp-json\/wp\/v2\/media?parent=13"}],"curies":[{"name":"wp","href":"https:\/\/api.w.org\/{rel}","templated":true}]}}